{"id":38881,"date":"2025-02-05T15:58:56","date_gmt":"2025-02-05T15:58:56","guid":{"rendered":"https:\/\/www.sword-group.com\/digital-ways-of-working\/"},"modified":"2025-04-08T15:14:19","modified_gmt":"2025-04-08T15:14:19","slug":"digital-ways-of-working","status":"publish","type":"page","link":"https:\/\/www.sword-group.com\/de\/digital-ways-of-working\/","title":{"rendered":"Digital Ways of Working"},"content":{"rendered":"<div class=\"wpb-content-wrapper\"><p>[vc_row heading_color=&#8220;light&#8220; bg_type=&#8220;image&#8220; bg_image=&#8220;23780&#8243; bg_image_size=&#8220;responsive&#8220; bg_position=&#8220;center-top&#8220; bg_tablet_sm_position=&#8220;left-top&#8220; opacity_overlay=&#8220;60&#8243; padding_top_multiplier=&#8220;custom&#8220; padding_bottom_multiplier=&#8220;custom&#8220; columns_gap=&#8220;60&#8243; separator_bottom=&#8220;tilt-left-separator&#8220; font_color=&#8220;#000000&#8243; margin_bottom=&#8220;0&#8243; padding_top=&#8220;0&#8243; padding_bottom=&#8220;0&#8243;][vc_column width=&#8220;1\/2&#8243; css=&#8220;.vc_custom_1624267581567{margin-bottom: 0px !important;padding-right: 10% !important;}&#8220;]<div class=\"grve-empty-space grve-height-1x\" style=\"\"><\/div>[vc_column_text css=&#8220;&#8220; text_style=&#8220;leader-text&#8220; animation=&#8220;grve-fade-in-up&#8220; animation_delay=&#8220;400&#8243;]<\/p>\n<h1 style=\"text-align: left;\"><strong><span style=\"color: #ffc423; letter-spacing: -3px;\">&#8212;&#8211;<\/span><\/strong><\/h1>\n<h1 style=\"text-align: left;\"><span style=\"color: #4f4f4f;\"><b>Digital Ways of Working<\/b><\/span><\/h1>\n<h4 style=\"text-align: left;\"><span style=\"color: #4f4f4f;\">So macht Ihr Unternehmen den n\u00e4chsten Schritt<\/span><\/h4>\n<p style=\"text-align: left;\"><span style=\"color: #4f4f4f;\"><span style=\"color: #4f4f4f;\">Moderne Cloud-Technologien und flexible digitale L\u00f6sungen bilden die Basis f\u00fcr das Wachstum Ihres Unternehmens. Verankern Sie bessere Arbeitsweisen im gesamten Unternehmen und begeistern Sie sowohl Kunden als auch Ihre Mitarbeitenden. <\/span><\/span><\/p>\n<p>[\/vc_column_text]<div class=\"grve-empty-space\" style=\"height: 120px;\"><\/div>[\/vc_column][vc_column width=&#8220;1\/2&#8243;][\/vc_column][\/vc_row][vc_row padding_top_multiplier=&#8220;&#8220; padding_bottom_multiplier=&#8220;2x&#8220; columns_gap=&#8220;60&#8243;][vc_column width=&#8220;1\/6&#8243; tablet_sm_width=&#8220;hide&#8220; mobile_width=&#8220;hide&#8220;][\/vc_column][vc_column width=&#8220;2\/3&#8243; tablet_sm_width=&#8220;1&#8243; font_color=&#8220;#000000&#8243;]<div class=\"grve-empty-space grve-height-1x\" style=\"\"><\/div>[vc_column_text css=&#8220;&#8220; text_style=&#8220;leader-text&#8220; animation=&#8220;grve-fade-in-up&#8220; animation_delay=&#8220;400&#8243;]<\/p>\n<h1 style=\"text-align: center;\"><strong><span style=\"color: #ffc423; letter-spacing: -3px;\">&#8212;&#8211;<\/span><\/strong><\/h1>\n<h1 style=\"text-align: center;\"><b>Unser Know-how<\/b><\/h1>\n<p>[\/vc_column_text][\/vc_column][vc_column width=&#8220;1\/6&#8243; tablet_sm_width=&#8220;hide&#8220; mobile_width=&#8220;hide&#8220;][\/vc_column][\/vc_row][vc_row padding_top_multiplier=&#8220;&#8220; padding_bottom_multiplier=&#8220;&#8220; columns_gap=&#8220;60&#8243; equal_column_height=&#8220;equal-column&#8220; margin_bottom=&#8220;75px&#8220;][vc_column width=&#8220;1\/3&#8243; css=&#8220;.vc_custom_1619176565195{padding-right: 5% !important;padding-left: 5% !important;}&#8220;]<div class=\"grve-element grve-box-icon grve-extra-large grve-top-icon grve-align-center grve-animated-item grve-fade-in-up grve-duration-normal vert_centre_outer\" style=\"\" data-delay=\"200\"><div class=\"grve-image-icon\"><img loading=\"lazy\" decoding=\"async\" width=\"798\" height=\"798\" src=\"https:\/\/www.sword-group.com\/wp-content\/uploads\/2021\/06\/icons-small-calculation.jpg\" class=\"attachment-full size-full\" alt=\"\" srcset=\"https:\/\/www.sword-group.com\/wp-content\/uploads\/2021\/06\/icons-small-calculation.jpg 798w, https:\/\/www.sword-group.com\/wp-content\/uploads\/2021\/06\/icons-small-calculation-300x300.jpg 300w, https:\/\/www.sword-group.com\/wp-content\/uploads\/2021\/06\/icons-small-calculation-150x150.jpg 150w, https:\/\/www.sword-group.com\/wp-content\/uploads\/2021\/06\/icons-small-calculation-768x768.jpg 768w, https:\/\/www.sword-group.com\/wp-content\/uploads\/2021\/06\/icons-small-calculation-560x560.jpg 560w\" sizes=\"auto, (max-width: 798px) 100vw, 798px\" \/><\/div><div class=\"grve-box-content\"><div class=\"grve-box-title-wrapper\"><h3 class=\"grve-box-title grve-h5\">OPTIMIERTE PROZESSE<\/h3><\/div><\/div><\/div>[\/vc_column][vc_column width=&#8220;1\/3&#8243; css=&#8220;.vc_custom_1618995773747{padding-right: 5% !important;padding-left: 5% !important;}&#8220;]<div class=\"grve-element grve-box-icon grve-extra-large grve-top-icon grve-align-center grve-animated-item grve-fade-in-up grve-duration-normal vert_centre_outer\" style=\"\" data-delay=\"400\"><div class=\"grve-image-icon\"><img loading=\"lazy\" decoding=\"async\" width=\"798\" height=\"798\" src=\"https:\/\/www.sword-group.com\/wp-content\/uploads\/2021\/06\/icons-small-dashboard.jpg\" class=\"attachment-full size-full\" alt=\"\" srcset=\"https:\/\/www.sword-group.com\/wp-content\/uploads\/2021\/06\/icons-small-dashboard.jpg 798w, https:\/\/www.sword-group.com\/wp-content\/uploads\/2021\/06\/icons-small-dashboard-300x300.jpg 300w, https:\/\/www.sword-group.com\/wp-content\/uploads\/2021\/06\/icons-small-dashboard-150x150.jpg 150w, https:\/\/www.sword-group.com\/wp-content\/uploads\/2021\/06\/icons-small-dashboard-768x768.jpg 768w, https:\/\/www.sword-group.com\/wp-content\/uploads\/2021\/06\/icons-small-dashboard-560x560.jpg 560w\" sizes=\"auto, (max-width: 798px) 100vw, 798px\" \/><\/div><div class=\"grve-box-content\"><div class=\"grve-box-title-wrapper\"><h3 class=\"grve-box-title grve-h5\">ST\u00c4RKERE MITARBEITERBINDUNG<\/h3><\/div><\/div><\/div>[\/vc_column][vc_column width=&#8220;1\/3&#8243; css=&#8220;.vc_custom_1618995782087{padding-right: 5% !important;padding-left: 5% !important;}&#8220;]<div class=\"grve-element grve-box-icon grve-extra-large grve-top-icon grve-align-center grve-animated-item grve-fade-in-up grve-duration-normal vert_centre_outer\" style=\"\" data-delay=\"600\"><div class=\"grve-image-icon\"><img loading=\"lazy\" decoding=\"async\" width=\"798\" height=\"798\" src=\"https:\/\/www.sword-group.com\/wp-content\/uploads\/2021\/05\/icons-small-automation.png\" class=\"attachment-full size-full\" alt=\"\" srcset=\"https:\/\/www.sword-group.com\/wp-content\/uploads\/2021\/05\/icons-small-automation.png 798w, https:\/\/www.sword-group.com\/wp-content\/uploads\/2021\/05\/icons-small-automation-300x300.png 300w, https:\/\/www.sword-group.com\/wp-content\/uploads\/2021\/05\/icons-small-automation-150x150.png 150w, https:\/\/www.sword-group.com\/wp-content\/uploads\/2021\/05\/icons-small-automation-768x768.png 768w, https:\/\/www.sword-group.com\/wp-content\/uploads\/2021\/05\/icons-small-automation-560x560.png 560w\" sizes=\"auto, (max-width: 798px) 100vw, 798px\" \/><\/div><div class=\"grve-box-content\"><div class=\"grve-box-title-wrapper\"><h3 class=\"grve-box-title grve-h5\">H\u00d6HERE KUNDENZUFRIEDENHEIT<\/h3><\/div><\/div><\/div>[\/vc_column][\/vc_row][vc_row bg_type=&#8220;gradient&#8220; bg_gradient_color_1=&#8220;#eeeeee&#8220; bg_gradient_color_2=&#8220;rgba(255,255,255,0.9)&#8220; bg_gradient_direction=&#8220;180&#8243; padding_top_multiplier=&#8220;&#8220; padding_bottom_multiplier=&#8220;&#8220; separator_top=&#8220;tilt-left-separator&#8220;][vc_column]<div class=\"grve-empty-space\" style=\"height: 150px;\"><\/div>[\/vc_column][\/vc_row][vc_row padding_top_multiplier=&#8220;custom&#8220; padding_bottom_multiplier=&#8220;&#8220; columns_gap=&#8220;60&#8243; equal_column_height=&#8220;equal-column&#8220; margin_bottom=&#8220;75px&#8220;][vc_column css=&#8220;.vc_custom_1624026587586{padding-top: 12px !important;}&#8220;][vc_row_inner css=&#8220;.vc_custom_1620377545475{margin-bottom: 0px !important;border-bottom-width: 0px !important;padding-bottom: 0px !important;}&#8220;][vc_column_inner width=&#8220;1\/2&#8243; css=&#8220;.vc_custom_1629197902379{padding-bottom: 0px !important;}&#8220;][vc_column_text css=&#8220;.vc_custom_1744125234679{padding-bottom: 0px !important;}&#8220; animation=&#8220;grve-fade-in-up&#8220; animation_delay=&#8220;400&#8243;]<\/p>\n<h1 style=\"text-align: left;\"><strong><span style=\"color: #ffc423; letter-spacing: -3px;\">&#8212;&#8211;<\/span><\/strong><\/h1>\n<h2 style=\"text-align: left;\"><strong>Swords Expertise:<\/strong><\/h2>\n<p>[\/vc_column_text][\/vc_column_inner][\/vc_row_inner][vc_row_inner css=&#8220;.vc_custom_1620377545475{margin-bottom: 0px !important;border-bottom-width: 0px !important;padding-bottom: 0px !important;}&#8220;][vc_column_inner width=&#8220;1\/2&#8243; css=&#8220;.vc_custom_1629198266743{padding-top: 30px !important;padding-bottom: 0px !important;}&#8220;][vc_column_text animation=&#8220;grve-fade-in-up&#8220; animation_delay=&#8220;400&#8243;]<strong>Ihr digitales Fundament<\/strong><br \/>\nGemeinsam schaffen wir die Basis f\u00fcr Ihre digitale Entwicklung. Mit unserer Cloud-Plattform und modernen Arbeitsplatzl\u00f6sungen bieten wir Ihnen eine zukunftsf\u00e4hige Infrastruktur, die optimal auf die Bed\u00fcrfnisse Ihres Unternehmens abgestimmt und den schnellen Weiterentwicklungen der Cloud-Technologie gewachsen ist.<\/p>\n<p><strong>Smartere Arbeitsweisen<\/strong><br \/>\nDer erste Schritt zu effizienteren Arbeitsprozessen? Ihre Organisation verstehen. Durch unsere kompetente Beratung binden wir Ihre Mitarbeitenden auf allen Ebenen aktiv mit ein und helfen Ihnen herauszufinden, wo digitales Arbeiten Ihre Abl\u00e4ufe beschleunigen und die Zusammenarbeit verbessern k\u00f6nnen. Wir machen messbare Vorteile sichtbar und sorgen daf\u00fcr, dass diese in Ihrem Unternehmen auch sp\u00fcrbar werden \u2013 sowohl f\u00fcr Ihr Team als auch f\u00fcr Ihre Kunden.[\/vc_column_text][\/vc_column_inner][vc_column_inner width=&#8220;1\/2&#8243; css=&#8220;.vc_custom_1629198276419{padding-top: 30px !important;}&#8220;][vc_column_text animation=&#8220;grve-fade-in-up&#8220; animation_delay=&#8220;400&#8243;]<strong>Erfolgreiches Ver\u00e4nderungsmanagement<\/strong><br \/>\nEs reicht nicht, nur eine moderne Cloud-Infrastruktur aufzubauen oder Prozesse zu optimieren. Damit Ihr Unternehmen den digitalen Vorteil voll nutzen kann, m\u00fcssen auch Ihre Mitarbeitenden mit an Bord sein. Mit unseren Change Management- und Digital Adoption-Dienstleistungen entwickeln wir eine klare Vision und zeigen das \u00abWarum\u00bb auf. Danach sorgen wir daf\u00fcr, dass alle Mitarbeitenden das n\u00f6tige Wissen und Vertrauen haben, um neue Arbeitsweisen zu verankern und so nachhaltige Vorteile zu schaffen.<\/p>\n<p><strong>Den Nutzen greifbar machen<\/strong><br \/>\nEin wichtiger Schritt bei der Einf\u00fchrung digitaler Arbeitsweisen ist der Nachweis des Nutzens f\u00fcr Ihr Unternehmen. Oft wird gross in Digitalisierung investiert, aber der Nutzen bleibt unklar. Es wird viel auf den Kopf gestellt, aber am Ende l\u00e4uft doch alles wieder wie fr\u00fcher. Unsere Services zur Nutzenrealisierung helfen Ihnen, den konkreten Wert Ihrer digitalen Investitionen greifbar zu machen. So wird der Zusammenhang zwischen digitalen L\u00f6sungen und den gesch\u00e4ftlichen Ergebnissen deutlich und die L\u00fccke zwischen IT und Unternehmenswert geschlossen.[\/vc_column_text][\/vc_column_inner][\/vc_row_inner][\/vc_column][\/vc_row][vc_row bg_type=&#8220;gradient&#8220; bg_gradient_color_1=&#8220;#eeeeee&#8220; bg_gradient_color_2=&#8220;rgba(255,255,255,0.9)&#8220; bg_gradient_direction=&#8220;180&#8243; padding_top_multiplier=&#8220;&#8220; padding_bottom_multiplier=&#8220;&#8220; separator_top=&#8220;tilt-left-separator&#8220;][vc_column]<div class=\"grve-empty-space\" style=\"height: 150px;\"><\/div>[\/vc_column][\/vc_row][vc_row padding_top_multiplier=&#8220;&#8220; padding_bottom_multiplier=&#8220;2x&#8220; columns_gap=&#8220;60&#8243;][vc_column width=&#8220;1\/6&#8243; tablet_sm_width=&#8220;hide&#8220; mobile_width=&#8220;hide&#8220;][\/vc_column][vc_column width=&#8220;2\/3&#8243; tablet_sm_width=&#8220;1&#8243; font_color=&#8220;#000000&#8243;][vc_column_text css=&#8220;&#8220; text_style=&#8220;leader-text&#8220; animation=&#8220;grve-fade-in-up&#8220; animation_delay=&#8220;400&#8243;]<\/p>\n<h1 style=\"text-align: center;\"><strong><span style=\"color: #ffc423; letter-spacing: -3px;\">&#8212;&#8211;<\/span><\/strong><\/h1>\n<h1 style=\"text-align: center;\"><b>Warum Sword?<\/b><\/h1>\n<p>[\/vc_column_text][\/vc_column][vc_column width=&#8220;1\/6&#8243; tablet_sm_width=&#8220;hide&#8220; mobile_width=&#8220;hide&#8220;][\/vc_column][\/vc_row][vc_row padding_top_multiplier=&#8220;&#8220; padding_bottom_multiplier=&#8220;&#8220; columns_gap=&#8220;60&#8243; equal_column_height=&#8220;equal-column&#8220; margin_bottom=&#8220;75px&#8220;][vc_column width=&#8220;1\/3&#8243; css=&#8220;.vc_custom_1619176565195{padding-right: 5% !important;padding-left: 5% !important;}&#8220;]<div class=\"grve-element grve-box-icon grve-extra-large grve-top-icon grve-align-center grve-animated-item grve-fade-in-up grve-duration-normal vert_centre_outer\" style=\"\" data-delay=\"200\"><div class=\"grve-image-icon\"><img loading=\"lazy\" decoding=\"async\" width=\"798\" height=\"798\" src=\"https:\/\/www.sword-group.com\/wp-content\/uploads\/2021\/04\/icons-small-8b.png\" class=\"attachment-full size-full\" alt=\"\" srcset=\"https:\/\/www.sword-group.com\/wp-content\/uploads\/2021\/04\/icons-small-8b.png 798w, https:\/\/www.sword-group.com\/wp-content\/uploads\/2021\/04\/icons-small-8b-300x300.png 300w, https:\/\/www.sword-group.com\/wp-content\/uploads\/2021\/04\/icons-small-8b-150x150.png 150w, https:\/\/www.sword-group.com\/wp-content\/uploads\/2021\/04\/icons-small-8b-768x768.png 768w, https:\/\/www.sword-group.com\/wp-content\/uploads\/2021\/04\/icons-small-8b-560x560.png 560w\" sizes=\"auto, (max-width: 798px) 100vw, 798px\" \/><\/div><div class=\"grve-box-content\"><div class=\"grve-box-title-wrapper\"><h3 class=\"grve-box-title grve-h5\">ERFAHRUNG &amp; EXPERTISE<\/h3><\/div>  <p class=\"grve-leader-text\">Jahrelange Erfahrung in der digitalen Transformation in allen m\u00f6glichen Branchen<\/p><\/div><\/div>[\/vc_column][vc_column width=&#8220;1\/3&#8243; css=&#8220;.vc_custom_1618995773747{padding-right: 5% !important;padding-left: 5% !important;}&#8220;]<div class=\"grve-element grve-box-icon grve-extra-large grve-top-icon grve-align-center grve-animated-item grve-fade-in-up grve-duration-normal vert_centre_outer\" style=\"\" data-delay=\"400\"><div class=\"grve-image-icon\"><img loading=\"lazy\" decoding=\"async\" width=\"798\" height=\"798\" src=\"https:\/\/www.sword-group.com\/wp-content\/uploads\/2021\/07\/icons-small-manpower.png\" class=\"attachment-full size-full\" alt=\"\" srcset=\"https:\/\/www.sword-group.com\/wp-content\/uploads\/2021\/07\/icons-small-manpower.png 798w, https:\/\/www.sword-group.com\/wp-content\/uploads\/2021\/07\/icons-small-manpower-300x300.png 300w, https:\/\/www.sword-group.com\/wp-content\/uploads\/2021\/07\/icons-small-manpower-150x150.png 150w, https:\/\/www.sword-group.com\/wp-content\/uploads\/2021\/07\/icons-small-manpower-768x768.png 768w, https:\/\/www.sword-group.com\/wp-content\/uploads\/2021\/07\/icons-small-manpower-560x560.png 560w\" sizes=\"auto, (max-width: 798px) 100vw, 798px\" \/><\/div><div class=\"grve-box-content\"><div class=\"grve-box-title-wrapper\"><h3 class=\"grve-box-title grve-h5\">NACHHALTIGE SERVICES<\/h3><\/div>  <p class=\"grve-leader-text\">Nicht nur digitale Prozesse einf\u00fchren, sondern optimierte Arbeitsweisen in Ihrem Unternehmen verankern<\/p><\/div><\/div>[\/vc_column][vc_column width=&#8220;1\/3&#8243;]<div class=\"grve-element grve-box-icon grve-extra-large grve-top-icon grve-align-center grve-animated-item grve-fade-in-up grve-duration-normal vert_centre_outer\" style=\"\" data-delay=\"400\"><div class=\"grve-image-icon\"><img loading=\"lazy\" decoding=\"async\" width=\"798\" height=\"798\" src=\"https:\/\/www.sword-group.com\/wp-content\/uploads\/2021\/10\/icons-small-cost-saving.png\" class=\"attachment-full size-full\" alt=\"\" srcset=\"https:\/\/www.sword-group.com\/wp-content\/uploads\/2021\/10\/icons-small-cost-saving.png 798w, https:\/\/www.sword-group.com\/wp-content\/uploads\/2021\/10\/icons-small-cost-saving-300x300.png 300w, https:\/\/www.sword-group.com\/wp-content\/uploads\/2021\/10\/icons-small-cost-saving-150x150.png 150w, https:\/\/www.sword-group.com\/wp-content\/uploads\/2021\/10\/icons-small-cost-saving-768x768.png 768w, https:\/\/www.sword-group.com\/wp-content\/uploads\/2021\/10\/icons-small-cost-saving-560x560.png 560w\" sizes=\"auto, (max-width: 798px) 100vw, 798px\" \/><\/div><div class=\"grve-box-content\"><div class=\"grve-box-title-wrapper\"><h3 class=\"grve-box-title grve-h5\">KOSTENG\u00dcNSTIG &amp; RISIKOARM<\/h3><\/div>  <p class=\"grve-leader-text\">Konzept, Umsetzung und Nutzenrealisierung in einem Ansatz<\/p><\/div><\/div>[\/vc_column][\/vc_row][vc_row heading_color=&#8220;light&#8220; disable_element=&#8220;yes&#8220; bg_type=&#8220;color&#8220; columns_gap=&#8220;none&#8220; bg_color=&#8220;#eeeeee&#8220;][vc_column][vc_column_text css=&#8220;.vc_custom_1629202304928{padding-top: 30px !important;}&#8220; animation=&#8220;grve-fade-in-up&#8220; animation_delay=&#8220;400&#8243;]<\/p>\n<h1 style=\"text-align: center;\">\n            <strong><br \/>\n              <span style=\"color: #ffc423; letter-spacing: -3px;\">&#8212;&#8211;<\/span><br \/>\n            <\/strong><\/h1>\n<h2 style=\"text-align: center;\">\n            <strong><br \/>\n              <span style=\"color: #4f4f4f;\">Einige unserer Kunden:<\/span><br \/>\n            <\/strong><\/h2>\n<p>[\/vc_column_text]<div class=\"grve-empty-space grve-height-3x\" style=\"\"><\/div><div class=\"grve-element grve-flexible-carousel grve-carousel grve-layout-1 grve-with-gap\" style=\"\"><div class=\"grve-carousel-wrapper\"><div class=\"grve-carousel-navigation grve-dark grve-navigation-1 grve-navigation-carousel\"><div class=\"grve-carousel-buttons\"><div class=\"grve-carousel-prev\"><i class=\"grve-icon-nav-left-small\"><\/i><span class=\"screen-reader-text\">Previous<\/span><\/div><div class=\"grve-carousel-next\"><i class=\"grve-icon-nav-right-small\"><\/i><span class=\"screen-reader-text\">Next<\/span><\/div><\/div><\/div>\t<div class=\"grve-flexible-carousel-element \" data-items=\"3\" data-items-tablet-landscape=\"3\" data-items-tablet-portrait=\"2\" data-items-mobile=\"1\" data-slider-autoplay=\"yes\" data-slider-speed=\"3000\" data-slider-pause=\"no\" data-pagination-speed=\"400\" data-pagination=\"no\" data-slider-autoheight=\"no\"><div class=\"grve-element grve-image grve-align-center\" style=\"\">  <div class=\"grve-image-wrapper\"><img loading=\"lazy\" decoding=\"async\" width=\"700\" height=\"700\" src=\"https:\/\/www.sword-group.com\/wp-content\/uploads\/2021\/08\/logos-leicestershire-police.jpg\" class=\"attachment-full size-full\" alt=\"\" srcset=\"https:\/\/www.sword-group.com\/wp-content\/uploads\/2021\/08\/logos-leicestershire-police.jpg 700w, https:\/\/www.sword-group.com\/wp-content\/uploads\/2021\/08\/logos-leicestershire-police-300x300.jpg 300w, https:\/\/www.sword-group.com\/wp-content\/uploads\/2021\/08\/logos-leicestershire-police-150x150.jpg 150w, https:\/\/www.sword-group.com\/wp-content\/uploads\/2021\/08\/logos-leicestershire-police-560x560.jpg 560w\" sizes=\"auto, (max-width: 700px) 100vw, 700px\" \/>   <\/div><\/div><div class=\"grve-element grve-image grve-align-center\" style=\"\">  <div class=\"grve-image-wrapper\"><img loading=\"lazy\" decoding=\"async\" width=\"700\" height=\"700\" src=\"https:\/\/www.sword-group.com\/wp-content\/uploads\/2021\/08\/logos-nfu.jpg\" class=\"attachment-full size-full\" alt=\"\" srcset=\"https:\/\/www.sword-group.com\/wp-content\/uploads\/2021\/08\/logos-nfu.jpg 700w, https:\/\/www.sword-group.com\/wp-content\/uploads\/2021\/08\/logos-nfu-300x300.jpg 300w, https:\/\/www.sword-group.com\/wp-content\/uploads\/2021\/08\/logos-nfu-150x150.jpg 150w, https:\/\/www.sword-group.com\/wp-content\/uploads\/2021\/08\/logos-nfu-560x560.jpg 560w\" sizes=\"auto, (max-width: 700px) 100vw, 700px\" \/>   <\/div><\/div>\t<\/div>  <\/div><\/div><div class=\"grve-empty-space\" style=\"height: 60px;\"><\/div>[\/vc_column][\/vc_row][vc_row padding_bottom_multiplier=&#8220;&#8220; columns_gap=&#8220;60&#8243; equal_column_height=&#8220;equal-column&#8220;][vc_column]<div class=\"grve-empty-space\" style=\"height: 50px;\"><\/div>[vc_row_inner css=&#8220;.vc_custom_1620377545475{margin-bottom: 0px !important;border-bottom-width: 0px !important;padding-bottom: 0px !important;}&#8220;][vc_column_inner width=&#8220;1\/2&#8243; css=&#8220;.vc_custom_1620743653441{padding-top: 0px !important;padding-right: 15% !important;padding-bottom: 0px !important;padding-left: 15% !important;}&#8220;]<div class=\"grve-element grve-image grve-align-center\" style=\"margin-bottom: 0px;\">  <div class=\"grve-image-wrapper\"><img loading=\"lazy\" decoding=\"async\" width=\"542\" height=\"900\" src=\"https:\/\/www.sword-group.com\/wp-content\/uploads\/2021\/05\/friendly-2.jpg\" class=\"attachment-full size-full\" alt=\"\" srcset=\"https:\/\/www.sword-group.com\/wp-content\/uploads\/2021\/05\/friendly-2.jpg 542w, https:\/\/www.sword-group.com\/wp-content\/uploads\/2021\/05\/friendly-2-181x300.jpg 181w\" sizes=\"auto, (max-width: 542px) 100vw, 542px\" \/>   <\/div><\/div>[\/vc_column_inner][vc_column_inner width=&#8220;1\/2&#8243; css=&#8220;.vc_custom_1629188581663{margin-top: 0px !important;margin-right: 0px !important;margin-bottom: 0px !important;margin-left: 0px !important;border-top-width: 0px !important;border-right-width: 0px !important;border-bottom-width: 0px !important;border-left-width: 0px !important;padding-right: 0% !important;padding-bottom: 0px !important;padding-left: 0px !important;}&#8220;][vc_column_text css=&#8220;.vc_custom_1629296480527{padding-top: 10px !important;}&#8220; text_style=&#8220;leader-text&#8220; animation=&#8220;grve-fade-in-up&#8220; animation_delay=&#8220;400&#8243;]<\/p>\n<h1 style=\"text-align: left;\"><strong><span style=\"color: #ffc423; letter-spacing: -3px;\">&#8212;&#8211;<\/span><\/strong><\/h1>\n<h2><strong>Kontakt<\/strong><\/h2>\n<p>Nehmen Sie noch heute Kontakt mit uns auf, um Ihr digitales Projekt mit uns zu besprechen.[\/vc_column_text]<div class=\"grve-empty-space\" style=\"height: 35px;\"><\/div><div class=\"grve-element grve-align-left grve-animated-item grve-fade-in-up grve-duration-normal grve-fluid-button\" data-delay=\"200\"><a href=\"https:\/\/www.sword-group.com\/de\/kontakt\/\" class=\"grve-btn grve-btn-small grve-round grve-bg-primary-6 grve-bg-hover-grey\" style=\"max-width: 250px;\"><span>KONTAKT AUFNEHMEN<\/span><\/a><\/div><div class=\"grve-empty-space\" style=\"height: 35px;\"><\/div>[\/vc_column_inner][\/vc_row_inner][\/vc_column][\/vc_row]<\/p>\n<\/div>","protected":false},"excerpt":{"rendered":"<p>[vc_row heading_color=&#8220;light&#8220; bg_type=&#8220;image&#8220; bg_image=&#8220;23780&#8243; bg_image_size=&#8220;responsive&#8220; bg_position=&#8220;center-top&#8220; bg_tablet_sm_position=&#8220;left-top&#8220; opacity_overlay=&#8220;60&#8243; padding_top_multiplier=&#8220;custom&#8220; padding_bottom_multiplier=&#8220;custom&#8220; columns_gap=&#8220;60&#8243; separator_bottom=&#8220;tilt-left-separator&#8220; font_color=&#8220;#000000&#8243; margin_bottom=&#8220;0&#8243; padding_top=&#8220;0&#8243; padding_bottom=&#8220;0&#8243;][vc_column width=&#8220;1\/2&#8243; css=&#8220;.vc_custom_1624267581567{margin-bottom: 0px !important;padding-right: 10% !important;}&#8220;][vc_column_text css=&#8220;&#8220; text_style=&#8220;leader-text&#8220; animation=&#8220;grve-fade-in-up&#8220; animation_delay=&#8220;400&#8243;] &#8212;&#8211; Digital Ways of Working So macht Ihr Unternehmen den n\u00e4chsten Schritt Moderne Cloud-Technologien und flexible digitale L\u00f6sungen bilden die Basis f\u00fcr das Wachstum Ihres Unternehmens. Verankern Sie bessere [&hellip;]<\/p>\n","protected":false},"author":1,"featured_media":0,"parent":0,"menu_order":0,"comment_status":"closed","ping_status":"closed","template":"","meta":{"footnotes":"","_links_to":"","_links_to_target":""},"class_list":["post-38881","page","type-page","status-publish","hentry"],"_links":{"self":[{"href":"https:\/\/www.sword-group.com\/de\/wp-json\/wp\/v2\/pages\/38881","targetHints":{"allow":["GET"]}}],"collection":[{"href":"https:\/\/www.sword-group.com\/de\/wp-json\/wp\/v2\/pages"}],"about":[{"href":"https:\/\/www.sword-group.com\/de\/wp-json\/wp\/v2\/types\/page"}],"author":[{"embeddable":true,"href":"https:\/\/www.sword-group.com\/de\/wp-json\/wp\/v2\/users\/1"}],"replies":[{"embeddable":true,"href":"https:\/\/www.sword-group.com\/de\/wp-json\/wp\/v2\/comments?post=38881"}],"version-history":[{"count":0,"href":"https:\/\/www.sword-group.com\/de\/wp-json\/wp\/v2\/pages\/38881\/revisions"}],"wp:attachment":[{"href":"https:\/\/www.sword-group.com\/de\/wp-json\/wp\/v2\/media?parent=38881"}],"curies":[{"name":"wp","href":"https:\/\/api.w.org\/{rel}","templated":true}]}}