{"id":38967,"date":"2025-02-19T07:21:05","date_gmt":"2025-02-19T07:21:05","guid":{"rendered":"https:\/\/www.sword-group.com\/netzwerkdienste\/"},"modified":"2025-04-08T21:50:07","modified_gmt":"2025-04-08T21:50:07","slug":"netzwerkdienste","status":"publish","type":"page","link":"https:\/\/www.sword-group.com\/de\/netzwerkdienste\/","title":{"rendered":"Netzwerkdienste"},"content":{"rendered":"<div class=\"wpb-content-wrapper\"><p>[vc_row heading_color=&#8220;light&#8220; bg_type=&#8220;image&#8220; bg_image=&#8220;18402&#8243; padding_top_multiplier=&#8220;custom&#8220; padding_bottom_multiplier=&#8220;custom&#8220; separator_bottom=&#8220;tilt-left-separator&#8220; font_color=&#8220;#000000&#8243; margin_bottom=&#8220;0&#8243; padding_top=&#8220;0&#8243; padding_bottom=&#8220;0&#8243;][vc_column width=&#8220;1\/2&#8243; css=&#8220;.vc_custom_1621251621202{margin-bottom: 0px !important;padding-right: 15% !important;}&#8220;]<div class=\"grve-empty-space grve-height-1x\" style=\"\"><\/div>[vc_column_text css=&#8220;.vc_custom_1744148940426{padding-right: 10% !important;}&#8220; animation=&#8220;grve-fade-in-up&#8220; animation_delay=&#8220;400&#8243;]<\/p>\n<h1 style=\"text-align: left;\"><strong><span style=\"color: #ffc423; letter-spacing: -3px;\">&#8212;&#8211;<\/span><\/strong><\/h1>\n<h1><span style=\"color: #ffffff;\"><strong>Netzwerkdienste<\/strong><\/span><\/h1>\n<p>[\/vc_column_text]<div class=\"grve-empty-space\" style=\"height: 210px;\"><\/div>[\/vc_column][vc_column width=&#8220;1\/2&#8243; css=&#8220;.vc_custom_1620815152560{padding-top: 70px !important;padding-left: 100px !important;}&#8220;][\/vc_column][\/vc_row][vc_row padding_top_multiplier=&#8220;&#8220; padding_bottom_multiplier=&#8220;&#8220; columns_gap=&#8220;60&#8243; equal_column_height=&#8220;equal-column&#8220; separator_top=&#8220;tilt-left-separator&#8220; separator_bottom=&#8220;tilt-left-separator&#8220;][vc_column css=&#8220;.vc_custom_1628261160096{padding-top: 20px !important;padding-bottom: 40px !important;}&#8220;][vc_row_inner css=&#8220;.vc_custom_1625234414306{margin-top: 0px !important;margin-bottom: 0px !important;border-top-width: 0px !important;border-bottom-width: 0px !important;padding-top: 0px !important;padding-bottom: 20px !important;}&#8220;][vc_column_inner width=&#8220;1\/2&#8243; css=&#8220;.vc_custom_1624526097425{padding-top: 50px !important;padding-right: 50px !important;padding-bottom: 0px !important;padding-left: 50px !important;}&#8220;]<div class=\"grve-empty-space\" style=\"height: 30px;\"><\/div><div class=\"grve-element grve-image grve-align-center\" style=\"margin-bottom: 0px;\">  <div class=\"grve-image-wrapper\"><img loading=\"lazy\" decoding=\"async\" width=\"1044\" height=\"864\" src=\"https:\/\/www.sword-group.com\/wp-content\/uploads\/2021\/06\/network-sec-rev.jpg\" class=\"attachment-full size-full\" alt=\"\" srcset=\"https:\/\/www.sword-group.com\/wp-content\/uploads\/2021\/06\/network-sec-rev.jpg 1044w, https:\/\/www.sword-group.com\/wp-content\/uploads\/2021\/06\/network-sec-rev-300x248.jpg 300w, https:\/\/www.sword-group.com\/wp-content\/uploads\/2021\/06\/network-sec-rev-1024x847.jpg 1024w, https:\/\/www.sword-group.com\/wp-content\/uploads\/2021\/06\/network-sec-rev-768x636.jpg 768w\" sizes=\"auto, (max-width: 1044px) 100vw, 1044px\" \/>   <\/div><\/div><div class=\"grve-empty-space\" style=\"height: 30px;\"><\/div>[\/vc_column_inner][vc_column_inner width=&#8220;1\/2&#8243; css=&#8220;.vc_custom_1624526087253{margin-top: 0px !important;margin-right: 0px !important;margin-bottom: 0px !important;margin-left: 0px !important;border-top-width: 0px !important;border-right-width: 0px !important;border-bottom-width: 0px !important;border-left-width: 0px !important;padding-right: 15% !important;padding-bottom: 0px !important;padding-left: 0px !important;}&#8220;][vc_column_text css=&#8220;&#8220; animation=&#8220;grve-fade-in-up&#8220; animation_delay=&#8220;400&#8243;]<\/p>\n<h1 style=\"text-align: left;\"><strong><span style=\"color: #ffc423; letter-spacing: -3px;\">&#8212;&#8211;<\/span><\/strong><\/h1>\n<h2><strong>Hohe Verf\u00fcgbarkeit, optimale Sicherheit und ein hervorragendes Benutzererlebnis<\/strong><\/h2>\n<p>Schnelle, sichere Netzwerke sind heute wichtiger denn je \u2013 besonders mit mehr Menschen im Homeoffice und der verst\u00e4rkten Nutzung der Cloud. Da ist eine zuverl\u00e4ssige Netzwerkinfrastruktur unerl\u00e4sslich.<\/p>\n<p>Ob Sie eine vollst\u00e4ndig gemanagte L\u00f6sung ben\u00f6tigen, Ihr LAN oder WAN \u00fcberwachen oder Probleme schnell l\u00f6sen m\u00f6chten \u2013 Sword hilft Ihnen dabei, Ihre Netzwerkinfrastruktur so zu gestalten, damit sie Ihre t\u00e4glichen Arbeitsabl\u00e4ufe oder das strategische Unternehmenswachstum optimal unterst\u00fctzt.[\/vc_column_text][\/vc_column_inner][\/vc_row_inner][\/vc_column][\/vc_row][vc_row bg_type=&#8220;gradient&#8220; bg_gradient_color_1=&#8220;#eeeeee&#8220; bg_gradient_color_2=&#8220;rgba(255,255,255,0.9)&#8220; bg_gradient_direction=&#8220;180&#8243; padding_bottom_multiplier=&#8220;custom&#8220; columns_gap=&#8220;60&#8243; equal_column_height=&#8220;equal-column&#8220; separator_top=&#8220;tilt-left-separator&#8220; padding_bottom=&#8220;0&#8243;][vc_column]<div class=\"grve-empty-space\" style=\"height: 120px;\"><\/div>[vc_row_inner css=&#8220;.vc_custom_1620810775164{margin-top: 0px !important;margin-bottom: 0px !important;border-top-width: 0px !important;border-bottom-width: 0px !important;padding-top: 0px !important;padding-bottom: 0px !important;}&#8220;][vc_column_inner width=&#8220;1\/2&#8243; css=&#8220;.vc_custom_1624526155162{margin-top: 0px !important;margin-right: 0px !important;margin-bottom: 0px !important;margin-left: 0px !important;border-top-width: 0px !important;border-right-width: 0px !important;border-bottom-width: 0px !important;border-left-width: 0px !important;padding-right: 15% !important;padding-bottom: 0px !important;padding-left: 0px !important;}&#8220;][vc_column_text css=&#8220;&#8220; animation=&#8220;grve-fade-in-up&#8220; animation_delay=&#8220;400&#8243;]<\/p>\n<h1 style=\"text-align: left;\"><strong><span style=\"color: #ffc423; letter-spacing: -3px;\">&#8212;&#8211;<\/span><\/strong><\/h1>\n<h2><strong>Power. Performance. Preiskontrolle. <\/strong><\/h2>\n<p>Egal, ob Sie einfache Verbindungen oder ein umfangreiches Netzwerk \u00fcber mehrere Standorte (WAN) brauchen \u2013 wir entwickeln und realisieren L\u00f6sungen, die einfach zu managen, kosteng\u00fcnstig und leistungsstark sind. F\u00fcr einen zuverl\u00e4ssigen Betrieb und ein schnelles, ungest\u00f6rtes Benutzererlebnis.<\/p>\n<p>Unsere Expert:innen f\u00fcr Netzwerktechnologie sind mit fortschrittlichsten Systemen bestens vertraut und unterst\u00fctzen Sie beim Aufbau, der Umgestaltung und Verwaltung Ihrer IT-Netzwerke.[\/vc_column_text][\/vc_column_inner][vc_column_inner width=&#8220;1\/2&#8243; css=&#8220;.vc_custom_1624525839309{padding-top: 50px !important;padding-right: 0px !important;padding-bottom: 0px !important;padding-left: 0px !important;}&#8220;]<div class=\"grve-element grve-image grve-align-center\" style=\"\">  <div class=\"grve-image-wrapper\"><img loading=\"lazy\" decoding=\"async\" width=\"900\" height=\"673\" src=\"https:\/\/www.sword-group.com\/wp-content\/uploads\/2021\/06\/network.png\" class=\"attachment-full size-full\" alt=\"\" srcset=\"https:\/\/www.sword-group.com\/wp-content\/uploads\/2021\/06\/network.png 900w, https:\/\/www.sword-group.com\/wp-content\/uploads\/2021\/06\/network-300x224.png 300w, https:\/\/www.sword-group.com\/wp-content\/uploads\/2021\/06\/network-768x574.png 768w, https:\/\/www.sword-group.com\/wp-content\/uploads\/2021\/06\/network-560x420.png 560w\" sizes=\"auto, (max-width: 900px) 100vw, 900px\" \/>   <\/div><\/div>[\/vc_column_inner][\/vc_row_inner]<div class=\"grve-empty-space\" style=\"height: 30px;\"><\/div>[\/vc_column][\/vc_row][vc_row bg_type=&#8220;gradient&#8220; bg_gradient_color_1=&#8220;#eeeeee&#8220; bg_gradient_color_2=&#8220;rgba(255,255,255,0.9)&#8220; bg_gradient_direction=&#8220;180&#8243; padding_bottom_multiplier=&#8220;&#8220; columns_gap=&#8220;60&#8243; equal_column_height=&#8220;equal-column&#8220; separator_top=&#8220;tilt-left-separator&#8220;][vc_column][vc_row_inner css=&#8220;.vc_custom_1620810775164{margin-top: 0px !important;margin-bottom: 0px !important;border-top-width: 0px !important;border-bottom-width: 0px !important;padding-top: 0px !important;padding-bottom: 0px !important;}&#8220;][vc_column_inner width=&#8220;1\/2&#8243; css=&#8220;.vc_custom_1624526163069{margin-top: 0px !important;margin-right: 0px !important;margin-bottom: 30px !important;margin-left: 0px !important;border-top-width: 0px !important;border-right-width: 0px !important;border-bottom-width: 0px !important;border-left-width: 0px !important;padding-top: 90px !important;padding-right: 15% !important;padding-bottom: 0px !important;padding-left: 0px !important;}&#8220;][vc_column_text css=&#8220;.vc_custom_1744148995542{padding-bottom: 0px !important;}&#8220; animation=&#8220;grve-fade-in-up&#8220; animation_delay=&#8220;400&#8243;]<\/p>\n<h1 style=\"text-align: left;\"><strong><span style=\"color: #ffc423; letter-spacing: -3px;\">&#8212;&#8211;<\/span><\/strong><\/h1>\n<h2><strong>Unsere End-to-End-Netzwerkl\u00f6sungen umfassen:<\/strong><\/h2>\n<p>[\/vc_column_text][\/vc_column_inner][\/vc_row_inner][vc_row_inner css=&#8220;.vc_custom_1620810775164{margin-top: 0px !important;margin-bottom: 0px !important;border-top-width: 0px !important;border-bottom-width: 0px !important;padding-top: 0px !important;padding-bottom: 0px !important;}&#8220;][vc_column_inner width=&#8220;1\/2&#8243; css=&#8220;.vc_custom_1624526170753{margin-top: 0px !important;margin-right: 0px !important;margin-bottom: 30px !important;margin-left: 0px !important;border-top-width: 0px !important;border-right-width: 0px !important;border-bottom-width: 0px !important;border-left-width: 0px !important;padding-right: 15% !important;padding-bottom: 0px !important;padding-left: 0px !important;}&#8220;][vc_column_text css=&#8220;.vc_custom_1623681311143{padding-bottom: 20px !important;}&#8220; animation=&#8220;grve-fade-in-up&#8220; animation_delay=&#8220;400&#8243;]<\/p>\n<h1 style=\"text-align: left;\"><strong><span style=\"color: #ffc423; letter-spacing: -3px;\">&#8212;&#8211;<\/span><\/strong><\/h1>\n<h4><strong>Netzwerkarchitektur, VPC<\/strong><\/h4>\n<p>Isolationsebenen in einer virtuellen privaten Cloud (VPC) bieten Ihnen mehr Kontrolle \u00fcber Ihre Netzwerke und sch\u00fctzen sensible Daten \u2013 und das alles innerhalb einer \u00f6ffentlichen Cloud, die Sie nach Bedarf skalieren und abrechnen k\u00f6nnen. Mit einer hybriden Cloud-L\u00f6sung k\u00f6nnen Sie die VPC einfach als Erweiterung Ihres Rechenzentrums nutzen, ohne eine private Cloud vor Ort einrichten zu m\u00fcssen.[\/vc_column_text][vc_column_text animation=&#8220;grve-fade-in-up&#8220; animation_delay=&#8220;400&#8243;]<\/p>\n<h1 style=\"text-align: left;\"><strong><span style=\"color: #ffc423; letter-spacing: -3px;\">&#8212;&#8211;<\/span><\/strong><\/h1>\n<h4><strong>Gateway-Ger\u00e4te<\/strong><\/h4>\n<p>F\u00fcr eine bessere Kontrolle \u00fcber Ihren virtuellen oder physischen Netzwerkverkehr, hohe Verf\u00fcgbarkeit und verbesserte Netzwerksicherheit kann Sword Ihnen die richtigen Gateway-Ger\u00e4te f\u00fcr Ihre IT-Infrastruktur empfehlen.[\/vc_column_text][\/vc_column_inner][vc_column_inner width=&#8220;1\/2&#8243; css=&#8220;.vc_custom_1624526175602{padding-top: 0px !important;padding-right: 50px !important;padding-bottom: 0px !important;padding-left: 0px !important;}&#8220;][vc_column_text css=&#8220;.vc_custom_1623681417798{padding-bottom: 50px !important;}&#8220; animation=&#8220;grve-fade-in-up&#8220; animation_delay=&#8220;400&#8243;]<\/p>\n<h1 style=\"text-align: left;\"><strong><span style=\"color: #ffc423; letter-spacing: -3px;\">&#8212;&#8211;<\/span><\/strong><\/h1>\n<h4><strong>Netzwerklastenausgleich (NLB)<\/strong><\/h4>\n<p>Sword sorgt f\u00fcr h\u00f6chste Verf\u00fcgbarkeit, indem es den Datenverkehr mit einer intelligenten Lastenverteilung \u2013 auch Netzwerklastenausgleich oder Dual-WAN-Routing genannt \u2013 auf verschiedene Netzwerk-Ressourcen verteilt. So bleiben Ihre Systeme auch bei hohem Traffic stabil, ganz ohne komplizierte Routing-Protokolle.[\/vc_column_text]<div class=\"grve-element grve-image grve-align-center\" style=\"margin-bottom: 0px;\">  <div class=\"grve-image-wrapper\"><img loading=\"lazy\" decoding=\"async\" width=\"900\" height=\"523\" src=\"https:\/\/www.sword-group.com\/wp-content\/uploads\/2021\/06\/complex-dark-png.png\" class=\"attachment-full size-full\" alt=\"\" srcset=\"https:\/\/www.sword-group.com\/wp-content\/uploads\/2021\/06\/complex-dark-png.png 900w, https:\/\/www.sword-group.com\/wp-content\/uploads\/2021\/06\/complex-dark-png-300x174.png 300w, https:\/\/www.sword-group.com\/wp-content\/uploads\/2021\/06\/complex-dark-png-768x446.png 768w\" sizes=\"auto, (max-width: 900px) 100vw, 900px\" \/>   <\/div><\/div>[\/vc_column_inner][\/vc_row_inner]<div class=\"grve-empty-space\" style=\"height: 35px;\"><\/div>[\/vc_column][\/vc_row]<\/p>\n<\/div>","protected":false},"excerpt":{"rendered":"<p>[vc_row heading_color=&#8220;light&#8220; bg_type=&#8220;image&#8220; bg_image=&#8220;18402&#8243; padding_top_multiplier=&#8220;custom&#8220; padding_bottom_multiplier=&#8220;custom&#8220; separator_bottom=&#8220;tilt-left-separator&#8220; font_color=&#8220;#000000&#8243; margin_bottom=&#8220;0&#8243; padding_top=&#8220;0&#8243; padding_bottom=&#8220;0&#8243;][vc_column width=&#8220;1\/2&#8243; css=&#8220;.vc_custom_1621251621202{margin-bottom: 0px !important;padding-right: 15% !important;}&#8220;][vc_column_text css=&#8220;.vc_custom_1744148940426{padding-right: 10% !important;}&#8220; animation=&#8220;grve-fade-in-up&#8220; animation_delay=&#8220;400&#8243;] &#8212;&#8211; Netzwerkdienste [\/vc_column_text][\/vc_column][vc_column width=&#8220;1\/2&#8243; css=&#8220;.vc_custom_1620815152560{padding-top: 70px !important;padding-left: 100px !important;}&#8220;][\/vc_column][\/vc_row][vc_row padding_top_multiplier=&#8220;&#8220; padding_bottom_multiplier=&#8220;&#8220; columns_gap=&#8220;60&#8243; equal_column_height=&#8220;equal-column&#8220; separator_top=&#8220;tilt-left-separator&#8220; separator_bottom=&#8220;tilt-left-separator&#8220;][vc_column css=&#8220;.vc_custom_1628261160096{padding-top: 20px !important;padding-bottom: 40px !important;}&#8220;][vc_row_inner css=&#8220;.vc_custom_1625234414306{margin-top: 0px !important;margin-bottom: 0px !important;border-top-width: 0px !important;border-bottom-width: 0px !important;padding-top: 0px !important;padding-bottom: 20px !important;}&#8220;][vc_column_inner [&hellip;]<\/p>\n","protected":false},"author":1,"featured_media":0,"parent":0,"menu_order":0,"comment_status":"closed","ping_status":"closed","template":"","meta":{"footnotes":"","_links_to":"","_links_to_target":""},"class_list":["post-38967","page","type-page","status-publish","hentry"],"_links":{"self":[{"href":"https:\/\/www.sword-group.com\/de\/wp-json\/wp\/v2\/pages\/38967","targetHints":{"allow":["GET"]}}],"collection":[{"href":"https:\/\/www.sword-group.com\/de\/wp-json\/wp\/v2\/pages"}],"about":[{"href":"https:\/\/www.sword-group.com\/de\/wp-json\/wp\/v2\/types\/page"}],"author":[{"embeddable":true,"href":"https:\/\/www.sword-group.com\/de\/wp-json\/wp\/v2\/users\/1"}],"replies":[{"embeddable":true,"href":"https:\/\/www.sword-group.com\/de\/wp-json\/wp\/v2\/comments?post=38967"}],"version-history":[{"count":0,"href":"https:\/\/www.sword-group.com\/de\/wp-json\/wp\/v2\/pages\/38967\/revisions"}],"wp:attachment":[{"href":"https:\/\/www.sword-group.com\/de\/wp-json\/wp\/v2\/media?parent=38967"}],"curies":[{"name":"wp","href":"https:\/\/api.w.org\/{rel}","templated":true}]}}