{"id":38972,"date":"2025-02-19T20:36:12","date_gmt":"2025-02-19T20:36:12","guid":{"rendered":"https:\/\/www.sword-group.com\/rechenzentrums-hosting-dienste\/"},"modified":"2025-04-08T22:07:31","modified_gmt":"2025-04-08T22:07:31","slug":"rechenzentrums-hosting-dienste","status":"publish","type":"page","link":"https:\/\/www.sword-group.com\/de\/rechenzentrums-hosting-dienste\/","title":{"rendered":"Rechenzentrums- &amp; Hosting-Dienste"},"content":{"rendered":"<div class=\"wpb-content-wrapper\"><p>[vc_row heading_color=&#8220;light&#8220; bg_type=&#8220;image&#8220; bg_image=&#8220;18320&#8243; bg_tablet_sm_position=&#8220;left-top&#8220; padding_top_multiplier=&#8220;custom&#8220; padding_bottom_multiplier=&#8220;custom&#8220; equal_column_height=&#8220;equal-column&#8220; mobile_visibility=&#8220;hide&#8220; separator_bottom=&#8220;tilt-left-separator&#8220; font_color=&#8220;#000000&#8243; margin_bottom=&#8220;0&#8243; padding_top=&#8220;0&#8243; padding_bottom=&#8220;0&#8243;][vc_column width=&#8220;1\/2&#8243; css=&#8220;.vc_custom_1620383995480{margin-bottom: 0px !important;}&#8220;]<div class=\"grve-empty-space grve-height-1x\" style=\"\"><\/div>[vc_column_text css=&#8220;&#8220; animation=&#8220;grve-fade-in-up&#8220; animation_delay=&#8220;400&#8243;]<\/p>\n<h1 style=\"text-align: left;\"><strong><span style=\"color: #ffc423; letter-spacing: -3px;\">&#8212;&#8211;<\/span><\/strong><\/h1>\n<h1><span style=\"color: #ffffff;\"><b>Rechenzentrums- &amp; Hosting-Dienste <\/b><\/span><\/h1>\n<p>[\/vc_column_text]<div class=\"grve-empty-space\" style=\"height: 250px;\"><\/div>[\/vc_column][vc_column vertical_content_position=&#8220;middle&#8220; width=&#8220;1\/2&#8243; css=&#8220;.vc_custom_1621249001289{padding-right: 8% !important;padding-left: 8% !important;}&#8220;][\/vc_column][\/vc_row][vc_row heading_color=&#8220;light&#8220; bg_type=&#8220;image&#8220; bg_image=&#8220;20191&#8243; bg_position=&#8220;right-top&#8220; padding_top_multiplier=&#8220;custom&#8220; padding_bottom_multiplier=&#8220;custom&#8220; desktop_visibility=&#8220;hide&#8220; tablet_visibility=&#8220;hide&#8220; tablet_sm_visibility=&#8220;hide&#8220; separator_bottom=&#8220;tilt-left-separator&#8220; font_color=&#8220;#000000&#8243; margin_bottom=&#8220;0&#8243; padding_top=&#8220;0&#8243; padding_bottom=&#8220;0&#8243;][vc_column width=&#8220;1\/2&#8243; css=&#8220;.vc_custom_1625230267026{margin-bottom: 0px !important;padding-bottom: 140px !important;}&#8220;]<div class=\"grve-empty-space grve-height-1x\" style=\"\"><\/div>[vc_column_text css=&#8220;.vc_custom_1625228347655{padding-right: 20% !important;}&#8220; animation=&#8220;grve-fade-in-up&#8220; animation_delay=&#8220;400&#8243;]<\/p>\n<h1 style=\"text-align: left;\">\n            <strong><br \/>\n              <span style=\"color: #ffc423; letter-spacing: -3px;\">&#8212;&#8211;<\/span><br \/>\n            <\/strong><\/h1>\n<h1>\n            <span style=\"color: #ffffff;\"><br \/>\n              <b>Rechenzentrums- &amp; Hosting-Dienste <\/b><br \/>\n            <\/span><\/h1>\n<p>[\/vc_column_text][\/vc_column][vc_column vertical_content_position=&#8220;middle&#8220; width=&#8220;1\/2&#8243; css=&#8220;.vc_custom_1621249001289{padding-right: 8% !important;padding-left: 8% !important;}&#8220;][\/vc_column][\/vc_row][vc_row padding_top_multiplier=&#8220;2x&#8220;][vc_column width=&#8220;1\/2&#8243;][vc_column_text]<\/p>\n<h1 style=\"text-align: left;\"><strong><span style=\"color: #ffc423; letter-spacing: -3px;\">&#8212;&#8211;<\/span><\/strong><\/h1>\n<h2><strong>IT-Architekturen f\u00fcr Unternehmen, die mit den neuesten Technologien Schritt halten<\/strong><\/h2>\n<p>Dank der Weiterentwicklung der Infrastruktur sind Daten und Anwendungen nicht mehr an einen einzigen Standort gebunden. Sie k\u00f6nnen heute in verschiedenen Rechenzentren gespeichert und miteinander verbunden werden \u2013 sei es in firmeneigenen Rechenzentren oder in \u00f6ffentlichen und privaten Clouds.[\/vc_column_text][\/vc_column][vc_column width=&#8220;1\/2&#8243; css=&#8220;.vc_custom_1625228005136{padding-top: 40px !important;padding-right: 10% !important;padding-bottom: 0px !important;padding-left: 10% !important;}&#8220;]<div class=\"grve-element grve-image grve-align-center\" style=\"\">  <div class=\"grve-image-wrapper\"><img loading=\"lazy\" decoding=\"async\" width=\"900\" height=\"727\" src=\"https:\/\/www.sword-group.com\/wp-content\/uploads\/2021\/06\/Untitled-4.gif\" class=\"attachment-full size-full\" alt=\"\" \/>   <\/div><\/div>[\/vc_column][\/vc_row][vc_row padding_bottom_multiplier=&#8220;&#8220; columns_gap=&#8220;60&#8243; equal_column_height=&#8220;equal-column&#8220; mobile_visibility=&#8220;hide&#8220;][vc_column]<div class=\"grve-empty-space\" style=\"height: 12px;\"><\/div>[vc_row_inner css=&#8220;.vc_custom_1620377545475{margin-bottom: 0px !important;border-bottom-width: 0px !important;padding-bottom: 0px !important;}&#8220;][vc_column_inner width=&#8220;1\/2&#8243; css=&#8220;.vc_custom_1623412094608{padding-top: 75px !important;padding-right: 10% !important;padding-bottom: 0px !important;padding-left: 7% !important;}&#8220;]<div class=\"grve-element grve-image grve-align-center\" style=\"margin-bottom: 0px;\">  <div class=\"grve-image-wrapper\"><img loading=\"lazy\" decoding=\"async\" width=\"900\" height=\"900\" src=\"https:\/\/www.sword-group.com\/wp-content\/uploads\/2021\/06\/data-centre2.gif\" class=\"attachment-full size-full\" alt=\"\" \/>   <\/div><\/div>[\/vc_column_inner][vc_column_inner width=&#8220;1\/2&#8243; css=&#8220;.vc_custom_1623416930050{margin-top: 0px !important;margin-right: 0px !important;margin-bottom: 0px !important;margin-left: 0px !important;border-top-width: 0px !important;border-right-width: 0px !important;border-bottom-width: 0px !important;border-left-width: 0px !important;padding-right: 0% !important;padding-bottom: 0px !important;padding-left: 0px !important;}&#8220;][vc_column_text css=&#8220;.vc_custom_1623406612658{padding-top: 10px !important;}&#8220; animation=&#8220;grve-fade-in-up&#8220; animation_delay=&#8220;400&#8243;]<\/p>\n<h1 style=\"text-align: left;\"><strong><span style=\"color: #ffc423; letter-spacing: -3px;\">&#8212;&#8211;<\/span><\/strong><\/h1>\n<h2><strong>Sicher. Stabil. Skalierbar.  <\/strong><\/h2>\n<p>Unsere Rechenzentren sind \u00fcber mehrere Standorte miteinander verbunden, sodass sie die ben\u00f6tigte Leistung f\u00fcr Ihr Unternehmen liefern \u2013 sei es f\u00fcr E-Mails, Dateifreigaben, Produktivit\u00e4tstools, Customer-Relationship-Management (CRM), Enterprise-Resource-Planning (ERP), virtuelle Desktops, Kommunikation und Zusammenarbeit oder f\u00fcr Big Data, KI und maschinelles Lernen. Egal, welche Anforderungen Ihre IT-Abteilung heute und in Zukunft hat \u2013 Sword sorgt mit intelligenter Infrastruktur daf\u00fcr, dass Ihre Daten zuverl\u00e4ssig und leistungsstark fliessen.<br \/>\n<strong>Beratung, Design, Installation<\/strong> oder <strong>Hosting-Services<\/strong>? Wir sind f\u00fcr Sie da.[\/vc_column_text]<div class=\"grve-empty-space\" style=\"height: 90px;\"><\/div>[\/vc_column_inner][\/vc_row_inner][\/vc_column][\/vc_row][vc_row padding_bottom_multiplier=&#8220;&#8220; columns_gap=&#8220;60&#8243; equal_column_height=&#8220;equal-column&#8220; desktop_visibility=&#8220;hide&#8220; tablet_visibility=&#8220;hide&#8220; tablet_sm_visibility=&#8220;hide&#8220;][vc_column]<div class=\"grve-empty-space\" style=\"height: 12px;\"><\/div>[vc_row_inner css=&#8220;.vc_custom_1620377545475{margin-bottom: 0px !important;border-bottom-width: 0px !important;padding-bottom: 0px !important;}&#8220;][vc_column_inner width=&#8220;1\/2&#8243; css=&#8220;.vc_custom_1628260175365{margin-top: 0px !important;margin-right: 0px !important;margin-bottom: 0px !important;margin-left: 0px !important;border-top-width: 0px !important;border-right-width: 0px !important;border-bottom-width: 0px !important;border-left-width: 0px !important;padding-top: 10px !important;padding-right: 0% !important;padding-bottom: 0px !important;padding-left: 0px !important;}&#8220;][vc_column_text css=&#8220;.vc_custom_1623406612658{padding-top: 10px !important;}&#8220; animation=&#8220;grve-fade-in-up&#8220; animation_delay=&#8220;400&#8243;]<\/p>\n<h1 style=\"text-align: left;\"><strong><span style=\"color: #ffc423; letter-spacing: -3px;\">&#8212;&#8211;<\/span><\/strong><\/h1>\n<h2><strong>Sicher. Stabil. Skalierbar.  <\/strong><\/h2>\n<p>Unsere Rechenzentren sind \u00fcber mehrere Standorte miteinander verbunden, sodass sie die ben\u00f6tigte Leistung f\u00fcr Ihr Unternehmen liefern \u2013 sei es f\u00fcr E-Mails, Dateifreigaben, Produktivit\u00e4tstools, Customer-Relationship-Management (CRM), Enterprise-Resource-Planning (ERP), virtuelle Desktops, Kommunikation und Zusammenarbeit oder f\u00fcr Big Data, KI und maschinelles Lernen. Egal, welche Anforderungen Ihre IT-Abteilung heute und in Zukunft hat \u2013 Sword sorgt mit intelligenter Infrastruktur daf\u00fcr, dass Ihre Daten zuverl\u00e4ssig und leistungsstark fliessen.<br \/>\n<strong>Beratung, Design, Installation<\/strong> oder <strong>Hosting-Services<\/strong>? Wir sind f\u00fcr Sie da.[\/vc_column_text][\/vc_column_inner][vc_column_inner width=&#8220;1\/2&#8243; css=&#8220;.vc_custom_1625228055923{padding-top: 30px !important;padding-right: 10% !important;padding-bottom: 40px !important;padding-left: 7% !important;}&#8220;]<div class=\"grve-element grve-image grve-align-center\" style=\"margin-bottom: 0px;\">  <div class=\"grve-image-wrapper\"><img loading=\"lazy\" decoding=\"async\" width=\"900\" height=\"900\" src=\"https:\/\/www.sword-group.com\/wp-content\/uploads\/2021\/06\/data-centre2.gif\" class=\"attachment-full size-full\" alt=\"\" \/>   <\/div><\/div>[\/vc_column_inner][\/vc_row_inner][\/vc_column][\/vc_row][vc_row bg_type=&#8220;gradient&#8220; bg_gradient_color_1=&#8220;#eeeeee&#8220; bg_gradient_color_2=&#8220;rgba(255,255,255,0.9)&#8220; bg_gradient_direction=&#8220;180&#8243; padding_top_multiplier=&#8220;custom&#8220; padding_bottom_multiplier=&#8220;&#8220; columns_gap=&#8220;none&#8220; equal_column_height=&#8220;equal-column&#8220; padding_top=&#8220;5px&#8220;][vc_column]<div class=\"grve-empty-space\" style=\"height: 30px;\"><\/div>[vc_row_inner css=&#8220;.vc_custom_1620377545475{margin-bottom: 0px !important;border-bottom-width: 0px !important;padding-bottom: 0px !important;}&#8220;][vc_column_inner width=&#8220;1\/2&#8243; css=&#8220;.vc_custom_1628260234261{margin-top: 0px !important;margin-right: 0px !important;margin-bottom: 20px !important;margin-left: 0px !important;border-top-width: 0px !important;border-right-width: 0px !important;border-bottom-width: 0px !important;border-left-width: 0px !important;padding-top: 20px !important;padding-right: 15% !important;padding-bottom: 0px !important;padding-left: 0px !important;}&#8220;][vc_column_text css=&#8220;.vc_custom_1623406718081{padding-top: 10px !important;}&#8220; animation=&#8220;grve-fade-in-up&#8220; animation_delay=&#8220;400&#8243;]<\/p>\n<h1 style=\"text-align: left;\"><strong><span style=\"color: #ffc423; letter-spacing: -3px;\">&#8212;&#8211;<\/span><\/strong><\/h1>\n<h2><strong>Unsere Services: <\/strong><\/h2>\n<p>Ob modulare Systeme, effiziente K\u00fchlung, saubere Verkabelung oder smarte \u00dcberwachung \u2013 Sword sorgt daf\u00fcr, dass Ihr Rechenzentrum reibungslos funktioniert. Massgeschneiderte L\u00f6sungen, die heute passen und morgen mitwachsen.[\/vc_column_text]<div class=\"grve-empty-space\" style=\"height: 0px;\"><\/div>[\/vc_column_inner][\/vc_row_inner][\/vc_column][\/vc_row][vc_row bg_type=&#8220;image&#8220; bg_image=&#8220;18358&#8243; bg_position=&#8220;center-top&#8220; bg_tablet_sm_position=&#8220;center-top&#8220; color_overlay=&#8220;dark&#8220; opacity_overlay=&#8220;70&#8243; padding_top_multiplier=&#8220;custom&#8220; padding_bottom_multiplier=&#8220;&#8220; columns_gap=&#8220;45&#8243; separator_top=&#8220;tilt-left-separator&#8220; padding_top=&#8220;90&#8243;][vc_column width=&#8220;1\/2&#8243; css=&#8220;.vc_custom_1628260399168{padding-top: 40px !important;}&#8220;][vc_column_text css=&#8220;.vc_custom_1744149972400{padding-top: 15px !important;}&#8220; animation=&#8220;grve-fade-in-up&#8220; animation_delay=&#8220;400&#8243;]<\/p>\n<h1 style=\"text-align: left;\"><strong><span style=\"color: #ffc423; letter-spacing: -3px;\">&#8212;&#8211;<\/span><\/strong><\/h1>\n<h2><span style=\"color: #ffffff;\"><strong>Unterbrechungsfreie Stromversorgung (USV)<\/strong><\/span><\/h2>\n<p><span style=\"color: #ffffff;\">Nur mit einer unterbruchsfreien Stromversorgung bleiben Systeme zuverl\u00e4ssig und leistungsf\u00e4hig. Wir planen und installieren USV-Systeme, die perfekt auf Ihre heutigen und zuk\u00fcnftigen Anforderungen abgestimmt sind \u2013 f\u00fcr einen sicheren Schutz Ihrer Ger\u00e4te und Daten vor kostspieligen Ausf\u00e4llen. <\/span>[\/vc_column_text]<div class=\"grve-empty-space\" style=\"height: 32px;\"><\/div>[vc_row_inner css=&#8220;.vc_custom_1625226658178{padding-right: 19% !important;padding-bottom: 0px !important;padding-left: 19% !important;}&#8220;][vc_column_inner css=&#8220;.vc_custom_1623416172169{padding-top: 0px !important;}&#8220;]<div class=\"grve-element grve-image grve-align-center\" style=\"\">  <div class=\"grve-image-wrapper\"><img loading=\"lazy\" decoding=\"async\" width=\"900\" height=\"956\" src=\"https:\/\/www.sword-group.com\/wp-content\/uploads\/2021\/06\/ups.png\" class=\"attachment-full size-full\" alt=\"\" srcset=\"https:\/\/www.sword-group.com\/wp-content\/uploads\/2021\/06\/ups.png 900w, https:\/\/www.sword-group.com\/wp-content\/uploads\/2021\/06\/ups-282x300.png 282w, https:\/\/www.sword-group.com\/wp-content\/uploads\/2021\/06\/ups-768x816.png 768w\" sizes=\"auto, (max-width: 900px) 100vw, 900px\" \/>   <\/div><\/div>[\/vc_column_inner][\/vc_row_inner][\/vc_column][vc_column width=&#8220;1\/2&#8243; css=&#8220;.vc_custom_1628260405386{padding-top: 40px !important;padding-bottom: 60px !important;}&#8220;][vc_column_text css=&#8220;.vc_custom_1744150004543{padding-bottom: 30px !important;}&#8220;]<\/p>\n<h1 style=\"text-align: left;\"><strong><span style=\"color: #ffc423; letter-spacing: -3px;\">&#8212;&#8211;<\/span><\/strong><\/h1>\n<h2><span style=\"color: #ffffff;\"><strong>Sicherheit<\/strong><\/span><\/h2>\n<p><span style=\"color: #ffffff;\">Sword stellt leistungsstarke Sicherheitsl\u00f6sungen f\u00fcr Rechenzentren bereit, die Ihre Daten und Anwendungen zuverl\u00e4ssig vor Cyberangriffen, Diebstahl und Sch\u00e4den durch Umwelteinfl\u00fcsse sch\u00fctzen.<\/span><\/p>\n<p><span style=\"color: #ffffff;\">Ob traditionelle Zugangskontrollen wie PIN-Codes und Schl\u00fcssel oder zus\u00e4tzliche Sicherheitsstufen durch biometrische Verfahren \u2013 wir sorgen daf\u00fcr, dass Ihr Unternehmen die Anforderungen der DSGVO mit klar nachvollziehbaren Pr\u00fcfpfaden erf\u00fcllt.<\/span><\/p>\n<p><span style=\"color: #ffffff;\">Mit einer Umweltschutz\u00fcberwachung sch\u00fctzen Sie Ihr Rechenzentrum vor Temperatur- und Feuchtigkeitsschwankungen sowie vor den Auswirkungen von Rauch und Stromspitzen. So minimieren Sie Risiken und halten Ihre Server und IT-Ger\u00e4te stets in optimalem Zustand.<\/span><\/p>\n<p><span style=\"color: #ffffff;\">Um Ihre Abl\u00e4ufe effizienter zu gestalten, Ihre CO2-Bilanz zu verbessern und Kosten zu senken, bieten wir Ihnen flexible K\u00fchlungsl\u00f6sungen, die sich perfekt an Ihre Bed\u00fcrfnisse anpassen.<\/span>[\/vc_column_text][\/vc_column][\/vc_row][vc_row padding_bottom_multiplier=&#8220;&#8220; columns_gap=&#8220;none&#8220; equal_column_height=&#8220;equal-column&#8220;][vc_column]<div class=\"grve-empty-space\" style=\"height: 30px;\"><\/div>[vc_column_text css=&#8220;.vc_custom_1744150021220{padding-right: 10% !important;padding-left: 10% !important;}&#8220; animation=&#8220;grve-fade-in-up&#8220; animation_delay=&#8220;400&#8243;]<\/p>\n<h1 style=\"text-align: center;\"><strong><span style=\"color: #ffc423; letter-spacing: -3px;\">&#8212;&#8211;<\/span><\/strong><\/h1>\n<h2 style=\"text-align: center;\"><strong>Private, \u00f6ffentliche und gehostete Cloud-Dienste<\/strong><\/h2>\n<p style=\"text-align: center;\">Als Expertin im Bereich Rechenzentren bietet Sword Group massgeschneiderte Hosting-L\u00f6sungen, die Ihre Organisation gezielt unterst\u00fctzen.<\/p>\n<p>[\/vc_column_text][\/vc_column][\/vc_row][vc_row padding_top_multiplier=&#8220;&#8220; padding_bottom_multiplier=&#8220;&#8220; columns_gap=&#8220;60&#8243;][vc_column width=&#8220;1\/4&#8243; css=&#8220;.vc_custom_1618998498934{padding-right: 5% !important;padding-left: 5% !important;}&#8220;]<div class=\"grve-element grve-box-icon grve-extra-large grve-top-icon grve-align-center grve-animated-item grve-fade-in-up grve-duration-normal\" style=\"\" data-delay=\"200\"><div class=\"grve-image-icon\"><img loading=\"lazy\" decoding=\"async\" width=\"798\" height=\"798\" src=\"https:\/\/www.sword-group.com\/wp-content\/uploads\/2021\/04\/icons-small-7b.png\" class=\"attachment-full size-full\" alt=\"\" srcset=\"https:\/\/www.sword-group.com\/wp-content\/uploads\/2021\/04\/icons-small-7b.png 798w, https:\/\/www.sword-group.com\/wp-content\/uploads\/2021\/04\/icons-small-7b-300x300.png 300w, https:\/\/www.sword-group.com\/wp-content\/uploads\/2021\/04\/icons-small-7b-150x150.png 150w, https:\/\/www.sword-group.com\/wp-content\/uploads\/2021\/04\/icons-small-7b-768x768.png 768w, https:\/\/www.sword-group.com\/wp-content\/uploads\/2021\/04\/icons-small-7b-560x560.png 560w\" sizes=\"auto, (max-width: 798px) 100vw, 798px\" \/><\/div><div class=\"grve-box-content\"><div class=\"grve-box-title-wrapper\"><h3 class=\"grve-box-title grve-h5\">Iaas<\/h3><\/div><\/div><\/div>[\/vc_column][vc_column width=&#8220;1\/4&#8243; css=&#8220;.vc_custom_1618998509746{padding-right: 5% !important;padding-left: 5% !important;}&#8220;]<div class=\"grve-element grve-box-icon grve-extra-large grve-top-icon grve-align-center grve-animated-item grve-fade-in-up grve-duration-normal\" style=\"\" data-delay=\"200\"><div class=\"grve-image-icon\"><img loading=\"lazy\" decoding=\"async\" width=\"798\" height=\"798\" src=\"https:\/\/www.sword-group.com\/wp-content\/uploads\/2021\/04\/icons-small-8b.png\" class=\"attachment-full size-full\" alt=\"\" srcset=\"https:\/\/www.sword-group.com\/wp-content\/uploads\/2021\/04\/icons-small-8b.png 798w, https:\/\/www.sword-group.com\/wp-content\/uploads\/2021\/04\/icons-small-8b-300x300.png 300w, https:\/\/www.sword-group.com\/wp-content\/uploads\/2021\/04\/icons-small-8b-150x150.png 150w, https:\/\/www.sword-group.com\/wp-content\/uploads\/2021\/04\/icons-small-8b-768x768.png 768w, https:\/\/www.sword-group.com\/wp-content\/uploads\/2021\/04\/icons-small-8b-560x560.png 560w\" sizes=\"auto, (max-width: 798px) 100vw, 798px\" \/><\/div><div class=\"grve-box-content\"><div class=\"grve-box-title-wrapper\"><h3 class=\"grve-box-title grve-h5\">BCaas<\/h3><\/div><\/div><\/div>[\/vc_column][vc_column width=&#8220;1\/4&#8243; css=&#8220;.vc_custom_1618998516878{padding-right: 5% !important;padding-left: 5% !important;}&#8220;]<div class=\"grve-element grve-box-icon grve-extra-large grve-top-icon grve-align-center grve-animated-item grve-fade-in-up grve-duration-normal\" style=\"\" data-delay=\"600\"><div class=\"grve-image-icon\"><img loading=\"lazy\" decoding=\"async\" width=\"798\" height=\"798\" src=\"https:\/\/www.sword-group.com\/wp-content\/uploads\/2021\/04\/icons-small-9b.png\" class=\"attachment-full size-full\" alt=\"\" srcset=\"https:\/\/www.sword-group.com\/wp-content\/uploads\/2021\/04\/icons-small-9b.png 798w, https:\/\/www.sword-group.com\/wp-content\/uploads\/2021\/04\/icons-small-9b-300x300.png 300w, https:\/\/www.sword-group.com\/wp-content\/uploads\/2021\/04\/icons-small-9b-150x150.png 150w, https:\/\/www.sword-group.com\/wp-content\/uploads\/2021\/04\/icons-small-9b-768x768.png 768w, https:\/\/www.sword-group.com\/wp-content\/uploads\/2021\/04\/icons-small-9b-560x560.png 560w\" sizes=\"auto, (max-width: 798px) 100vw, 798px\" \/><\/div><div class=\"grve-box-content\"><div class=\"grve-box-title-wrapper\"><h3 class=\"grve-box-title grve-h5\">Colocation<\/h3><\/div><\/div><\/div>[\/vc_column][vc_column width=&#8220;1\/4&#8243; css=&#8220;.vc_custom_1618998523853{padding-right: 5% !important;padding-left: 5% !important;}&#8220;]<div class=\"grve-element grve-box-icon grve-extra-large grve-top-icon grve-align-center grve-animated-item grve-fade-in-up grve-duration-normal\" style=\"\" data-delay=\"600\"><div class=\"grve-image-icon\"><img loading=\"lazy\" decoding=\"async\" width=\"798\" height=\"798\" src=\"https:\/\/www.sword-group.com\/wp-content\/uploads\/2021\/04\/icons-small-10b.png\" class=\"attachment-full size-full\" alt=\"\" srcset=\"https:\/\/www.sword-group.com\/wp-content\/uploads\/2021\/04\/icons-small-10b.png 798w, https:\/\/www.sword-group.com\/wp-content\/uploads\/2021\/04\/icons-small-10b-300x300.png 300w, https:\/\/www.sword-group.com\/wp-content\/uploads\/2021\/04\/icons-small-10b-150x150.png 150w, https:\/\/www.sword-group.com\/wp-content\/uploads\/2021\/04\/icons-small-10b-768x768.png 768w, https:\/\/www.sword-group.com\/wp-content\/uploads\/2021\/04\/icons-small-10b-560x560.png 560w\" sizes=\"auto, (max-width: 798px) 100vw, 798px\" \/><\/div><div class=\"grve-box-content\"><div class=\"grve-box-title-wrapper\"><h3 class=\"grve-box-title grve-h5\">Multi-Cloud-L\u00f6sungen<\/h3><\/div><\/div><\/div>[\/vc_column][\/vc_row][vc_row][vc_column]<div class=\"grve-empty-space grve-height-1x\" style=\"\"><\/div>[\/vc_column][\/vc_row][vc_row bg_type=&#8220;image&#8220; bg_image=&#8220;17489&#8243; bg_tablet_sm_position=&#8220;right-center&#8220; padding_top_multiplier=&#8220;2x&#8220; padding_bottom_multiplier=&#8220;3x&#8220;][vc_column]<div class=\"grve-empty-space\" style=\"height: 20px;\"><\/div>[vc_row_inner][vc_column_inner width=&#8220;1\/2&#8243;][\/vc_column_inner][vc_column_inner width=&#8220;1\/2&#8243; css=&#8220;.vc_custom_1622211869341{padding-right: 20% !important;}&#8220;][vc_column_text css=&#8220;&#8220; animation=&#8220;grve-fade-in-up&#8220; animation_delay=&#8220;400&#8243;]<\/p>\n<h1 style=\"text-align: left;\"><strong><span style=\"color: #ffc423; letter-spacing: -3px;\">&#8212;&#8211;<\/span><\/strong><\/h1>\n<h2><strong>Kontakt<\/strong><\/h2>\n<p><strong>Besprechen Sie Ihre Anforderungen im Bereich Rechenzentren und Hosting mit uns.<\/strong>[\/vc_column_text]<div class=\"grve-empty-space\" style=\"height: 35px;\"><\/div><div class=\"grve-element grve-align-left grve-animated-item grve-fade-in-up grve-duration-normal grve-fluid-button\" data-delay=\"200\"><a href=\"https:\/\/www.sword-group.com\/de\/kontakt\/\" class=\"grve-btn grve-btn-small grve-round grve-bg-primary-6 grve-bg-hover-grey\" style=\"max-width: 250px;\"><span>KONTAKT AUFNEHMEN<\/span><\/a><\/div>[\/vc_column_inner][\/vc_row_inner][\/vc_column][\/vc_row]<\/p>\n<\/div>","protected":false},"excerpt":{"rendered":"<p>[vc_row heading_color=&#8220;light&#8220; bg_type=&#8220;image&#8220; bg_image=&#8220;18320&#8243; bg_tablet_sm_position=&#8220;left-top&#8220; padding_top_multiplier=&#8220;custom&#8220; padding_bottom_multiplier=&#8220;custom&#8220; equal_column_height=&#8220;equal-column&#8220; mobile_visibility=&#8220;hide&#8220; separator_bottom=&#8220;tilt-left-separator&#8220; font_color=&#8220;#000000&#8243; margin_bottom=&#8220;0&#8243; padding_top=&#8220;0&#8243; padding_bottom=&#8220;0&#8243;][vc_column width=&#8220;1\/2&#8243; css=&#8220;.vc_custom_1620383995480{margin-bottom: 0px !important;}&#8220;][vc_column_text css=&#8220;&#8220; animation=&#8220;grve-fade-in-up&#8220; animation_delay=&#8220;400&#8243;] &#8212;&#8211; Rechenzentrums- &amp; Hosting-Dienste [\/vc_column_text][\/vc_column][vc_column vertical_content_position=&#8220;middle&#8220; width=&#8220;1\/2&#8243; css=&#8220;.vc_custom_1621249001289{padding-right: 8% !important;padding-left: 8% !important;}&#8220;][\/vc_column][\/vc_row][vc_row heading_color=&#8220;light&#8220; bg_type=&#8220;image&#8220; bg_image=&#8220;20191&#8243; bg_position=&#8220;right-top&#8220; padding_top_multiplier=&#8220;custom&#8220; padding_bottom_multiplier=&#8220;custom&#8220; desktop_visibility=&#8220;hide&#8220; tablet_visibility=&#8220;hide&#8220; tablet_sm_visibility=&#8220;hide&#8220; separator_bottom=&#8220;tilt-left-separator&#8220; font_color=&#8220;#000000&#8243; margin_bottom=&#8220;0&#8243; padding_top=&#8220;0&#8243; padding_bottom=&#8220;0&#8243;][vc_column width=&#8220;1\/2&#8243; css=&#8220;.vc_custom_1625230267026{margin-bottom: 0px !important;padding-bottom: 140px !important;}&#8220;][vc_column_text css=&#8220;.vc_custom_1625228347655{padding-right: 20% [&hellip;]<\/p>\n","protected":false},"author":1,"featured_media":0,"parent":0,"menu_order":0,"comment_status":"closed","ping_status":"closed","template":"","meta":{"footnotes":"","_links_to":"","_links_to_target":""},"class_list":["post-38972","page","type-page","status-publish","hentry"],"_links":{"self":[{"href":"https:\/\/www.sword-group.com\/de\/wp-json\/wp\/v2\/pages\/38972","targetHints":{"allow":["GET"]}}],"collection":[{"href":"https:\/\/www.sword-group.com\/de\/wp-json\/wp\/v2\/pages"}],"about":[{"href":"https:\/\/www.sword-group.com\/de\/wp-json\/wp\/v2\/types\/page"}],"author":[{"embeddable":true,"href":"https:\/\/www.sword-group.com\/de\/wp-json\/wp\/v2\/users\/1"}],"replies":[{"embeddable":true,"href":"https:\/\/www.sword-group.com\/de\/wp-json\/wp\/v2\/comments?post=38972"}],"version-history":[{"count":0,"href":"https:\/\/www.sword-group.com\/de\/wp-json\/wp\/v2\/pages\/38972\/revisions"}],"wp:attachment":[{"href":"https:\/\/www.sword-group.com\/de\/wp-json\/wp\/v2\/media?parent=38972"}],"curies":[{"name":"wp","href":"https:\/\/api.w.org\/{rel}","templated":true}]}}