{"id":38976,"date":"2025-02-23T07:14:50","date_gmt":"2025-02-23T07:14:50","guid":{"rendered":"https:\/\/www.sword-group.com\/datenbasiert-entscheiden\/"},"modified":"2025-04-08T14:55:26","modified_gmt":"2025-04-08T14:55:26","slug":"datenbasiert-entscheiden","status":"publish","type":"page","link":"https:\/\/www.sword-group.com\/de\/datenbasiert-entscheiden\/","title":{"rendered":"Datenbasiert entscheiden"},"content":{"rendered":"<div class=\"wpb-content-wrapper\"><p>[vc_row heading_color=&#8220;light&#8220; bg_type=&#8220;image&#8220; bg_image=&#8220;22272&#8243; bg_image_size=&#8220;responsive&#8220; bg_position=&#8220;center-top&#8220; bg_tablet_sm_position=&#8220;center-center&#8220; opacity_overlay=&#8220;60&#8243; padding_top_multiplier=&#8220;custom&#8220; padding_bottom_multiplier=&#8220;custom&#8220; columns_gap=&#8220;60&#8243; separator_bottom=&#8220;tilt-left-separator&#8220; font_color=&#8220;#000000&#8243; margin_bottom=&#8220;0&#8243; padding_top=&#8220;0&#8243; padding_bottom=&#8220;0&#8243;][vc_column width=&#8220;1\/2&#8243; css=&#8220;.vc_custom_1624267581567{margin-bottom: 0px !important;padding-right: 10% !important;}&#8220;]<div class=\"grve-empty-space grve-height-1x\" style=\"\"><\/div>[vc_column_text css=&#8220;&#8220; text_style=&#8220;leader-text&#8220; animation=&#8220;grve-fade-in-up&#8220; animation_delay=&#8220;400&#8243;]<\/p>\n<h1 style=\"text-align: left;\"><strong><span style=\"color: #ffc423; letter-spacing: -3px;\">&#8212;&#8211;<\/span><\/strong><\/h1>\n<h1 style=\"text-align: left;\"><span style=\"color: #ffffff;\"><b>Datenbasiert entscheiden<\/b><\/span><\/h1>\n<h4 style=\"text-align: left;\"><span style=\"color: #ffffff;\">Mit Daten eine objektive Entscheidungsgrundlage schaffen<\/span><\/h4>\n<p style=\"text-align: left;\"><span style=\"color: #4f4f4f;\"><span style=\"color: #ffffff;\">Nutzen Sie Ihre Daten, um Gesch\u00e4ftsentscheide auf einer soliden Grundlage zu treffen und subjektive Einfl\u00fcsse zu vermeiden.<\/span><\/span><\/p>\n<p>[\/vc_column_text]<div class=\"grve-empty-space\" style=\"height: 120px;\"><\/div>[\/vc_column][vc_column width=&#8220;1\/2&#8243;][\/vc_column][\/vc_row][vc_row padding_top_multiplier=&#8220;&#8220; padding_bottom_multiplier=&#8220;2x&#8220; columns_gap=&#8220;60&#8243;][vc_column width=&#8220;1\/6&#8243; tablet_sm_width=&#8220;hide&#8220; mobile_width=&#8220;hide&#8220;][\/vc_column][vc_column width=&#8220;2\/3&#8243; tablet_sm_width=&#8220;1&#8243; font_color=&#8220;#000000&#8243;]<div class=\"grve-empty-space grve-height-1x\" style=\"\"><\/div>[vc_column_text css=&#8220;&#8220; text_style=&#8220;leader-text&#8220; animation=&#8220;grve-fade-in-up&#8220; animation_delay=&#8220;400&#8243;]<\/p>\n<h1 style=\"text-align: center;\"><strong><span style=\"color: #ffc423; letter-spacing: -3px;\">&#8212;&#8211;<\/span><\/strong><\/h1>\n<h1 style=\"text-align: center;\"><b>Unser Know-how<\/b><\/h1>\n<p>[\/vc_column_text][\/vc_column][vc_column width=&#8220;1\/6&#8243; tablet_sm_width=&#8220;hide&#8220; mobile_width=&#8220;hide&#8220;][\/vc_column][\/vc_row][vc_row padding_top_multiplier=&#8220;&#8220; padding_bottom_multiplier=&#8220;&#8220; columns_gap=&#8220;60&#8243; equal_column_height=&#8220;equal-column&#8220; margin_bottom=&#8220;75px&#8220;][vc_column width=&#8220;1\/4&#8243; css=&#8220;.vc_custom_1619176565195{padding-right: 5% !important;padding-left: 5% !important;}&#8220;]<div class=\"grve-element grve-box-icon grve-extra-large grve-top-icon grve-align-center grve-animated-item grve-fade-in-up grve-duration-normal vert_centre_outer\" style=\"\" data-delay=\"200\"><div class=\"grve-image-icon\"><img loading=\"lazy\" decoding=\"async\" width=\"798\" height=\"798\" src=\"https:\/\/www.sword-group.com\/wp-content\/uploads\/2021\/06\/icons-small-CONSOLIDATE.png\" class=\"attachment-full size-full\" alt=\"\" srcset=\"https:\/\/www.sword-group.com\/wp-content\/uploads\/2021\/06\/icons-small-CONSOLIDATE.png 798w, https:\/\/www.sword-group.com\/wp-content\/uploads\/2021\/06\/icons-small-CONSOLIDATE-300x300.png 300w, https:\/\/www.sword-group.com\/wp-content\/uploads\/2021\/06\/icons-small-CONSOLIDATE-150x150.png 150w, https:\/\/www.sword-group.com\/wp-content\/uploads\/2021\/06\/icons-small-CONSOLIDATE-768x768.png 768w, https:\/\/www.sword-group.com\/wp-content\/uploads\/2021\/06\/icons-small-CONSOLIDATE-560x560.png 560w\" sizes=\"auto, (max-width: 798px) 100vw, 798px\" \/><\/div><div class=\"grve-box-content\"><div class=\"grve-box-title-wrapper\"><h3 class=\"grve-box-title grve-h5\">EFFIZIENTER<\/h3><\/div><\/div><\/div>[\/vc_column][vc_column width=&#8220;1\/4&#8243; css=&#8220;.vc_custom_1618995773747{padding-right: 5% !important;padding-left: 5% !important;}&#8220;]<div class=\"grve-element grve-box-icon grve-extra-large grve-top-icon grve-align-center grve-animated-item grve-fade-in-up grve-duration-normal vert_centre_outer\" style=\"\" data-delay=\"400\"><div class=\"grve-image-icon\"><img loading=\"lazy\" decoding=\"async\" width=\"798\" height=\"798\" src=\"https:\/\/www.sword-group.com\/wp-content\/uploads\/2021\/05\/icons-small-automation.png\" class=\"attachment-full size-full\" alt=\"\" srcset=\"https:\/\/www.sword-group.com\/wp-content\/uploads\/2021\/05\/icons-small-automation.png 798w, https:\/\/www.sword-group.com\/wp-content\/uploads\/2021\/05\/icons-small-automation-300x300.png 300w, https:\/\/www.sword-group.com\/wp-content\/uploads\/2021\/05\/icons-small-automation-150x150.png 150w, https:\/\/www.sword-group.com\/wp-content\/uploads\/2021\/05\/icons-small-automation-768x768.png 768w, https:\/\/www.sword-group.com\/wp-content\/uploads\/2021\/05\/icons-small-automation-560x560.png 560w\" sizes=\"auto, (max-width: 798px) 100vw, 798px\" \/><\/div><div class=\"grve-box-content\"><div class=\"grve-box-title-wrapper\"><h3 class=\"grve-box-title grve-h5\">PRODUKTIVER<\/h3><\/div><\/div><\/div>[\/vc_column][vc_column width=&#8220;1\/4&#8243; css=&#8220;.vc_custom_1618995782087{padding-right: 5% !important;padding-left: 5% !important;}&#8220;]<div class=\"grve-element grve-box-icon grve-extra-large grve-top-icon grve-align-center grve-animated-item grve-fade-in-up grve-duration-normal vert_centre_outer\" style=\"\" data-delay=\"600\"><div class=\"grve-image-icon\"><img loading=\"lazy\" decoding=\"async\" width=\"798\" height=\"798\" src=\"https:\/\/www.sword-group.com\/wp-content\/uploads\/2021\/04\/icons-small-5b.png\" class=\"attachment-full size-full\" alt=\"\" srcset=\"https:\/\/www.sword-group.com\/wp-content\/uploads\/2021\/04\/icons-small-5b.png 798w, https:\/\/www.sword-group.com\/wp-content\/uploads\/2021\/04\/icons-small-5b-300x300.png 300w, https:\/\/www.sword-group.com\/wp-content\/uploads\/2021\/04\/icons-small-5b-150x150.png 150w, https:\/\/www.sword-group.com\/wp-content\/uploads\/2021\/04\/icons-small-5b-768x768.png 768w, https:\/\/www.sword-group.com\/wp-content\/uploads\/2021\/04\/icons-small-5b-560x560.png 560w\" sizes=\"auto, (max-width: 798px) 100vw, 798px\" \/><\/div><div class=\"grve-box-content\"><div class=\"grve-box-title-wrapper\"><h3 class=\"grve-box-title grve-h5\">TRANSPARENTER<\/h3><\/div><\/div><\/div>[\/vc_column][vc_column width=&#8220;1\/4&#8243;]<div class=\"grve-element grve-box-icon grve-extra-large grve-top-icon grve-align-center grve-animated-item grve-fade-in-up grve-duration-normal vert_centre_outer\" style=\"\" data-delay=\"600\"><div class=\"grve-image-icon\"><img loading=\"lazy\" decoding=\"async\" width=\"798\" height=\"798\" src=\"https:\/\/www.sword-group.com\/wp-content\/uploads\/2021\/06\/icons-small-MIGRATE.png\" class=\"attachment-full size-full\" alt=\"\" srcset=\"https:\/\/www.sword-group.com\/wp-content\/uploads\/2021\/06\/icons-small-MIGRATE.png 798w, https:\/\/www.sword-group.com\/wp-content\/uploads\/2021\/06\/icons-small-MIGRATE-300x300.png 300w, https:\/\/www.sword-group.com\/wp-content\/uploads\/2021\/06\/icons-small-MIGRATE-150x150.png 150w, https:\/\/www.sword-group.com\/wp-content\/uploads\/2021\/06\/icons-small-MIGRATE-768x768.png 768w, https:\/\/www.sword-group.com\/wp-content\/uploads\/2021\/06\/icons-small-MIGRATE-560x560.png 560w\" sizes=\"auto, (max-width: 798px) 100vw, 798px\" \/><\/div><div class=\"grve-box-content\"><div class=\"grve-box-title-wrapper\"><h3 class=\"grve-box-title grve-h5\">KONSEQUENTER<\/h3><\/div><\/div><\/div>[\/vc_column][\/vc_row][vc_row bg_type=&#8220;gradient&#8220; bg_gradient_color_1=&#8220;#eeeeee&#8220; bg_gradient_color_2=&#8220;rgba(255,255,255,0.9)&#8220; bg_gradient_direction=&#8220;180&#8243; padding_top_multiplier=&#8220;&#8220; padding_bottom_multiplier=&#8220;&#8220; separator_top=&#8220;tilt-left-separator&#8220;][vc_column]<div class=\"grve-empty-space\" style=\"height: 150px;\"><\/div>[\/vc_column][\/vc_row][vc_row padding_top_multiplier=&#8220;custom&#8220; padding_bottom_multiplier=&#8220;&#8220; columns_gap=&#8220;60&#8243; equal_column_height=&#8220;equal-column&#8220; margin_bottom=&#8220;75px&#8220;][vc_column css=&#8220;.vc_custom_1624026587586{padding-top: 12px !important;}&#8220;][vc_row_inner css=&#8220;.vc_custom_1620377545475{margin-bottom: 0px !important;border-bottom-width: 0px !important;padding-bottom: 0px !important;}&#8220;][vc_column_inner width=&#8220;1\/2&#8243; css=&#8220;.vc_custom_1629195297297{margin-top: 0px !important;margin-right: 0px !important;margin-bottom: 0px !important;margin-left: 0px !important;border-top-width: 0px !important;border-right-width: 0px !important;border-bottom-width: 0px !important;border-left-width: 0px !important;padding-right: 0% !important;padding-bottom: 0px !important;padding-left: 0px !important;}&#8220;][vc_column_text animation=&#8220;grve-fade-in-up&#8220; animation_delay=&#8220;400&#8243;]<\/p>\n<h1 style=\"text-align: left;\"><strong><span style=\"color: #ffc423; letter-spacing: -3px;\">&#8212;&#8211;<\/span><\/strong><\/h1>\n<h2 style=\"text-align: left;\"><strong>Mit Daten die F\u00fchrung \u00fcbernehmen<\/strong><\/h2>\n<p>Eine starke Datenkultur beginnt bei der F\u00fchrungsebene. Mit unserem Wissen f\u00f6rdern wir datengetriebenes Denken und Handeln und helfen Ihnen den richtigen Fokus f\u00fcr fundierte Entscheidungen zu setzen.[\/vc_column_text][\/vc_column_inner][vc_column_inner width=&#8220;1\/2&#8243; css=&#8220;.vc_custom_1629444936303{padding-top: 30px !important;padding-bottom: 0px !important;}&#8220;]<div class=\"grve-element grve-image grve-animated-item grve-duration-normal grve-fade-in-up grve-align-center\" style=\"\" data-delay=\"200\">  <div class=\"grve-image-wrapper\"><img loading=\"lazy\" decoding=\"async\" width=\"1278\" height=\"879\" src=\"https:\/\/www.sword-group.com\/wp-content\/uploads\/2021\/08\/analytics-small.png\" class=\"attachment-full size-full\" alt=\"\" srcset=\"https:\/\/www.sword-group.com\/wp-content\/uploads\/2021\/08\/analytics-small.png 1278w, https:\/\/www.sword-group.com\/wp-content\/uploads\/2021\/08\/analytics-small-300x206.png 300w, https:\/\/www.sword-group.com\/wp-content\/uploads\/2021\/08\/analytics-small-1024x704.png 1024w, https:\/\/www.sword-group.com\/wp-content\/uploads\/2021\/08\/analytics-small-768x528.png 768w\" sizes=\"auto, (max-width: 1278px) 100vw, 1278px\" \/>   <\/div><\/div>[\/vc_column_inner][\/vc_row_inner][\/vc_column][\/vc_row][vc_row bg_type=&#8220;gradient&#8220; bg_gradient_color_1=&#8220;#eeeeee&#8220; bg_gradient_color_2=&#8220;rgba(255,255,255,0.9)&#8220; bg_gradient_direction=&#8220;180&#8243; padding_top_multiplier=&#8220;&#8220; padding_bottom_multiplier=&#8220;&#8220; separator_top=&#8220;tilt-left-separator&#8220;][vc_column]<div class=\"grve-empty-space\" style=\"height: 150px;\"><\/div>[\/vc_column][\/vc_row][vc_row padding_top_multiplier=&#8220;custom&#8220; padding_bottom_multiplier=&#8220;&#8220; columns_gap=&#8220;60&#8243; equal_column_height=&#8220;equal-column&#8220; margin_bottom=&#8220;75px&#8220;][vc_column css=&#8220;.vc_custom_1624026587586{padding-top: 12px !important;}&#8220;][vc_row_inner css=&#8220;.vc_custom_1620377545475{margin-bottom: 0px !important;border-bottom-width: 0px !important;padding-bottom: 0px !important;}&#8220;][vc_column_inner width=&#8220;1\/2&#8243;][vc_column_text css=&#8220;.vc_custom_1744124088594{padding-bottom: 0px !important;}&#8220; animation=&#8220;grve-fade-in-up&#8220; animation_delay=&#8220;400&#8243;]<\/p>\n<h1 style=\"text-align: left;\"><strong><span style=\"color: #ffc423; letter-spacing: -3px;\">&#8212;&#8211;<\/span><\/strong><\/h1>\n<h2 style=\"text-align: left;\"><strong>Datenkompetenz<\/strong><\/h2>\n<p>[\/vc_column_text][vc_column_text css=&#8220;.vc_custom_1629387894928{padding-top: 30px !important;}&#8220; animation=&#8220;grve-fade-in-up&#8220; animation_delay=&#8220;400&#8243;]F\u00fcr fundierte Entscheidungen m\u00fcssen Mitarbeitende den Daten vertrauen k\u00f6nnen. Wir helfen Ihnen dabei, die richtigen F\u00e4higkeiten zu vermitteln und Sicherheit zu schaffen, damit alle in Ihrem Unternehmen das n\u00f6tige Wissen und Vertrauen haben, um ihre Erfahrung mit datengest\u00fctzten Entscheidungen zu erg\u00e4nzen<b>.<\/b>[\/vc_column_text][\/vc_column_inner][vc_column_inner width=&#8220;1\/2&#8243; css=&#8220;.vc_custom_1629197902379{padding-bottom: 0px !important;}&#8220;][vc_column_text css=&#8220;.vc_custom_1744124099281{padding-bottom: 0px !important;}&#8220; animation=&#8220;grve-fade-in-up&#8220; animation_delay=&#8220;400&#8243;]<\/p>\n<h1 style=\"text-align: left;\"><strong><span style=\"color: #ffc423; letter-spacing: -3px;\">&#8212;&#8211;<\/span><\/strong><\/h1>\n<h2 style=\"text-align: left;\"><strong>Demokratisierte Daten<\/strong><\/h2>\n<p>[\/vc_column_text][vc_column_text css=&#8220;.vc_custom_1629387823195{padding-top: 30px !important;}&#8220; animation=&#8220;grve-fade-in-up&#8220; animation_delay=&#8220;400&#8243;]F\u00fcr datengest\u00fctzte Entscheidungen brauchen die richtigen Personen zur richtigen Zeit Zugriff auf die richtigen Informationen. Indem wir die Kontrolle \u00fcber Daten von wenigen \u00abGatekeepern\u00bb auf viele Mitarbeitende in Ihrer Organisation ausweiten, schaffen wir die Grundlage f\u00fcr echte Vorteile. Wir unterst\u00fctzen Sie dabei, Datensilos aufzubrechen und Ihren Mitarbeitenden sicheren Zugang zu den Informationen zu geben, die sie brauchen, um ihre Ziele zu erreichen.  <span class=\"Apple-converted-space\"> <\/span>[\/vc_column_text][\/vc_column_inner][\/vc_row_inner][\/vc_column][\/vc_row][vc_row disable_element=&#8220;yes&#8220; bg_type=&#8220;gradient&#8220; bg_gradient_color_1=&#8220;#eeeeee&#8220; bg_gradient_color_2=&#8220;rgba(255,255,255,0.9)&#8220; bg_gradient_direction=&#8220;180&#8243; padding_top_multiplier=&#8220;&#8220; padding_bottom_multiplier=&#8220;&#8220; separator_top=&#8220;tilt-left-separator&#8220;][vc_column]<div class=\"grve-empty-space\" style=\"height: 150px;\"><\/div>[\/vc_column][\/vc_row][vc_row disable_element=&#8220;yes&#8220; padding_top_multiplier=&#8220;&#8220; padding_bottom_multiplier=&#8220;2x&#8220; columns_gap=&#8220;60&#8243;][vc_column width=&#8220;1\/6&#8243; tablet_sm_width=&#8220;hide&#8220; mobile_width=&#8220;hide&#8220;][\/vc_column][vc_column width=&#8220;2\/3&#8243; tablet_sm_width=&#8220;1&#8243; font_color=&#8220;#000000&#8243;][vc_column_text text_style=&#8220;leader-text&#8220; animation=&#8220;grve-fade-in-up&#8220; animation_delay=&#8220;400&#8243;]<\/p>\n<h1 style=\"text-align: center;\">\n            <strong><br \/>\n              <span style=\"color: #ffc423; letter-spacing: -3px;\">&#8212;&#8211;<\/span><br \/>\n            <\/strong><\/h1>\n<h1 style=\"text-align: center;\">\n            <b>Warum Sword?<\/b><\/h1>\n<p>[\/vc_column_text][\/vc_column][vc_column width=&#8220;1\/6&#8243; tablet_sm_width=&#8220;hide&#8220; mobile_width=&#8220;hide&#8220;][\/vc_column][\/vc_row][vc_row disable_element=&#8220;yes&#8220; padding_top_multiplier=&#8220;&#8220; padding_bottom_multiplier=&#8220;&#8220; columns_gap=&#8220;60&#8243; equal_column_height=&#8220;equal-column&#8220; margin_bottom=&#8220;75px&#8220;][vc_column width=&#8220;1\/2&#8243; css=&#8220;.vc_custom_1619176565195{padding-right: 5% !important;padding-left: 5% !important;}&#8220;]<div class=\"grve-element grve-box-icon grve-extra-large grve-top-icon grve-align-center grve-animated-item grve-fade-in-up grve-duration-normal vert_centre_outer\" style=\"\" data-delay=\"200\"><div class=\"grve-image-icon\"><img loading=\"lazy\" decoding=\"async\" width=\"798\" height=\"798\" src=\"https:\/\/www.sword-group.com\/wp-content\/uploads\/2021\/06\/icons-small-data-manage.jpg\" class=\"attachment-full size-full\" alt=\"\" srcset=\"https:\/\/www.sword-group.com\/wp-content\/uploads\/2021\/06\/icons-small-data-manage.jpg 798w, https:\/\/www.sword-group.com\/wp-content\/uploads\/2021\/06\/icons-small-data-manage-300x300.jpg 300w, https:\/\/www.sword-group.com\/wp-content\/uploads\/2021\/06\/icons-small-data-manage-150x150.jpg 150w, https:\/\/www.sword-group.com\/wp-content\/uploads\/2021\/06\/icons-small-data-manage-768x768.jpg 768w, https:\/\/www.sword-group.com\/wp-content\/uploads\/2021\/06\/icons-small-data-manage-560x560.jpg 560w\" sizes=\"auto, (max-width: 798px) 100vw, 798px\" \/><\/div><div class=\"grve-box-content\"><div class=\"grve-box-title-wrapper\"><h3 class=\"grve-box-title grve-h5\">COMPLIANCE<\/h3><\/div>  <p class=\"grve-leader-text\">Sicherstellen, dass die Anforderungen an die Einhaltung von Vorschriften und die Berichterstattung effizient und effektiv erf\u00fcllt werden<\/p><\/div><\/div>[\/vc_column][vc_column width=&#8220;1\/2&#8243; css=&#8220;.vc_custom_1618995773747{padding-right: 5% !important;padding-left: 5% !important;}&#8220;]<div class=\"grve-element grve-box-icon grve-extra-large grve-top-icon grve-align-center grve-animated-item grve-fade-in-up grve-duration-normal vert_centre_outer\" style=\"\" data-delay=\"400\"><div class=\"grve-image-icon\"><img loading=\"lazy\" decoding=\"async\" width=\"798\" height=\"798\" src=\"https:\/\/www.sword-group.com\/wp-content\/uploads\/2021\/06\/icons-small-internet-thigns.jpg\" class=\"attachment-full size-full\" alt=\"\" srcset=\"https:\/\/www.sword-group.com\/wp-content\/uploads\/2021\/06\/icons-small-internet-thigns.jpg 798w, https:\/\/www.sword-group.com\/wp-content\/uploads\/2021\/06\/icons-small-internet-thigns-300x300.jpg 300w, https:\/\/www.sword-group.com\/wp-content\/uploads\/2021\/06\/icons-small-internet-thigns-150x150.jpg 150w, https:\/\/www.sword-group.com\/wp-content\/uploads\/2021\/06\/icons-small-internet-thigns-768x768.jpg 768w, https:\/\/www.sword-group.com\/wp-content\/uploads\/2021\/06\/icons-small-internet-thigns-560x560.jpg 560w\" sizes=\"auto, (max-width: 798px) 100vw, 798px\" \/><\/div><div class=\"grve-box-content\"><div class=\"grve-box-title-wrapper\"><h3 class=\"grve-box-title grve-h5\">RISIKO<\/h3><\/div>  <p class=\"grve-leader-text\">Sicherstellen, dass alle Mitarbeiter Zugang zu den neuesten Unternehmensanforderungen haben<\/p><\/div><\/div>[\/vc_column][\/vc_row][vc_row heading_color=&#8220;light&#8220; bg_type=&#8220;color&#8220; columns_gap=&#8220;none&#8220; bg_color=&#8220;#eeeeee&#8220;][vc_column][vc_column_text css=&#8220;.vc_custom_1744124116113{padding-top: 30px !important;}&#8220; animation=&#8220;grve-fade-in-up&#8220; animation_delay=&#8220;400&#8243;]<\/p>\n<h1 style=\"text-align: center;\"><strong><span style=\"color: #ffc423; letter-spacing: -3px;\">&#8212;&#8211;<\/span><\/strong><\/h1>\n<h2 style=\"text-align: center;\"><strong><span style=\"color: #4f4f4f;\">Einige unserer Kunden:<\/span><\/strong><\/h2>\n<p>[\/vc_column_text]<div class=\"grve-empty-space grve-height-3x\" style=\"\"><\/div><div class=\"grve-element grve-flexible-carousel grve-carousel grve-layout-1 grve-with-gap\" style=\"\"><div class=\"grve-carousel-wrapper\"><div class=\"grve-carousel-navigation grve-dark grve-navigation-1 grve-navigation-carousel\"><div class=\"grve-carousel-buttons\"><div class=\"grve-carousel-prev\"><i class=\"grve-icon-nav-left-small\"><\/i><span class=\"screen-reader-text\">Previous<\/span><\/div><div class=\"grve-carousel-next\"><i class=\"grve-icon-nav-right-small\"><\/i><span class=\"screen-reader-text\">Next<\/span><\/div><\/div><\/div>\t<div class=\"grve-flexible-carousel-element \" data-items=\"2\" data-items-tablet-landscape=\"2\" data-items-tablet-portrait=\"2\" data-items-mobile=\"1\" data-slider-autoplay=\"yes\" data-slider-speed=\"3000\" data-slider-pause=\"no\" data-pagination-speed=\"400\" data-pagination=\"no\" data-slider-autoheight=\"no\"><div class=\"grve-element grve-image grve-align-center\" style=\"\">  <div class=\"grve-image-wrapper\"><img loading=\"lazy\" decoding=\"async\" width=\"700\" height=\"700\" src=\"https:\/\/www.sword-group.com\/wp-content\/uploads\/2021\/08\/logos-ithaca.jpg\" class=\"attachment-full size-full\" alt=\"\" srcset=\"https:\/\/www.sword-group.com\/wp-content\/uploads\/2021\/08\/logos-ithaca.jpg 700w, https:\/\/www.sword-group.com\/wp-content\/uploads\/2021\/08\/logos-ithaca-300x300.jpg 300w, https:\/\/www.sword-group.com\/wp-content\/uploads\/2021\/08\/logos-ithaca-150x150.jpg 150w, https:\/\/www.sword-group.com\/wp-content\/uploads\/2021\/08\/logos-ithaca-560x560.jpg 560w\" sizes=\"auto, (max-width: 700px) 100vw, 700px\" \/>   <\/div><\/div><div class=\"grve-element grve-image grve-align-center\" style=\"\">  <div class=\"grve-image-wrapper\"><img loading=\"lazy\" decoding=\"async\" width=\"700\" height=\"700\" src=\"https:\/\/www.sword-group.com\/wp-content\/uploads\/2021\/08\/logos-milfordhaven.jpg\" class=\"attachment-full size-full\" alt=\"\" srcset=\"https:\/\/www.sword-group.com\/wp-content\/uploads\/2021\/08\/logos-milfordhaven.jpg 700w, https:\/\/www.sword-group.com\/wp-content\/uploads\/2021\/08\/logos-milfordhaven-300x300.jpg 300w, https:\/\/www.sword-group.com\/wp-content\/uploads\/2021\/08\/logos-milfordhaven-150x150.jpg 150w, https:\/\/www.sword-group.com\/wp-content\/uploads\/2021\/08\/logos-milfordhaven-560x560.jpg 560w\" sizes=\"auto, (max-width: 700px) 100vw, 700px\" \/>   <\/div><\/div>\t<\/div>  <\/div><\/div><div class=\"grve-empty-space\" style=\"height: 60px;\"><\/div>[\/vc_column][\/vc_row][vc_row padding_bottom_multiplier=&#8220;&#8220; columns_gap=&#8220;60&#8243; equal_column_height=&#8220;equal-column&#8220;][vc_column]<div class=\"grve-empty-space\" style=\"height: 50px;\"><\/div>[vc_row_inner css=&#8220;.vc_custom_1620377545475{margin-bottom: 0px !important;border-bottom-width: 0px !important;padding-bottom: 0px !important;}&#8220;][vc_column_inner width=&#8220;1\/2&#8243; css=&#8220;.vc_custom_1620743653441{padding-top: 0px !important;padding-right: 15% !important;padding-bottom: 0px !important;padding-left: 15% !important;}&#8220;]<div class=\"grve-element grve-image grve-align-center\" style=\"margin-bottom: 0px;\">  <div class=\"grve-image-wrapper\"><img loading=\"lazy\" decoding=\"async\" width=\"542\" height=\"900\" src=\"https:\/\/www.sword-group.com\/wp-content\/uploads\/2021\/05\/friendly-2.jpg\" class=\"attachment-full size-full\" alt=\"\" srcset=\"https:\/\/www.sword-group.com\/wp-content\/uploads\/2021\/05\/friendly-2.jpg 542w, https:\/\/www.sword-group.com\/wp-content\/uploads\/2021\/05\/friendly-2-181x300.jpg 181w\" sizes=\"auto, (max-width: 542px) 100vw, 542px\" \/>   <\/div><\/div>[\/vc_column_inner][vc_column_inner width=&#8220;1\/2&#8243; css=&#8220;.vc_custom_1629188581663{margin-top: 0px !important;margin-right: 0px !important;margin-bottom: 0px !important;margin-left: 0px !important;border-top-width: 0px !important;border-right-width: 0px !important;border-bottom-width: 0px !important;border-left-width: 0px !important;padding-right: 0% !important;padding-bottom: 0px !important;padding-left: 0px !important;}&#8220;][vc_column_text css=&#8220;.vc_custom_1629388440535{padding-top: 10px !important;}&#8220; text_style=&#8220;leader-text&#8220; animation=&#8220;grve-fade-in-up&#8220; animation_delay=&#8220;400&#8243;]<\/p>\n<h1 style=\"text-align: left;\"><strong><span style=\"color: #ffc423; letter-spacing: -3px;\">&#8212;&#8211;<\/span><\/strong><\/h1>\n<h2><strong>Kontakt<\/strong><\/h2>\n<p>Entdecken Sie, wie Sword Ihr Unternehmen bei der digitalen Transformation und der Einf\u00fchrung einer datengest\u00fctzten Kultur begleiten kann.[\/vc_column_text]<div class=\"grve-empty-space\" style=\"height: 35px;\"><\/div><div class=\"grve-element grve-align-left grve-animated-item grve-fade-in-up grve-duration-normal grve-fluid-button\" data-delay=\"200\"><a href=\"https:\/\/www.sword-group.com\/de\/kontakt\/\" class=\"grve-btn grve-btn-small grve-round grve-bg-primary-6 grve-bg-hover-grey\" style=\"max-width: 250px;\"><span>KONTAKT AUFNEHMEN<\/span><\/a><\/div><div class=\"grve-empty-space\" style=\"height: 35px;\"><\/div>[\/vc_column_inner][\/vc_row_inner][\/vc_column][\/vc_row]<\/p>\n<\/div>","protected":false},"excerpt":{"rendered":"<p>[vc_row heading_color=&#8220;light&#8220; bg_type=&#8220;image&#8220; bg_image=&#8220;22272&#8243; bg_image_size=&#8220;responsive&#8220; bg_position=&#8220;center-top&#8220; bg_tablet_sm_position=&#8220;center-center&#8220; opacity_overlay=&#8220;60&#8243; padding_top_multiplier=&#8220;custom&#8220; padding_bottom_multiplier=&#8220;custom&#8220; columns_gap=&#8220;60&#8243; separator_bottom=&#8220;tilt-left-separator&#8220; font_color=&#8220;#000000&#8243; margin_bottom=&#8220;0&#8243; padding_top=&#8220;0&#8243; padding_bottom=&#8220;0&#8243;][vc_column width=&#8220;1\/2&#8243; css=&#8220;.vc_custom_1624267581567{margin-bottom: 0px !important;padding-right: 10% !important;}&#8220;][vc_column_text css=&#8220;&#8220; text_style=&#8220;leader-text&#8220; animation=&#8220;grve-fade-in-up&#8220; animation_delay=&#8220;400&#8243;] &#8212;&#8211; Datenbasiert entscheiden Mit Daten eine objektive Entscheidungsgrundlage schaffen Nutzen Sie Ihre Daten, um Gesch\u00e4ftsentscheide auf einer soliden Grundlage zu treffen und subjektive Einfl\u00fcsse zu vermeiden. [\/vc_column_text][\/vc_column][vc_column width=&#8220;1\/2&#8243;][\/vc_column][\/vc_row][vc_row padding_top_multiplier=&#8220;&#8220; [&hellip;]<\/p>\n","protected":false},"author":1,"featured_media":0,"parent":0,"menu_order":0,"comment_status":"closed","ping_status":"closed","template":"","meta":{"footnotes":"","_links_to":"","_links_to_target":""},"class_list":["post-38976","page","type-page","status-publish","hentry"],"_links":{"self":[{"href":"https:\/\/www.sword-group.com\/de\/wp-json\/wp\/v2\/pages\/38976","targetHints":{"allow":["GET"]}}],"collection":[{"href":"https:\/\/www.sword-group.com\/de\/wp-json\/wp\/v2\/pages"}],"about":[{"href":"https:\/\/www.sword-group.com\/de\/wp-json\/wp\/v2\/types\/page"}],"author":[{"embeddable":true,"href":"https:\/\/www.sword-group.com\/de\/wp-json\/wp\/v2\/users\/1"}],"replies":[{"embeddable":true,"href":"https:\/\/www.sword-group.com\/de\/wp-json\/wp\/v2\/comments?post=38976"}],"version-history":[{"count":0,"href":"https:\/\/www.sword-group.com\/de\/wp-json\/wp\/v2\/pages\/38976\/revisions"}],"wp:attachment":[{"href":"https:\/\/www.sword-group.com\/de\/wp-json\/wp\/v2\/media?parent=38976"}],"curies":[{"name":"wp","href":"https:\/\/api.w.org\/{rel}","templated":true}]}}