{"id":39016,"date":"2025-03-03T11:43:18","date_gmt":"2025-03-03T11:43:18","guid":{"rendered":"https:\/\/www.sword-group.com\/azure-onboarding-fuer-isvs\/"},"modified":"2025-04-04T14:50:49","modified_gmt":"2025-04-04T14:50:49","slug":"azure-onboarding-fuer-isvs","status":"publish","type":"page","link":"https:\/\/www.sword-group.com\/de\/azure-onboarding-fuer-isvs\/","title":{"rendered":"Azure-Onboarding <br>f\u00fcr ISVs"},"content":{"rendered":"<div class=\"wpb-content-wrapper\"><p>[vc_row heading_color=&#8220;light&#8220; bg_type=&#8220;image&#8220; bg_image=&#8220;32279&#8243; bg_position=&#8220;center-top&#8220; bg_tablet_sm_position=&#8220;left-top&#8220; padding_top_multiplier=&#8220;custom&#8220; padding_bottom_multiplier=&#8220;custom&#8220; separator_bottom=&#8220;tilt-left-separator&#8220; font_color=&#8220;#000000&#8243; margin_bottom=&#8220;0&#8243; padding_top=&#8220;0&#8243; padding_bottom=&#8220;0&#8243;][vc_column width=&#8220;1\/2&#8243; css=&#8220;.vc_custom_1620383995480{margin-bottom: 0px !important;}&#8220;]<div class=\"grve-empty-space grve-height-1x\" style=\"\"><\/div>[vc_column_text css=&#8220;&#8220; text_style=&#8220;leader-text&#8220; animation=&#8220;grve-fade-in-up&#8220; animation_delay=&#8220;400&#8243;]<\/p>\n<h1 style=\"text-align: left;\"><strong><span style=\"color: #ffc423; letter-spacing: -3px;\">&#8212;&#8211;<\/span><\/strong><\/h1>\n<h1 style=\"text-align: left;\"><span style=\"color: #ffffff;\"><strong>Azure-Onboarding f\u00fcr ISVs<\/strong><\/span><\/h1>\n<p>[\/vc_column_text]<div class=\"grve-empty-space\" style=\"height: 170px;\"><\/div>[\/vc_column][vc_column width=&#8220;1\/2&#8243;][\/vc_column][\/vc_row][vc_row padding_bottom_multiplier=&#8220;&#8220; columns_gap=&#8220;60&#8243;][vc_column]<div class=\"grve-empty-space\" style=\"height: 12px;\"><\/div>[vc_row_inner css=&#8220;.vc_custom_1620377545475{margin-bottom: 0px !important;border-bottom-width: 0px !important;padding-bottom: 0px !important;}&#8220;][vc_column_inner width=&#8220;1\/2&#8243; css=&#8220;.vc_custom_1631533908401{margin-top: 0px !important;margin-right: 0px !important;margin-bottom: 0px !important;margin-left: 0px !important;border-top-width: 0px !important;border-right-width: 0px !important;border-bottom-width: 0px !important;border-left-width: 0px !important;padding-right: 0px !important;padding-bottom: 0px !important;padding-left: 0px !important;}&#8220;][vc_column_text animation=&#8220;grve-fade-in-up&#8220; animation_delay=&#8220;400&#8243;]<\/p>\n<h1 style=\"text-align: left;\"><strong><span style=\"color: #ffc423; letter-spacing: -3px;\">&#8212;&#8211;<\/span><\/strong><\/h1>\n<h2 style=\"text-align: left;\"><strong><span style=\"color: #4f4f4f;\">Wer wir sind<\/span><\/strong><\/h2>\n<p>Wir sind ein engagiertes Team aus IT-Profis und Business Analysten, das unabh\u00e4ngige Softwareanbieter (ISVs) unterst\u00fctzt, Microsoft Azure effektiv zu nutzen und so ihren Gesch\u00e4ftserfolg zu f\u00f6rdern. Mit unserer Expertise in Microsoft Azure und unserer strategischen Beratung helfen wir unseren Kunden, ihre Ziele klar zu definieren und erfolgreich umzusetzen.[\/vc_column_text]<div class=\"grve-empty-space\" style=\"height: 30px;\"><\/div>[vc_column_text animation=&#8220;grve-fade-in-up&#8220; animation_delay=&#8220;400&#8243;]<\/p>\n<h1 style=\"text-align: left;\"><strong><span style=\"color: #ffc423; letter-spacing: -3px;\">&#8212;&#8211;<\/span><\/strong><\/h1>\n<h2 style=\"text-align: left;\"><strong>Was wir tun<\/strong><\/h2>\n<p>Mit unserer Unterst\u00fctzung finden ISVs den idealen Hosting-Partner oder verbessern die Performance ihrer bestehenden Azure-Plattform.<\/p>\n<p><strong>Wir unterst\u00fctzen Sie bei:<\/strong><\/p>\n<ul>\n<li>der Analyse Ihrer gesch\u00e4ftlichen Anforderungen<\/li>\n<li>der Planung und dem Aufbau Ihrer IT- und Datenarchitektur<\/li>\n<li>der Datenanalyse vor der Migration<\/li>\n<li>der Modernisierung und Migration Ihrer Altsysteme in die Cloud<\/li>\n<li>der Auswahl passender Migrationsl\u00f6sungen<\/li>\n<\/ul>\n<p>[\/vc_column_text][\/vc_column_inner][vc_column_inner width=&#8220;1\/2&#8243;][vc_column_text animation=&#8220;grve-fade-in-up&#8220; animation_delay=&#8220;400&#8243;]<\/p>\n<h1 style=\"text-align: left;\"><strong><span style=\"color: #ffc423; letter-spacing: -3px;\">&#8212;&#8211;<\/span><\/strong><\/h1>\n<h2 style=\"text-align: left;\"><strong><span style=\"color: #4f4f4f;\">Wie wir arbeiten<\/span><\/strong><\/h2>\n<p>Wir bieten ISVs eine massgeschneiderte Azure-L\u00f6sung mit passendem Governance- und Betriebsmodell. So k\u00f6nnen Sie die Azure-Cloud optimal nutzen und sich ganz auf die Weiterentwicklung Ihres Gesch\u00e4fts mit den richtigen Partnern und L\u00f6sungen konzentrieren. <\/p>\n<p><strong>Die wichtigsten Meilensteine:<\/strong><\/p>\n<ul>\n<li>Analyse Ihrer aktuellen IT-Umgebung &amp; Workshop f\u00fcr IT oder Business<\/li>\n<li>Planung der besten Szenarien f\u00fcr Ihre Bed\u00fcrfnisse<\/li>\n<li>Definition der technischen Architektur (IaaS bis PaaS)<\/li>\n<li>Containerisierung und Governance<\/li>\n<li>Modernisierung Ihrer Anwendungen mit individueller, iterativer Methodik (Azure Setup &amp; Sword DevOps)<\/li>\n<li>Erstellung von Schulungsmaterialien f\u00fcr Administratoren und Endnutzer<\/li>\n<li>Onboarding und Go-live<\/li>\n<\/ul>\n<p>[\/vc_column_text][\/vc_column_inner][\/vc_row_inner][\/vc_column][\/vc_row][vc_row bg_type=&#8220;gradient&#8220; bg_gradient_color_1=&#8220;#eeeeee&#8220; bg_gradient_color_2=&#8220;rgba(255,255,255,0.9)&#8220; bg_gradient_direction=&#8220;180&#8243; padding_bottom_multiplier=&#8220;&#8220; separator_top=&#8220;tilt-left-separator&#8220;][vc_column]<div class=\"grve-empty-space\" style=\"height: 120px;\"><\/div>[\/vc_column][\/vc_row][vc_row][vc_column]<div class=\"grve-element grve-image grve-align-center\" style=\"\">  <div class=\"grve-image-wrapper\"><img loading=\"lazy\" decoding=\"async\" width=\"2560\" height=\"707\" src=\"https:\/\/www.sword-group.com\/wp-content\/uploads\/2021\/11\/isv-scaled.gif\" class=\"attachment-full size-full\" alt=\"\" \/>   <\/div><\/div>[\/vc_column][\/vc_row][vc_row bg_type=&#8220;gradient&#8220; bg_gradient_color_1=&#8220;#eeeeee&#8220; bg_gradient_color_2=&#8220;rgba(255,255,255,0.9)&#8220; bg_gradient_direction=&#8220;180&#8243; padding_bottom_multiplier=&#8220;&#8220; separator_top=&#8220;tilt-left-separator&#8220;][vc_column]<div class=\"grve-empty-space\" style=\"height: 120px;\"><\/div>[\/vc_column][\/vc_row][vc_row padding_bottom_multiplier=&#8220;&#8220; columns_gap=&#8220;60&#8243; equal_column_height=&#8220;equal-column&#8220;][vc_column][vc_row_inner css=&#8220;.vc_custom_1620377545475{margin-bottom: 0px !important;border-bottom-width: 0px !important;padding-bottom: 0px !important;}&#8220;][vc_column_inner width=&#8220;1\/2&#8243; css=&#8220;.vc_custom_1633082102500{padding-top: 0px !important;padding-right: 30% !important;padding-bottom: 0px !important;padding-left: 30% !important;}&#8220;]<div class=\"grve-element grve-image grve-align-center\" style=\"margin-bottom: 0px;\">  <div class=\"grve-image-wrapper\"><img loading=\"lazy\" decoding=\"async\" width=\"542\" height=\"900\" src=\"https:\/\/www.sword-group.com\/wp-content\/uploads\/2021\/05\/friendly-2.jpg\" class=\"attachment-full size-full\" alt=\"\" srcset=\"https:\/\/www.sword-group.com\/wp-content\/uploads\/2021\/05\/friendly-2.jpg 542w, https:\/\/www.sword-group.com\/wp-content\/uploads\/2021\/05\/friendly-2-181x300.jpg 181w\" sizes=\"auto, (max-width: 542px) 100vw, 542px\" \/>   <\/div><\/div>[\/vc_column_inner][vc_column_inner width=&#8220;1\/2&#8243; css=&#8220;.vc_custom_1631533828129{margin-top: 0px !important;margin-right: 0px !important;margin-bottom: 0px !important;margin-left: 0px !important;border-top-width: 0px !important;border-right-width: 0px !important;border-bottom-width: 0px !important;border-left-width: 0px !important;padding-right: 0px !important;padding-bottom: 0px !important;padding-left: 0px !important;}&#8220;][vc_column_text css=&#8220;.vc_custom_1743778236423{padding-top: 10px !important;}&#8220; text_style=&#8220;leader-text&#8220; animation=&#8220;grve-fade-in-up&#8220; animation_delay=&#8220;400&#8243;]<\/p>\n<h1 style=\"text-align: left;\"><strong><span style=\"color: #ffc423; letter-spacing: -3px;\">&#8212;&#8211;<\/span><\/strong><\/h1>\n<h2><strong>Kontakt<\/strong><\/h2>\n<p><strong>Erfahren Sie, wie wir unabh\u00e4ngigen Softwareanbietern bei ihrem Azure-Onboarding helfen k\u00f6nnen.<\/strong>[\/vc_column_text]<div class=\"grve-empty-space\" style=\"height: 35px;\"><\/div><div class=\"grve-element grve-align-left grve-animated-item grve-fade-in-up grve-duration-normal grve-fluid-button\" data-delay=\"200\"><a href=\"https:\/\/www.sword-group.com\/de\/kontakt\/\" class=\"grve-btn grve-btn-small grve-round grve-bg-primary-6 grve-bg-hover-grey\" style=\"max-width: 250px;\"><span>KONTAKT AUFNEHMEN<\/span><\/a><\/div><div class=\"grve-empty-space\" style=\"height: 35px;\"><\/div>[\/vc_column_inner][\/vc_row_inner][\/vc_column][\/vc_row]<\/p>\n<\/div>","protected":false},"excerpt":{"rendered":"<p>[vc_row heading_color=&#8220;light&#8220; bg_type=&#8220;image&#8220; bg_image=&#8220;32279&#8243; bg_position=&#8220;center-top&#8220; bg_tablet_sm_position=&#8220;left-top&#8220; padding_top_multiplier=&#8220;custom&#8220; padding_bottom_multiplier=&#8220;custom&#8220; separator_bottom=&#8220;tilt-left-separator&#8220; font_color=&#8220;#000000&#8243; margin_bottom=&#8220;0&#8243; padding_top=&#8220;0&#8243; padding_bottom=&#8220;0&#8243;][vc_column width=&#8220;1\/2&#8243; css=&#8220;.vc_custom_1620383995480{margin-bottom: 0px !important;}&#8220;][vc_column_text css=&#8220;&#8220; text_style=&#8220;leader-text&#8220; animation=&#8220;grve-fade-in-up&#8220; animation_delay=&#8220;400&#8243;] &#8212;&#8211; Azure-Onboarding f\u00fcr ISVs [\/vc_column_text][\/vc_column][vc_column width=&#8220;1\/2&#8243;][\/vc_column][\/vc_row][vc_row padding_bottom_multiplier=&#8220;&#8220; columns_gap=&#8220;60&#8243;][vc_column][vc_row_inner css=&#8220;.vc_custom_1620377545475{margin-bottom: 0px !important;border-bottom-width: 0px !important;padding-bottom: 0px !important;}&#8220;][vc_column_inner width=&#8220;1\/2&#8243; css=&#8220;.vc_custom_1631533908401{margin-top: 0px !important;margin-right: 0px !important;margin-bottom: 0px !important;margin-left: 0px !important;border-top-width: 0px !important;border-right-width: 0px !important;border-bottom-width: 0px !important;border-left-width: 0px !important;padding-right: 0px [&hellip;]<\/p>\n","protected":false},"author":1,"featured_media":0,"parent":0,"menu_order":0,"comment_status":"closed","ping_status":"closed","template":"","meta":{"footnotes":"","_links_to":"","_links_to_target":""},"class_list":["post-39016","page","type-page","status-publish","hentry"],"_links":{"self":[{"href":"https:\/\/www.sword-group.com\/de\/wp-json\/wp\/v2\/pages\/39016","targetHints":{"allow":["GET"]}}],"collection":[{"href":"https:\/\/www.sword-group.com\/de\/wp-json\/wp\/v2\/pages"}],"about":[{"href":"https:\/\/www.sword-group.com\/de\/wp-json\/wp\/v2\/types\/page"}],"author":[{"embeddable":true,"href":"https:\/\/www.sword-group.com\/de\/wp-json\/wp\/v2\/users\/1"}],"replies":[{"embeddable":true,"href":"https:\/\/www.sword-group.com\/de\/wp-json\/wp\/v2\/comments?post=39016"}],"version-history":[{"count":0,"href":"https:\/\/www.sword-group.com\/de\/wp-json\/wp\/v2\/pages\/39016\/revisions"}],"wp:attachment":[{"href":"https:\/\/www.sword-group.com\/de\/wp-json\/wp\/v2\/media?parent=39016"}],"curies":[{"name":"wp","href":"https:\/\/api.w.org\/{rel}","templated":true}]}}