{"id":39095,"date":"2025-03-11T15:15:44","date_gmt":"2025-03-11T15:15:44","guid":{"rendered":"https:\/\/www.sword-group.com\/content-migration\/"},"modified":"2025-03-18T18:21:04","modified_gmt":"2025-03-18T18:21:04","slug":"content-migration","status":"publish","type":"page","link":"https:\/\/www.sword-group.com\/de\/content-migration\/","title":{"rendered":"Content-Migration"},"content":{"rendered":"<div class=\"wpb-content-wrapper\"><p>[vc_row heading_color=&#8220;light&#8220; bg_type=&#8220;image&#8220; bg_image=&#8220;22985&#8243; bg_image_size=&#8220;responsive&#8220; bg_position=&#8220;center-top&#8220; bg_tablet_sm_position=&#8220;left-top&#8220; opacity_overlay=&#8220;60&#8243; padding_top_multiplier=&#8220;custom&#8220; padding_bottom_multiplier=&#8220;custom&#8220; columns_gap=&#8220;60&#8243; separator_bottom=&#8220;tilt-left-separator&#8220; font_color=&#8220;#000000&#8243; margin_bottom=&#8220;0&#8243; padding_top=&#8220;0&#8243; padding_bottom=&#8220;0&#8243;][vc_column width=&#8220;1\/2&#8243; css=&#8220;.vc_custom_1624267581567{margin-bottom: 0px !important;padding-right: 10% !important;}&#8220;]<div class=\"grve-empty-space grve-height-1x\" style=\"\"><\/div>[vc_column_text text_style=&#8220;leader-text&#8220; animation=&#8220;grve-fade-in-up&#8220; animation_delay=&#8220;400&#8243;]<\/p>\n<h1 style=\"text-align: left;\"><strong><span style=\"color: #ffc423; letter-spacing: -3px;\">&#8212;&#8211;<\/span><\/strong><\/h1>\n<h1 style=\"text-align: left;\"><span style=\"color: #ffffff;\"><b>Content-Migration<\/b><\/span><\/h1>\n<h4 style=\"text-align: left;\"><span style=\"color: #ffffff;\">Optimieren Sie Ihre Inhalte und integrieren Sie sie effizient in alle Bereiche Ihres Unternehmens.<\/span><\/h4>\n<p style=\"text-align: left;\"><span style=\"color: #4f4f4f;\"><span style=\"color: #ffffff;\">Unser erprobter Ansatz vereint Know-how aus der Branche, Systemkenntnis, Best Practices und Change Management, um Ihre Content-Migration effizient umzusetzen und eine Single Source of Truth zu schaffen.<\/span><br \/>\n<\/span><\/p>\n<p>[\/vc_column_text]<div class=\"grve-empty-space\" style=\"height: 120px;\"><\/div>[\/vc_column][vc_column width=&#8220;1\/2&#8243;][\/vc_column][\/vc_row][vc_row padding_top_multiplier=&#8220;&#8220; padding_bottom_multiplier=&#8220;2x&#8220; columns_gap=&#8220;60&#8243;][vc_column width=&#8220;1\/6&#8243; tablet_sm_width=&#8220;hide&#8220; mobile_width=&#8220;hide&#8220;][\/vc_column][vc_column width=&#8220;2\/3&#8243; tablet_sm_width=&#8220;1&#8243; font_color=&#8220;#000000&#8243;]<div class=\"grve-empty-space grve-height-1x\" style=\"\"><\/div>[vc_column_text text_style=&#8220;leader-text&#8220; animation=&#8220;grve-fade-in-up&#8220; animation_delay=&#8220;400&#8243;]<\/p>\n<h1 style=\"text-align: center;\"><strong><span style=\"color: #ffc423; letter-spacing: -3px;\">&#8212;&#8211;<\/span><\/strong><\/h1>\n<h1 style=\"text-align: center;\"><b>Unser Know-how<\/b><\/h1>\n<p>[\/vc_column_text][\/vc_column][vc_column width=&#8220;1\/6&#8243; tablet_sm_width=&#8220;hide&#8220; mobile_width=&#8220;hide&#8220;][\/vc_column][\/vc_row][vc_row padding_top_multiplier=&#8220;&#8220; padding_bottom_multiplier=&#8220;&#8220; columns_gap=&#8220;60&#8243; equal_column_height=&#8220;equal-column&#8220; margin_bottom=&#8220;150px&#8220;][vc_column width=&#8220;1\/4&#8243; css=&#8220;.vc_custom_1619176565195{padding-right: 5% !important;padding-left: 5% !important;}&#8220;]<div class=\"grve-element grve-box-icon grve-extra-large grve-top-icon grve-align-center grve-animated-item grve-fade-in-up grve-duration-normal vert_centre_outer\" style=\"\" data-delay=\"200\"><div class=\"grve-image-icon\"><img loading=\"lazy\" decoding=\"async\" width=\"798\" height=\"798\" src=\"https:\/\/www.sword-group.com\/wp-content\/uploads\/2021\/06\/icons-small-calculation.jpg\" class=\"attachment-full size-full\" alt=\"\" srcset=\"https:\/\/www.sword-group.com\/wp-content\/uploads\/2021\/06\/icons-small-calculation.jpg 798w, https:\/\/www.sword-group.com\/wp-content\/uploads\/2021\/06\/icons-small-calculation-300x300.jpg 300w, https:\/\/www.sword-group.com\/wp-content\/uploads\/2021\/06\/icons-small-calculation-150x150.jpg 150w, https:\/\/www.sword-group.com\/wp-content\/uploads\/2021\/06\/icons-small-calculation-768x768.jpg 768w, https:\/\/www.sword-group.com\/wp-content\/uploads\/2021\/06\/icons-small-calculation-560x560.jpg 560w\" sizes=\"auto, (max-width: 798px) 100vw, 798px\" \/><\/div><div class=\"grve-box-content\"><div class=\"grve-box-title-wrapper\"><h3 class=\"grve-box-title grve-h5\">PR\u00c4ZISE UND ZUVERL\u00c4SSIGE INFORMATIONEN<\/h3><\/div><\/div><\/div>[\/vc_column][vc_column width=&#8220;1\/4&#8243; css=&#8220;.vc_custom_1618995773747{padding-right: 5% !important;padding-left: 5% !important;}&#8220;]<div class=\"grve-element grve-box-icon grve-extra-large grve-top-icon grve-align-center grve-animated-item grve-fade-in-up grve-duration-normal vert_centre_outer\" style=\"\" data-delay=\"400\"><div class=\"grve-image-icon\"><img loading=\"lazy\" decoding=\"async\" width=\"798\" height=\"798\" src=\"https:\/\/www.sword-group.com\/wp-content\/uploads\/2021\/06\/icons-small-dashboard.jpg\" class=\"attachment-full size-full\" alt=\"\" srcset=\"https:\/\/www.sword-group.com\/wp-content\/uploads\/2021\/06\/icons-small-dashboard.jpg 798w, https:\/\/www.sword-group.com\/wp-content\/uploads\/2021\/06\/icons-small-dashboard-300x300.jpg 300w, https:\/\/www.sword-group.com\/wp-content\/uploads\/2021\/06\/icons-small-dashboard-150x150.jpg 150w, https:\/\/www.sword-group.com\/wp-content\/uploads\/2021\/06\/icons-small-dashboard-768x768.jpg 768w, https:\/\/www.sword-group.com\/wp-content\/uploads\/2021\/06\/icons-small-dashboard-560x560.jpg 560w\" sizes=\"auto, (max-width: 798px) 100vw, 798px\" \/><\/div><div class=\"grve-box-content\"><div class=\"grve-box-title-wrapper\"><h3 class=\"grve-box-title grve-h5\">EFFIZIENTERE PROZESSE BEI GERINGEREN KOSTEN<\/h3><\/div><\/div><\/div>[\/vc_column][vc_column width=&#8220;1\/4&#8243; css=&#8220;.vc_custom_1618995782087{padding-right: 5% !important;padding-left: 5% !important;}&#8220;]<div class=\"grve-element grve-box-icon grve-extra-large grve-top-icon grve-align-center grve-animated-item grve-fade-in-up grve-duration-normal vert_centre_outer\" style=\"\" data-delay=\"600\"><div class=\"grve-image-icon\"><img loading=\"lazy\" decoding=\"async\" width=\"798\" height=\"798\" src=\"https:\/\/www.sword-group.com\/wp-content\/uploads\/2021\/05\/icons-small-automation.png\" class=\"attachment-full size-full\" alt=\"\" srcset=\"https:\/\/www.sword-group.com\/wp-content\/uploads\/2021\/05\/icons-small-automation.png 798w, https:\/\/www.sword-group.com\/wp-content\/uploads\/2021\/05\/icons-small-automation-300x300.png 300w, https:\/\/www.sword-group.com\/wp-content\/uploads\/2021\/05\/icons-small-automation-150x150.png 150w, https:\/\/www.sword-group.com\/wp-content\/uploads\/2021\/05\/icons-small-automation-768x768.png 768w, https:\/\/www.sword-group.com\/wp-content\/uploads\/2021\/05\/icons-small-automation-560x560.png 560w\" sizes=\"auto, (max-width: 798px) 100vw, 798px\" \/><\/div><div class=\"grve-box-content\"><div class=\"grve-box-title-wrapper\"><h3 class=\"grve-box-title grve-h5\">VERALTETE SYSTEME ABL\u00d6SEN UND RISIKEN MINIMIEREN<\/h3><\/div><\/div><\/div>[\/vc_column][vc_column width=&#8220;1\/4&#8243;]<div class=\"grve-element grve-box-icon grve-extra-large grve-top-icon grve-align-center grve-animated-item grve-fade-in-up grve-duration-normal vert_centre_outer\" style=\"\" data-delay=\"600\"><div class=\"grve-image-icon\"><img loading=\"lazy\" decoding=\"async\" width=\"798\" height=\"798\" src=\"https:\/\/www.sword-group.com\/wp-content\/uploads\/2021\/05\/icons-small-automation.png\" class=\"attachment-full size-full\" alt=\"\" srcset=\"https:\/\/www.sword-group.com\/wp-content\/uploads\/2021\/05\/icons-small-automation.png 798w, https:\/\/www.sword-group.com\/wp-content\/uploads\/2021\/05\/icons-small-automation-300x300.png 300w, https:\/\/www.sword-group.com\/wp-content\/uploads\/2021\/05\/icons-small-automation-150x150.png 150w, https:\/\/www.sword-group.com\/wp-content\/uploads\/2021\/05\/icons-small-automation-768x768.png 768w, https:\/\/www.sword-group.com\/wp-content\/uploads\/2021\/05\/icons-small-automation-560x560.png 560w\" sizes=\"auto, (max-width: 798px) 100vw, 798px\" \/><\/div><div class=\"grve-box-content\"><div class=\"grve-box-title-wrapper\"><h3 class=\"grve-box-title grve-h5\">DATEN UND WISSEN ZENTRAL B\u00dcNDELN<\/h3><\/div><\/div><\/div>[\/vc_column][\/vc_row][vc_row bg_type=&#8220;gradient&#8220; bg_gradient_color_1=&#8220;#eeeeee&#8220; bg_gradient_color_2=&#8220;rgba(255,255,255,0.9)&#8220; bg_gradient_direction=&#8220;180&#8243; padding_top_multiplier=&#8220;&#8220; padding_bottom_multiplier=&#8220;&#8220; separator_top=&#8220;tilt-left-separator&#8220;][vc_column]<div class=\"grve-empty-space\" style=\"height: 150px;\"><\/div>[\/vc_column][\/vc_row][vc_row padding_top_multiplier=&#8220;custom&#8220; padding_bottom_multiplier=&#8220;&#8220; columns_gap=&#8220;60&#8243; equal_column_height=&#8220;equal-column&#8220; margin_bottom=&#8220;75px&#8220;][vc_column css=&#8220;.vc_custom_1624026587586{padding-top: 12px !important;}&#8220;][vc_row_inner css=&#8220;.vc_custom_1620377545475{margin-bottom: 0px !important;border-bottom-width: 0px !important;padding-bottom: 0px !important;}&#8220;][vc_column_inner width=&#8220;1\/2&#8243; css=&#8220;.vc_custom_1629195297297{margin-top: 0px !important;margin-right: 0px !important;margin-bottom: 0px !important;margin-left: 0px !important;border-top-width: 0px !important;border-right-width: 0px !important;border-bottom-width: 0px !important;border-left-width: 0px !important;padding-right: 0% !important;padding-bottom: 0px !important;padding-left: 0px !important;}&#8220;][vc_column_text animation=&#8220;grve-fade-in-up&#8220; animation_delay=&#8220;400&#8243;]<\/p>\n<h1 style=\"text-align: left;\"><strong><span style=\"color: #ffc423; letter-spacing: -3px;\">&#8212;&#8211;<\/span><\/strong><\/h1>\n<h2 style=\"text-align: left;\"><strong>\u00dcbernahmen und Fusionen<\/strong><\/h2>\n<p>Sword hat weltweit \u00fcber 20 erfolgreiche Asset-Transfers begleitet und kennt die Herausforderungen, die eine \u00dcbernahme oder Fusion im Umgang mit Informationen mit sich bringt. Mit unserem Ansatz stellen wir sicher, dass Sie ab dem ersten Tag schnellen Zugriff auf alle gesch\u00e4ftskritischen und operativen Inhalte haben. Wir unterst\u00fctzen Sie dabei, eine klare Strategie zu entwickeln, Inhalte \u00fcber alle Plattformen hinweg zu migrieren und nahtlos zu integrieren. Gleichzeitig verbessern wir die Datenstruktur: durch neue Taxonomien, optimierte Metadaten, eine bessere Suchfunktion und maschinenlesbare Inhalte. Den gesamten Prozess k\u00f6nnen Sie getrost uns \u00fcberlassen.[\/vc_column_text][\/vc_column_inner][vc_column_inner width=&#8220;1\/2&#8243; css=&#8220;.vc_custom_1629195239661{padding-top: 80px !important;padding-right: 35px !important;padding-bottom: 0px !important;padding-left: 35px !important;}&#8220;]<div class=\"grve-element grve-image grve-align-center\" style=\"margin-bottom: 0px;\">  <div class=\"grve-image-wrapper\"><img loading=\"lazy\" decoding=\"async\" width=\"900\" height=\"561\" src=\"https:\/\/www.sword-group.com\/wp-content\/uploads\/2021\/08\/jigsaw.png\" class=\"attachment-full size-full\" alt=\"\" srcset=\"https:\/\/www.sword-group.com\/wp-content\/uploads\/2021\/08\/jigsaw.png 900w, https:\/\/www.sword-group.com\/wp-content\/uploads\/2021\/08\/jigsaw-300x187.png 300w, https:\/\/www.sword-group.com\/wp-content\/uploads\/2021\/08\/jigsaw-768x479.png 768w\" sizes=\"auto, (max-width: 900px) 100vw, 900px\" \/>   <\/div><\/div>[\/vc_column_inner][\/vc_row_inner][\/vc_column][\/vc_row][vc_row bg_type=&#8220;gradient&#8220; bg_gradient_color_1=&#8220;#eeeeee&#8220; bg_gradient_color_2=&#8220;rgba(255,255,255,0.9)&#8220; bg_gradient_direction=&#8220;180&#8243; padding_top_multiplier=&#8220;&#8220; padding_bottom_multiplier=&#8220;&#8220; separator_top=&#8220;tilt-left-separator&#8220;][vc_column]<div class=\"grve-empty-space\" style=\"height: 150px;\"><\/div>[\/vc_column][\/vc_row][vc_row padding_top_multiplier=&#8220;custom&#8220; padding_bottom_multiplier=&#8220;&#8220; columns_gap=&#8220;60&#8243; equal_column_height=&#8220;equal-column&#8220; margin_bottom=&#8220;75px&#8220;][vc_column css=&#8220;.vc_custom_1624026587586{padding-top: 12px !important;}&#8220;][vc_row_inner css=&#8220;.vc_custom_1620377545475{margin-bottom: 0px !important;border-bottom-width: 0px !important;padding-bottom: 0px !important;}&#8220;][vc_column_inner width=&#8220;1\/2&#8243; css=&#8220;.vc_custom_1629208830098{padding-right: 20% !important;padding-left: 20% !important;}&#8220;]<div class=\"grve-element grve-image grve-align-center\" style=\"\">  <div class=\"grve-image-wrapper\"><img loading=\"lazy\" decoding=\"async\" width=\"687\" height=\"900\" src=\"https:\/\/www.sword-group.com\/wp-content\/uploads\/2021\/06\/data-visualisation-4.png\" class=\"attachment-full size-full\" alt=\"\" srcset=\"https:\/\/www.sword-group.com\/wp-content\/uploads\/2021\/06\/data-visualisation-4.png 687w, https:\/\/www.sword-group.com\/wp-content\/uploads\/2021\/06\/data-visualisation-4-229x300.png 229w\" sizes=\"auto, (max-width: 687px) 100vw, 687px\" \/>   <\/div><\/div>[\/vc_column_inner][vc_column_inner width=&#8220;1\/2&#8243; css=&#8220;.vc_custom_1629197902379{padding-bottom: 0px !important;}&#8220;][vc_column_text animation=&#8220;grve-fade-in-up&#8220; animation_delay=&#8220;400&#8243; css=&#8220;.vc_custom_1629204198469{padding-bottom: 0px !important;}&#8220;]<\/p>\n<h1 style=\"text-align: left;\"><strong><span style=\"color: #ffc423; letter-spacing: -3px;\">&#8212;&#8211;<\/span><\/strong><\/h1>\n<h2 style=\"text-align: left;\"><strong>Ordnung ins Datenchaos <\/strong><\/h2>\n<p>[\/vc_column_text][vc_column_text animation=&#8220;grve-fade-in-up&#8220; animation_delay=&#8220;400&#8243; css=&#8220;.vc_custom_1629208892506{padding-top: 30px !important;}&#8220;]Wie behalten Sie den \u00dcberblick \u00fcber Ihre Unternehmensdaten? Mit unserem skalierbaren Toolkit und modernen Analysetechniken analysieren wir Ihre gesamte Datenlandschaft und helfen Ihnen, strategische und operative Entscheide zu treffen: Was bleibt, was kann weg, wo fehlen Daten und wie hoch ist der Aufwand f\u00fcr die Einhaltung von Vorschriften? Mit einem klaren Migrationsplan bringen wir Struktur in Ihre Daten \u2013 sei es f\u00fcr physische Akten, technische Dokumente oder die Cloud. Wir begleiten Sie durch den Prozess und helfen Ihnen, moderne Datenplattformen optimal zu nutzen.[\/vc_column_text][\/vc_column_inner][\/vc_row_inner][vc_row_inner css=&#8220;.vc_custom_1620377545475{margin-bottom: 0px !important;border-bottom-width: 0px !important;padding-bottom: 0px !important;}&#8220;][vc_column_inner width=&#8220;1\/2&#8243; css=&#8220;.vc_custom_1629198276419{padding-top: 30px !important;}&#8220;][\/vc_column_inner][vc_column_inner width=&#8220;1\/2&#8243; css=&#8220;.vc_custom_1629198266743{padding-top: 30px !important;padding-bottom: 0px !important;}&#8220;][\/vc_column_inner][\/vc_row_inner][\/vc_column][\/vc_row][vc_row bg_type=&#8220;gradient&#8220; bg_gradient_color_1=&#8220;#eeeeee&#8220; bg_gradient_color_2=&#8220;rgba(255,255,255,0.9)&#8220; bg_gradient_direction=&#8220;180&#8243; padding_top_multiplier=&#8220;&#8220; padding_bottom_multiplier=&#8220;&#8220; separator_top=&#8220;tilt-left-separator&#8220;][vc_column]<div class=\"grve-empty-space\" style=\"height: 150px;\"><\/div>[\/vc_column][\/vc_row][vc_row padding_top_multiplier=&#8220;custom&#8220; padding_bottom_multiplier=&#8220;&#8220; columns_gap=&#8220;60&#8243; equal_column_height=&#8220;equal-column&#8220; margin_bottom=&#8220;75px&#8220;][vc_column css=&#8220;.vc_custom_1624026587586{padding-top: 12px !important;}&#8220;][vc_row_inner css=&#8220;.vc_custom_1620377545475{margin-bottom: 0px !important;border-bottom-width: 0px !important;padding-bottom: 0px !important;}&#8220;][vc_column_inner width=&#8220;1\/2&#8243; css=&#8220;.vc_custom_1629197902379{padding-bottom: 0px !important;}&#8220;][vc_column_text animation=&#8220;grve-fade-in-up&#8220; animation_delay=&#8220;400&#8243; css=&#8220;.vc_custom_1629204338852{padding-bottom: 0px !important;}&#8220;]<\/p>\n<h1 style=\"text-align: left;\"><strong><span style=\"color: #ffc423; letter-spacing: -3px;\">&#8212;&#8211;<\/span><\/strong><\/h1>\n<h2 style=\"text-align: left;\"><strong>MigraPath<\/strong><\/h2>\n<p>[\/vc_column_text][\/vc_column_inner][\/vc_row_inner][vc_row_inner css=&#8220;.vc_custom_1620377545475{margin-bottom: 0px !important;border-bottom-width: 0px !important;padding-bottom: 0px !important;}&#8220;][vc_column_inner width=&#8220;1\/2&#8243; css=&#8220;.vc_custom_1629198266743{padding-top: 30px !important;padding-bottom: 0px !important;}&#8220;][vc_column_text animation=&#8220;grve-fade-in-up&#8220; animation_delay=&#8220;400&#8243;]Machen Sie unstrukturierte Daten nutzbar \u2013 MigraPath kombiniert 30 Jahre Erfahrung im Informationsmanagement mit modernster Technologie und unseren besten Beraterinnen und Beratern, um Ihre Daten effizient zu verwalten und zu migrieren. <b> <\/b>Unsere L\u00f6sung gibt Ihnen eine klare \u00dcbersicht \u00fcber Ihre gesamte Informationslandschaft und erm\u00f6glicht schnelle Erfolge bei der Konsolidierung. So lassen sich alte Dateifreigaben und Datensilos mit neuen, relevanten Gesch\u00e4ftsregeln optimieren.[\/vc_column_text][\/vc_column_inner][vc_column_inner width=&#8220;1\/2&#8243; css=&#8220;.vc_custom_1629198276419{padding-top: 30px !important;}&#8220;][vc_column_text animation=&#8220;grve-fade-in-up&#8220; animation_delay=&#8220;400&#8243;]Mit Datenanalysen, maschinellem Lernen und branchenspezifischen Taxonomien finden wir rasch Duplikate, unn\u00f6tige Daten oder GDPR-relevante Informationen. Dabei decken wir auch wichtige gesch\u00e4ftliche Daten auf, die in tiefen Ordnerstrukturen und ZIP-Dateien verborgen sind.<span class=\"Apple-converted-space\"> <\/span><\/p>\n<p>Unsere Migration l\u00e4uft virtuell. Ihre Stakeholder k\u00f6nnen den gew\u00fcnschten Zielzustand definieren, bevor wir mit der Migration beginnen \u2013 so gewinnen wir das Vertrauen der Endnutzer, noch bevor die Ver\u00e4nderung sp\u00fcrbar wird.<span class=\"Apple-converted-space\"> <\/span>[\/vc_column_text][\/vc_column_inner][\/vc_row_inner][\/vc_column][\/vc_row][vc_row heading_color=&#8220;light&#8220; bg_type=&#8220;color&#8220; columns_gap=&#8220;none&#8220; bg_color=&#8220;#eeeeee&#8220;][vc_column]<div class=\"grve-element grve-align-center grve-animated-item grve-fade-in-up grve-duration-normal grve-fluid-button\" data-delay=\"200\"><a href=\"https:\/\/www.sword-group.com\/wp-content\/uploads\/2022\/08\/MIGRAPATH-Integrated-Approach-to-IM-A4.pdf\" target=\"_blank\" rel=\"noopener noreferrer\" class=\"grve-btn grve-btn-small grve-round grve-bg-primary-6 grve-bg-hover-grey\" style=\"max-width: 250px;\"><span>Mehr \u00fcber MigraPath in dieser PDF-\u00dcbersicht<\/span><\/a><\/div>[vc_column_text animation=&#8220;grve-fade-in-up&#8220; animation_delay=&#8220;400&#8243; css=&#8220;.vc_custom_1629202304928{padding-top: 30px !important;}&#8220;]<\/p>\n<h1 style=\"text-align: center;\"><strong><span style=\"color: #ffc423; letter-spacing: -3px;\">&#8212;&#8211;<\/span><\/strong><\/h1>\n<h2 style=\"text-align: center;\"><strong><span style=\"color: #4f4f4f;\">Zu unseren Kunden geh\u00f6ren:<\/span><\/strong><\/h2>\n<p>[\/vc_column_text]<div class=\"grve-empty-space grve-height-3x\" style=\"\"><\/div><div class=\"grve-element grve-flexible-carousel grve-carousel grve-layout-1 grve-with-gap\" style=\"\"><div class=\"grve-carousel-wrapper\"><div class=\"grve-carousel-navigation grve-dark grve-navigation-1 grve-navigation-carousel\"><div class=\"grve-carousel-buttons\"><div class=\"grve-carousel-prev\"><i class=\"grve-icon-nav-left-small\"><\/i><span class=\"screen-reader-text\">Previous<\/span><\/div><div class=\"grve-carousel-next\"><i class=\"grve-icon-nav-right-small\"><\/i><span class=\"screen-reader-text\">Next<\/span><\/div><\/div><\/div>\t<div class=\"grve-flexible-carousel-element \" data-items=\"3\" data-items-tablet-landscape=\"3\" data-items-tablet-portrait=\"2\" data-items-mobile=\"1\" data-slider-autoplay=\"yes\" data-slider-speed=\"3000\" data-slider-pause=\"no\" data-pagination-speed=\"400\" data-pagination=\"no\" data-slider-autoheight=\"no\"><div class=\"grve-element grve-image grve-align-center\" style=\"\">  <div class=\"grve-image-wrapper\"><img loading=\"lazy\" decoding=\"async\" width=\"700\" height=\"700\" src=\"https:\/\/www.sword-group.com\/wp-content\/uploads\/2021\/07\/bp-logo.jpg\" class=\"attachment-full size-full\" alt=\"\" srcset=\"https:\/\/www.sword-group.com\/wp-content\/uploads\/2021\/07\/bp-logo.jpg 700w, https:\/\/www.sword-group.com\/wp-content\/uploads\/2021\/07\/bp-logo-300x300.jpg 300w, https:\/\/www.sword-group.com\/wp-content\/uploads\/2021\/07\/bp-logo-150x150.jpg 150w, https:\/\/www.sword-group.com\/wp-content\/uploads\/2021\/07\/bp-logo-560x560.jpg 560w\" sizes=\"auto, (max-width: 700px) 100vw, 700px\" \/>   <\/div><\/div><div class=\"grve-element grve-image grve-align-center\" style=\"\">  <div class=\"grve-image-wrapper\"><img loading=\"lazy\" decoding=\"async\" width=\"700\" height=\"700\" src=\"https:\/\/www.sword-group.com\/wp-content\/uploads\/2021\/07\/harbour-energy.jpg\" class=\"attachment-full size-full\" alt=\"\" srcset=\"https:\/\/www.sword-group.com\/wp-content\/uploads\/2021\/07\/harbour-energy.jpg 700w, https:\/\/www.sword-group.com\/wp-content\/uploads\/2021\/07\/harbour-energy-300x300.jpg 300w, https:\/\/www.sword-group.com\/wp-content\/uploads\/2021\/07\/harbour-energy-150x150.jpg 150w, https:\/\/www.sword-group.com\/wp-content\/uploads\/2021\/07\/harbour-energy-560x560.jpg 560w\" sizes=\"auto, (max-width: 700px) 100vw, 700px\" \/>   <\/div><\/div><div class=\"grve-element grve-image grve-align-center\" style=\"\">  <div class=\"grve-image-wrapper\"><img loading=\"lazy\" decoding=\"async\" width=\"700\" height=\"700\" src=\"https:\/\/www.sword-group.com\/wp-content\/uploads\/2021\/07\/shell-logo.jpg\" class=\"attachment-full size-full\" alt=\"\" srcset=\"https:\/\/www.sword-group.com\/wp-content\/uploads\/2021\/07\/shell-logo.jpg 700w, https:\/\/www.sword-group.com\/wp-content\/uploads\/2021\/07\/shell-logo-300x300.jpg 300w, https:\/\/www.sword-group.com\/wp-content\/uploads\/2021\/07\/shell-logo-150x150.jpg 150w, https:\/\/www.sword-group.com\/wp-content\/uploads\/2021\/07\/shell-logo-560x560.jpg 560w\" sizes=\"auto, (max-width: 700px) 100vw, 700px\" \/>   <\/div><\/div>\t<\/div>  <\/div><\/div><div class=\"grve-empty-space\" style=\"height: 60px;\"><\/div>[\/vc_column][\/vc_row][vc_row padding_bottom_multiplier=&#8220;&#8220; columns_gap=&#8220;60&#8243; equal_column_height=&#8220;equal-column&#8220;][vc_column]<div class=\"grve-empty-space\" style=\"height: 50px;\"><\/div>[vc_row_inner css=&#8220;.vc_custom_1620377545475{margin-bottom: 0px !important;border-bottom-width: 0px !important;padding-bottom: 0px !important;}&#8220;][vc_column_inner width=&#8220;1\/2&#8243; css=&#8220;.vc_custom_1620743653441{padding-top: 0px !important;padding-right: 15% !important;padding-bottom: 0px !important;padding-left: 15% !important;}&#8220;]<div class=\"grve-element grve-image grve-align-center\" style=\"margin-bottom: 0px;\">  <div class=\"grve-image-wrapper\"><img loading=\"lazy\" decoding=\"async\" width=\"542\" height=\"900\" src=\"https:\/\/www.sword-group.com\/wp-content\/uploads\/2021\/05\/friendly-2.jpg\" class=\"attachment-full size-full\" alt=\"\" srcset=\"https:\/\/www.sword-group.com\/wp-content\/uploads\/2021\/05\/friendly-2.jpg 542w, https:\/\/www.sword-group.com\/wp-content\/uploads\/2021\/05\/friendly-2-181x300.jpg 181w\" sizes=\"auto, (max-width: 542px) 100vw, 542px\" \/>   <\/div><\/div>[\/vc_column_inner][vc_column_inner width=&#8220;1\/2&#8243; css=&#8220;.vc_custom_1629188581663{margin-top: 0px !important;margin-right: 0px !important;margin-bottom: 0px !important;margin-left: 0px !important;border-top-width: 0px !important;border-right-width: 0px !important;border-bottom-width: 0px !important;border-left-width: 0px !important;padding-right: 0% !important;padding-bottom: 0px !important;padding-left: 0px !important;}&#8220;][vc_column_text text_style=&#8220;leader-text&#8220; animation=&#8220;grve-fade-in-up&#8220; animation_delay=&#8220;400&#8243; css=&#8220;.vc_custom_1629206290121{padding-top: 10px !important;}&#8220;]<\/p>\n<h1 style=\"text-align: left;\"><strong><span style=\"color: #ffc423; letter-spacing: -3px;\">&#8212;&#8211;<\/span><\/strong><\/h1>\n<h2><strong>Kontakt<\/strong><\/h2>\n<p>Sie wechseln auf ein neues System? Wir sorgen f\u00fcr eine reibungslose Content-Migration.[\/vc_column_text]<div class=\"grve-empty-space\" style=\"height: 35px;\"><\/div><div class=\"grve-element grve-align-left grve-animated-item grve-fade-in-up grve-duration-normal grve-fluid-button\" data-delay=\"200\"><a href=\"https:\/\/www.sword-group.com\/de\/kontakt\/\" class=\"grve-btn grve-btn-small grve-round grve-bg-primary-6 grve-bg-hover-grey\" style=\"max-width: 250px;\"><span>KONTAKT AUFNEHMEN<\/span><\/a><\/div><div class=\"grve-empty-space\" style=\"height: 35px;\"><\/div>[\/vc_column_inner][\/vc_row_inner][\/vc_column][\/vc_row]<\/p>\n<\/div>","protected":false},"excerpt":{"rendered":"<p>[vc_row heading_color=&#8220;light&#8220; bg_type=&#8220;image&#8220; bg_image=&#8220;22985&#8243; bg_image_size=&#8220;responsive&#8220; bg_position=&#8220;center-top&#8220; bg_tablet_sm_position=&#8220;left-top&#8220; opacity_overlay=&#8220;60&#8243; padding_top_multiplier=&#8220;custom&#8220; padding_bottom_multiplier=&#8220;custom&#8220; columns_gap=&#8220;60&#8243; separator_bottom=&#8220;tilt-left-separator&#8220; font_color=&#8220;#000000&#8243; margin_bottom=&#8220;0&#8243; padding_top=&#8220;0&#8243; padding_bottom=&#8220;0&#8243;][vc_column width=&#8220;1\/2&#8243; css=&#8220;.vc_custom_1624267581567{margin-bottom: 0px !important;padding-right: 10% !important;}&#8220;][vc_column_text text_style=&#8220;leader-text&#8220; animation=&#8220;grve-fade-in-up&#8220; animation_delay=&#8220;400&#8243;] &#8212;&#8211; Content-Migration Optimieren Sie Ihre Inhalte und integrieren Sie sie effizient in alle Bereiche Ihres Unternehmens. Unser erprobter Ansatz vereint Know-how aus der Branche, Systemkenntnis, Best Practices und Change Management, [&hellip;]<\/p>\n","protected":false},"author":1,"featured_media":0,"parent":0,"menu_order":0,"comment_status":"closed","ping_status":"closed","template":"","meta":{"footnotes":"","_links_to":"","_links_to_target":""},"class_list":["post-39095","page","type-page","status-publish","hentry"],"_links":{"self":[{"href":"https:\/\/www.sword-group.com\/de\/wp-json\/wp\/v2\/pages\/39095","targetHints":{"allow":["GET"]}}],"collection":[{"href":"https:\/\/www.sword-group.com\/de\/wp-json\/wp\/v2\/pages"}],"about":[{"href":"https:\/\/www.sword-group.com\/de\/wp-json\/wp\/v2\/types\/page"}],"author":[{"embeddable":true,"href":"https:\/\/www.sword-group.com\/de\/wp-json\/wp\/v2\/users\/1"}],"replies":[{"embeddable":true,"href":"https:\/\/www.sword-group.com\/de\/wp-json\/wp\/v2\/comments?post=39095"}],"version-history":[{"count":0,"href":"https:\/\/www.sword-group.com\/de\/wp-json\/wp\/v2\/pages\/39095\/revisions"}],"wp:attachment":[{"href":"https:\/\/www.sword-group.com\/de\/wp-json\/wp\/v2\/media?parent=39095"}],"curies":[{"name":"wp","href":"https:\/\/api.w.org\/{rel}","templated":true}]}}