{"id":23846,"date":"2021-08-19T10:34:33","date_gmt":"2021-08-19T10:34:33","guid":{"rendered":"https:\/\/swordgroupprod.wpengine.com\/etude-de-cas-sword-inde-solutions-telematiques\/"},"modified":"2021-12-06T15:04:27","modified_gmt":"2021-12-06T15:04:27","slug":"etude-de-cas-sword-inde-solutions-telematiques","status":"publish","type":"page","link":"https:\/\/www.sword-group.com\/fr\/etude-de-cas-sword-inde-solutions-telematiques\/","title":{"rendered":"\u00c9tude de cas &#8211; Sword Inde &#8211; Solutions t\u00e9l\u00e9matiques"},"content":{"rendered":"<div class=\"wpb-content-wrapper\"><p>[vc_row heading_color=\u00a0\u00bblight\u00a0\u00bb bg_type=\u00a0\u00bbimage\u00a0\u00bb bg_image=\u00a0\u00bb19554&Prime; bg_image_size=\u00a0\u00bbresponsive\u00a0\u00bb bg_position=\u00a0\u00bbcenter-top\u00a0\u00bb bg_tablet_sm_position=\u00a0\u00bbcenter-center\u00a0\u00bb opacity_overlay=\u00a0\u00bb60&Prime; padding_top_multiplier=\u00a0\u00bbcustom\u00a0\u00bb padding_bottom_multiplier=\u00a0\u00bbcustom\u00a0\u00bb separator_bottom=\u00a0\u00bbtilt-left-separator\u00a0\u00bb separator_bottom_size=\u00a0\u00bb120px\u00a0\u00bb font_color=\u00a0\u00bb#000000&Prime; margin_bottom=\u00a0\u00bb0&Prime; padding_top=\u00a0\u00bb0&Prime; padding_bottom=\u00a0\u00bb0&Prime;][vc_column width=\u00a0\u00bb2\/3&Prime;]<div class=\"grve-empty-space grve-height-1x\" style=\"\"><\/div>[vc_column_text animation=\u00a0\u00bbgrve-fade-in-up\u00a0\u00bb animation_delay=\u00a0\u00bb400&Prime;]<\/p>\n<h1 style=\"text-align: left;\"><strong><span style=\"color: #ffc423; letter-spacing: -3px;\">&#8212;&#8211;<\/span><br \/>\n<\/strong><\/h1>\n<h4><span style=\"color: #4f4f4f;\">\u00c9TUDE DE CAS<\/span><\/h4>\n<h1><strong><span style=\"color: #4f4f4f;\">Service de gestion et de soutien des applications des solutions t\u00e9l\u00e9matiques<\/span><br \/>\n<\/strong><\/h1>\n<h4><span style=\"color: #4f4f4f;\">Domaine:<strong> Financier<\/strong><br \/>\n<\/span><span style=\"color: #4f4f4f;\">Emplacement du client :<strong> Royaume-Uni<\/strong><\/span><\/h4>\n<p>[\/vc_column_text]<div class=\"grve-empty-space\" style=\"height: 120px;\"><\/div>[\/vc_column][vc_column width=\u00a0\u00bb1\/3&Prime;][\/vc_column][\/vc_row][vc_row padding_bottom_multiplier=\u00a0\u00bb\u00a0\u00bb columns_gap=\u00a0\u00bb60&Prime;][vc_column][vc_column_text css=\u00a0\u00bb.vc_custom_1638803041348{padding-bottom: 20px !important;}\u00a0\u00bb]<\/p>\n<h1 style=\"text-align: left;\"><strong><span style=\"color: #ffc423; letter-spacing: -3px;\">&#8212;&#8211;<\/span><br \/>\n<\/strong><\/h1>\n<h2><strong>Contexte<\/strong><\/h2>\n<p>[\/vc_column_text][vc_row_inner css=\u00a0\u00bb.vc_custom_1627473938991{padding-bottom: 40px !important;}\u00a0\u00bb][vc_column_inner width=\u00a0\u00bb1\/2&Prime;][vc_column_text]Telematics Solutions se consacre \u00e0 aider les clients \u00e0 fournir une solution t\u00e9l\u00e9matique d&rsquo;assurance exceptionnelle. L&rsquo;assurance t\u00e9l\u00e9matique repr\u00e9sente un changement fondamental dans la fa\u00e7on dont l&rsquo;assurance automobile est vendue, souscrite et administr\u00e9e. Au fur et \u00e0 mesure de la compr\u00e9hension des donn\u00e9es d&rsquo;un accident, les outils de reconstruction vont r\u00e9volutionner l&rsquo;allocation des fautes, avec une intervention pr\u00e9coce transformant l&rsquo;activit\u00e9 PNOPA (Premi\u00e8re notification de perte &#8211; alertes) et le contr\u00f4le de situation ; offrant des r\u00e9ductions de co\u00fbts tout au long du processus. La solution t\u00e9l\u00e9matique recueille en temps r\u00e9el les donn\u00e9es relatives aux performances de l&rsquo;assureur et aux conditions du v\u00e9hicule. La technologie t\u00e9l\u00e9matique des v\u00e9hicules permet de conserver des informations essentielles sur les v\u00e9hicules, ce qui contribue \u00e0 am\u00e9liorer l&rsquo;efficacit\u00e9 et la s\u00e9curit\u00e9 de l&rsquo;assureur.[\/vc_column_text][\/vc_column_inner][vc_column_inner width=\u00a0\u00bb1\/2&Prime;][vc_column_text]Le service principal autour du projet ITS consiste en un d\u00e9veloppement et un support de maintenance de l&rsquo;application ITS. L&rsquo;objectif principal de ce projet est de collecter, stocker, analyser et mod\u00e9liser les donn\u00e9es t\u00e9l\u00e9matiques et de produire des rapports BI. Les donn\u00e9es t\u00e9l\u00e9matiques sont utilis\u00e9es pour<\/p>\n<p><strong>L&rsquo;analyse des donn\u00e9es:<\/strong> Fournir des donn\u00e9es t\u00e9l\u00e9matiques \u00e0 haute fr\u00e9quence significatives pour l&rsquo;analyse (Ex: Premi\u00e8re notification de perte &#8211; alertes PNOPA et pour \u00e9tudier l&rsquo;impact des accidents, pour v\u00e9rifier la conduite en toute s\u00e9curit\u00e9, le traitement des r\u00e9clamations et pour produire des rapports).<br \/>\n<strong>Mod\u00e8le de donn\u00e9es:<\/strong> Un excellent mod\u00e8le de donn\u00e9es est en cours de construction pour mettre en \u0153uvre les exigences du mod\u00e8le d&rsquo;intervention en analysant les donn\u00e9es de vitesse du v\u00e9hicule et pour des consid\u00e9rations de performance. Ce mod\u00e8le de donn\u00e9es d&rsquo;intervention BI aide \u00e0 analyser la vitesse du v\u00e9hicule dans chaque limite de vitesse dans laquelle le conducteur conduit dans une zone particuli\u00e8re. La direction peut alerter le conducteur en cas d&rsquo;exc\u00e8s de vitesse, puis annuler la couverture.<br \/>\n<strong>Rapport BI :<\/strong>Convertir les donn\u00e9es en informations de gestion sur mesure (produire des rapports quotidiens sur les donn\u00e9es pour les actions de gestion).[\/vc_column_text][\/vc_column_inner][\/vc_row_inner][\/vc_column][\/vc_row][vc_row padding_top_multiplier=\u00a0\u00bb\u00a0\u00bb padding_bottom_multiplier=\u00a0\u00bb\u00a0\u00bb columns_gap=\u00a0\u00bb60&Prime;][vc_column][vc_column_text css=\u00a0\u00bb.vc_custom_1638803031679{padding-bottom: 20px !important;}\u00a0\u00bb]<\/p>\n<h1><strong><span style=\"color: #ffc423; letter-spacing: -3px;\">&#8212;&#8211;<\/span><br \/>\n<\/strong><\/h1>\n<h2><strong>Programme<\/strong><\/h2>\n<p>[\/vc_column_text][vc_row_inner css=\u00a0\u00bb.vc_custom_1627473938991{padding-bottom: 40px !important;}\u00a0\u00bb][vc_column_inner width=\u00a0\u00bb1\/2&Prime;][vc_column_text]Sep&rsquo;15 \u00e0 Dec&rsquo;18[\/vc_column_text][\/vc_column_inner][vc_column_inner width=\u00a0\u00bb1\/2&Prime;][\/vc_column_inner][\/vc_row_inner][\/vc_column][\/vc_row][vc_row padding_top_multiplier=\u00a0\u00bb\u00a0\u00bb padding_bottom_multiplier=\u00a0\u00bb\u00a0\u00bb columns_gap=\u00a0\u00bb60&Prime;][vc_column][vc_column_text css=\u00a0\u00bb.vc_custom_1638803015753{padding-bottom: 20px !important;}\u00a0\u00bb]<\/p>\n<h1><strong><span style=\"color: #ffc423; letter-spacing: -3px;\">&#8212;&#8211;<\/span><br \/>\n<\/strong><\/h1>\n<h2><strong>Contribution de SWORD<\/strong><\/h2>\n<p>[\/vc_column_text][vc_row_inner css=\u00a0\u00bb.vc_custom_1627473938991{padding-bottom: 40px !important;}\u00a0\u00bb][vc_column_inner width=\u00a0\u00bb1\/2&Prime;][vc_column_text]<\/p>\n<ul>\n<li>\n<div>Stabilisation des applications critiques existantes<\/div>\n<\/li>\n<li>\n<div>Introduction de syst\u00e8mes d&rsquo;alarme dans tous les services d&rsquo;aide aux travailleurs \u00e0 des fins de surveillance<\/div>\n<\/li>\n<\/ul>\n<p>[\/vc_column_text][\/vc_column_inner][vc_column_inner width=\u00a0\u00bb1\/2&Prime;][vc_column_text]<\/p>\n<ul>\n<li>\n<div>Mise en \u0153uvre du syst\u00e8me et des processus de gestion de la qualit\u00e9<\/div>\n<\/li>\n<li>\n<div>Adh\u00e9sion aux principes de base de la gestion de projet (PM-Initiation, planification, ex\u00e9cution, suivi et contr\u00f4le, cl\u00f4ture)<\/div>\n<\/li>\n<\/ul>\n<p>[\/vc_column_text][\/vc_column_inner][\/vc_row_inner][\/vc_column][\/vc_row][vc_row padding_top_multiplier=\u00a0\u00bb\u00a0\u00bb padding_bottom_multiplier=\u00a0\u00bb\u00a0\u00bb columns_gap=\u00a0\u00bb60&Prime;][vc_column][vc_column_text css=\u00a0\u00bb.vc_custom_1638803002939{padding-bottom: 20px !important;}\u00a0\u00bb]<\/p>\n<h1><strong><span style=\"color: #ffc423; letter-spacing: -3px;\">&#8212;&#8211;<\/span><br \/>\n<\/strong><\/h1>\n<h2><strong>Technologies habilitantes :<\/strong><\/h2>\n<p>[\/vc_column_text][vc_row_inner css=\u00a0\u00bb.vc_custom_1627473938991{padding-bottom: 40px !important;}\u00a0\u00bb][vc_column_inner width=\u00a0\u00bb1\/2&Prime;][vc_column_text]<\/p>\n<ul>\n<li>\n<div class=\"O1\">.NET (C#, Visual Studio)<\/div>\n<\/li>\n<li>\n<div class=\"O1\">Serveur SQL 2014<\/div>\n<\/li>\n<li>\n<div class=\"O1\">Plateforme cloud Azure<\/div>\n<\/li>\n<\/ul>\n<p>[\/vc_column_text][\/vc_column_inner][vc_column_inner width=\u00a0\u00bb1\/2&Prime;][vc_column_text]<\/p>\n<ul>\n<li>\n<div class=\"O1\">SSIS (Services d&rsquo;int\u00e9gration SQL Server)<\/div>\n<\/li>\n<li>\n<div class=\"O1\">Scripts SQL, SQL Management Studio<\/div>\n<\/li>\n<li>\n<div class=\"O1\">Business Intelligence (pour le d\u00e9veloppement du mod\u00e8le d&rsquo;intervention et des rapports MI)<\/div>\n<\/li>\n<\/ul>\n<p>[\/vc_column_text][\/vc_column_inner][\/vc_row_inner][\/vc_column][\/vc_row][vc_row padding_top_multiplier=\u00a0\u00bb\u00a0\u00bb padding_bottom_multiplier=\u00a0\u00bb\u00a0\u00bb columns_gap=\u00a0\u00bb60&Prime;][vc_column][vc_column_text css=\u00a0\u00bb.vc_custom_1638802984365{padding-bottom: 20px !important;}\u00a0\u00bb]<\/p>\n<h1><strong><span style=\"color: #ffc423; letter-spacing: -3px;\">&#8212;&#8211;<\/span><br \/>\n<\/strong><\/h1>\n<h2><strong>Livrables :<br \/>\n<\/strong><\/h2>\n<p>[\/vc_column_text][vc_row_inner css=\u00a0\u00bb.vc_custom_1627473938991{padding-bottom: 40px !important;}\u00a0\u00bb][vc_column_inner width=\u00a0\u00bb1\/2&Prime;][vc_column_text]<\/p>\n<ul>\n<li>\n<div class=\"O3\">Analyse d&rsquo;impact<\/div>\n<\/li>\n<li>\n<div class=\"O3\">Sp\u00e9cification fonctionnelle<\/div>\n<\/li>\n<li>\n<div class=\"O3\">Documentation technique<\/div>\n<\/li>\n<\/ul>\n<p>[\/vc_column_text][\/vc_column_inner][vc_column_inner width=\u00a0\u00bb1\/2&Prime;][vc_column_text]<\/p>\n<ul>\n<li>\n<div class=\"O3\">Code test\u00e9 unitaire<\/div>\n<\/li>\n<li>\n<div class=\"O3\">Plans de test et rapports de test<\/div>\n<\/li>\n<li>\n<div class=\"O3\">Notes de version utilisateur<\/div>\n<\/li>\n<\/ul>\n<p>[\/vc_column_text][\/vc_column_inner][\/vc_row_inner][\/vc_column][\/vc_row]<\/p>\n<\/div>","protected":false},"excerpt":{"rendered":"<p>[vc_row heading_color=\u00a0\u00bblight\u00a0\u00bb bg_type=\u00a0\u00bbimage\u00a0\u00bb bg_image=\u00a0\u00bb19554&Prime; bg_image_size=\u00a0\u00bbresponsive\u00a0\u00bb bg_position=\u00a0\u00bbcenter-top\u00a0\u00bb bg_tablet_sm_position=\u00a0\u00bbcenter-center\u00a0\u00bb opacity_overlay=\u00a0\u00bb60&Prime; padding_top_multiplier=\u00a0\u00bbcustom\u00a0\u00bb padding_bottom_multiplier=\u00a0\u00bbcustom\u00a0\u00bb separator_bottom=\u00a0\u00bbtilt-left-separator\u00a0\u00bb separator_bottom_size=\u00a0\u00bb120px\u00a0\u00bb font_color=\u00a0\u00bb#000000&Prime; margin_bottom=\u00a0\u00bb0&Prime; padding_top=\u00a0\u00bb0&Prime; padding_bottom=\u00a0\u00bb0&Prime;][vc_column width=\u00a0\u00bb2\/3&Prime;][vc_column_text animation=\u00a0\u00bbgrve-fade-in-up\u00a0\u00bb animation_delay=\u00a0\u00bb400&Prime;] &#8212;&#8211; \u00c9TUDE DE CAS Service de gestion et de soutien des applications des solutions t\u00e9l\u00e9matiques Domaine: Financier Emplacement du client : Royaume-Uni [\/vc_column_text][\/vc_column][vc_column width=\u00a0\u00bb1\/3&Prime;][\/vc_column][\/vc_row][vc_row padding_bottom_multiplier=\u00a0\u00bb\u00a0\u00bb columns_gap=\u00a0\u00bb60&Prime;][vc_column][vc_column_text css=\u00a0\u00bb.vc_custom_1638803041348{padding-bottom: 20px !important;}\u00a0\u00bb] &#8212;&#8211; Contexte [\/vc_column_text][vc_row_inner css=\u00a0\u00bb.vc_custom_1627473938991{padding-bottom: 40px !important;}\u00a0\u00bb][vc_column_inner width=\u00a0\u00bb1\/2&Prime;][vc_column_text]Telematics [&hellip;]<\/p>\n","protected":false},"author":1,"featured_media":0,"parent":0,"menu_order":0,"comment_status":"closed","ping_status":"closed","template":"","meta":{"footnotes":"","_links_to":"","_links_to_target":""},"class_list":["post-23846","page","type-page","status-publish","hentry"],"_links":{"self":[{"href":"https:\/\/www.sword-group.com\/fr\/wp-json\/wp\/v2\/pages\/23846","targetHints":{"allow":["GET"]}}],"collection":[{"href":"https:\/\/www.sword-group.com\/fr\/wp-json\/wp\/v2\/pages"}],"about":[{"href":"https:\/\/www.sword-group.com\/fr\/wp-json\/wp\/v2\/types\/page"}],"author":[{"embeddable":true,"href":"https:\/\/www.sword-group.com\/fr\/wp-json\/wp\/v2\/users\/1"}],"replies":[{"embeddable":true,"href":"https:\/\/www.sword-group.com\/fr\/wp-json\/wp\/v2\/comments?post=23846"}],"version-history":[{"count":0,"href":"https:\/\/www.sword-group.com\/fr\/wp-json\/wp\/v2\/pages\/23846\/revisions"}],"wp:attachment":[{"href":"https:\/\/www.sword-group.com\/fr\/wp-json\/wp\/v2\/media?parent=23846"}],"curies":[{"name":"wp","href":"https:\/\/api.w.org\/{rel}","templated":true}]}}