{"id":23887,"date":"2021-08-19T12:36:02","date_gmt":"2021-08-19T12:36:02","guid":{"rendered":"https:\/\/swordgroupprod.wpengine.com\/etude-de-cas-sword-inde-workflow-case-management\/"},"modified":"2021-12-06T15:10:28","modified_gmt":"2021-12-06T15:10:28","slug":"etude-de-cas-sword-inde-workflow-case-management","status":"publish","type":"page","link":"https:\/\/www.sword-group.com\/fr\/etude-de-cas-sword-inde-workflow-case-management\/","title":{"rendered":"\u00c9tude de cas &#8211; Sword Inde &#8211; Workflow Case Management"},"content":{"rendered":"<div class=\"wpb-content-wrapper\"><p>[vc_row heading_color=\u00a0\u00bblight\u00a0\u00bb bg_type=\u00a0\u00bbimage\u00a0\u00bb bg_image=\u00a0\u00bb19554&Prime; bg_image_size=\u00a0\u00bbresponsive\u00a0\u00bb bg_position=\u00a0\u00bbcenter-top\u00a0\u00bb bg_tablet_sm_position=\u00a0\u00bbcenter-center\u00a0\u00bb opacity_overlay=\u00a0\u00bb60&Prime; padding_top_multiplier=\u00a0\u00bbcustom\u00a0\u00bb padding_bottom_multiplier=\u00a0\u00bbcustom\u00a0\u00bb separator_bottom=\u00a0\u00bbtilt-left-separator\u00a0\u00bb separator_bottom_size=\u00a0\u00bb120px\u00a0\u00bb font_color=\u00a0\u00bb#000000&Prime; margin_bottom=\u00a0\u00bb0&Prime; padding_top=\u00a0\u00bb0&Prime; padding_bottom=\u00a0\u00bb0&Prime;][vc_column width=\u00a0\u00bb2\/3&Prime;]<div class=\"grve-empty-space grve-height-1x\" style=\"\"><\/div>[vc_column_text animation=\u00a0\u00bbgrve-fade-in-up\u00a0\u00bb animation_delay=\u00a0\u00bb400&Prime;]<\/p>\n<h1><strong><span style=\"color: #ffc423; letter-spacing: -3px;\">&#8212;&#8211;<\/span><br \/>\n<\/strong><\/h1>\n<h4><span style=\"color: #4f4f4f;\">\u00c9TUDE DE CAS<\/span><\/h4>\n<h1 style=\"text-align: left;\"><strong><span style=\"color: #4f4f4f;\">Application mobile de gestion de cas de flux de travail avec Xamarin Forms<\/span><\/strong><\/h1>\n<h4><span style=\"color: #4f4f4f;\">Domaine:<strong> Assurance<\/strong><br \/>\n<\/span><span style=\"color: #4f4f4f;\">Emplacement du client :<strong> Etats-Unis<\/strong><\/span><\/h4>\n<p>[\/vc_column_text]<div class=\"grve-empty-space\" style=\"height: 120px;\"><\/div>[\/vc_column][vc_column width=\u00a0\u00bb1\/3&Prime;][\/vc_column][\/vc_row][vc_row padding_bottom_multiplier=\u00a0\u00bb\u00a0\u00bb columns_gap=\u00a0\u00bb60&Prime;][vc_column][vc_column_text css=\u00a0\u00bb.vc_custom_1638803366809{padding-bottom: 20px !important;}\u00a0\u00bb]<\/p>\n<h1 style=\"text-align: left;\"><strong><span style=\"color: #ffc423; letter-spacing: -3px;\">&#8212;&#8211;<\/span><br \/>\n<\/strong><\/h1>\n<h2><strong>Contexte<\/strong><\/h2>\n<p>[\/vc_column_text][vc_row_inner css=\u00a0\u00bb.vc_custom_1627473938991{padding-bottom: 40px !important;}\u00a0\u00bb][vc_column_inner width=\u00a0\u00bb1\/2&Prime;][vc_column_text]Le projet porte sur le flux de travail de la correspondance, le client a la possibilit\u00e9 de visualiser, modifier, rechercher et ajouter une r\u00e9ponse au cas de flux de travail cr\u00e9\u00e9 par l&rsquo;application logique Azure. Il s&rsquo;agit d&rsquo;une application multiplateforme qui peut \u00eatre install\u00e9e sur les plateformes Android et IOS en utilisant la m\u00eame base de code. L&rsquo;interface utilisateur est organis\u00e9e par XAML pour \u00eatre r\u00e9active \u00e0 la fois pour IOS et Android.[\/vc_column_text][\/vc_column_inner][vc_column_inner width=\u00a0\u00bb1\/2&Prime;][\/vc_column_inner][\/vc_row_inner][\/vc_column][\/vc_row][vc_row padding_bottom_multiplier=\u00a0\u00bb\u00a0\u00bb columns_gap=\u00a0\u00bb60&Prime;][vc_column][vc_column_text css=\u00a0\u00bb.vc_custom_1638803373751{padding-bottom: 20px !important;}\u00a0\u00bb]<\/p>\n<h1 style=\"text-align: left;\"><strong><span style=\"color: #ffc423; letter-spacing: -3px;\">&#8212;&#8211;<\/span><br \/>\n<\/strong><\/h1>\n<h2><strong>Programme<\/strong><\/h2>\n<p>[\/vc_column_text][vc_row_inner css=\u00a0\u00bb.vc_custom_1627473938991{padding-bottom: 40px !important;}\u00a0\u00bb][vc_column_inner width=\u00a0\u00bb1\/2&Prime;][vc_column_text]4 mois de d\u00e9veloppement et 2 mois de support[\/vc_column_text][\/vc_column_inner][vc_column_inner width=\u00a0\u00bb1\/2&Prime;][\/vc_column_inner][\/vc_row_inner][\/vc_column][\/vc_row][vc_row padding_top_multiplier=\u00a0\u00bb\u00a0\u00bb padding_bottom_multiplier=\u00a0\u00bb\u00a0\u00bb columns_gap=\u00a0\u00bb60&Prime;][vc_column][vc_column_text css=\u00a0\u00bb.vc_custom_1638803380692{padding-bottom: 20px !important;}\u00a0\u00bb]<\/p>\n<h1 style=\"text-align: left;\"><strong><span style=\"color: #ffc423; letter-spacing: -3px;\">&#8212;&#8211;<\/span><br \/>\n<\/strong><\/h1>\n<h2><strong>Objectif du projet<br \/>\n<\/strong><\/h2>\n<p>[\/vc_column_text][vc_row_inner css=\u00a0\u00bb.vc_custom_1627473938991{padding-bottom: 40px !important;}\u00a0\u00bb][vc_column_inner width=\u00a0\u00bb1\/2&Prime;][vc_column_text]<\/p>\n<ul>\n<li>\n<div class=\"O1\">Les utilisateurs ont la possibilit\u00e9 d&rsquo;ouvrir l&rsquo;application mobile en cliquant sur le lien de l&rsquo;e-mail si l&rsquo;application est d\u00e9j\u00e0 install\u00e9e sur l&rsquo;appareil. Sinon, l&rsquo;utilisateur doit \u00eatre redirig\u00e9 vers l&rsquo;application Web<\/div>\n<\/li>\n<li>\n<div class=\"O1\">Les utilisateurs ont la possibilit\u00e9 de modifier, de visualiser, de rechercher, d&rsquo;ajouter une r\u00e9ponse \u00e0 l&rsquo;affaire et de transmettre l&rsquo;affaire<\/div>\n<\/li>\n<\/ul>\n<p>[\/vc_column_text][\/vc_column_inner][vc_column_inner width=\u00a0\u00bb1\/2&Prime;][vc_column_text]<\/p>\n<ul>\n<li>\n<div>Int\u00e9grer le courrier Outlook \u00e0 l&rsquo;application logique Azure pour traiter le flux de travail<\/div>\n<\/li>\n<li>\n<div>Pour g\u00e9rer l&rsquo;interface utilisateur native \u00e0 travers la distribution<\/div>\n<\/li>\n<\/ul>\n<p>[\/vc_column_text][\/vc_column_inner][\/vc_row_inner][\/vc_column][\/vc_row][vc_row padding_top_multiplier=\u00a0\u00bb\u00a0\u00bb padding_bottom_multiplier=\u00a0\u00bb\u00a0\u00bb columns_gap=\u00a0\u00bb60&Prime;][vc_column][vc_column_text css=\u00a0\u00bb.vc_custom_1638803388770{padding-bottom: 20px !important;}\u00a0\u00bb]<\/p>\n<h1 style=\"text-align: left;\"><strong><span style=\"color: #ffc423; letter-spacing: -3px;\">&#8212;&#8211;<\/span><br \/>\n<\/strong><\/h1>\n<h2><strong>Contribution de SWORD<\/strong><\/h2>\n<p>[\/vc_column_text][vc_row_inner css=\u00a0\u00bb.vc_custom_1627473938991{padding-bottom: 40px !important;}\u00a0\u00bb][vc_column_inner width=\u00a0\u00bb1\/2&Prime;][vc_column_text]<\/p>\n<ul>\n<li>\n<div class=\"O1\">Travaillez directement avec le client final pour d\u00e9velopper une application bas\u00e9e sur les sp\u00e9cifications de l&rsquo;utilisateur.<\/div>\n<\/li>\n<li>\n<div class=\"O1\">Effectuer l&rsquo;UAT et la formation des utilisateurs et publier les applications dans les magasins iOS et Android.<\/div>\n<\/li>\n<\/ul>\n<p>[\/vc_column_text][\/vc_column_inner][vc_column_inner width=\u00a0\u00bb1\/2&Prime;][vc_column_text]<\/p>\n<ul>\n<li>\n<div class=\"O1\">Ex\u00e9cution du projet en utilisant les m\u00e9thodologies Scrum et VSO pour le d\u00e9veloppement et la r\u00e9solution des probl\u00e8mes<\/div>\n<\/li>\n<li>\n<div class=\"O1\">Mettre en place des s\u00e9ances de rattrapage quotidiennes et des d\u00e9monstrations plus fr\u00e9quentes pour informer le client de l&rsquo;avancement du projet en plus des rapports d&rsquo;\u00e9tape quotidiens\/hebdomadaires<\/div>\n<\/li>\n<\/ul>\n<p>[\/vc_column_text][\/vc_column_inner][\/vc_row_inner][\/vc_column][\/vc_row][vc_row padding_top_multiplier=\u00a0\u00bb\u00a0\u00bb padding_bottom_multiplier=\u00a0\u00bb\u00a0\u00bb columns_gap=\u00a0\u00bb60&Prime;][vc_column][vc_column_text css=\u00a0\u00bb.vc_custom_1638803395497{padding-bottom: 20px !important;}\u00a0\u00bb]<\/p>\n<h1 style=\"text-align: left;\"><strong><span style=\"color: #ffc423; letter-spacing: -3px;\">&#8212;&#8211;<\/span><br \/>\n<\/strong><\/h1>\n<h2><strong>R\u00e9sultats obtenus<\/strong><\/h2>\n<p>[\/vc_column_text][vc_row_inner css=\u00a0\u00bb.vc_custom_1627473938991{padding-bottom: 40px !important;}\u00a0\u00bb][vc_column_inner width=\u00a0\u00bb1\/2&Prime;][vc_column_text]<\/p>\n<ul>\n<li>\n<div class=\"O1\">Sortie r\u00e9ussie de la premi\u00e8re version des magasins respectifs pour iPhone et Android.<\/div>\n<\/li>\n<li>\n<div class=\"O1\">Fournir une base de code unique pour g\u00e9rer les exigences d&rsquo;android et d&rsquo;IOS<\/div>\n<\/li>\n<\/ul>\n<p>[\/vc_column_text][\/vc_column_inner][vc_column_inner width=\u00a0\u00bb1\/2&Prime;][vc_column_text]<\/p>\n<ul>\n<li>\n<div class=\"O1\">Les nouvelles exigences ont \u00e9t\u00e9 satisfaites avec une pr\u00e9cision de 100% et une variation de calendrier de 0%.<\/div>\n<\/li>\n<li>\n<div class=\"O1\">Appr\u00e9ciation des clients<\/div>\n<\/li>\n<li>\n<div class=\"O1\">Ex\u00e9cution du projet dans le respect des normes de qualit\u00e9 du client<\/div>\n<\/li>\n<\/ul>\n<p>[\/vc_column_text][\/vc_column_inner][\/vc_row_inner][\/vc_column][\/vc_row][vc_row padding_top_multiplier=\u00a0\u00bb\u00a0\u00bb padding_bottom_multiplier=\u00a0\u00bb\u00a0\u00bb columns_gap=\u00a0\u00bb60&Prime;][vc_column][vc_column_text css=\u00a0\u00bb.vc_custom_1638803402878{padding-bottom: 20px !important;}\u00a0\u00bb]<\/p>\n<h1 style=\"text-align: left;\"><strong><span style=\"color: #ffc423; letter-spacing: -3px;\">&#8212;&#8211;<\/span><br \/>\n<\/strong><\/h1>\n<h2><strong>Environnement technique<br \/>\n<\/strong><\/h2>\n<p>[\/vc_column_text][vc_row_inner css=\u00a0\u00bb.vc_custom_1627473938991{padding-bottom: 40px !important;}\u00a0\u00bb][vc_column_inner width=\u00a0\u00bb1\/2&Prime;][vc_column_text]<\/p>\n<ul>\n<li>Xamarin forme 3.3<\/li>\n<li>Norme .NET 2.0<\/li>\n<li>Visual Studio 2017<\/li>\n<li>C#, API Web 2.0<\/li>\n<\/ul>\n<p>[\/vc_column_text][\/vc_column_inner][vc_column_inner width=\u00a0\u00bb1\/2&Prime;][vc_column_text]<\/p>\n<ul>\n<li>SharePoint<\/li>\n<li>Annuaire actif Azure<\/li>\n<li>OAuth 2.0<\/li>\n<li>Application logique Azure<\/li>\n<\/ul>\n<p>[\/vc_column_text][\/vc_column_inner][\/vc_row_inner][\/vc_column][\/vc_row]<\/p>\n<\/div>","protected":false},"excerpt":{"rendered":"<p>[vc_row heading_color=\u00a0\u00bblight\u00a0\u00bb bg_type=\u00a0\u00bbimage\u00a0\u00bb bg_image=\u00a0\u00bb19554&Prime; bg_image_size=\u00a0\u00bbresponsive\u00a0\u00bb bg_position=\u00a0\u00bbcenter-top\u00a0\u00bb bg_tablet_sm_position=\u00a0\u00bbcenter-center\u00a0\u00bb opacity_overlay=\u00a0\u00bb60&Prime; padding_top_multiplier=\u00a0\u00bbcustom\u00a0\u00bb padding_bottom_multiplier=\u00a0\u00bbcustom\u00a0\u00bb separator_bottom=\u00a0\u00bbtilt-left-separator\u00a0\u00bb separator_bottom_size=\u00a0\u00bb120px\u00a0\u00bb font_color=\u00a0\u00bb#000000&Prime; margin_bottom=\u00a0\u00bb0&Prime; padding_top=\u00a0\u00bb0&Prime; padding_bottom=\u00a0\u00bb0&Prime;][vc_column width=\u00a0\u00bb2\/3&Prime;][vc_column_text animation=\u00a0\u00bbgrve-fade-in-up\u00a0\u00bb animation_delay=\u00a0\u00bb400&Prime;] &#8212;&#8211; \u00c9TUDE DE CAS Application mobile de gestion de cas de flux de travail avec Xamarin Forms Domaine: Assurance Emplacement du client : Etats-Unis [\/vc_column_text][\/vc_column][vc_column width=\u00a0\u00bb1\/3&Prime;][\/vc_column][\/vc_row][vc_row padding_bottom_multiplier=\u00a0\u00bb\u00a0\u00bb columns_gap=\u00a0\u00bb60&Prime;][vc_column][vc_column_text css=\u00a0\u00bb.vc_custom_1638803366809{padding-bottom: 20px !important;}\u00a0\u00bb] &#8212;&#8211; Contexte [\/vc_column_text][vc_row_inner css=\u00a0\u00bb.vc_custom_1627473938991{padding-bottom: 40px [&hellip;]<\/p>\n","protected":false},"author":1,"featured_media":0,"parent":0,"menu_order":0,"comment_status":"closed","ping_status":"closed","template":"","meta":{"footnotes":"","_links_to":"","_links_to_target":""},"class_list":["post-23887","page","type-page","status-publish","hentry"],"_links":{"self":[{"href":"https:\/\/www.sword-group.com\/fr\/wp-json\/wp\/v2\/pages\/23887","targetHints":{"allow":["GET"]}}],"collection":[{"href":"https:\/\/www.sword-group.com\/fr\/wp-json\/wp\/v2\/pages"}],"about":[{"href":"https:\/\/www.sword-group.com\/fr\/wp-json\/wp\/v2\/types\/page"}],"author":[{"embeddable":true,"href":"https:\/\/www.sword-group.com\/fr\/wp-json\/wp\/v2\/users\/1"}],"replies":[{"embeddable":true,"href":"https:\/\/www.sword-group.com\/fr\/wp-json\/wp\/v2\/comments?post=23887"}],"version-history":[{"count":0,"href":"https:\/\/www.sword-group.com\/fr\/wp-json\/wp\/v2\/pages\/23887\/revisions"}],"wp:attachment":[{"href":"https:\/\/www.sword-group.com\/fr\/wp-json\/wp\/v2\/media?parent=23887"}],"curies":[{"name":"wp","href":"https:\/\/api.w.org\/{rel}","templated":true}]}}