{"id":23894,"date":"2021-08-19T13:22:10","date_gmt":"2021-08-19T13:22:10","guid":{"rendered":"https:\/\/swordgroupprod.wpengine.com\/etude-de-cas-sword-inde-application-web-pour-la-vente-au-detail\/"},"modified":"2021-12-06T14:56:02","modified_gmt":"2021-12-06T14:56:02","slug":"etude-de-cas-sword-inde-application-web-pour-la-vente-au-detail","status":"publish","type":"page","link":"https:\/\/www.sword-group.com\/fr\/etude-de-cas-sword-inde-application-web-pour-la-vente-au-detail\/","title":{"rendered":"\u00c9tude de cas &#8211; Sword Inde &#8211; Application Web pour la vente au d\u00e9tail"},"content":{"rendered":"<div class=\"wpb-content-wrapper\"><p>[vc_row heading_color=\u00a0\u00bblight\u00a0\u00bb bg_type=\u00a0\u00bbimage\u00a0\u00bb bg_image=\u00a0\u00bb19554&Prime; bg_image_size=\u00a0\u00bbresponsive\u00a0\u00bb bg_position=\u00a0\u00bbcenter-top\u00a0\u00bb bg_tablet_sm_position=\u00a0\u00bbcenter-center\u00a0\u00bb opacity_overlay=\u00a0\u00bb60&Prime; padding_top_multiplier=\u00a0\u00bbcustom\u00a0\u00bb padding_bottom_multiplier=\u00a0\u00bbcustom\u00a0\u00bb separator_bottom=\u00a0\u00bbtilt-left-separator\u00a0\u00bb separator_bottom_size=\u00a0\u00bb120px\u00a0\u00bb font_color=\u00a0\u00bb#000000&Prime; margin_bottom=\u00a0\u00bb0&Prime; padding_top=\u00a0\u00bb0&Prime; padding_bottom=\u00a0\u00bb0&Prime;][vc_column width=\u00a0\u00bb2\/3&Prime;]<div class=\"grve-empty-space grve-height-1x\" style=\"\"><\/div>[vc_column_text animation=\u00a0\u00bbgrve-fade-in-up\u00a0\u00bb animation_delay=\u00a0\u00bb400&Prime;]<\/p>\n<h1 style=\"text-align: left;\"><strong><span style=\"color: #ffc423; letter-spacing: -3px;\">&#8212;&#8211;<\/span><br \/>\n<\/strong><\/h1>\n<h4><span style=\"color: #4f4f4f;\">\u00c9TUDE DE CAS<\/span><\/h4>\n<h1 style=\"text-align: left;\"><strong><span style=\"color: #4f4f4f;\">Application Web pour la vente au d\u00e9tail<\/span><\/strong><\/h1>\n<h4><span style=\"color: #4f4f4f;\">Domaine:<strong> \u00c9ducation<\/strong><br \/>\n<\/span><span style=\"color: #4f4f4f;\">Emplacement du client :<strong> Royaume-Uni<\/strong><\/span><\/h4>\n<p>[\/vc_column_text]<div class=\"grve-empty-space\" style=\"height: 120px;\"><\/div>[\/vc_column][vc_column width=\u00a0\u00bb1\/3&Prime;][\/vc_column][\/vc_row][vc_row padding_bottom_multiplier=\u00a0\u00bb\u00a0\u00bb columns_gap=\u00a0\u00bb60&Prime;][vc_column][vc_column_text css=\u00a0\u00bb.vc_custom_1638802475422{padding-bottom: 20px !important;}\u00a0\u00bb]<\/p>\n<h1 style=\"text-align: left;\"><strong><span style=\"color: #ffc423; letter-spacing: -3px;\">&#8212;&#8211;<\/span><br \/>\n<\/strong><\/h1>\n<h2><strong>Contexte<\/strong><\/h2>\n<p>[\/vc_column_text][vc_row_inner css=\u00a0\u00bb.vc_custom_1627473938991{padding-bottom: 40px !important;}\u00a0\u00bb][vc_column_inner width=\u00a0\u00bb1\/2&Prime;][vc_column_text]Ce produit aide les individus \u00e0 atteindre leurs objectifs \u00e9ducatifs et professionnels et propose des formations dans de nombreux domaines selon quatre modes diff\u00e9rents [salle de classe, cours en ligne, apprentissage \u00e0 distance, autoformation]. De nombreux sites ont \u00e9t\u00e9 d\u00e9velopp\u00e9s dans une technologie plus ancienne pour fournir une interface \u00e0 ces derniers. Ils doivent tous \u00eatre int\u00e9gr\u00e9s pour offrir une meilleure exp\u00e9rience aux utilisateurs.[\/vc_column_text][\/vc_column_inner][vc_column_inner width=\u00a0\u00bb1\/2&Prime;][\/vc_column_inner][\/vc_row_inner][\/vc_column][\/vc_row][vc_row padding_bottom_multiplier=\u00a0\u00bb\u00a0\u00bb columns_gap=\u00a0\u00bb60&Prime;][vc_column][vc_column_text css=\u00a0\u00bb.vc_custom_1638802485020{padding-bottom: 20px !important;}\u00a0\u00bb]<\/p>\n<h1 style=\"text-align: left;\"><strong><span style=\"color: #ffc423; letter-spacing: -3px;\">&#8212;&#8211;<\/span><br \/>\n<\/strong><\/h1>\n<h2><strong>Programme<\/strong><\/h2>\n<p>[\/vc_column_text][vc_row_inner css=\u00a0\u00bb.vc_custom_1627473938991{padding-bottom: 40px !important;}\u00a0\u00bb][vc_column_inner width=\u00a0\u00bb1\/2&Prime;][vc_column_text]36 mois + maintenance continue [y compris l&rsquo;ajout de nouvelles fonctionnalit\u00e9s pendant la maintenance][\/vc_column_text][\/vc_column_inner][vc_column_inner width=\u00a0\u00bb1\/2&Prime;][\/vc_column_inner][\/vc_row_inner][\/vc_column][\/vc_row][vc_row padding_bottom_multiplier=\u00a0\u00bb\u00a0\u00bb columns_gap=\u00a0\u00bb60&Prime;][vc_column][vc_column_text css=\u00a0\u00bb.vc_custom_1638802495808{padding-bottom: 20px !important;}\u00a0\u00bb]<\/p>\n<h1 style=\"text-align: left;\"><strong><span style=\"color: #ffc423; letter-spacing: -3px;\">&#8212;&#8211;<\/span><br \/>\n<\/strong><\/h1>\n<h2><strong>Mod\u00e8le d&rsquo;engagement de projet<br \/>\n<\/strong><\/h2>\n<p>[\/vc_column_text][vc_row_inner css=\u00a0\u00bb.vc_custom_1627473938991{padding-bottom: 40px !important;}\u00a0\u00bb][vc_column_inner width=\u00a0\u00bb1\/2&Prime;][vc_column_text]\u00c9quipe offshore livrant en Agile. Une \u00e9quipe de plus de 25 personnes divis\u00e9e en 2 scrum team pour livrer des fonctionnalit\u00e9s dans des sprints d\u00e9finis.[\/vc_column_text][\/vc_column_inner][vc_column_inner width=\u00a0\u00bb1\/2&Prime;][\/vc_column_inner][\/vc_row_inner][\/vc_column][\/vc_row][vc_row padding_top_multiplier=\u00a0\u00bb\u00a0\u00bb padding_bottom_multiplier=\u00a0\u00bb\u00a0\u00bb columns_gap=\u00a0\u00bb60&Prime;][vc_column][vc_column_text css=\u00a0\u00bb.vc_custom_1638802504110{padding-bottom: 20px !important;}\u00a0\u00bb]<\/p>\n<h1 style=\"text-align: left;\"><strong><span style=\"color: #ffc423; letter-spacing: -3px;\">&#8212;&#8211;<\/span><br \/>\n<\/strong><\/h1>\n<h2><strong>Objectif du projet<br \/>\n<\/strong><\/h2>\n<p>[\/vc_column_text][vc_row_inner css=\u00a0\u00bb.vc_custom_1627473938991{padding-bottom: 40px !important;}\u00a0\u00bb][vc_column_inner width=\u00a0\u00bb1\/2&Prime;][vc_column_text]<\/p>\n<ul>\n<li>R\u00e9\u00e9crire les applications actuelles en utilisant des technologies plus r\u00e9centes.<\/li>\n<li><span style=\"font-family: inherit; font-size: inherit; font-style: inherit; font-variant-caps: inherit;\">Augmenter la capacit\u00e9 d&rsquo;analyse, les comp\u00e9tences<\/span><\/li>\n<li><span style=\"font-family: inherit; font-size: inherit; font-style: inherit; font-variant-caps: inherit;\">Am\u00e9liorer l&rsquo;efficacit\u00e9, la flexibilit\u00e9 dans la livraison d&rsquo;applications pour r\u00e9pondre aux besoins de l&rsquo;entreprise<\/span><\/li>\n<\/ul>\n<p>[\/vc_column_text][\/vc_column_inner][vc_column_inner width=\u00a0\u00bb1\/2&Prime;][vc_column_text]<\/p>\n<ul>\n<li><span style=\"font-family: inherit; font-size: inherit; font-style: inherit; font-variant-caps: inherit;\">Int\u00e9grer une culture Agile<\/span><\/li>\n<li><span style=\"font-family: inherit; font-size: inherit; font-style: inherit; font-variant-caps: inherit;\">Int\u00e9grez la mise en \u0153uvre de DevOps et am\u00e9liorez le d\u00e9lai de mise sur le march\u00e9<\/span><\/li>\n<\/ul>\n<p>[\/vc_column_text][\/vc_column_inner][\/vc_row_inner][\/vc_column][\/vc_row][vc_row padding_top_multiplier=\u00a0\u00bb\u00a0\u00bb padding_bottom_multiplier=\u00a0\u00bb\u00a0\u00bb columns_gap=\u00a0\u00bb60&Prime;][vc_column][vc_column_text css=\u00a0\u00bb.vc_custom_1638802512087{padding-bottom: 20px !important;}\u00a0\u00bb]<\/p>\n<h1 style=\"text-align: left;\"><strong><span style=\"color: #ffc423; letter-spacing: -3px;\">&#8212;&#8211;<\/span><br \/>\n<\/strong><\/h1>\n<h2><strong>Contribution de SWORD<\/strong><\/h2>\n<p>[\/vc_column_text][vc_row_inner css=\u00a0\u00bb.vc_custom_1627473938991{padding-bottom: 40px !important;}\u00a0\u00bb][vc_column_inner width=\u00a0\u00bb1\/2&Prime;][vc_column_text]<\/p>\n<ul>\n<li>D\u00e9velopper l&rsquo;application en utilisant de nouvelles m\u00e9thodes de d\u00e9veloppement et des technologies r\u00e9centes<\/li>\n<li>Fournir une \u00e9quipe agile qui peut aider \u00e0 int\u00e9grer des m\u00e9thodes de d\u00e9veloppement agiles pour ce projet<\/li>\n<li>Fournir des \u00e9crans r\u00e9actifs qui prennent en charge une nouvelle exp\u00e9rience utilisateur.<\/li>\n<\/ul>\n<p>[\/vc_column_text][\/vc_column_inner][vc_column_inner width=\u00a0\u00bb1\/2&Prime;][vc_column_text]<\/p>\n<ul>\n<li>Mise en cache technique<\/li>\n<li>Acc\u00e8s bas\u00e9 sur les r\u00f4les pour utiliser les fonctions de gestion<\/li>\n<li>Int\u00e9grer les fonctionnalit\u00e9s de plusieurs sites et les fournir comme un seul site de vente au d\u00e9tail<\/li>\n<\/ul>\n<p>[\/vc_column_text][\/vc_column_inner][\/vc_row_inner][\/vc_column][\/vc_row][vc_row padding_top_multiplier=\u00a0\u00bb\u00a0\u00bb padding_bottom_multiplier=\u00a0\u00bb\u00a0\u00bb columns_gap=\u00a0\u00bb60&Prime;][vc_column][vc_column_text css=\u00a0\u00bb.vc_custom_1638802520570{padding-bottom: 20px !important;}\u00a0\u00bb]<\/p>\n<h1 style=\"text-align: left;\"><strong><span style=\"color: #ffc423; letter-spacing: -3px;\">&#8212;&#8211;<\/span><br \/>\n<\/strong><\/h1>\n<h2><strong>R\u00e9sultats obtenus<\/strong><\/h2>\n<p>[\/vc_column_text][vc_row_inner css=\u00a0\u00bb.vc_custom_1627473938991{padding-bottom: 40px !important;}\u00a0\u00bb][vc_column_inner width=\u00a0\u00bb1\/2&Prime;][vc_column_text]<\/p>\n<ul>\n<li>Mise \u00e0 disposition d&rsquo;une \u00e9quipe de consultants ayant des connaissances et une exp\u00e9rience Agile<\/li>\n<li>Mise en place d&rsquo;un environnement pour l&rsquo;utilisation de la nouvelle pile technologique avec Sitefinity et .NET pour d\u00e9velopper l&rsquo;application qui est construite sur une architecture de microservices<\/li>\n<\/ul>\n<p>[\/vc_column_text][\/vc_column_inner][vc_column_inner width=\u00a0\u00bb1\/2&Prime;][vc_column_text]<\/p>\n<ul>\n<li>Transition fluide et r\u00e9ussie de la prise en charge des applications existantes par le fournisseur pr\u00e9c\u00e9dent avec un impact minimal ou nul sur l&rsquo;entreprise<\/li>\n<\/ul>\n<p>[\/vc_column_text][\/vc_column_inner][\/vc_row_inner][\/vc_column][\/vc_row][vc_row padding_top_multiplier=\u00a0\u00bb\u00a0\u00bb padding_bottom_multiplier=\u00a0\u00bb\u00a0\u00bb columns_gap=\u00a0\u00bb60&Prime;][vc_column][vc_column_text css=\u00a0\u00bb.vc_custom_1638802528973{padding-bottom: 20px !important;}\u00a0\u00bb]<\/p>\n<h1 style=\"text-align: left;\"><strong><span style=\"color: #ffc423; letter-spacing: -3px;\">&#8212;&#8211;<\/span><br \/>\n<\/strong><\/h1>\n<h2><strong>Environnement technique<br \/>\n<\/strong><\/h2>\n<p>[\/vc_column_text][vc_row_inner css=\u00a0\u00bb.vc_custom_1627473938991{padding-bottom: 40px !important;}\u00a0\u00bb][vc_column_inner width=\u00a0\u00bb1\/2&Prime;][vc_column_text]<\/p>\n<ul>\n<li>Sitefinity (CMS)<\/li>\n<li>ASP.Net MVC, C#<\/li>\n<li>API Web, Services Windows<\/li>\n<li>Microsoft Dynamics<\/li>\n<li>JQuery, Javascript<\/li>\n<li>Lapin MQ<\/li>\n<\/ul>\n<p>[\/vc_column_text][\/vc_column_inner][vc_column_inner width=\u00a0\u00bb1\/2&Prime;][vc_column_text]<\/p>\n<ul>\n<li>Mise en cache Redis<\/li>\n<li>Authentification unique (SSO) avec SAML<\/li>\n<li>Micro Services, Injection de d\u00e9pendances, Entity Framework, OAUTH<\/li>\n<li>Microsoft SQL<\/li>\n<li>H\u00e9bergement AWS<\/li>\n<\/ul>\n<p>[\/vc_column_text][\/vc_column_inner][\/vc_row_inner][\/vc_column][\/vc_row]<\/p>\n<\/div>","protected":false},"excerpt":{"rendered":"<p>[vc_row heading_color=\u00a0\u00bblight\u00a0\u00bb bg_type=\u00a0\u00bbimage\u00a0\u00bb bg_image=\u00a0\u00bb19554&Prime; bg_image_size=\u00a0\u00bbresponsive\u00a0\u00bb bg_position=\u00a0\u00bbcenter-top\u00a0\u00bb bg_tablet_sm_position=\u00a0\u00bbcenter-center\u00a0\u00bb opacity_overlay=\u00a0\u00bb60&Prime; padding_top_multiplier=\u00a0\u00bbcustom\u00a0\u00bb padding_bottom_multiplier=\u00a0\u00bbcustom\u00a0\u00bb separator_bottom=\u00a0\u00bbtilt-left-separator\u00a0\u00bb separator_bottom_size=\u00a0\u00bb120px\u00a0\u00bb font_color=\u00a0\u00bb#000000&Prime; margin_bottom=\u00a0\u00bb0&Prime; padding_top=\u00a0\u00bb0&Prime; padding_bottom=\u00a0\u00bb0&Prime;][vc_column width=\u00a0\u00bb2\/3&Prime;][vc_column_text animation=\u00a0\u00bbgrve-fade-in-up\u00a0\u00bb animation_delay=\u00a0\u00bb400&Prime;] &#8212;&#8211; \u00c9TUDE DE CAS Application Web pour la vente au d\u00e9tail Domaine: \u00c9ducation Emplacement du client : Royaume-Uni [\/vc_column_text][\/vc_column][vc_column width=\u00a0\u00bb1\/3&Prime;][\/vc_column][\/vc_row][vc_row padding_bottom_multiplier=\u00a0\u00bb\u00a0\u00bb columns_gap=\u00a0\u00bb60&Prime;][vc_column][vc_column_text css=\u00a0\u00bb.vc_custom_1638802475422{padding-bottom: 20px !important;}\u00a0\u00bb] &#8212;&#8211; Contexte [\/vc_column_text][vc_row_inner css=\u00a0\u00bb.vc_custom_1627473938991{padding-bottom: 40px !important;}\u00a0\u00bb][vc_column_inner width=\u00a0\u00bb1\/2&Prime;][vc_column_text]Ce produit aide les individus [&hellip;]<\/p>\n","protected":false},"author":1,"featured_media":0,"parent":0,"menu_order":0,"comment_status":"closed","ping_status":"closed","template":"","meta":{"footnotes":"","_links_to":"","_links_to_target":""},"class_list":["post-23894","page","type-page","status-publish","hentry"],"_links":{"self":[{"href":"https:\/\/www.sword-group.com\/fr\/wp-json\/wp\/v2\/pages\/23894","targetHints":{"allow":["GET"]}}],"collection":[{"href":"https:\/\/www.sword-group.com\/fr\/wp-json\/wp\/v2\/pages"}],"about":[{"href":"https:\/\/www.sword-group.com\/fr\/wp-json\/wp\/v2\/types\/page"}],"author":[{"embeddable":true,"href":"https:\/\/www.sword-group.com\/fr\/wp-json\/wp\/v2\/users\/1"}],"replies":[{"embeddable":true,"href":"https:\/\/www.sword-group.com\/fr\/wp-json\/wp\/v2\/comments?post=23894"}],"version-history":[{"count":0,"href":"https:\/\/www.sword-group.com\/fr\/wp-json\/wp\/v2\/pages\/23894\/revisions"}],"wp:attachment":[{"href":"https:\/\/www.sword-group.com\/fr\/wp-json\/wp\/v2\/media?parent=23894"}],"curies":[{"name":"wp","href":"https:\/\/api.w.org\/{rel}","templated":true}]}}