{"id":24339,"date":"2021-08-22T15:18:11","date_gmt":"2021-08-22T15:18:11","guid":{"rendered":"https:\/\/swordgroupprod.wpengine.com\/les-methodes-de-travail-numeriques\/"},"modified":"2021-12-13T14:18:00","modified_gmt":"2021-12-13T14:18:00","slug":"les-methodes-de-travail-numeriques","status":"publish","type":"page","link":"https:\/\/www.sword-group.com\/fr\/les-methodes-de-travail-numeriques\/","title":{"rendered":"Les m\u00e9thodes de travail num\u00e9riques"},"content":{"rendered":"<div class=\"wpb-content-wrapper\"><p>[vc_row heading_color=\u00a0\u00bblight\u00a0\u00bb bg_type=\u00a0\u00bbimage\u00a0\u00bb bg_image=\u00a0\u00bb23780&Prime; bg_image_size=\u00a0\u00bbresponsive\u00a0\u00bb bg_position=\u00a0\u00bbcenter-top\u00a0\u00bb bg_tablet_sm_position=\u00a0\u00bbleft-top\u00a0\u00bb opacity_overlay=\u00a0\u00bb60&Prime; padding_top_multiplier=\u00a0\u00bbcustom\u00a0\u00bb padding_bottom_multiplier=\u00a0\u00bbcustom\u00a0\u00bb columns_gap=\u00a0\u00bb60&Prime; separator_bottom=\u00a0\u00bbtilt-left-separator\u00a0\u00bb font_color=\u00a0\u00bb#000000&Prime; margin_bottom=\u00a0\u00bb0&Prime; padding_top=\u00a0\u00bb0&Prime; padding_bottom=\u00a0\u00bb0&Prime;][vc_column width=\u00a0\u00bb1\/2&Prime; css=\u00a0\u00bb.vc_custom_1624267581567{margin-bottom: 0px !important;padding-right: 10% !important;}\u00a0\u00bb]<div class=\"grve-empty-space grve-height-1x\" style=\"\"><\/div>[vc_column_text text_style=\u00a0\u00bbleader-text\u00a0\u00bb animation=\u00a0\u00bbgrve-fade-in-up\u00a0\u00bb animation_delay=\u00a0\u00bb400&Prime;]<\/p>\n<h1 style=\"text-align: left;\"><strong><span style=\"color: #ffc423; letter-spacing: -3px;\">&#8212;&#8211;<\/span><\/strong><\/h1>\n<h1 style=\"text-align: left;\"><span style=\"color: #4f4f4f;\"><b>Les m\u00e9thodes de travail num\u00e9riques<\/b><\/span><\/h1>\n<h4 style=\"text-align: left;\"><span style=\"color: #4f4f4f;\">Donnez \u00e0 votre organisation les moyens d&rsquo;en faire plus<\/span><\/h4>\n<p style=\"text-align: left;\"><span style=\"color: #4f4f4f;\"><br \/>\n<span style=\"color: #4f4f4f;\">Le cloud moderne et les capacit\u00e9s num\u00e9riques hautement mobiles constitueront le fondement de la croissance de votre organisation. L&rsquo;int\u00e9gration de meilleures m\u00e9thodes de travail optimis\u00e9es par des solutions num\u00e9riques profitera \u00e0 l&rsquo;ensemble de votre entreprise et \u00e0 votre capacit\u00e9 \u00e0 faire participer les clients et les employ\u00e9s avec des services riches.<\/span><\/span><\/p>\n<p>[\/vc_column_text]<div class=\"grve-empty-space\" style=\"height: 120px;\"><\/div>[\/vc_column][vc_column width=\u00a0\u00bb1\/2&Prime;][\/vc_column][\/vc_row][vc_row padding_top_multiplier=\u00a0\u00bb\u00a0\u00bb padding_bottom_multiplier=\u00a0\u00bb2x\u00a0\u00bb columns_gap=\u00a0\u00bb60&Prime;][vc_column width=\u00a0\u00bb1\/6&Prime; tablet_sm_width=\u00a0\u00bbhide\u00a0\u00bb mobile_width=\u00a0\u00bbhide\u00a0\u00bb][\/vc_column][vc_column width=\u00a0\u00bb2\/3&Prime; tablet_sm_width=\u00a0\u00bb1&Prime; font_color=\u00a0\u00bb#000000&Prime;]<div class=\"grve-empty-space grve-height-1x\" style=\"\"><\/div>[vc_column_text text_style=\u00a0\u00bbleader-text\u00a0\u00bb animation=\u00a0\u00bbgrve-fade-in-up\u00a0\u00bb animation_delay=\u00a0\u00bb400&Prime;]<\/p>\n<h1 style=\"text-align: center;\"><strong><span style=\"color: #ffc423; letter-spacing: -3px;\">&#8212;&#8211;<\/span><\/strong><\/h1>\n<h1 style=\"text-align: center;\"><b>Savoir-faire Sword<\/b><\/h1>\n<p>[\/vc_column_text][\/vc_column][vc_column width=\u00a0\u00bb1\/6&Prime; tablet_sm_width=\u00a0\u00bbhide\u00a0\u00bb mobile_width=\u00a0\u00bbhide\u00a0\u00bb][\/vc_column][\/vc_row][vc_row padding_top_multiplier=\u00a0\u00bb\u00a0\u00bb padding_bottom_multiplier=\u00a0\u00bb\u00a0\u00bb columns_gap=\u00a0\u00bb60&Prime; equal_column_height=\u00a0\u00bbequal-column\u00a0\u00bb margin_bottom=\u00a0\u00bb75px\u00a0\u00bb][vc_column width=\u00a0\u00bb1\/3&Prime; css=\u00a0\u00bb.vc_custom_1619176565195{padding-right: 5% !important;padding-left: 5% !important;}\u00a0\u00bb]<div class=\"grve-element grve-box-icon grve-extra-large grve-top-icon grve-align-center grve-animated-item grve-fade-in-up grve-duration-normal vert_centre_outer\" style=\"\" data-delay=\"200\"><div class=\"grve-image-icon\"><img loading=\"lazy\" decoding=\"async\" width=\"798\" height=\"798\" src=\"https:\/\/www.sword-group.com\/wp-content\/uploads\/2021\/10\/icons-small-8b.png\" class=\"attachment-full size-full\" alt=\"\" srcset=\"https:\/\/www.sword-group.com\/wp-content\/uploads\/2021\/10\/icons-small-8b.png 798w, https:\/\/www.sword-group.com\/wp-content\/uploads\/2021\/10\/icons-small-8b-300x300.png 300w, https:\/\/www.sword-group.com\/wp-content\/uploads\/2021\/10\/icons-small-8b-150x150.png 150w, https:\/\/www.sword-group.com\/wp-content\/uploads\/2021\/10\/icons-small-8b-768x768.png 768w, https:\/\/www.sword-group.com\/wp-content\/uploads\/2021\/10\/icons-small-8b-560x560.png 560w\" sizes=\"auto, (max-width: 798px) 100vw, 798px\" \/><\/div><div class=\"grve-box-content\"><div class=\"grve-box-title-wrapper\"><h3 class=\"grve-box-title grve-h5\">DES PROCESSUS PLUS EFFICACES<\/h3><\/div><\/div><\/div>[\/vc_column][vc_column width=\u00a0\u00bb1\/3&Prime; css=\u00a0\u00bb.vc_custom_1618995773747{padding-right: 5% !important;padding-left: 5% !important;}\u00a0\u00bb]<div class=\"grve-element grve-box-icon grve-extra-large grve-top-icon grve-align-center grve-animated-item grve-fade-in-up grve-duration-normal vert_centre_outer\" style=\"\" data-delay=\"400\"><div class=\"grve-image-icon\"><img loading=\"lazy\" decoding=\"async\" width=\"798\" height=\"798\" src=\"https:\/\/www.sword-group.com\/wp-content\/uploads\/2021\/07\/icons-small-manpower.png\" class=\"attachment-full size-full\" alt=\"\" srcset=\"https:\/\/www.sword-group.com\/wp-content\/uploads\/2021\/07\/icons-small-manpower.png 798w, https:\/\/www.sword-group.com\/wp-content\/uploads\/2021\/07\/icons-small-manpower-300x300.png 300w, https:\/\/www.sword-group.com\/wp-content\/uploads\/2021\/07\/icons-small-manpower-150x150.png 150w, https:\/\/www.sword-group.com\/wp-content\/uploads\/2021\/07\/icons-small-manpower-768x768.png 768w, https:\/\/www.sword-group.com\/wp-content\/uploads\/2021\/07\/icons-small-manpower-560x560.png 560w\" sizes=\"auto, (max-width: 798px) 100vw, 798px\" \/><\/div><div class=\"grve-box-content\"><div class=\"grve-box-title-wrapper\"><h3 class=\"grve-box-title grve-h5\">AM\u00c9LIORATION DE L'ENGAGEMENT DES EMPLOY\u00c9S<\/h3><\/div><\/div><\/div>[\/vc_column][vc_column width=\u00a0\u00bb1\/3&Prime; css=\u00a0\u00bb.vc_custom_1618995782087{padding-right: 5% !important;padding-left: 5% !important;}\u00a0\u00bb]<div class=\"grve-element grve-box-icon grve-extra-large grve-top-icon grve-align-center grve-animated-item grve-fade-in-up grve-duration-normal vert_centre_outer\" style=\"\" data-delay=\"600\"><div class=\"grve-image-icon\"><img loading=\"lazy\" decoding=\"async\" width=\"798\" height=\"798\" src=\"https:\/\/www.sword-group.com\/wp-content\/uploads\/2021\/10\/icons-small-cost-saving.png\" class=\"attachment-full size-full\" alt=\"\" srcset=\"https:\/\/www.sword-group.com\/wp-content\/uploads\/2021\/10\/icons-small-cost-saving.png 798w, https:\/\/www.sword-group.com\/wp-content\/uploads\/2021\/10\/icons-small-cost-saving-300x300.png 300w, https:\/\/www.sword-group.com\/wp-content\/uploads\/2021\/10\/icons-small-cost-saving-150x150.png 150w, https:\/\/www.sword-group.com\/wp-content\/uploads\/2021\/10\/icons-small-cost-saving-768x768.png 768w, https:\/\/www.sword-group.com\/wp-content\/uploads\/2021\/10\/icons-small-cost-saving-560x560.png 560w\" sizes=\"auto, (max-width: 798px) 100vw, 798px\" \/><\/div><div class=\"grve-box-content\"><div class=\"grve-box-title-wrapper\"><h3 class=\"grve-box-title grve-h5\">UNE MEILLEURE SATISFACTION DES CLIENTS<\/h3><\/div><\/div><\/div>[\/vc_column][\/vc_row][vc_row bg_type=\u00a0\u00bbgradient\u00a0\u00bb bg_gradient_color_1=\u00a0\u00bb#eeeeee\u00a0\u00bb bg_gradient_color_2=\u00a0\u00bbrgba(255,255,255,0.9)\u00a0\u00bb bg_gradient_direction=\u00a0\u00bb180&Prime; padding_top_multiplier=\u00a0\u00bb\u00a0\u00bb padding_bottom_multiplier=\u00a0\u00bb\u00a0\u00bb separator_top=\u00a0\u00bbtilt-left-separator\u00a0\u00bb][vc_column]<div class=\"grve-empty-space\" style=\"height: 150px;\"><\/div>[\/vc_column][\/vc_row][vc_row padding_top_multiplier=\u00a0\u00bbcustom\u00a0\u00bb padding_bottom_multiplier=\u00a0\u00bb\u00a0\u00bb columns_gap=\u00a0\u00bb60&Prime; equal_column_height=\u00a0\u00bbequal-column\u00a0\u00bb margin_bottom=\u00a0\u00bb75px\u00a0\u00bb][vc_column css=\u00a0\u00bb.vc_custom_1624026587586{padding-top: 12px !important;}\u00a0\u00bb][vc_row_inner css=\u00a0\u00bb.vc_custom_1620377545475{margin-bottom: 0px !important;border-bottom-width: 0px !important;padding-bottom: 0px !important;}\u00a0\u00bb][vc_column_inner width=\u00a0\u00bb1\/2&Prime; css=\u00a0\u00bb.vc_custom_1629197902379{padding-bottom: 0px !important;}\u00a0\u00bb][vc_column_text animation=\u00a0\u00bbgrve-fade-in-up\u00a0\u00bb animation_delay=\u00a0\u00bb400&Prime; css=\u00a0\u00bb.vc_custom_1639391957603{padding-bottom: 0px !important;}\u00a0\u00bb]<\/p>\n<h1 style=\"text-align: left;\"><strong><span style=\"color: #ffc423; letter-spacing: -3px;\">&#8212;&#8211;<\/span><\/strong><\/h1>\n<h2 style=\"text-align: left;\"><strong>L&rsquo;expertise de Sword comprend :<\/strong><\/h2>\n<p>[\/vc_column_text][\/vc_column_inner][\/vc_row_inner][vc_row_inner css=\u00a0\u00bb.vc_custom_1620377545475{margin-bottom: 0px !important;border-bottom-width: 0px !important;padding-bottom: 0px !important;}\u00a0\u00bb][vc_column_inner width=\u00a0\u00bb1\/2&Prime; css=\u00a0\u00bb.vc_custom_1629198266743{padding-top: 30px !important;padding-bottom: 0px !important;}\u00a0\u00bb][vc_column_text animation=\u00a0\u00bbgrve-fade-in-up\u00a0\u00bb animation_delay=\u00a0\u00bb400&Prime;]<\/p>\n<p><strong>Construisez votre noyau num\u00e9rique<\/strong><br \/>\nNous construirons vos fondations avec vous, en veillant \u00e0 ce que votre noyau num\u00e9rique soit s\u00e9curis\u00e9, robuste et performant \u00e0 la vitesse de l&rsquo;entreprise. Notre plateforme de cloud computing et nos services de lieux de travail modernes vous permettront de disposer d&rsquo;une infrastructure transform\u00e9e et modernis\u00e9e, et nous veillerons \u00e0 ce qu&rsquo;elle soit g\u00e9r\u00e9e en fonction des besoins de votre entreprise et du paysage en constante \u00e9volution de la technologie du cloud computing.<\/p>\n<p><strong>Cr\u00e9er de meilleures m\u00e9thodes de travail<\/strong><br \/>\nLa compr\u00e9hension de votre organisation est la premi\u00e8re \u00e9tape de la mise en place de mod\u00e8les et de pratiques de travail plus efficaces. En impliquant votre personnel \u00e0 tous les niveaux gr\u00e2ce \u00e0 nos capacit\u00e9s de conseil, nous vous aiderons \u00e0 identifier pr\u00e9cis\u00e9ment o\u00f9 les m\u00e9thodes de travail num\u00e9riques peuvent acc\u00e9l\u00e9rer les op\u00e9rations et am\u00e9liorer le travail. Nous vous aiderons \u00e0 identifier les avantages tangibles et \u00e0 les faire profiter \u00e0 vos employ\u00e9s et \u00e0 vos clients.<\/p>\n<p>[\/vc_column_text][\/vc_column_inner][vc_column_inner width=\u00a0\u00bb1\/2&Prime; css=\u00a0\u00bb.vc_custom_1629198276419{padding-top: 30px !important;}\u00a0\u00bb][vc_column_text animation=\u00a0\u00bbgrve-fade-in-up\u00a0\u00bb animation_delay=\u00a0\u00bb400&Prime;]<strong>Changement pour les organisations d&rsquo;entreprise<\/strong><br \/>\nIl ne suffit pas de cr\u00e9er une infrastructure cloud moderne ou de mod\u00e9liser des processus plus efficaces, vous devez \u00e9galement prendre en charge les changements culturels et comportementaux n\u00e9cessaires pour profiter pleinement de votre avantage num\u00e9rique. Nos services de gestion du changement et d&rsquo;adoption num\u00e9rique construiront une vision convaincante et exposeront clairement le \u00ab\u00a0pourquoi\u00a0\u00bb pour votre organisation. Nous fournirons ensuite \u00e0 chacun les connaissances et la confiance dont ils ont besoin pour int\u00e9grer de meilleures m\u00e9thodes de travail afin d&rsquo;offrir des avantages durables.<\/p>\n<p><strong>D\u00e9montrer la valeur<\/strong><br \/>\nUn \u00e9l\u00e9ment essentiel pour offrir de meilleures m\u00e9thodes de travail num\u00e9riques est une preuve de valeur pour votre organisation. Les initiatives num\u00e9riques ont souvent l&rsquo;impression que l&rsquo;argent est d\u00e9pens\u00e9, que des changements perturbateurs se produisent, mais que tout le monde continue comme avant. Nos services de r\u00e9alisation des b\u00e9n\u00e9fices vous aident \u00e0 prouver la valeur de votre investissement num\u00e9rique en termes concrets que votre entreprise comprendra. En outre, notre cadre de reconnaissance de la valeur \u00e9tablit un lien clair entre les capacit\u00e9s num\u00e9riques fournies et les r\u00e9sultats commerciaux qu&rsquo;elles soutiennent, comblant ainsi le foss\u00e9 entre la valeur informatique et la valeur commerciale.[\/vc_column_text][\/vc_column_inner][\/vc_row_inner][\/vc_column][\/vc_row][vc_row bg_type=\u00a0\u00bbgradient\u00a0\u00bb bg_gradient_color_1=\u00a0\u00bb#eeeeee\u00a0\u00bb bg_gradient_color_2=\u00a0\u00bbrgba(255,255,255,0.9)\u00a0\u00bb bg_gradient_direction=\u00a0\u00bb180&Prime; padding_top_multiplier=\u00a0\u00bb\u00a0\u00bb padding_bottom_multiplier=\u00a0\u00bb\u00a0\u00bb separator_top=\u00a0\u00bbtilt-left-separator\u00a0\u00bb][vc_column]<div class=\"grve-empty-space\" style=\"height: 150px;\"><\/div>[\/vc_column][\/vc_row][vc_row padding_top_multiplier=\u00a0\u00bb\u00a0\u00bb padding_bottom_multiplier=\u00a0\u00bb2x\u00a0\u00bb columns_gap=\u00a0\u00bb60&Prime;][vc_column width=\u00a0\u00bb1\/6&Prime; tablet_sm_width=\u00a0\u00bbhide\u00a0\u00bb mobile_width=\u00a0\u00bbhide\u00a0\u00bb][\/vc_column][vc_column width=\u00a0\u00bb2\/3&Prime; tablet_sm_width=\u00a0\u00bb1&Prime; font_color=\u00a0\u00bb#000000&Prime;][vc_column_text text_style=\u00a0\u00bbleader-text\u00a0\u00bb animation=\u00a0\u00bbgrve-fade-in-up\u00a0\u00bb animation_delay=\u00a0\u00bb400&Prime;]<\/p>\n<h1 style=\"text-align: center;\"><strong><span style=\"color: #ffc423; letter-spacing: -3px;\">&#8212;&#8211;<\/span><\/strong><\/h1>\n<h1 style=\"text-align: center;\"><b>Pourquoi Sword ?<\/b><\/h1>\n<p>[\/vc_column_text][\/vc_column][vc_column width=\u00a0\u00bb1\/6&Prime; tablet_sm_width=\u00a0\u00bbhide\u00a0\u00bb mobile_width=\u00a0\u00bbhide\u00a0\u00bb][\/vc_column][\/vc_row][vc_row padding_top_multiplier=\u00a0\u00bb\u00a0\u00bb padding_bottom_multiplier=\u00a0\u00bb\u00a0\u00bb columns_gap=\u00a0\u00bb60&Prime; equal_column_height=\u00a0\u00bbequal-column\u00a0\u00bb margin_bottom=\u00a0\u00bb75px\u00a0\u00bb][vc_column width=\u00a0\u00bb1\/3&Prime; css=\u00a0\u00bb.vc_custom_1619176565195{padding-right: 5% !important;padding-left: 5% !important;}\u00a0\u00bb]<div class=\"grve-element grve-box-icon grve-extra-large grve-top-icon grve-align-center grve-animated-item grve-fade-in-up grve-duration-normal vert_centre_outer\" style=\"\" data-delay=\"200\"><div class=\"grve-image-icon\"><img loading=\"lazy\" decoding=\"async\" width=\"798\" height=\"798\" src=\"https:\/\/www.sword-group.com\/wp-content\/uploads\/2021\/06\/icons-small-data-manage.jpg\" class=\"attachment-full size-full\" alt=\"\" srcset=\"https:\/\/www.sword-group.com\/wp-content\/uploads\/2021\/06\/icons-small-data-manage.jpg 798w, https:\/\/www.sword-group.com\/wp-content\/uploads\/2021\/06\/icons-small-data-manage-300x300.jpg 300w, https:\/\/www.sword-group.com\/wp-content\/uploads\/2021\/06\/icons-small-data-manage-150x150.jpg 150w, https:\/\/www.sword-group.com\/wp-content\/uploads\/2021\/06\/icons-small-data-manage-768x768.jpg 768w, https:\/\/www.sword-group.com\/wp-content\/uploads\/2021\/06\/icons-small-data-manage-560x560.jpg 560w\" sizes=\"auto, (max-width: 798px) 100vw, 798px\" \/><\/div><div class=\"grve-box-content\"><div class=\"grve-box-title-wrapper\"><h3 class=\"grve-box-title grve-h5\">EXPERTISE ET EXP\u00c9RIENCE<\/h3><\/div>  <p class=\"grve-leader-text\">Construites \u00e0 partir de nombreuses ann\u00e9es de mise en place de nouvelles m\u00e9thodes de travail num\u00e9riques pour un grand nombre d&rsquo;industries.<\/p><\/div><\/div>[\/vc_column][vc_column width=\u00a0\u00bb1\/3&Prime; css=\u00a0\u00bb.vc_custom_1618995773747{padding-right: 5% !important;padding-left: 5% !important;}\u00a0\u00bb]<div class=\"grve-element grve-box-icon grve-extra-large grve-top-icon grve-align-center grve-animated-item grve-fade-in-up grve-duration-normal vert_centre_outer\" style=\"\" data-delay=\"400\"><div class=\"grve-image-icon\"><img loading=\"lazy\" decoding=\"async\" width=\"798\" height=\"798\" src=\"https:\/\/www.sword-group.com\/wp-content\/uploads\/2021\/06\/icons-small-internet-thigns.jpg\" class=\"attachment-full size-full\" alt=\"\" srcset=\"https:\/\/www.sword-group.com\/wp-content\/uploads\/2021\/06\/icons-small-internet-thigns.jpg 798w, https:\/\/www.sword-group.com\/wp-content\/uploads\/2021\/06\/icons-small-internet-thigns-300x300.jpg 300w, https:\/\/www.sword-group.com\/wp-content\/uploads\/2021\/06\/icons-small-internet-thigns-150x150.jpg 150w, https:\/\/www.sword-group.com\/wp-content\/uploads\/2021\/06\/icons-small-internet-thigns-768x768.jpg 768w, https:\/\/www.sword-group.com\/wp-content\/uploads\/2021\/06\/icons-small-internet-thigns-560x560.jpg 560w\" sizes=\"auto, (max-width: 798px) 100vw, 798px\" \/><\/div><div class=\"grve-box-content\"><div class=\"grve-box-title-wrapper\"><h3 class=\"grve-box-title grve-h5\">\u00c9TENDUE DES SERVICES<\/h3><\/div>  <p class=\"grve-leader-text\">Aider \u00e0 fournir votre noyau num\u00e9rique et \u00e0 int\u00e9grer de meilleures m\u00e9thodes de travail dans votre entreprise<\/p><\/div><\/div>[\/vc_column][vc_column width=\u00a0\u00bb1\/3&Prime;]<div class=\"grve-element grve-box-icon grve-extra-large grve-top-icon grve-align-center grve-animated-item grve-fade-in-up grve-duration-normal vert_centre_outer\" style=\"\" data-delay=\"400\"><div class=\"grve-image-icon\"><img loading=\"lazy\" decoding=\"async\" width=\"798\" height=\"798\" src=\"https:\/\/www.sword-group.com\/wp-content\/uploads\/2021\/06\/icons-small-internet-thigns.jpg\" class=\"attachment-full size-full\" alt=\"\" srcset=\"https:\/\/www.sword-group.com\/wp-content\/uploads\/2021\/06\/icons-small-internet-thigns.jpg 798w, https:\/\/www.sword-group.com\/wp-content\/uploads\/2021\/06\/icons-small-internet-thigns-300x300.jpg 300w, https:\/\/www.sword-group.com\/wp-content\/uploads\/2021\/06\/icons-small-internet-thigns-150x150.jpg 150w, https:\/\/www.sword-group.com\/wp-content\/uploads\/2021\/06\/icons-small-internet-thigns-768x768.jpg 768w, https:\/\/www.sword-group.com\/wp-content\/uploads\/2021\/06\/icons-small-internet-thigns-560x560.jpg 560w\" sizes=\"auto, (max-width: 798px) 100vw, 798px\" \/><\/div><div class=\"grve-box-content\"><div class=\"grve-box-title-wrapper\"><h3 class=\"grve-box-title grve-h5\">RENTABLE, \u00c0 FAIBLE RISQUE<\/h3><\/div>  <p class=\"grve-leader-text\">Approche de la conception, du d\u00e9ploiement et de la r\u00e9alisation des avantages<\/p><\/div><\/div>[\/vc_column][\/vc_row][vc_row heading_color=\u00a0\u00bblight\u00a0\u00bb disable_element=\u00a0\u00bbyes\u00a0\u00bb bg_type=\u00a0\u00bbcolor\u00a0\u00bb columns_gap=\u00a0\u00bbnone\u00a0\u00bb bg_color=\u00a0\u00bb#eeeeee\u00a0\u00bb][vc_column][vc_column_text animation=\u00a0\u00bbgrve-fade-in-up\u00a0\u00bb animation_delay=\u00a0\u00bb400&Prime; css=\u00a0\u00bb.vc_custom_1629202304928{padding-top: 30px !important;}\u00a0\u00bb]<\/p>\n<h1 style=\"text-align: center;\"><strong><span style=\"color: #ffc423; letter-spacing: -3px;\">&#8212;&#8211;<\/span><\/strong><\/h1>\n<h2 style=\"text-align: center;\"><strong><br \/>\n<span style=\"color: #4f4f4f;\">Parmi nos clients, citons:<\/span><br \/>\n<\/strong><\/h2>\n<p>[\/vc_column_text]<div class=\"grve-empty-space grve-height-3x\" style=\"\"><\/div><div class=\"grve-element grve-flexible-carousel grve-carousel grve-layout-1 grve-with-gap\" style=\"\"><div class=\"grve-carousel-wrapper\"><div class=\"grve-carousel-navigation grve-dark grve-navigation-1 grve-navigation-carousel\"><div class=\"grve-carousel-buttons\"><div class=\"grve-carousel-prev\"><i class=\"grve-icon-nav-left-small\"><\/i><span class=\"screen-reader-text\">Previous<\/span><\/div><div class=\"grve-carousel-next\"><i class=\"grve-icon-nav-right-small\"><\/i><span class=\"screen-reader-text\">Next<\/span><\/div><\/div><\/div>\t<div class=\"grve-flexible-carousel-element \" data-items=\"3\" data-items-tablet-landscape=\"3\" data-items-tablet-portrait=\"2\" data-items-mobile=\"1\" data-slider-autoplay=\"yes\" data-slider-speed=\"3000\" data-slider-pause=\"no\" data-pagination-speed=\"400\" data-pagination=\"no\" data-slider-autoheight=\"no\"><div class=\"grve-element grve-image grve-align-center\" style=\"\">  <div class=\"grve-image-wrapper\"><img loading=\"lazy\" decoding=\"async\" width=\"700\" height=\"700\" src=\"https:\/\/www.sword-group.com\/wp-content\/uploads\/2021\/08\/logos-leicestershire-police.jpg\" class=\"attachment-full size-full\" alt=\"\" srcset=\"https:\/\/www.sword-group.com\/wp-content\/uploads\/2021\/08\/logos-leicestershire-police.jpg 700w, https:\/\/www.sword-group.com\/wp-content\/uploads\/2021\/08\/logos-leicestershire-police-300x300.jpg 300w, https:\/\/www.sword-group.com\/wp-content\/uploads\/2021\/08\/logos-leicestershire-police-150x150.jpg 150w, https:\/\/www.sword-group.com\/wp-content\/uploads\/2021\/08\/logos-leicestershire-police-560x560.jpg 560w\" sizes=\"auto, (max-width: 700px) 100vw, 700px\" \/>   <\/div><\/div>\t<\/div>  <\/div><\/div><div class=\"grve-empty-space\" style=\"height: 60px;\"><\/div>[\/vc_column][\/vc_row][vc_row padding_bottom_multiplier=\u00a0\u00bb\u00a0\u00bb columns_gap=\u00a0\u00bb60&Prime; equal_column_height=\u00a0\u00bbequal-column\u00a0\u00bb][vc_column]<div class=\"grve-empty-space\" style=\"height: 50px;\"><\/div>[vc_row_inner css=\u00a0\u00bb.vc_custom_1620377545475{margin-bottom: 0px !important;border-bottom-width: 0px !important;padding-bottom: 0px !important;}\u00a0\u00bb][vc_column_inner width=\u00a0\u00bb1\/2&Prime; css=\u00a0\u00bb.vc_custom_1620743653441{padding-top: 0px !important;padding-right: 15% !important;padding-bottom: 0px !important;padding-left: 15% !important;}\u00a0\u00bb]<div class=\"grve-element grve-image grve-align-center\" style=\"margin-bottom: 0px;\">  <div class=\"grve-image-wrapper\"><img loading=\"lazy\" decoding=\"async\" width=\"542\" height=\"900\" src=\"https:\/\/www.sword-group.com\/wp-content\/uploads\/2021\/05\/friendly-2.jpg\" class=\"attachment-full size-full\" alt=\"\" srcset=\"https:\/\/www.sword-group.com\/wp-content\/uploads\/2021\/05\/friendly-2.jpg 542w, https:\/\/www.sword-group.com\/wp-content\/uploads\/2021\/05\/friendly-2-181x300.jpg 181w\" sizes=\"auto, (max-width: 542px) 100vw, 542px\" \/>   <\/div><\/div>[\/vc_column_inner][vc_column_inner width=\u00a0\u00bb1\/2&Prime; css=\u00a0\u00bb.vc_custom_1629188581663{margin-top: 0px !important;margin-right: 0px !important;margin-bottom: 0px !important;margin-left: 0px !important;border-top-width: 0px !important;border-right-width: 0px !important;border-bottom-width: 0px !important;border-left-width: 0px !important;padding-right: 0% !important;padding-bottom: 0px !important;padding-left: 0px !important;}\u00a0\u00bb][vc_column_text text_style=\u00a0\u00bbleader-text\u00a0\u00bb animation=\u00a0\u00bbgrve-fade-in-up\u00a0\u00bb animation_delay=\u00a0\u00bb400&Prime; css=\u00a0\u00bb.vc_custom_1629296480527{padding-top: 10px !important;}\u00a0\u00bb]<\/p>\n<h1 style=\"text-align: left;\"><strong><span style=\"color: #ffc423; letter-spacing: -3px;\">&#8212;&#8211;<\/span><\/strong><\/h1>\n<h2><strong>Contactez-nous<\/strong><\/h2>\n<p>N&rsquo;h\u00e9sitez pas \u00e0 nous contacter d\u00e8s aujourd&rsquo;hui pour discuter des besoins de votre projet num\u00e9rique.[\/vc_column_text]<div class=\"grve-empty-space\" style=\"height: 35px;\"><\/div><div class=\"grve-element grve-align-left grve-animated-item grve-fade-in-up grve-duration-normal grve-fluid-button\" data-delay=\"200\"><a href=\"\/contact\/?lang=fr\" class=\"grve-btn grve-btn-small grve-round grve-bg-primary-6 grve-bg-hover-grey\" style=\"max-width: 250px;\"><span>CONTACTEZ-NOUS<\/span><\/a><\/div><div class=\"grve-empty-space\" style=\"height: 35px;\"><\/div>[\/vc_column_inner][\/vc_row_inner][\/vc_column][\/vc_row]<\/p>\n<\/div>","protected":false},"excerpt":{"rendered":"<p>[vc_row heading_color=\u00a0\u00bblight\u00a0\u00bb bg_type=\u00a0\u00bbimage\u00a0\u00bb bg_image=\u00a0\u00bb23780&Prime; bg_image_size=\u00a0\u00bbresponsive\u00a0\u00bb bg_position=\u00a0\u00bbcenter-top\u00a0\u00bb bg_tablet_sm_position=\u00a0\u00bbleft-top\u00a0\u00bb opacity_overlay=\u00a0\u00bb60&Prime; padding_top_multiplier=\u00a0\u00bbcustom\u00a0\u00bb padding_bottom_multiplier=\u00a0\u00bbcustom\u00a0\u00bb columns_gap=\u00a0\u00bb60&Prime; separator_bottom=\u00a0\u00bbtilt-left-separator\u00a0\u00bb font_color=\u00a0\u00bb#000000&Prime; margin_bottom=\u00a0\u00bb0&Prime; padding_top=\u00a0\u00bb0&Prime; padding_bottom=\u00a0\u00bb0&Prime;][vc_column width=\u00a0\u00bb1\/2&Prime; css=\u00a0\u00bb.vc_custom_1624267581567{margin-bottom: 0px !important;padding-right: 10% !important;}\u00a0\u00bb][vc_column_text text_style=\u00a0\u00bbleader-text\u00a0\u00bb animation=\u00a0\u00bbgrve-fade-in-up\u00a0\u00bb animation_delay=\u00a0\u00bb400&Prime;] &#8212;&#8211; Les m\u00e9thodes de travail num\u00e9riques Donnez \u00e0 votre organisation les moyens d&rsquo;en faire plus Le cloud moderne et les capacit\u00e9s num\u00e9riques hautement mobiles constitueront le fondement de la croissance [&hellip;]<\/p>\n","protected":false},"author":1,"featured_media":0,"parent":0,"menu_order":0,"comment_status":"closed","ping_status":"closed","template":"","meta":{"footnotes":"","_links_to":"","_links_to_target":""},"class_list":["post-24339","page","type-page","status-publish","hentry"],"_links":{"self":[{"href":"https:\/\/www.sword-group.com\/fr\/wp-json\/wp\/v2\/pages\/24339","targetHints":{"allow":["GET"]}}],"collection":[{"href":"https:\/\/www.sword-group.com\/fr\/wp-json\/wp\/v2\/pages"}],"about":[{"href":"https:\/\/www.sword-group.com\/fr\/wp-json\/wp\/v2\/types\/page"}],"author":[{"embeddable":true,"href":"https:\/\/www.sword-group.com\/fr\/wp-json\/wp\/v2\/users\/1"}],"replies":[{"embeddable":true,"href":"https:\/\/www.sword-group.com\/fr\/wp-json\/wp\/v2\/comments?post=24339"}],"version-history":[{"count":0,"href":"https:\/\/www.sword-group.com\/fr\/wp-json\/wp\/v2\/pages\/24339\/revisions"}],"wp:attachment":[{"href":"https:\/\/www.sword-group.com\/fr\/wp-json\/wp\/v2\/media?parent=24339"}],"curies":[{"name":"wp","href":"https:\/\/api.w.org\/{rel}","templated":true}]}}