{"id":24979,"date":"2021-08-25T15:01:50","date_gmt":"2021-08-25T15:01:50","guid":{"rendered":"https:\/\/swordgroupprod.wpengine.com\/operer-dans-le-cloud\/"},"modified":"2023-09-18T09:00:28","modified_gmt":"2023-09-18T09:00:28","slug":"operer-dans-le-cloud","status":"publish","type":"page","link":"https:\/\/www.sword-group.com\/fr\/operer-dans-le-cloud\/","title":{"rendered":"Fonctionnement dans le cloud"},"content":{"rendered":"<div class=\"wpb-content-wrapper\"><p>[vc_row heading_color=\u00a0\u00bblight\u00a0\u00bb bg_type=\u00a0\u00bbimage\u00a0\u00bb bg_image=\u00a0\u00bb22737&Prime; bg_image_size=\u00a0\u00bbresponsive\u00a0\u00bb bg_position=\u00a0\u00bbcenter-top\u00a0\u00bb bg_tablet_sm_position=\u00a0\u00bbleft-center\u00a0\u00bb opacity_overlay=\u00a0\u00bb60&Prime; padding_top_multiplier=\u00a0\u00bbcustom\u00a0\u00bb padding_bottom_multiplier=\u00a0\u00bbcustom\u00a0\u00bb columns_gap=\u00a0\u00bb60&Prime; separator_bottom=\u00a0\u00bbtilt-left-separator\u00a0\u00bb font_color=\u00a0\u00bb#000000&Prime; margin_bottom=\u00a0\u00bb0&Prime; padding_top=\u00a0\u00bb0&Prime; padding_bottom=\u00a0\u00bb0&Prime;][vc_column width=\u00a0\u00bb1\/2&Prime; css=\u00a0\u00bb.vc_custom_1624267581567{margin-bottom: 0px !important;padding-right: 10% !important;}\u00a0\u00bb]<div class=\"grve-empty-space grve-height-1x\" style=\"\"><\/div>[vc_column_text text_style=\u00a0\u00bbleader-text\u00a0\u00bb animation=\u00a0\u00bbgrve-fade-in-up\u00a0\u00bb animation_delay=\u00a0\u00bb400&Prime;]<\/p>\n<h1 style=\"text-align: left;\"><strong><span style=\"color: #ffc423; letter-spacing: -3px;\">&#8212;&#8211;<\/span><\/strong><\/h1>\n<h1 style=\"text-align: left;\"><span style=\"color: #ffffff;\"><b>Fonctionnement dans le cloud <\/b><\/span><\/h1>\n<h4 style=\"text-align: left;\"><span style=\"color: #ffffff;\">Profitez des avantages d&rsquo;une plateforme agile, s\u00e9curis\u00e9e, performante et rentable pour g\u00e9rer votre entreprise. <\/span><\/h4>\n<p style=\"text-align: left;\"><span style=\"color: #4f4f4f;\"><span style=\"color: #ffffff;\">R\u00e9pondez plus rapidement aux besoins de votre entreprise et exploitez la puissance de la s\u00e9curit\u00e9, de la t\u00e9l\u00e9m\u00e9trie et des capacit\u00e9s avanc\u00e9es pour fournir \u00e0 votre organisation les services dont elle a besoin pour \u00eatre comp\u00e9titive dans un monde de plus en plus concurrentiel et digitale. <\/span><br \/>\n<\/span><\/p>\n<p>[\/vc_column_text]<div class=\"grve-empty-space\" style=\"height: 120px;\"><\/div>[\/vc_column][vc_column width=\u00a0\u00bb1\/2&Prime;][\/vc_column][\/vc_row][vc_row padding_top_multiplier=\u00a0\u00bb\u00a0\u00bb padding_bottom_multiplier=\u00a0\u00bb2x\u00a0\u00bb columns_gap=\u00a0\u00bb60&Prime;][vc_column width=\u00a0\u00bb1\/6&Prime; tablet_sm_width=\u00a0\u00bbhide\u00a0\u00bb mobile_width=\u00a0\u00bbhide\u00a0\u00bb][\/vc_column][vc_column width=\u00a0\u00bb2\/3&Prime; tablet_sm_width=\u00a0\u00bb1&Prime; font_color=\u00a0\u00bb#000000&Prime;]<div class=\"grve-empty-space grve-height-1x\" style=\"\"><\/div>[vc_column_text text_style=\u00a0\u00bbleader-text\u00a0\u00bb animation=\u00a0\u00bbgrve-fade-in-up\u00a0\u00bb animation_delay=\u00a0\u00bb400&Prime;]<\/p>\n<h1 style=\"text-align: center;\"><strong><span style=\"color: #ffc423; letter-spacing: -3px;\">&#8212;&#8211;<\/span><\/strong><\/h1>\n<h1 style=\"text-align: center;\"><b>Savoir-faire Sword<\/b><\/h1>\n<p>[\/vc_column_text][\/vc_column][vc_column width=\u00a0\u00bb1\/6&Prime; tablet_sm_width=\u00a0\u00bbhide\u00a0\u00bb mobile_width=\u00a0\u00bbhide\u00a0\u00bb][\/vc_column][\/vc_row][vc_row padding_top_multiplier=\u00a0\u00bb\u00a0\u00bb padding_bottom_multiplier=\u00a0\u00bb\u00a0\u00bb columns_gap=\u00a0\u00bb60&Prime; equal_column_height=\u00a0\u00bbequal-column\u00a0\u00bb margin_bottom=\u00a0\u00bb75px\u00a0\u00bb][vc_column width=\u00a0\u00bb1\/4&Prime; css=\u00a0\u00bb.vc_custom_1619176565195{padding-right: 5% !important;padding-left: 5% !important;}\u00a0\u00bb]<div class=\"grve-element grve-box-icon grve-extra-large grve-top-icon grve-align-center grve-animated-item grve-fade-in-up grve-duration-normal vert_centre_outer\" style=\"\" data-delay=\"200\"><div class=\"grve-image-icon\"><img loading=\"lazy\" decoding=\"async\" width=\"798\" height=\"798\" src=\"https:\/\/www.sword-group.com\/wp-content\/uploads\/2021\/06\/icons-small-calculation.jpg\" class=\"attachment-full size-full\" alt=\"\" srcset=\"https:\/\/www.sword-group.com\/wp-content\/uploads\/2021\/06\/icons-small-calculation.jpg 798w, https:\/\/www.sword-group.com\/wp-content\/uploads\/2021\/06\/icons-small-calculation-300x300.jpg 300w, https:\/\/www.sword-group.com\/wp-content\/uploads\/2021\/06\/icons-small-calculation-150x150.jpg 150w, https:\/\/www.sword-group.com\/wp-content\/uploads\/2021\/06\/icons-small-calculation-768x768.jpg 768w, https:\/\/www.sword-group.com\/wp-content\/uploads\/2021\/06\/icons-small-calculation-560x560.jpg 560w\" sizes=\"auto, (max-width: 798px) 100vw, 798px\" \/><\/div><div class=\"grve-box-content\"><div class=\"grve-box-title-wrapper\"><h3 class=\"grve-box-title grve-h5\">OPTIMISER LES CO\u00dbTS<\/h3><\/div><\/div><\/div>[\/vc_column][vc_column width=\u00a0\u00bb1\/4&Prime; css=\u00a0\u00bb.vc_custom_1618995773747{padding-right: 5% !important;padding-left: 5% !important;}\u00a0\u00bb]<div class=\"grve-element grve-box-icon grve-extra-large grve-top-icon grve-align-center grve-animated-item grve-fade-in-up grve-duration-normal vert_centre_outer\" style=\"\" data-delay=\"400\"><div class=\"grve-image-icon\"><img loading=\"lazy\" decoding=\"async\" width=\"798\" height=\"798\" src=\"https:\/\/www.sword-group.com\/wp-content\/uploads\/2021\/08\/icons-small-SCALABLE.jpg\" class=\"attachment-full size-full\" alt=\"\" srcset=\"https:\/\/www.sword-group.com\/wp-content\/uploads\/2021\/08\/icons-small-SCALABLE.jpg 798w, https:\/\/www.sword-group.com\/wp-content\/uploads\/2021\/08\/icons-small-SCALABLE-300x300.jpg 300w, https:\/\/www.sword-group.com\/wp-content\/uploads\/2021\/08\/icons-small-SCALABLE-150x150.jpg 150w, https:\/\/www.sword-group.com\/wp-content\/uploads\/2021\/08\/icons-small-SCALABLE-768x768.jpg 768w, https:\/\/www.sword-group.com\/wp-content\/uploads\/2021\/08\/icons-small-SCALABLE-560x560.jpg 560w\" sizes=\"auto, (max-width: 798px) 100vw, 798px\" \/><\/div><div class=\"grve-box-content\"><div class=\"grve-box-title-wrapper\"><h3 class=\"grve-box-title grve-h5\">PLATEFORME FLEXIBLE ET \u00c9VOLUTIVE<\/h3><\/div><\/div><\/div>[\/vc_column][vc_column width=\u00a0\u00bb1\/4&Prime; css=\u00a0\u00bb.vc_custom_1618995782087{padding-right: 5% !important;padding-left: 5% !important;}\u00a0\u00bb]<div class=\"grve-element grve-box-icon grve-extra-large grve-top-icon grve-align-center grve-animated-item grve-fade-in-up grve-duration-normal vert_centre_outer\" style=\"\" data-delay=\"600\"><div class=\"grve-image-icon\"><img loading=\"lazy\" decoding=\"async\" width=\"798\" height=\"798\" src=\"https:\/\/www.sword-group.com\/wp-content\/uploads\/2021\/08\/icons-small-secure.jpg\" class=\"attachment-full size-full\" alt=\"\" srcset=\"https:\/\/www.sword-group.com\/wp-content\/uploads\/2021\/08\/icons-small-secure.jpg 798w, https:\/\/www.sword-group.com\/wp-content\/uploads\/2021\/08\/icons-small-secure-300x300.jpg 300w, https:\/\/www.sword-group.com\/wp-content\/uploads\/2021\/08\/icons-small-secure-150x150.jpg 150w, https:\/\/www.sword-group.com\/wp-content\/uploads\/2021\/08\/icons-small-secure-768x768.jpg 768w, https:\/\/www.sword-group.com\/wp-content\/uploads\/2021\/08\/icons-small-secure-560x560.jpg 560w\" sizes=\"auto, (max-width: 798px) 100vw, 798px\" \/><\/div><div class=\"grve-box-content\"><div class=\"grve-box-title-wrapper\"><h3 class=\"grve-box-title grve-h5\">S\u00c9CURIT\u00c9 ACCRUE<\/h3><\/div><\/div><\/div>[\/vc_column][vc_column width=\u00a0\u00bb1\/4&Prime;]<div class=\"grve-element grve-box-icon grve-extra-large grve-top-icon grve-align-center grve-animated-item grve-fade-in-up grve-duration-normal vert_centre_outer\" style=\"\" data-delay=\"600\"><div class=\"grve-image-icon\"><img loading=\"lazy\" decoding=\"async\" width=\"798\" height=\"798\" src=\"https:\/\/www.sword-group.com\/wp-content\/uploads\/2021\/06\/icons-small-ux.png\" class=\"attachment-full size-full\" alt=\"\" srcset=\"https:\/\/www.sword-group.com\/wp-content\/uploads\/2021\/06\/icons-small-ux.png 798w, https:\/\/www.sword-group.com\/wp-content\/uploads\/2021\/06\/icons-small-ux-300x300.png 300w, https:\/\/www.sword-group.com\/wp-content\/uploads\/2021\/06\/icons-small-ux-150x150.png 150w, https:\/\/www.sword-group.com\/wp-content\/uploads\/2021\/06\/icons-small-ux-768x768.png 768w, https:\/\/www.sword-group.com\/wp-content\/uploads\/2021\/06\/icons-small-ux-560x560.png 560w\" sizes=\"auto, (max-width: 798px) 100vw, 798px\" \/><\/div><div class=\"grve-box-content\"><div class=\"grve-box-title-wrapper\"><h3 class=\"grve-box-title grve-h5\">ACC\u00c8S FACILE \u00c0 DES SERVICES PUISSANTS<\/h3><\/div><\/div><\/div>[\/vc_column][\/vc_row][vc_row bg_type=\u00a0\u00bbgradient\u00a0\u00bb bg_gradient_color_1=\u00a0\u00bb#eeeeee\u00a0\u00bb bg_gradient_color_2=\u00a0\u00bbrgba(255,255,255,0.9)\u00a0\u00bb bg_gradient_direction=\u00a0\u00bb180&Prime; padding_top_multiplier=\u00a0\u00bb\u00a0\u00bb padding_bottom_multiplier=\u00a0\u00bb\u00a0\u00bb separator_top=\u00a0\u00bbtilt-left-separator\u00a0\u00bb][vc_column]<div class=\"grve-empty-space\" style=\"height: 150px;\"><\/div>[\/vc_column][\/vc_row][vc_row padding_top_multiplier=\u00a0\u00bbcustom\u00a0\u00bb padding_bottom_multiplier=\u00a0\u00bb\u00a0\u00bb columns_gap=\u00a0\u00bb60&Prime; equal_column_height=\u00a0\u00bbequal-column\u00a0\u00bb margin_bottom=\u00a0\u00bb75px\u00a0\u00bb][vc_column css=\u00a0\u00bb.vc_custom_1624026587586{padding-top: 12px !important;}\u00a0\u00bb][vc_row_inner css=\u00a0\u00bb.vc_custom_1620377545475{margin-bottom: 0px !important;border-bottom-width: 0px !important;padding-bottom: 0px !important;}\u00a0\u00bb][vc_column_inner width=\u00a0\u00bb1\/2&Prime; css=\u00a0\u00bb.vc_custom_1629195297297{margin-top: 0px !important;margin-right: 0px !important;margin-bottom: 0px !important;margin-left: 0px !important;border-top-width: 0px !important;border-right-width: 0px !important;border-bottom-width: 0px !important;border-left-width: 0px !important;padding-right: 0% !important;padding-bottom: 0px !important;padding-left: 0px !important;}\u00a0\u00bb][vc_column_text animation=\u00a0\u00bbgrve-fade-in-up\u00a0\u00bb animation_delay=\u00a0\u00bb400&Prime;]<\/p>\n<h1 style=\"text-align: left;\"><strong><span style=\"color: #ffc423; letter-spacing: -3px;\">&#8212;&#8211;<\/span><\/strong><\/h1>\n<h2 style=\"text-align: left;\"><strong>Strat\u00e9gie et planification <\/strong><\/h2>\n<p>L&rsquo;identification et la prise en compte des facteurs commerciaux et techniques justifiant le passage au cloud computing, ainsi que l&rsquo;\u00e9laboration d&rsquo;une analyse de rentabilit\u00e9 du changement, constituent une premi\u00e8re \u00e9tape essentielle pour garantir que votre organisation tire parti des avantages et des opportunit\u00e9s offerts par le cloud computing. Notre \u00e9quipe d&rsquo;experts peut vous aider \u00e0 d\u00e9finir une strat\u00e9gie claire et \u00e0 planifier votre r\u00e9ussite. [\/vc_column_text][\/vc_column_inner][vc_column_inner width=\u00a0\u00bb1\/2&Prime; css=\u00a0\u00bb.vc_custom_1631530578911{padding-top: 30px !important;padding-right: 12% !important;padding-bottom: 0px !important;padding-left: 12% !important;}\u00a0\u00bb]<div class=\"grve-element grve-image grve-animated-item grve-duration-normal grve-fade-in-up grve-align-center\" style=\"\" data-delay=\"200\">  <div class=\"grve-image-wrapper\"><img loading=\"lazy\" decoding=\"async\" width=\"900\" height=\"709\" src=\"https:\/\/www.sword-group.com\/wp-content\/uploads\/2021\/05\/Managed-cloud-security.png\" class=\"attachment-full size-full\" alt=\"\" srcset=\"https:\/\/www.sword-group.com\/wp-content\/uploads\/2021\/05\/Managed-cloud-security.png 900w, https:\/\/www.sword-group.com\/wp-content\/uploads\/2021\/05\/Managed-cloud-security-300x236.png 300w, https:\/\/www.sword-group.com\/wp-content\/uploads\/2021\/05\/Managed-cloud-security-768x605.png 768w\" sizes=\"auto, (max-width: 900px) 100vw, 900px\" \/>   <\/div><\/div>[\/vc_column_inner][\/vc_row_inner][\/vc_column][\/vc_row][vc_row bg_type=\u00a0\u00bbgradient\u00a0\u00bb bg_gradient_color_1=\u00a0\u00bb#eeeeee\u00a0\u00bb bg_gradient_color_2=\u00a0\u00bbrgba(255,255,255,0.9)\u00a0\u00bb bg_gradient_direction=\u00a0\u00bb180&Prime; padding_top_multiplier=\u00a0\u00bb\u00a0\u00bb padding_bottom_multiplier=\u00a0\u00bb\u00a0\u00bb separator_top=\u00a0\u00bbtilt-left-separator\u00a0\u00bb][vc_column]<div class=\"grve-empty-space\" style=\"height: 150px;\"><\/div>[\/vc_column][\/vc_row][vc_row padding_top_multiplier=\u00a0\u00bbcustom\u00a0\u00bb padding_bottom_multiplier=\u00a0\u00bb\u00a0\u00bb columns_gap=\u00a0\u00bb60&Prime; equal_column_height=\u00a0\u00bbequal-column\u00a0\u00bb margin_bottom=\u00a0\u00bb75px\u00a0\u00bb][vc_column css=\u00a0\u00bb.vc_custom_1624026587586{padding-top: 12px !important;}\u00a0\u00bb][vc_row_inner css=\u00a0\u00bb.vc_custom_1620377545475{margin-bottom: 0px !important;border-bottom-width: 0px !important;padding-bottom: 0px !important;}\u00a0\u00bb][vc_column_inner width=\u00a0\u00bb1\/2&Prime;][vc_column_text animation=\u00a0\u00bbgrve-fade-in-up\u00a0\u00bb animation_delay=\u00a0\u00bb400&Prime; css=\u00a0\u00bb.vc_custom_1636993752049{padding-bottom: 0px !important;}\u00a0\u00bb]<\/p>\n<h1 style=\"text-align: left;\"><strong><span style=\"color: #ffc423; letter-spacing: -3px;\">&#8212;&#8211;<\/span><\/strong><\/h1>\n<h2 style=\"text-align: left;\"><strong>Impl\u00e9mentation et migration<\/strong><\/h2>\n<p>[\/vc_column_text][vc_column_text animation=\u00a0\u00bbgrve-fade-in-up\u00a0\u00bb animation_delay=\u00a0\u00bb400&Prime; css=\u00a0\u00bb.vc_custom_1629459116082{padding-top: 30px !important;}\u00a0\u00bb]Une migration vers le cloud planifi\u00e9e et mise en \u0153uvre avec succ\u00e8s apportera \u00e0 votre organisation une plus grande flexibilit\u00e9 et un meilleur contr\u00f4le de votre plateforme d&rsquo;infrastructure et vous permettra de r\u00e9pondre plus efficacement \u00e0 l&rsquo;\u00e9volution des besoins de votre entreprise. Nous sommes experts dans la migration des plateformes d&rsquo;infrastructure existantes vers le cloud ainsi que dans la mise en place de nouveaux environnements nets et pouvons garantir que votre parcours se d\u00e9roule sans heurts et de mani\u00e8re pr\u00e9visible, vous permettant ainsi de profiter des avantages du cloud de mani\u00e8re efficace et efficiente.[\/vc_column_text][\/vc_column_inner][vc_column_inner width=\u00a0\u00bb1\/2&Prime; css=\u00a0\u00bb.vc_custom_1629197902379{padding-bottom: 0px !important;}\u00a0\u00bb][vc_column_text animation=\u00a0\u00bbgrve-fade-in-up\u00a0\u00bb animation_delay=\u00a0\u00bb400&Prime; css=\u00a0\u00bb.vc_custom_1636993637897{padding-bottom: 0px !important;}\u00a0\u00bb]<\/p>\n<h1 style=\"text-align: left;\"><strong><span style=\"color: #ffc423; letter-spacing: -3px;\">&#8212;&#8211;<\/span><\/strong><\/h1>\n<h2 style=\"text-align: left;\"><strong>Soutenir et \u00e9voluer <\/strong><\/h2>\n<p>[\/vc_column_text][vc_column_text animation=\u00a0\u00bbgrve-fade-in-up\u00a0\u00bb animation_delay=\u00a0\u00bb400&Prime; css=\u00a0\u00bb.vc_custom_1629459175225{padding-top: 30px !important;}\u00a0\u00bb]La nature \u00e9volutive des plateformes Cloud signifie que les capacit\u00e9s sont en constante \u00e9volution, offrant r\u00e9guli\u00e8rement \u00e0 votre organisation de nouvelles possibilit\u00e9s et opportunit\u00e9s. Nous avons une approche mod\u00e9r\u00e9e et proactive de la prise en charge de votre plateforme Cloud qui s&rsquo;adapte au changement et vous permet de profiter de ces opportunit\u00e9s tout en maintenant votre plateforme s\u00e9curis\u00e9e, stable et optimis\u00e9e en termes de co\u00fbts.[\/vc_column_text][\/vc_column_inner][\/vc_row_inner][\/vc_column][\/vc_row][vc_row heading_color=\u00a0\u00bblight\u00a0\u00bb disable_element=\u00a0\u00bbyes\u00a0\u00bb bg_type=\u00a0\u00bbcolor\u00a0\u00bb columns_gap=\u00a0\u00bbnone\u00a0\u00bb bg_color=\u00a0\u00bb#eeeeee\u00a0\u00bb][vc_column][vc_column_text animation=\u00a0\u00bbgrve-fade-in-up\u00a0\u00bb animation_delay=\u00a0\u00bb400&Prime; css=\u00a0\u00bb.vc_custom_1636993674409{padding-top: 30px !important;}\u00a0\u00bb]<\/p>\n<h1 style=\"text-align: center;\"><strong><span style=\"color: #ffc423; letter-spacing: -3px;\">&#8212;&#8211;<\/span><\/strong><\/h1>\n<h2 style=\"text-align: center;\"><strong><span style=\"color: #4f4f4f;\">Nos clients et partenaires comprennent: <\/span><\/strong><\/h2>\n<p>[\/vc_column_text]<div class=\"grve-empty-space grve-height-3x\" style=\"\"><\/div><div class=\"grve-element grve-flexible-carousel grve-carousel grve-layout-1 grve-with-gap\" style=\"\"><div class=\"grve-carousel-wrapper\"><div class=\"grve-carousel-navigation grve-dark grve-navigation-1 grve-navigation-carousel\"><div class=\"grve-carousel-buttons\"><div class=\"grve-carousel-prev\"><i class=\"grve-icon-nav-left-small\"><\/i><span class=\"screen-reader-text\">Previous<\/span><\/div><div class=\"grve-carousel-next\"><i class=\"grve-icon-nav-right-small\"><\/i><span class=\"screen-reader-text\">Next<\/span><\/div><\/div><\/div>\t<div class=\"grve-flexible-carousel-element \" data-items=\"4\" data-items-tablet-landscape=\"4\" data-items-tablet-portrait=\"2\" data-items-mobile=\"1\" data-slider-autoplay=\"yes\" data-slider-speed=\"3000\" data-slider-pause=\"no\" data-pagination-speed=\"400\" data-pagination=\"no\" data-slider-autoheight=\"no\"><div class=\"grve-element grve-image grve-align-center\" style=\"\">  <div class=\"grve-image-wrapper\"><img loading=\"lazy\" decoding=\"async\" width=\"700\" height=\"700\" src=\"https:\/\/www.sword-group.com\/wp-content\/uploads\/2021\/08\/logos-generali.jpg\" class=\"attachment-full size-full\" alt=\"\" srcset=\"https:\/\/www.sword-group.com\/wp-content\/uploads\/2021\/08\/logos-generali.jpg 700w, https:\/\/www.sword-group.com\/wp-content\/uploads\/2021\/08\/logos-generali-300x300.jpg 300w, https:\/\/www.sword-group.com\/wp-content\/uploads\/2021\/08\/logos-generali-150x150.jpg 150w, https:\/\/www.sword-group.com\/wp-content\/uploads\/2021\/08\/logos-generali-560x560.jpg 560w\" sizes=\"auto, (max-width: 700px) 100vw, 700px\" \/>   <\/div><\/div><div class=\"grve-element grve-image grve-align-center\" style=\"\">  <div class=\"grve-image-wrapper\"><img loading=\"lazy\" decoding=\"async\" width=\"700\" height=\"700\" src=\"https:\/\/www.sword-group.com\/wp-content\/uploads\/2021\/08\/logos-nhsnss.jpg\" class=\"attachment-full size-full\" alt=\"\" srcset=\"https:\/\/www.sword-group.com\/wp-content\/uploads\/2021\/08\/logos-nhsnss.jpg 700w, https:\/\/www.sword-group.com\/wp-content\/uploads\/2021\/08\/logos-nhsnss-300x300.jpg 300w, https:\/\/www.sword-group.com\/wp-content\/uploads\/2021\/08\/logos-nhsnss-150x150.jpg 150w, https:\/\/www.sword-group.com\/wp-content\/uploads\/2021\/08\/logos-nhsnss-560x560.jpg 560w\" sizes=\"auto, (max-width: 700px) 100vw, 700px\" \/>   <\/div><\/div><div class=\"grve-element grve-image grve-align-center\" style=\"\">  <div class=\"grve-image-wrapper\"><img loading=\"lazy\" decoding=\"async\" width=\"700\" height=\"700\" src=\"https:\/\/www.sword-group.com\/wp-content\/uploads\/2021\/08\/logos-capital-solutions.jpg\" class=\"attachment-full size-full\" alt=\"\" srcset=\"https:\/\/www.sword-group.com\/wp-content\/uploads\/2021\/08\/logos-capital-solutions.jpg 700w, https:\/\/www.sword-group.com\/wp-content\/uploads\/2021\/08\/logos-capital-solutions-300x300.jpg 300w, https:\/\/www.sword-group.com\/wp-content\/uploads\/2021\/08\/logos-capital-solutions-150x150.jpg 150w, https:\/\/www.sword-group.com\/wp-content\/uploads\/2021\/08\/logos-capital-solutions-560x560.jpg 560w\" sizes=\"auto, (max-width: 700px) 100vw, 700px\" \/>   <\/div><\/div><div class=\"grve-element grve-image grve-align-center\" style=\"\">  <div class=\"grve-image-wrapper\"><img loading=\"lazy\" decoding=\"async\" width=\"700\" height=\"700\" src=\"https:\/\/www.sword-group.com\/wp-content\/uploads\/2021\/08\/logos-trustha.jpg\" class=\"attachment-full size-full\" alt=\"\" srcset=\"https:\/\/www.sword-group.com\/wp-content\/uploads\/2021\/08\/logos-trustha.jpg 700w, https:\/\/www.sword-group.com\/wp-content\/uploads\/2021\/08\/logos-trustha-300x300.jpg 300w, https:\/\/www.sword-group.com\/wp-content\/uploads\/2021\/08\/logos-trustha-150x150.jpg 150w, https:\/\/www.sword-group.com\/wp-content\/uploads\/2021\/08\/logos-trustha-560x560.jpg 560w\" sizes=\"auto, (max-width: 700px) 100vw, 700px\" \/>   <\/div><\/div>\t<\/div>  <\/div><\/div><div class=\"grve-empty-space\" style=\"height: 60px;\"><\/div>[\/vc_column][\/vc_row][vc_row padding_bottom_multiplier=\u00a0\u00bb\u00a0\u00bb columns_gap=\u00a0\u00bb60&Prime; equal_column_height=\u00a0\u00bbequal-column\u00a0\u00bb][vc_column]<div class=\"grve-empty-space\" style=\"height: 50px;\"><\/div>[vc_row_inner css=\u00a0\u00bb.vc_custom_1620377545475{margin-bottom: 0px !important;border-bottom-width: 0px !important;padding-bottom: 0px !important;}\u00a0\u00bb][vc_column_inner width=\u00a0\u00bb1\/2&Prime; css=\u00a0\u00bb.vc_custom_1620743653441{padding-top: 0px !important;padding-right: 15% !important;padding-bottom: 0px !important;padding-left: 15% !important;}\u00a0\u00bb]<div class=\"grve-element grve-image grve-align-center\" style=\"margin-bottom: 0px;\">  <div class=\"grve-image-wrapper\"><img loading=\"lazy\" decoding=\"async\" width=\"542\" height=\"900\" src=\"https:\/\/www.sword-group.com\/wp-content\/uploads\/2021\/05\/friendly-2.jpg\" class=\"attachment-full size-full\" alt=\"\" srcset=\"https:\/\/www.sword-group.com\/wp-content\/uploads\/2021\/05\/friendly-2.jpg 542w, https:\/\/www.sword-group.com\/wp-content\/uploads\/2021\/05\/friendly-2-181x300.jpg 181w\" sizes=\"auto, (max-width: 542px) 100vw, 542px\" \/>   <\/div><\/div>[\/vc_column_inner][vc_column_inner width=\u00a0\u00bb1\/2&Prime; css=\u00a0\u00bb.vc_custom_1629188581663{margin-top: 0px !important;margin-right: 0px !important;margin-bottom: 0px !important;margin-left: 0px !important;border-top-width: 0px !important;border-right-width: 0px !important;border-bottom-width: 0px !important;border-left-width: 0px !important;padding-right: 0% !important;padding-bottom: 0px !important;padding-left: 0px !important;}\u00a0\u00bb][vc_column_text text_style=\u00a0\u00bbleader-text\u00a0\u00bb animation=\u00a0\u00bbgrve-fade-in-up\u00a0\u00bb animation_delay=\u00a0\u00bb400&Prime; css=\u00a0\u00bb.vc_custom_1636993721545{padding-top: 10px !important;}\u00a0\u00bb]<\/p>\n<h1 style=\"text-align: left;\"><strong><span style=\"color: #ffc423; letter-spacing: -3px;\">&#8212;&#8211;<\/span><\/strong><\/h1>\n<h2><strong>Contactez-nous <\/strong><\/h2>\n<p>Qu&rsquo;il s&rsquo;agisse de passer d&rsquo;applications h\u00e9berg\u00e9es au cloud, de cr\u00e9er une infrastructure hybride \u00e9volutive ou de d\u00e9ployer rapidement de nouvelles applications, nos \u00e9quipes peuvent vous aider dans tous les aspects de votre voyage dans le cloud.<\/p>\n<p><strong>Contactez-nous d\u00e8s maintenant pour discuter de vos besoins. <\/strong>[\/vc_column_text]<div class=\"grve-empty-space\" style=\"height: 35px;\"><\/div><div class=\"grve-element grve-align-left grve-animated-item grve-fade-in-up grve-duration-normal grve-fluid-button\" data-delay=\"200\"><a href=\"https:\/\/swordgroupprod.wpengine.com\/contact\/?lang=fr\" class=\"grve-btn grve-btn-small grve-round grve-bg-primary-6 grve-bg-hover-grey\" style=\"max-width: 250px;\"><span>CONTACTEZ-NOUS<\/span><\/a><\/div><div class=\"grve-empty-space\" style=\"height: 35px;\"><\/div>[\/vc_column_inner][\/vc_row_inner][\/vc_column][\/vc_row]<\/p>\n<\/div>","protected":false},"excerpt":{"rendered":"<p>[vc_row heading_color=\u00a0\u00bblight\u00a0\u00bb bg_type=\u00a0\u00bbimage\u00a0\u00bb bg_image=\u00a0\u00bb22737&Prime; bg_image_size=\u00a0\u00bbresponsive\u00a0\u00bb bg_position=\u00a0\u00bbcenter-top\u00a0\u00bb bg_tablet_sm_position=\u00a0\u00bbleft-center\u00a0\u00bb opacity_overlay=\u00a0\u00bb60&Prime; padding_top_multiplier=\u00a0\u00bbcustom\u00a0\u00bb padding_bottom_multiplier=\u00a0\u00bbcustom\u00a0\u00bb columns_gap=\u00a0\u00bb60&Prime; separator_bottom=\u00a0\u00bbtilt-left-separator\u00a0\u00bb font_color=\u00a0\u00bb#000000&Prime; margin_bottom=\u00a0\u00bb0&Prime; padding_top=\u00a0\u00bb0&Prime; padding_bottom=\u00a0\u00bb0&Prime;][vc_column width=\u00a0\u00bb1\/2&Prime; css=\u00a0\u00bb.vc_custom_1624267581567{margin-bottom: 0px !important;padding-right: 10% !important;}\u00a0\u00bb][vc_column_text text_style=\u00a0\u00bbleader-text\u00a0\u00bb animation=\u00a0\u00bbgrve-fade-in-up\u00a0\u00bb animation_delay=\u00a0\u00bb400&Prime;] &#8212;&#8211; Fonctionnement dans le cloud Profitez des avantages d&rsquo;une plateforme agile, s\u00e9curis\u00e9e, performante et rentable pour g\u00e9rer votre entreprise. R\u00e9pondez plus rapidement aux besoins de votre entreprise et exploitez la [&hellip;]<\/p>\n","protected":false},"author":1,"featured_media":0,"parent":0,"menu_order":0,"comment_status":"closed","ping_status":"closed","template":"","meta":{"footnotes":"","_links_to":"","_links_to_target":""},"class_list":["post-24979","page","type-page","status-publish","hentry"],"_links":{"self":[{"href":"https:\/\/www.sword-group.com\/fr\/wp-json\/wp\/v2\/pages\/24979","targetHints":{"allow":["GET"]}}],"collection":[{"href":"https:\/\/www.sword-group.com\/fr\/wp-json\/wp\/v2\/pages"}],"about":[{"href":"https:\/\/www.sword-group.com\/fr\/wp-json\/wp\/v2\/types\/page"}],"author":[{"embeddable":true,"href":"https:\/\/www.sword-group.com\/fr\/wp-json\/wp\/v2\/users\/1"}],"replies":[{"embeddable":true,"href":"https:\/\/www.sword-group.com\/fr\/wp-json\/wp\/v2\/comments?post=24979"}],"version-history":[{"count":0,"href":"https:\/\/www.sword-group.com\/fr\/wp-json\/wp\/v2\/pages\/24979\/revisions"}],"wp:attachment":[{"href":"https:\/\/www.sword-group.com\/fr\/wp-json\/wp\/v2\/media?parent=24979"}],"curies":[{"name":"wp","href":"https:\/\/api.w.org\/{rel}","templated":true}]}}