{"id":25850,"date":"2021-08-27T09:37:11","date_gmt":"2021-08-27T09:37:11","guid":{"rendered":"https:\/\/swordgroupprod.wpengine.com\/etude-de-cas-engie-systeme-integre-dinformation-sur-les-biens\/"},"modified":"2021-11-05T14:18:59","modified_gmt":"2021-11-05T14:18:59","slug":"etude-de-cas-engie-systeme-integre-dinformation-sur-les-biens","status":"publish","type":"page","link":"https:\/\/www.sword-group.com\/fr\/etude-de-cas-engie-systeme-integre-dinformation-sur-les-biens\/","title":{"rendered":"\u00c9tude de cas &#8211; Engie &#8211; Syst\u00e8me int\u00e9gr\u00e9 d&rsquo;information sur les biens"},"content":{"rendered":"<div class=\"wpb-content-wrapper\"><p>[vc_row heading_color=\u00a0\u00bblight\u00a0\u00bb bg_type=\u00a0\u00bbimage\u00a0\u00bb bg_image=\u00a0\u00bb19554&Prime; bg_image_size=\u00a0\u00bbresponsive\u00a0\u00bb bg_position=\u00a0\u00bbcenter-top\u00a0\u00bb bg_tablet_sm_position=\u00a0\u00bbcenter-center\u00a0\u00bb opacity_overlay=\u00a0\u00bb60&Prime; padding_top_multiplier=\u00a0\u00bbcustom\u00a0\u00bb padding_bottom_multiplier=\u00a0\u00bbcustom\u00a0\u00bb separator_bottom=\u00a0\u00bbtilt-left-separator\u00a0\u00bb separator_bottom_size=\u00a0\u00bb120px\u00a0\u00bb font_color=\u00a0\u00bb#000000&Prime; margin_bottom=\u00a0\u00bb0&Prime; padding_top=\u00a0\u00bb0&Prime; padding_bottom=\u00a0\u00bb0&Prime;][vc_column width=\u00a0\u00bb2\/3&Prime;]<div class=\"grve-empty-space grve-height-1x\" style=\"\"><\/div>[vc_column_text animation=\u00a0\u00bbgrve-fade-in-up\u00a0\u00bb animation_delay=\u00a0\u00bb400&Prime;]<\/p>\n<h1 style=\"text-align: left;\">\n            <strong><br \/>\n              <span style=\"color: #ffc423; letter-spacing: -3px;\">&#8212;&#8211;<\/span><br \/>\n            <\/strong><br \/>\n          <\/h1>\n<h4>\n            <span style=\"color: #4f4f4f;\">\u00c9TUDE DE CAS<\/span><br \/>\n          <\/h4>\n<h1 style=\"text-align: left;\">\n            <strong><br \/>\n              <span style=\"color: #4f4f4f;\">Engie &#8211; Syst\u00e8me int\u00e9gr\u00e9 d&rsquo;information sur les biens<\/span><br \/>\n            <\/strong><br \/>\n          <\/h1>\n<p>[\/vc_column_text]<div class=\"grve-empty-space\" style=\"height: 200px;\"><\/div>[\/vc_column][vc_column width=\u00a0\u00bb1\/3&Prime;][\/vc_column][\/vc_row][vc_row padding_bottom_multiplier=\u00a0\u00bb\u00a0\u00bb columns_gap=\u00a0\u00bb60&Prime;][vc_column][vc_column_text css=\u00a0\u00bb.vc_custom_1628690241916{padding-bottom: 20px !important;}\u00a0\u00bb]<\/p>\n<h1 style=\"text-align: left;\">\n            <strong><br \/>\n              <span style=\"color: #ffc423; letter-spacing: -3px;\">&#8212;&#8211;<\/span><br \/>\n            <\/strong><br \/>\n          <\/h1>\n<h2>\n            <strong>Contexte du client<\/strong><br \/>\n          <\/h2>\n<p>[\/vc_column_text][vc_row_inner css=\u00a0\u00bb.vc_custom_1627473938991{padding-bottom: 40px !important;}\u00a0\u00bb][vc_column_inner width=\u00a0\u00bb1\/2&Prime;][vc_column_text]ENGIE s&rsquo;engage \u00e0 assurer une croissance responsable de ses activit\u00e9s (\u00e9lectricit\u00e9, gaz et services \u00e9nerg\u00e9tiques) afin de relever les principaux d\u00e9fis de la transition \u00e9nerg\u00e9tique vers une \u00e9conomie \u00e0 faible \u00e9mission de carbone.<\/p>\n<p>Le Groupe d\u00e9veloppe des solutions performantes et innovantes en mati\u00e8re d&rsquo;efficacit\u00e9 \u00e9nerg\u00e9tique et de technologies num\u00e9riques.[\/vc_column_text][\/vc_column_inner][vc_column_inner width=\u00a0\u00bb1\/2&Prime; css=\u00a0\u00bb.vc_custom_1628691949244{padding-right: 10% !important;padding-left: 10% !important;}\u00a0\u00bb]<div class=\"grve-element grve-image grve-align-center\" style=\"\">  <div class=\"grve-image-wrapper\"><img loading=\"lazy\" decoding=\"async\" width=\"900\" height=\"320\" src=\"https:\/\/www.sword-group.com\/wp-content\/uploads\/2021\/08\/engie-logo.png\" class=\"attachment-full size-full\" alt=\"\" srcset=\"https:\/\/www.sword-group.com\/wp-content\/uploads\/2021\/08\/engie-logo.png 900w, https:\/\/www.sword-group.com\/wp-content\/uploads\/2021\/08\/engie-logo-300x107.png 300w, https:\/\/www.sword-group.com\/wp-content\/uploads\/2021\/08\/engie-logo-768x273.png 768w\" sizes=\"auto, (max-width: 900px) 100vw, 900px\" \/>   <\/div><\/div>[\/vc_column_inner][\/vc_row_inner][\/vc_column][\/vc_row][vc_row padding_top_multiplier=\u00a0\u00bb\u00a0\u00bb padding_bottom_multiplier=\u00a0\u00bb\u00a0\u00bb columns_gap=\u00a0\u00bb60&Prime;][vc_column][vc_column_text css=\u00a0\u00bb.vc_custom_1628690400142{padding-bottom: 20px !important;}\u00a0\u00bb]<\/p>\n<h1 style=\"text-align: left;\">\n            <strong><br \/>\n              <span style=\"color: #ffc423; letter-spacing: -3px;\">&#8212;&#8211;<\/span><br \/>\n            <\/strong><br \/>\n          <\/h1>\n<h2>\n            <strong>Objectif commercial du client<\/strong><br \/>\n          <\/h2>\n<p>[\/vc_column_text][vc_row_inner css=\u00a0\u00bb.vc_custom_1627473938991{padding-bottom: 40px !important;}\u00a0\u00bb][vc_column_inner width=\u00a0\u00bb1\/2&Prime;][vc_column_text]D\u00e9ployer une application \u00ab\u00a0Lead to Asset Inventory (L2A) &#8211; Mener \u00e0 l&rsquo;inventaire des actifs \u00a0\u00bb pour capturer, stocker et pr\u00e9senter des informations cl\u00e9s:<\/p>\n<ul>\n<li>Une solution technique pour garantir une saisie et un stockage am\u00e9lior\u00e9s, coh\u00e9rents et intuitifs des informations d\u00e9finissant la nature et le potentiel des pistes, des prospects, des actifs et des licences<\/li>\n<\/ul>\n<p>[\/vc_column_text][\/vc_column_inner][vc_column_inner width=\u00a0\u00bb1\/2&Prime;][vc_column_text]<\/p>\n<ul>\n<li>Une plate-forme de base de donn\u00e9es int\u00e9gr\u00e9e con\u00e7ue pour utiliser les informations stock\u00e9es dans les syst\u00e8mes existants ; la conception d&rsquo;un environnement int\u00e9gr\u00e9 permet l&rsquo;utilisation la plus efficace des informations dans l&rsquo;ensemble de l&rsquo;organisation, maximise la collaboration et r\u00e9duit les informations mal plac\u00e9es ou incorrectes<\/li>\n<\/ul>\n<p>[\/vc_column_text][\/vc_column_inner][\/vc_row_inner][\/vc_column][\/vc_row][vc_row padding_top_multiplier=\u00a0\u00bb\u00a0\u00bb padding_bottom_multiplier=\u00a0\u00bb\u00a0\u00bb columns_gap=\u00a0\u00bb60&Prime;][vc_column][vc_column_text css=\u00a0\u00bb.vc_custom_1628690520734{padding-bottom: 20px !important;}\u00a0\u00bb]<\/p>\n<h1 style=\"text-align: left;\">\n            <strong><br \/>\n              <span style=\"color: #ffc423; letter-spacing: -3px;\">&#8212;&#8211;<\/span><br \/>\n            <\/strong><br \/>\n          <\/h1>\n<h2>\n            <strong>D\u00e9fi commercial du client<\/strong><br \/>\n          <\/h2>\n<p>[\/vc_column_text][vc_row_inner css=\u00a0\u00bb.vc_custom_1627473938991{padding-bottom: 40px !important;}\u00a0\u00bb][vc_column_inner width=\u00a0\u00bb1\/2&Prime;][vc_column_text]Les informations de nos clients d\u00e9crivant les pistes, les prospects, les actifs et les licences \u00e9taient stock\u00e9es sous diverses formes, dans une multitude de lieux, par un certain nombre de membres du personnel. L&rsquo;activit\u00e9 de capture, de stockage et de pr\u00e9sentation de ces informations \u00e9tait manuelle et d\u00e9connect\u00e9e du propri\u00e9taire de l&rsquo;information. En cons\u00e9quence, les informations stock\u00e9es dans l&rsquo;ancien syst\u00e8me centralis\u00e9 (un livre d&rsquo;actifs au format PDF) \u00e9taient devenues obsol\u00e8tes, ce qui suscitait des inqui\u00e9tudes et un manque de confiance.[\/vc_column_text][\/vc_column_inner][vc_column_inner width=\u00a0\u00bb1\/2&Prime;][\/vc_column_inner][\/vc_row_inner][\/vc_column][\/vc_row][vc_row padding_top_multiplier=\u00a0\u00bb\u00a0\u00bb padding_bottom_multiplier=\u00a0\u00bb\u00a0\u00bb columns_gap=\u00a0\u00bb60&Prime;][vc_column][vc_column_text css=\u00a0\u00bb.vc_custom_1628690802837{padding-bottom: 20px !important;}\u00a0\u00bb]<\/p>\n<h1 style=\"text-align: left;\">\n            <strong><br \/>\n              <span style=\"color: #ffc423; letter-spacing: -3px;\">&#8212;&#8211;<\/span><br \/>\n            <\/strong><br \/>\n          <\/h1>\n<h2>\n            <strong>R\u00f4le de Sword<\/strong><br \/>\n          <\/h2>\n<p>[\/vc_column_text][vc_row_inner css=\u00a0\u00bb.vc_custom_1627473938991{padding-bottom: 40px !important;}\u00a0\u00bb][vc_column_inner width=\u00a0\u00bb1\/2&Prime;][vc_column_text]Sword a fourni des comp\u00e9tences en mati\u00e8re de gestion de projet, d&rsquo;analyse commerciale, de conception et de d\u00e9veloppement d&rsquo;interfaces, de bases de donn\u00e9es et de d\u00e9veloppement de logiciels dans un environnement combin\u00e9 de projet et de prestation de services, afin de cr\u00e9er une solution int\u00e9gr\u00e9e apportant des solutions techniques, licences et des actifs de nature technique, commerciale et juridique, ainsi que de la documentation. Une prestation r\u00e9ussie gr\u00e2ce \u00e0 un service r\u00e9actif et adaptable conduisant \u00e0 un haut niveau de satisfaction des utilisateurs.[\/vc_column_text][\/vc_column_inner][vc_column_inner width=\u00a0\u00bb1\/2&Prime;][\/vc_column_inner][\/vc_row_inner][\/vc_column][\/vc_row][vc_row padding_top_multiplier=\u00a0\u00bb\u00a0\u00bb padding_bottom_multiplier=\u00a0\u00bb\u00a0\u00bb columns_gap=\u00a0\u00bb60&Prime;][vc_column][vc_column_text css=\u00a0\u00bb.vc_custom_1628691041208{padding-bottom: 20px !important;}\u00a0\u00bb]<\/p>\n<h1 style=\"text-align: left;\">\n            <strong><br \/>\n              <span style=\"color: #ffc423; letter-spacing: -3px;\">&#8212;&#8211;<\/span><br \/>\n            <\/strong><br \/>\n          <\/h1>\n<h2>\n            <strong>La solution de Sword<\/strong><br \/>\n          <\/h2>\n<p>[\/vc_column_text][vc_row_inner css=\u00a0\u00bb.vc_custom_1627473938991{padding-bottom: 40px !important;}\u00a0\u00bb][vc_column_inner width=\u00a0\u00bb1\/2&Prime;][vc_column_text]Le syst\u00e8me Lead to Asset a \u00e9t\u00e9 con\u00e7u pour r\u00e9utiliser des outils qui existaient d\u00e9j\u00e0 et \u00e9taient utilis\u00e9s chez le client afin de minimiser l&rsquo;impact du changement, d&rsquo;augmenter l&rsquo;adoption, de rationaliser le transfert op\u00e9rationnel et de maximiser l&rsquo;efficacit\u00e9 du d\u00e9veloppement.<\/p>\n<p>Pr\u00e9sent\u00e9 \u00e0 l&rsquo;utilisateur par le biais d&rsquo;un ensemble de tableaux de bord Logi Analytics int\u00e9gr\u00e9s au portail SharePoint existant, le syst\u00e8me L2A permet d&rsquo;acc\u00e9der facilement \u00e0 des informations fiables sur les pistes, les licences, les champs et les actifs, qu&rsquo;elles soient techniques (exploration, d\u00e9veloppement du r\u00e9servoir, production), \u00e9conomiques ou juridiques. La capacit\u00e9 SIG a \u00e9t\u00e9 fournie via l&rsquo;int\u00e9gration d&rsquo;ArcGIS et de GeoCortex, avec Logi Analytics et SharePoint apportant une plate-forme d&rsquo;acc\u00e8s et de reporting riche en informations.<\/p>\n<p>[\/vc_column_text][\/vc_column_inner][vc_column_inner width=\u00a0\u00bb1\/2&Prime;][vc_column_text]Venture a \u00e9galement d\u00e9velopp\u00e9 l&rsquo;application sous-jacente de gestion et d&rsquo;administration des donn\u00e9es, bas\u00e9e sur .NET et soutenue par SQLServer pour la saisie des donn\u00e9es. Une version compl\u00e8te, des contr\u00f4les d&rsquo;acc\u00e8s et une capacit\u00e9 de chargement en masse ont \u00e9t\u00e9 fournis. Un certain nombre de processus automatis\u00e9s de traitement des donn\u00e9es ont \u00e9t\u00e9 mis en place pour int\u00e9grer les donn\u00e9es dans les magasins de l&rsquo;entreprise et d&rsquo;autres outils de compte rendu, \u00e0 savoir la production et le d\u00e9veloppement de flux de travail personnalis\u00e9s Safe FML.<\/p>\n<p>Un cadre de gouvernance pour garantir que la qualit\u00e9, l&rsquo;exhaustivit\u00e9 et l&rsquo;actualit\u00e9 des informations sont maintenues \u00e0 un niveau qui refl\u00e8te leur valeur pour l&rsquo;organisation. En raison de la nature complexe et multifonctionnelle des informations g\u00e9r\u00e9es au sein du syst\u00e8me, le mod\u00e8le de gouvernance devait en tenir compte en fournissant un cadre solide pour le fonctionnement du syst\u00e8me.[\/vc_column_text][\/vc_column_inner][\/vc_row_inner][\/vc_column][\/vc_row][vc_row padding_top_multiplier=\u00a0\u00bb\u00a0\u00bb padding_bottom_multiplier=\u00a0\u00bb\u00a0\u00bb columns_gap=\u00a0\u00bb60&Prime;][vc_column][vc_column_text css=\u00a0\u00bb.vc_custom_1628691032219{padding-bottom: 20px !important;}\u00a0\u00bb]<\/p>\n<h1 style=\"text-align: left;\">\n            <strong><br \/>\n              <span style=\"color: #ffc423; letter-spacing: -3px;\">&#8212;&#8211;<\/span><br \/>\n            <\/strong><br \/>\n          <\/h1>\n<h2>\n            <strong>Avantages du client<\/strong><br \/>\n          <\/h2>\n<p>[\/vc_column_text][vc_row_inner css=\u00a0\u00bb.vc_custom_1627473938991{padding-bottom: 40px !important;}\u00a0\u00bb][vc_column_inner width=\u00a0\u00bb1\/2&Prime;][vc_column_text]<\/p>\n<ul>\n<li>Am\u00e9lioration de la gouvernance, de la visibilit\u00e9 et de la conformit\u00e9 pour les cadres sup\u00e9rieurs et le conseil d&rsquo;administration en ce qui concerne les processus op\u00e9rationnels cl\u00e9s de l&rsquo;initiative \u00ab\u00a0Lead to Asset\u00a0\u00bb.<\/li>\n<li>Visibilit\u00e9 accrue des informations sur les licences, les pistes, les prospects ou les actifs de confiance gr\u00e2ce \u00e0 des tableaux de bord sommaires, fonctionnels et bas\u00e9s sur les entit\u00e9s<\/li>\n<li>Collaboration accrue entre les fonctions en fournissant un syst\u00e8me unique avec des<br \/>\ninterfaces communes et une m\u00e9thode convenue et respect\u00e9e pour assurer le contr\u00f4le de la qualit\u00e9<\/li>\n<li>R\u00e9duire le risque de manquer des dates de licence cl\u00e9s, les prospects ou les actifs en fournissant une<br \/>\nvue graphique qui met en \u00e9vidence ces dates et leur proximit\u00e9<\/li>\n<li>R\u00e9duction du risque de non-conformit\u00e9 aux exigences r\u00e9glementaires et \u00e0 la licence<br \/>\ngestion<\/li>\n<\/ul>\n<p>[\/vc_column_text][\/vc_column_inner][vc_column_inner width=\u00a0\u00bb1\/2&Prime;][vc_column_text]<\/p>\n<ul>\n<li>Une seule source d&rsquo;information fiable \u00e0 l&rsquo;\u00e9chelle de l&rsquo;entreprise, permettant de prendre des d\u00e9cisions bien inform\u00e9es<br \/>\nr\u00e9alis\u00e9s de la mani\u00e8re la plus rapide et la plus efficace &#8211; r\u00e9duction des points de d\u00e9faillance uniques<\/li>\n<li>Capture de l&rsquo;historique des d\u00e9cisions et des donn\u00e9es pour une licence, une piste\/prospect ou un actif ; ces informations<\/li>\n<li>seront disponibles pour une analyse chronologique gr\u00e2ce au tableau de bord<\/li>\n<li>Positionnement des actifs informationnels pour une croissance et une expansion continues<\/li>\n<\/ul>\n<p>[\/vc_column_text][\/vc_column_inner][\/vc_row_inner][\/vc_column][\/vc_row][vc_row][vc_column]<div class=\"grve-empty-space grve-height-1x\" style=\"\"><\/div>[\/vc_column][\/vc_row]<\/p>\n<\/div>","protected":false},"excerpt":{"rendered":"<p>[vc_row heading_color=\u00a0\u00bblight\u00a0\u00bb bg_type=\u00a0\u00bbimage\u00a0\u00bb bg_image=\u00a0\u00bb19554&Prime; bg_image_size=\u00a0\u00bbresponsive\u00a0\u00bb bg_position=\u00a0\u00bbcenter-top\u00a0\u00bb bg_tablet_sm_position=\u00a0\u00bbcenter-center\u00a0\u00bb opacity_overlay=\u00a0\u00bb60&Prime; padding_top_multiplier=\u00a0\u00bbcustom\u00a0\u00bb padding_bottom_multiplier=\u00a0\u00bbcustom\u00a0\u00bb separator_bottom=\u00a0\u00bbtilt-left-separator\u00a0\u00bb separator_bottom_size=\u00a0\u00bb120px\u00a0\u00bb font_color=\u00a0\u00bb#000000&Prime; margin_bottom=\u00a0\u00bb0&Prime; padding_top=\u00a0\u00bb0&Prime; padding_bottom=\u00a0\u00bb0&Prime;][vc_column width=\u00a0\u00bb2\/3&Prime;][vc_column_text animation=\u00a0\u00bbgrve-fade-in-up\u00a0\u00bb animation_delay=\u00a0\u00bb400&Prime;] &#8212;&#8211; \u00c9TUDE DE CAS Engie &#8211; Syst\u00e8me int\u00e9gr\u00e9 d&rsquo;information sur les biens [\/vc_column_text][\/vc_column][vc_column width=\u00a0\u00bb1\/3&Prime;][\/vc_column][\/vc_row][vc_row padding_bottom_multiplier=\u00a0\u00bb\u00a0\u00bb columns_gap=\u00a0\u00bb60&Prime;][vc_column][vc_column_text css=\u00a0\u00bb.vc_custom_1628690241916{padding-bottom: 20px !important;}\u00a0\u00bb] &#8212;&#8211; Contexte du client [\/vc_column_text][vc_row_inner css=\u00a0\u00bb.vc_custom_1627473938991{padding-bottom: 40px !important;}\u00a0\u00bb][vc_column_inner width=\u00a0\u00bb1\/2&Prime;][vc_column_text]ENGIE s&rsquo;engage \u00e0 assurer une croissance responsable de ses [&hellip;]<\/p>\n","protected":false},"author":1,"featured_media":0,"parent":0,"menu_order":0,"comment_status":"closed","ping_status":"closed","template":"","meta":{"footnotes":"","_links_to":"","_links_to_target":""},"class_list":["post-25850","page","type-page","status-publish","hentry"],"_links":{"self":[{"href":"https:\/\/www.sword-group.com\/fr\/wp-json\/wp\/v2\/pages\/25850","targetHints":{"allow":["GET"]}}],"collection":[{"href":"https:\/\/www.sword-group.com\/fr\/wp-json\/wp\/v2\/pages"}],"about":[{"href":"https:\/\/www.sword-group.com\/fr\/wp-json\/wp\/v2\/types\/page"}],"author":[{"embeddable":true,"href":"https:\/\/www.sword-group.com\/fr\/wp-json\/wp\/v2\/users\/1"}],"replies":[{"embeddable":true,"href":"https:\/\/www.sword-group.com\/fr\/wp-json\/wp\/v2\/comments?post=25850"}],"version-history":[{"count":0,"href":"https:\/\/www.sword-group.com\/fr\/wp-json\/wp\/v2\/pages\/25850\/revisions"}],"wp:attachment":[{"href":"https:\/\/www.sword-group.com\/fr\/wp-json\/wp\/v2\/media?parent=25850"}],"curies":[{"name":"wp","href":"https:\/\/api.w.org\/{rel}","templated":true}]}}