{"id":26008,"date":"2021-08-27T13:56:21","date_gmt":"2021-08-27T13:56:21","guid":{"rendered":"https:\/\/swordgroupprod.wpengine.com\/prevention-des-pertes-de-donnees\/"},"modified":"2023-09-18T12:01:13","modified_gmt":"2023-09-18T12:01:13","slug":"prevention-des-pertes-de-donnees","status":"publish","type":"page","link":"https:\/\/www.sword-group.com\/fr\/prevention-des-pertes-de-donnees\/","title":{"rendered":"Pr\u00e9vention des pertes de donn\u00e9es"},"content":{"rendered":"<div class=\"wpb-content-wrapper\"><p>[vc_row heading_color=\u00a0\u00bblight\u00a0\u00bb bg_type=\u00a0\u00bbimage\u00a0\u00bb bg_image=\u00a0\u00bb28533&Prime; bg_tablet_sm_position=\u00a0\u00bbleft-top\u00a0\u00bb padding_top_multiplier=\u00a0\u00bbcustom\u00a0\u00bb padding_bottom_multiplier=\u00a0\u00bbcustom\u00a0\u00bb separator_bottom=\u00a0\u00bbtilt-left-separator\u00a0\u00bb font_color=\u00a0\u00bb#000000&Prime; margin_bottom=\u00a0\u00bb0&Prime; padding_top=\u00a0\u00bb0&Prime; padding_bottom=\u00a0\u00bb0&Prime;][vc_column width=\u00a0\u00bb1\/2&Prime; css=\u00a0\u00bb.vc_custom_1620383995480{margin-bottom: 0px !important;}\u00a0\u00bb]<div class=\"grve-empty-space grve-height-1x\" style=\"\"><\/div>[vc_column_text animation=\u00a0\u00bbgrve-fade-in-up\u00a0\u00bb animation_delay=\u00a0\u00bb400&Prime; css=\u00a0\u00bb.vc_custom_1633342741230{padding-right: 10% !important;}\u00a0\u00bb]<\/p>\n<h1><strong><span style=\"color: #ffc423; letter-spacing: -3px;\">&#8212;&#8211;<\/span><\/strong><\/h1>\n<h1><span style=\"color: #ffffff;\"><strong>Pr\u00e9vention des pertes de donn\u00e9es<\/strong><\/span><\/h1>\n<p>[\/vc_column_text]<div class=\"grve-empty-space\" style=\"height: 220px;\"><\/div>[\/vc_column][vc_column width=\u00a0\u00bb1\/2&Prime; css=\u00a0\u00bb.vc_custom_1625220526991{padding-right: 100px !important;padding-left: 75px !important;}\u00a0\u00bb][\/vc_column][\/vc_row][vc_row padding_top_multiplier=\u00a0\u00bb\u00a0\u00bb padding_bottom_multiplier=\u00a0\u00bb\u00a0\u00bb columns_gap=\u00a0\u00bb60&Prime;][vc_column]<div class=\"grve-empty-space\" style=\"height: 100px;\"><\/div>[vc_row_inner][vc_column_inner width=\u00a0\u00bb2\/3&Prime;][vc_column_text animation=\u00a0\u00bbgrve-fade-in-up\u00a0\u00bb animation_delay=\u00a0\u00bb400&Prime;]<\/p>\n<h1><strong><span style=\"color: #ffc423; letter-spacing: -3px;\">&#8212;&#8211;<\/span><\/strong><\/h1>\n<h2><strong>Nous vous aidons \u00e0 contr\u00f4ler et \u00e0 prot\u00e9ger les donn\u00e9es de l&rsquo;entreprise pour assurer la s\u00e9curit\u00e9 et la conformit\u00e9 <\/strong><\/h2>\n<p>[\/vc_column_text][\/vc_column_inner][vc_column_inner width=\u00a0\u00bb1\/3&Prime;][\/vc_column_inner][\/vc_row_inner][vc_row_inner css=\u00a0\u00bb.vc_custom_1620377545475{margin-bottom: 0px !important;border-bottom-width: 0px !important;padding-bottom: 0px !important;}\u00a0\u00bb][vc_column_inner width=\u00a0\u00bb1\/2&Prime; css=\u00a0\u00bb.vc_custom_1631011167738{margin-top: 0px !important;margin-right: 0px !important;margin-bottom: 0px !important;margin-left: 0px !important;border-top-width: 0px !important;border-right-width: 0px !important;border-bottom-width: 0px !important;border-left-width: 0px !important;padding-top: 30px !important;padding-right: 0px !important;padding-bottom: 0px !important;padding-left: 0px !important;}\u00a0\u00bb][vc_column_text]Avec une architecture d&rsquo;information de haut niveau bien r\u00e9fl\u00e9chie, votre organisation peut \u00e9viter des \u00e9cueils majeurs, notamment la perte de donn\u00e9es.<\/p>\n<p><strong>Sword s&rsquo;engage \u00e0 vous aider \u00e0 lib\u00e9rer la valeur des donn\u00e9es gr\u00e2ce \u00e0 la digitalisation et cela signifie:<\/strong><\/p>\n<p style=\"padding-left: 40px;\">1. Comprendre et contr\u00f4ler les informations dont vous disposez<br \/>\n2. Emp\u00eacher qu&rsquo;il ne soit endommag\u00e9<br \/>\n3. Utiliser ces informations pour \u00eatre plus efficace dans ce que vous faites (am\u00e9liorations des tactiques)<br \/>\n4. \u00catre radical et faire un bond en avant transformationnel (changement strat\u00e9gique)<\/p>\n<p>[\/vc_column_text][\/vc_column_inner][vc_column_inner width=\u00a0\u00bb1\/2&Prime; css=\u00a0\u00bb.vc_custom_1631011175490{padding-top: 30px !important;}\u00a0\u00bb][vc_column_text]Nos sp\u00e9cialistes de la gestion de l&rsquo;information veilleront \u00e0 ce que vos pr\u00e9cieuses informations ne soient pas utilis\u00e9es \u00e0 mauvais escient, perdues ou consult\u00e9es par des sources non autoris\u00e9es, en travaillant \u00e0 l&rsquo;\u00e9laboration d&rsquo;une solution PPD personnalis\u00e9e pour votre entreprise.<\/p>\n<p>Gr\u00e2ce \u00e0 un solide programme de pr\u00e9vention des pertes de donn\u00e9es et \u00e0 l&rsquo;adoption d&rsquo;outils pour les points de terminaison, le r\u00e9seau et le stockage, nous pouvons rem\u00e9dier aux vuln\u00e9rabilit\u00e9s inh\u00e9rentes aux donn\u00e9es, en optimisant le PPD pour garantir la s\u00e9curit\u00e9 des donn\u00e9es de l&rsquo;entreprise et des clients tout en respectant les exigences l\u00e9gislatives.[\/vc_column_text][\/vc_column_inner][\/vc_row_inner][\/vc_column][\/vc_row][vc_row padding_top_multiplier=\u00a0\u00bb\u00a0\u00bb padding_bottom_multiplier=\u00a0\u00bb\u00a0\u00bb columns_gap=\u00a0\u00bb60&Prime; equal_column_height=\u00a0\u00bbequal-column\u00a0\u00bb][vc_column]<div class=\"grve-empty-space\" style=\"height: 100px;\"><\/div>[vc_row_inner][vc_column_inner][vc_column_text animation=\u00a0\u00bbgrve-fade-in-up\u00a0\u00bb animation_delay=\u00a0\u00bb400&Prime;]<\/p>\n<h1><strong><span style=\"color: #ffc423; letter-spacing: -3px;\">&#8212;&#8211;<\/span><\/strong><\/h1>\n<h2><strong>Microsoft 365 PPD<\/strong><\/h2>\n<p>[\/vc_column_text][\/vc_column_inner][\/vc_row_inner][vc_row_inner css=\u00a0\u00bb.vc_custom_1620377545475{margin-bottom: 0px !important;border-bottom-width: 0px !important;padding-bottom: 0px !important;}\u00a0\u00bb][vc_column_inner width=\u00a0\u00bb1\/2&Prime; css=\u00a0\u00bb.vc_custom_1625218180371{margin-top: 0px !important;margin-right: 0px !important;margin-bottom: 0px !important;margin-left: 0px !important;border-top-width: 0px !important;border-right-width: 0px !important;border-bottom-width: 0px !important;border-left-width: 0px !important;padding-right: 0px !important;padding-bottom: 0px !important;padding-left: 0px !important;}\u00a0\u00bb][vc_column_text css=\u00a0\u00bb.vc_custom_1631011099868{padding-top: 30px !important;}\u00a0\u00bb]<strong>En tant que partenaire privil\u00e9gi\u00e9 de Microsoft 365, Sword peut vous aider \u00e0 identifier, surveiller et prot\u00e9ger les \u00e9l\u00e9ments sensibles sur l&rsquo;ensemble du territoire :<\/strong><\/p>\n<ul>\n<li>Services Microsoft 365 tels que Teams, Exchange, SharePoint et OneDrive<\/li>\n<li>Applications bureautiques telles que Word, Excel et PowerPoint<\/li>\n<li>Points d&rsquo;acc\u00e8s Windows 10<\/li>\n<li>applications cloud non-Microsoft<\/li>\n<li>partages de fichiers sur site et SharePoint sur site<\/li>\n<\/ul>\n<p>[\/vc_column_text][\/vc_column_inner][vc_column_inner width=\u00a0\u00bb1\/2&Prime;][\/vc_column_inner][\/vc_row_inner][\/vc_column][\/vc_row][vc_row padding_top_multiplier=\u00a0\u00bb\u00a0\u00bb padding_bottom_multiplier=\u00a0\u00bb\u00a0\u00bb desktop_visibility=\u00a0\u00bbhide\u00a0\u00bb tablet_visibility=\u00a0\u00bbhide\u00a0\u00bb tablet_sm_visibility=\u00a0\u00bbhide\u00a0\u00bb][vc_column]<div class=\"grve-empty-space\" style=\"height: 30px;\"><\/div>[\/vc_column][\/vc_row][vc_row padding_top_multiplier=\u00a0\u00bb\u00a0\u00bb padding_bottom_multiplier=\u00a0\u00bb\u00a0\u00bb columns_gap=\u00a0\u00bbnone\u00a0\u00bb equal_column_height=\u00a0\u00bbequal-column\u00a0\u00bb][vc_column]<div class=\"grve-empty-space\" style=\"height: 12px;\"><\/div>[vc_row_inner css=\u00a0\u00bb.vc_custom_1620377545475{margin-bottom: 0px !important;border-bottom-width: 0px !important;padding-bottom: 0px !important;}\u00a0\u00bb][vc_column_inner css=\u00a0\u00bb.vc_custom_1622719214284{margin-top: 0px !important;margin-right: 0px !important;margin-bottom: 80px !important;margin-left: 0px !important;border-top-width: 0px !important;border-right-width: 0px !important;border-bottom-width: 0px !important;border-left-width: 0px !important;padding-right: 0% !important;padding-bottom: 0px !important;padding-left: 0px !important;}\u00a0\u00bb]<div class=\"grve-empty-space\" style=\"height: 40px;\"><\/div>[vc_column_text animation=\u00a0\u00bbgrve-fade-in-up\u00a0\u00bb animation_delay=\u00a0\u00bb400&Prime;]<\/p>\n<h1 style=\"text-align: center;\"><strong><span style=\"color: #ffc423; letter-spacing: -3px;\">&#8212;&#8211;<\/span><\/strong><\/h1>\n<h2 style=\"text-align: center;\"><strong>Pourquoi Sword Group ?<\/strong><\/h2>\n<p>[\/vc_column_text][\/vc_column_inner][\/vc_row_inner][\/vc_column][\/vc_row][vc_row][vc_column width=\u00a0\u00bb1\/4&Prime;][vc_row_inner css=\u00a0\u00bb.vc_custom_1621509696877{padding-right: 30% !important;padding-bottom: 20px !important;padding-left: 30% !important;}\u00a0\u00bb][vc_column_inner]<div class=\"grve-element grve-image grve-align-center\" style=\"\">  <div class=\"grve-image-wrapper\"><img loading=\"lazy\" decoding=\"async\" width=\"600\" height=\"600\" src=\"https:\/\/www.sword-group.com\/wp-content\/uploads\/2021\/06\/icon-proven.png\" class=\"attachment-full size-full\" alt=\"\" srcset=\"https:\/\/www.sword-group.com\/wp-content\/uploads\/2021\/06\/icon-proven.png 600w, https:\/\/www.sword-group.com\/wp-content\/uploads\/2021\/06\/icon-proven-300x300.png 300w, https:\/\/www.sword-group.com\/wp-content\/uploads\/2021\/06\/icon-proven-150x150.png 150w, https:\/\/www.sword-group.com\/wp-content\/uploads\/2021\/06\/icon-proven-560x560.png 560w\" sizes=\"auto, (max-width: 600px) 100vw, 600px\" \/>   <\/div><\/div>[\/vc_column_inner][\/vc_row_inner][vc_column_text]<\/p>\n<p style=\"text-align: center;\"><strong>Des capacit\u00e9s av\u00e9r\u00e9es<\/strong><\/p>\n<p>[\/vc_column_text][\/vc_column][vc_column width=\u00a0\u00bb1\/4&Prime;][vc_row_inner css=\u00a0\u00bb.vc_custom_1621509696877{padding-right: 30% !important;padding-bottom: 20px !important;padding-left: 30% !important;}\u00a0\u00bb][vc_column_inner]<div class=\"grve-element grve-image grve-align-center\" style=\"\">  <div class=\"grve-image-wrapper\"><img loading=\"lazy\" decoding=\"async\" width=\"600\" height=\"600\" src=\"https:\/\/www.sword-group.com\/wp-content\/uploads\/2021\/06\/icon-target.png\" class=\"attachment-full size-full\" alt=\"\" srcset=\"https:\/\/www.sword-group.com\/wp-content\/uploads\/2021\/06\/icon-target.png 600w, https:\/\/www.sword-group.com\/wp-content\/uploads\/2021\/06\/icon-target-300x300.png 300w, https:\/\/www.sword-group.com\/wp-content\/uploads\/2021\/06\/icon-target-150x150.png 150w, https:\/\/www.sword-group.com\/wp-content\/uploads\/2021\/06\/icon-target-560x560.png 560w\" sizes=\"auto, (max-width: 600px) 100vw, 600px\" \/>   <\/div><\/div>[\/vc_column_inner][\/vc_row_inner][vc_column_text]<\/p>\n<p style=\"text-align: center;\"><strong>Exp\u00e9rience sp\u00e9cifique au secteur d&rsquo;activit\u00e9<\/strong><\/p>\n<p>[\/vc_column_text][\/vc_column][vc_column width=\u00a0\u00bb1\/4&Prime;][vc_row_inner css=\u00a0\u00bb.vc_custom_1621509696877{padding-right: 30% !important;padding-bottom: 20px !important;padding-left: 30% !important;}\u00a0\u00bb][vc_column_inner]<div class=\"grve-element grve-image grve-align-center\" style=\"\">  <div class=\"grve-image-wrapper\"><img loading=\"lazy\" decoding=\"async\" width=\"600\" height=\"600\" src=\"https:\/\/www.sword-group.com\/wp-content\/uploads\/2021\/06\/icon-simplify.png\" class=\"attachment-full size-full\" alt=\"\" srcset=\"https:\/\/www.sword-group.com\/wp-content\/uploads\/2021\/06\/icon-simplify.png 600w, https:\/\/www.sword-group.com\/wp-content\/uploads\/2021\/06\/icon-simplify-300x300.png 300w, https:\/\/www.sword-group.com\/wp-content\/uploads\/2021\/06\/icon-simplify-150x150.png 150w, https:\/\/www.sword-group.com\/wp-content\/uploads\/2021\/06\/icon-simplify-560x560.png 560w\" sizes=\"auto, (max-width: 600px) 100vw, 600px\" \/>   <\/div><\/div>[\/vc_column_inner][\/vc_row_inner][vc_column_text]<\/p>\n<p style=\"text-align: center;\"><strong>Simplifier la transformation informatique<\/strong><\/p>\n<p>[\/vc_column_text][\/vc_column][vc_column width=\u00a0\u00bb1\/4&Prime;][vc_row_inner css=\u00a0\u00bb.vc_custom_1621509696877{padding-right: 30% !important;padding-bottom: 20px !important;padding-left: 30% !important;}\u00a0\u00bb][vc_column_inner]<div class=\"grve-element grve-image grve-align-center\" style=\"\">  <div class=\"grve-image-wrapper\"><img loading=\"lazy\" decoding=\"async\" width=\"600\" height=\"600\" src=\"https:\/\/www.sword-group.com\/wp-content\/uploads\/2021\/04\/icon-5.gif\" class=\"attachment-full size-full\" alt=\"\" \/>   <\/div><\/div>[\/vc_column_inner][\/vc_row_inner][vc_column_text]<\/p>\n<p style=\"text-align: center;\"><strong>Vision strat\u00e9gique<\/strong><\/p>\n<p>[\/vc_column_text][\/vc_column][\/vc_row][vc_row][vc_column width=\u00a0\u00bb1\/4&Prime;][vc_row_inner css=\u00a0\u00bb.vc_custom_1621509696877{padding-right: 30% !important;padding-bottom: 20px !important;padding-left: 30% !important;}\u00a0\u00bb][vc_column_inner]<div class=\"grve-element grve-image grve-align-center\" style=\"\">  <div class=\"grve-image-wrapper\"><img loading=\"lazy\" decoding=\"async\" width=\"600\" height=\"600\" src=\"https:\/\/www.sword-group.com\/wp-content\/uploads\/2021\/06\/icon-secure-it.png\" class=\"attachment-full size-full\" alt=\"\" srcset=\"https:\/\/www.sword-group.com\/wp-content\/uploads\/2021\/06\/icon-secure-it.png 600w, https:\/\/www.sword-group.com\/wp-content\/uploads\/2021\/06\/icon-secure-it-300x300.png 300w, https:\/\/www.sword-group.com\/wp-content\/uploads\/2021\/06\/icon-secure-it-150x150.png 150w, https:\/\/www.sword-group.com\/wp-content\/uploads\/2021\/06\/icon-secure-it-560x560.png 560w\" sizes=\"auto, (max-width: 600px) 100vw, 600px\" \/>   <\/div><\/div>[\/vc_column_inner][\/vc_row_inner][vc_column_text]<\/p>\n<p style=\"text-align: center;\"><strong>Stable et s\u00e9curis\u00e9<br \/>\n<\/strong><strong>Partenaires informatiques<\/strong><\/p>\n<p>[\/vc_column_text][\/vc_column][vc_column width=\u00a0\u00bb1\/4&Prime;][vc_row_inner css=\u00a0\u00bb.vc_custom_1621509696877{padding-right: 30% !important;padding-bottom: 20px !important;padding-left: 30% !important;}\u00a0\u00bb][vc_column_inner]<div class=\"grve-element grve-image grve-align-center\" style=\"\">  <div class=\"grve-image-wrapper\"><img loading=\"lazy\" decoding=\"async\" width=\"600\" height=\"600\" src=\"https:\/\/www.sword-group.com\/wp-content\/uploads\/2021\/05\/icons-Infrastructure-as-Code.png\" class=\"attachment-full size-full\" alt=\"\" srcset=\"https:\/\/www.sword-group.com\/wp-content\/uploads\/2021\/05\/icons-Infrastructure-as-Code.png 600w, https:\/\/www.sword-group.com\/wp-content\/uploads\/2021\/05\/icons-Infrastructure-as-Code-300x300.png 300w, https:\/\/www.sword-group.com\/wp-content\/uploads\/2021\/05\/icons-Infrastructure-as-Code-150x150.png 150w, https:\/\/www.sword-group.com\/wp-content\/uploads\/2021\/05\/icons-Infrastructure-as-Code-560x560.png 560w\" sizes=\"auto, (max-width: 600px) 100vw, 600px\" \/>   <\/div><\/div>[\/vc_column_inner][\/vc_row_inner][vc_column_text]<\/p>\n<p style=\"text-align: center;\"><strong>Technologies de pointe<\/strong><\/p>\n<p>[\/vc_column_text][\/vc_column][vc_column width=\u00a0\u00bb1\/4&Prime;][vc_row_inner css=\u00a0\u00bb.vc_custom_1621509696877{padding-right: 30% !important;padding-bottom: 20px !important;padding-left: 30% !important;}\u00a0\u00bb][vc_column_inner]<div class=\"grve-element grve-image grve-align-center\" style=\"\">  <div class=\"grve-image-wrapper\"><img loading=\"lazy\" decoding=\"async\" width=\"600\" height=\"600\" src=\"https:\/\/www.sword-group.com\/wp-content\/uploads\/2021\/06\/icon-word-reach.png\" class=\"attachment-full size-full\" alt=\"\" srcset=\"https:\/\/www.sword-group.com\/wp-content\/uploads\/2021\/06\/icon-word-reach.png 600w, https:\/\/www.sword-group.com\/wp-content\/uploads\/2021\/06\/icon-word-reach-300x300.png 300w, https:\/\/www.sword-group.com\/wp-content\/uploads\/2021\/06\/icon-word-reach-150x150.png 150w, https:\/\/www.sword-group.com\/wp-content\/uploads\/2021\/06\/icon-word-reach-560x560.png 560w\" sizes=\"auto, (max-width: 600px) 100vw, 600px\" \/>   <\/div><\/div>[\/vc_column_inner][\/vc_row_inner][vc_column_text]<\/p>\n<p style=\"text-align: center;\"><strong>Une port\u00e9e mondiale<\/strong><\/p>\n<p>[\/vc_column_text][\/vc_column][vc_column width=\u00a0\u00bb1\/4&Prime;][vc_row_inner css=\u00a0\u00bb.vc_custom_1621509696877{padding-right: 30% !important;padding-bottom: 20px !important;padding-left: 30% !important;}\u00a0\u00bb][vc_column_inner]<div class=\"grve-element grve-image grve-align-center\" style=\"\">  <div class=\"grve-image-wrapper\"><img loading=\"lazy\" decoding=\"async\" width=\"600\" height=\"600\" src=\"https:\/\/www.sword-group.com\/wp-content\/uploads\/2021\/06\/icon-roi.png\" class=\"attachment-full size-full\" alt=\"\" srcset=\"https:\/\/www.sword-group.com\/wp-content\/uploads\/2021\/06\/icon-roi.png 600w, https:\/\/www.sword-group.com\/wp-content\/uploads\/2021\/06\/icon-roi-300x300.png 300w, https:\/\/www.sword-group.com\/wp-content\/uploads\/2021\/06\/icon-roi-150x150.png 150w, https:\/\/www.sword-group.com\/wp-content\/uploads\/2021\/06\/icon-roi-560x560.png 560w\" sizes=\"auto, (max-width: 600px) 100vw, 600px\" \/>   <\/div><\/div>[\/vc_column_inner][\/vc_row_inner][vc_column_text]<\/p>\n<p style=\"text-align: center;\"><strong>Assurer le retour sur investissement<\/strong><\/p>\n<p>[\/vc_column_text][\/vc_column][\/vc_row][vc_row section_type=\u00a0\u00bbfullwidth\u00a0\u00bb bg_type=\u00a0\u00bbimage\u00a0\u00bb bg_image=\u00a0\u00bb18022&Prime; padding_top_multiplier=\u00a0\u00bb\u00a0\u00bb padding_bottom_multiplier=\u00a0\u00bb\u00a0\u00bb separator_top=\u00a0\u00bbtilt-left-separator\u00a0\u00bb][vc_column css=\u00a0\u00bb.vc_custom_1618940156063{margin-top: 100px !important;}\u00a0\u00bb]<div class=\"grve-empty-space\" style=\"height: 400px;\"><\/div>[\/vc_column][\/vc_row][vc_row bg_type=\u00a0\u00bbimage\u00a0\u00bb bg_image=\u00a0\u00bb17489&Prime; padding_top_multiplier=\u00a0\u00bb2x\u00a0\u00bb padding_bottom_multiplier=\u00a0\u00bb3x\u00a0\u00bb][vc_column]<div class=\"grve-empty-space\" style=\"height: 20px;\"><\/div>[vc_row_inner][vc_column_inner width=\u00a0\u00bb1\/2&Prime;][\/vc_column_inner][vc_column_inner width=\u00a0\u00bb1\/2&Prime; css=\u00a0\u00bb.vc_custom_1622211869341{padding-right: 20% !important;}\u00a0\u00bb][vc_column_text animation=\u00a0\u00bbgrve-fade-in-up\u00a0\u00bb animation_delay=\u00a0\u00bb400&Prime;]<\/p>\n<h1><strong><span style=\"color: #ffc423; letter-spacing: -3px;\">&#8212;&#8211;<\/span><\/strong><\/h1>\n<h2 style=\"text-align: left;\"><strong>Le saviez-vous\u2026<\/strong><\/h2>\n<p><strong>Sword fournit des services professionnels \u00e0 plus de 1 000 clients dans le monde,\u00a0<\/strong>en les accompagnant dans leurs transformation digitale.[\/vc_column_text][\/vc_column_inner][\/vc_row_inner][\/vc_column][\/vc_row][vc_row padding_bottom_multiplier=\u00a0\u00bb\u00a0\u00bb columns_gap=\u00a0\u00bbnone\u00a0\u00bb equal_column_height=\u00a0\u00bbequal-column\u00a0\u00bb][vc_column]<div class=\"grve-empty-space\" style=\"height: 12px;\"><\/div>[vc_row_inner css=\u00a0\u00bb.vc_custom_1620377545475{margin-bottom: 0px !important;border-bottom-width: 0px !important;padding-bottom: 0px !important;}\u00a0\u00bb][vc_column_inner width=\u00a0\u00bb1\/2&Prime; css=\u00a0\u00bb.vc_custom_1620743653441{padding-top: 0px !important;padding-right: 15% !important;padding-bottom: 0px !important;padding-left: 15% !important;}\u00a0\u00bb]<div class=\"grve-element grve-image grve-align-center\" style=\"margin-bottom: 0px;\">  <div class=\"grve-image-wrapper\"><img loading=\"lazy\" decoding=\"async\" width=\"542\" height=\"900\" src=\"https:\/\/www.sword-group.com\/wp-content\/uploads\/2021\/05\/friendly-2.jpg\" class=\"attachment-full size-full\" alt=\"\" srcset=\"https:\/\/www.sword-group.com\/wp-content\/uploads\/2021\/05\/friendly-2.jpg 542w, https:\/\/www.sword-group.com\/wp-content\/uploads\/2021\/05\/friendly-2-181x300.jpg 181w\" sizes=\"auto, (max-width: 542px) 100vw, 542px\" \/>   <\/div><\/div>[\/vc_column_inner][vc_column_inner width=\u00a0\u00bb1\/2&Prime; css=\u00a0\u00bb.vc_custom_1624533085331{margin-top: 0px !important;margin-right: 0px !important;margin-bottom: 0px !important;margin-left: 0px !important;border-top-width: 0px !important;border-right-width: 0px !important;border-bottom-width: 0px !important;border-left-width: 0px !important;padding-right: 15% !important;padding-bottom: 0px !important;padding-left: 0px !important;}\u00a0\u00bb][vc_column_text animation=\u00a0\u00bbgrve-fade-in-up\u00a0\u00bb animation_delay=\u00a0\u00bb400&Prime; css=\u00a0\u00bb.vc_custom_1695038458587{padding-top: 10px !important;}\u00a0\u00bb]<\/p>\n<h1><strong><span style=\"color: #ffc423; letter-spacing: -3px;\">&#8212;&#8211;<\/span><\/strong><\/h1>\n<h2><strong>Contactez-nous<\/strong><\/h2>\n<p>Prot\u00e9gez votre organisation contre les dommages financiers et de r\u00e9putation. N&rsquo;h\u00e9sitez pas \u00e0 nous contacter pour discuter de vos besoins en mati\u00e8re de pr\u00e9vention des pertes de donn\u00e9es.[\/vc_column_text]<div class=\"grve-empty-space\" style=\"height: 35px;\"><\/div><div class=\"grve-element grve-align-left grve-animated-item grve-fade-in-up grve-duration-normal grve-fluid-button\" data-delay=\"200\"><a href=\"\/contact\/?lang=fr\" class=\"grve-btn grve-btn-small grve-round grve-bg-primary-6 grve-bg-hover-grey\" style=\"max-width: 250px;\"><span>CONTACTEZ-NOUS<\/span><\/a><\/div><div class=\"grve-empty-space\" style=\"height: 35px;\"><\/div>[\/vc_column_inner][\/vc_row_inner][\/vc_column][\/vc_row]<\/p>\n<\/div>","protected":false},"excerpt":{"rendered":"<p>[vc_row heading_color=\u00a0\u00bblight\u00a0\u00bb bg_type=\u00a0\u00bbimage\u00a0\u00bb bg_image=\u00a0\u00bb28533&Prime; bg_tablet_sm_position=\u00a0\u00bbleft-top\u00a0\u00bb padding_top_multiplier=\u00a0\u00bbcustom\u00a0\u00bb padding_bottom_multiplier=\u00a0\u00bbcustom\u00a0\u00bb separator_bottom=\u00a0\u00bbtilt-left-separator\u00a0\u00bb font_color=\u00a0\u00bb#000000&Prime; margin_bottom=\u00a0\u00bb0&Prime; padding_top=\u00a0\u00bb0&Prime; padding_bottom=\u00a0\u00bb0&Prime;][vc_column width=\u00a0\u00bb1\/2&Prime; css=\u00a0\u00bb.vc_custom_1620383995480{margin-bottom: 0px !important;}\u00a0\u00bb][vc_column_text animation=\u00a0\u00bbgrve-fade-in-up\u00a0\u00bb animation_delay=\u00a0\u00bb400&Prime; css=\u00a0\u00bb.vc_custom_1633342741230{padding-right: 10% !important;}\u00a0\u00bb] &#8212;&#8211; Pr\u00e9vention des pertes de donn\u00e9es [\/vc_column_text][\/vc_column][vc_column width=\u00a0\u00bb1\/2&Prime; css=\u00a0\u00bb.vc_custom_1625220526991{padding-right: 100px !important;padding-left: 75px !important;}\u00a0\u00bb][\/vc_column][\/vc_row][vc_row padding_top_multiplier=\u00a0\u00bb\u00a0\u00bb padding_bottom_multiplier=\u00a0\u00bb\u00a0\u00bb columns_gap=\u00a0\u00bb60&Prime;][vc_column][vc_row_inner][vc_column_inner width=\u00a0\u00bb2\/3&Prime;][vc_column_text animation=\u00a0\u00bbgrve-fade-in-up\u00a0\u00bb animation_delay=\u00a0\u00bb400&Prime;] &#8212;&#8211; Nous vous aidons \u00e0 contr\u00f4ler et \u00e0 prot\u00e9ger les donn\u00e9es de l&rsquo;entreprise pour assurer [&hellip;]<\/p>\n","protected":false},"author":1,"featured_media":0,"parent":0,"menu_order":0,"comment_status":"closed","ping_status":"closed","template":"","meta":{"footnotes":"","_links_to":"","_links_to_target":""},"class_list":["post-26008","page","type-page","status-publish","hentry"],"_links":{"self":[{"href":"https:\/\/www.sword-group.com\/fr\/wp-json\/wp\/v2\/pages\/26008","targetHints":{"allow":["GET"]}}],"collection":[{"href":"https:\/\/www.sword-group.com\/fr\/wp-json\/wp\/v2\/pages"}],"about":[{"href":"https:\/\/www.sword-group.com\/fr\/wp-json\/wp\/v2\/types\/page"}],"author":[{"embeddable":true,"href":"https:\/\/www.sword-group.com\/fr\/wp-json\/wp\/v2\/users\/1"}],"replies":[{"embeddable":true,"href":"https:\/\/www.sword-group.com\/fr\/wp-json\/wp\/v2\/comments?post=26008"}],"version-history":[{"count":0,"href":"https:\/\/www.sword-group.com\/fr\/wp-json\/wp\/v2\/pages\/26008\/revisions"}],"wp:attachment":[{"href":"https:\/\/www.sword-group.com\/fr\/wp-json\/wp\/v2\/media?parent=26008"}],"curies":[{"name":"wp","href":"https:\/\/api.w.org\/{rel}","templated":true}]}}