{"id":26061,"date":"2021-08-27T14:48:19","date_gmt":"2021-08-27T14:48:19","guid":{"rendered":"https:\/\/swordgroupprod.wpengine.com\/etude-de-cas-transition-dactifs-donnees-techniques-et-applications\/"},"modified":"2021-09-30T10:10:25","modified_gmt":"2021-09-30T10:10:25","slug":"etude-de-cas-transition-dactifs-donnees-techniques-et-applications","status":"publish","type":"page","link":"https:\/\/www.sword-group.com\/fr\/etude-de-cas-transition-dactifs-donnees-techniques-et-applications\/","title":{"rendered":"\u00c9tude de cas &#8211; Transition d&rsquo;actifs &#8211; Donn\u00e9es techniques et applications"},"content":{"rendered":"<div class=\"wpb-content-wrapper\"><p>[vc_row heading_color=\u00a0\u00bblight\u00a0\u00bb bg_type=\u00a0\u00bbimage\u00a0\u00bb bg_image=\u00a0\u00bb19554&Prime; bg_image_size=\u00a0\u00bbresponsive\u00a0\u00bb bg_position=\u00a0\u00bbcenter-top\u00a0\u00bb bg_tablet_sm_position=\u00a0\u00bbcenter-center\u00a0\u00bb opacity_overlay=\u00a0\u00bb60&Prime; padding_top_multiplier=\u00a0\u00bbcustom\u00a0\u00bb padding_bottom_multiplier=\u00a0\u00bbcustom\u00a0\u00bb separator_bottom=\u00a0\u00bbtilt-left-separator\u00a0\u00bb separator_bottom_size=\u00a0\u00bb120px\u00a0\u00bb font_color=\u00a0\u00bb#000000&Prime; margin_bottom=\u00a0\u00bb0&Prime; padding_top=\u00a0\u00bb0&Prime; padding_bottom=\u00a0\u00bb0&Prime;][vc_column width=\u00a0\u00bb2\/3&Prime;]<div class=\"grve-empty-space grve-height-1x\" style=\"\"><\/div>[vc_column_text animation=\u00a0\u00bbgrve-fade-in-up\u00a0\u00bb animation_delay=\u00a0\u00bb400&Prime;]<\/p>\n<h1 style=\"text-align: left;\"><strong><span style=\"color: #ffc423; letter-spacing: -3px;\">&#8212;&#8211;<\/span><\/strong><\/h1>\n<h4><span style=\"color: #4f4f4f;\">\u00c9TUDE DE CAS<\/span><\/h4>\n<h1 style=\"text-align: left;\"><strong><span style=\"color: #4f4f4f;\">Transition des actifs &#8211; TI et gestion de l&rsquo;information<\/span><br \/>\n<\/strong><\/h1>\n<p>[\/vc_column_text]<div class=\"grve-empty-space\" style=\"height: 120px;\"><\/div>[\/vc_column][vc_column width=\u00a0\u00bb1\/3&Prime;][\/vc_column][\/vc_row][vc_row padding_bottom_multiplier=\u00a0\u00bb\u00a0\u00bb columns_gap=\u00a0\u00bb60&Prime;][vc_column][vc_column_text css=\u00a0\u00bb.vc_custom_1632996481025{padding-bottom: 20px !important;}\u00a0\u00bb]<\/p>\n<h1 style=\"text-align: left;\"><strong><span style=\"color: #ffc423; letter-spacing: -3px;\">&#8212;&#8211;<\/span><\/strong><\/h1>\n<h2><strong>\u00c9tape de pr\u00e9paration<\/strong><\/h2>\n<p>[\/vc_column_text][vc_row_inner css=\u00a0\u00bb.vc_custom_1627473938991{padding-bottom: 40px !important;}\u00a0\u00bb][vc_column_inner width=\u00a0\u00bb1\/2&Prime;][vc_column_text]Avec plus de 30 ans d&rsquo;exp\u00e9rience dans le domaine de la gestion de l&rsquo;information sur le p\u00e9trole et le gaz, Sword peut vous aider \u00e0 g\u00e9rer de bout en bout votre transition. Voici les facteurs cl\u00e9s \u00e0 consid\u00e9rer :<\/p>\n<p><strong>Calendrier:<\/strong><\/p>\n<ul>\n<li>Quels sont les d\u00e9lais de r\u00e9alisation de la transition ? Existe-t-il un plan de premier jour menant \u00e0 une activit\u00e9 pleinement op\u00e9rationnelle ? Y a-t-il des engagements contractuels qui dictent le rythme ?<\/li>\n<\/ul>\n<p><strong>Obligations r\u00e9glementaires :<\/strong><\/p>\n<ul>\n<li>Y a-t-il des obligations en suspens \u00e0 respecter ? La compr\u00e9hension de l&rsquo;exhaustivit\u00e9 des soumissions de donn\u00e9es et des FAI soutiendra la hi\u00e9rarchisation des activit\u00e9s initiales.<\/li>\n<\/ul>\n<p><strong>Architecture de gestion des donn\u00e9es :<\/strong><\/p>\n<ul>\n<li>L&rsquo;organisation c\u00e9dante a-t-elle mis en place des normes et des proc\u00e9dures d&rsquo;entreprise ?<\/li>\n<\/ul>\n<p>[\/vc_column_text][\/vc_column_inner][vc_column_inner width=\u00a0\u00bb1\/2&Prime;][vc_column_text]<strong style=\"font-family: inherit; font-size: inherit; font-style: inherit;\">Volumes de donn\u00e9es :<\/strong><\/p>\n<ul>\n<li>Quelle est l&rsquo;\u00e9tendue et le volume des donn\u00e9es entre les types de donn\u00e9es, les silos et les logiciels ?<\/li>\n<\/ul>\n<p><strong>Dispositions contractuelles avec des tiers :<\/strong><\/p>\n<ul>\n<li>Source unique ou contrats multiples ? La compr\u00e9hension de la cha\u00eene d&rsquo;approvisionnement des syst\u00e8mes, du stockage et de la gestion des donn\u00e9es permettra de rationaliser les processus de transition et d&rsquo;int\u00e9gration.<\/li>\n<\/ul>\n<p><strong>Environnement applicatif :<\/strong><\/p>\n<ul>\n<li>Existe-t-il des synergies entre les environnements source et cible ? Quelle est la responsabilit\u00e9 de la licence du logiciel ?<\/li>\n<li><span style=\"font-family: inherit; font-size: inherit; font-style: inherit;\">Si l&rsquo;application pr\u00e9f\u00e9r\u00e9e est diff\u00e9rente, la s\u00e9lection d&rsquo;une plateforme pr\u00e9f\u00e9r\u00e9e devient une priorit\u00e9, garantissant une coh\u00e9rence permanente et r\u00e9duisant les co\u00fbts de licence suppl\u00e9mentaires une fois la transition termin\u00e9e.<\/span><\/li>\n<\/ul>\n<p>[\/vc_column_text][\/vc_column_inner][\/vc_row_inner][\/vc_column][\/vc_row][vc_row padding_top_multiplier=\u00a0\u00bb\u00a0\u00bb padding_bottom_multiplier=\u00a0\u00bb\u00a0\u00bb columns_gap=\u00a0\u00bb60&Prime;][vc_column][vc_column_text css=\u00a0\u00bb.vc_custom_1632996492354{padding-bottom: 20px !important;}\u00a0\u00bb]<\/p>\n<h1 style=\"text-align: left;\"><strong><span style=\"color: #ffc423; letter-spacing: -3px;\">&#8212;&#8211;<\/span><\/strong><\/h1>\n<h2><strong>La transition<\/strong><\/h2>\n<p>[\/vc_column_text][vc_row_inner css=\u00a0\u00bb.vc_custom_1627473938991{padding-bottom: 40px !important;}\u00a0\u00bb][vc_column_inner width=\u00a0\u00bb1\/2&Prime;][vc_column_text]Une fois que la port\u00e9e et l&rsquo;ampleur de la transition des actifs sont comprises et qu&rsquo;un plan de projet est cr\u00e9\u00e9, \u00e0 quoi ressemblera la transition ?<\/p>\n<ul>\n<li><strong>Une \u00e9quipe d&rsquo;experts mobilis\u00e9e<\/strong> dans la gestion des donn\u00e9es du sous-surface pour entreprendre une \u00e9valuation de l&rsquo;\u00e9tat actuel de l&rsquo;environnement et du paysage de l&rsquo;organisation c\u00e9dante ; d\u00e9velopper un plan d\u00e9taill\u00e9 et une feuille de route des activit\u00e9s. Cela prend g\u00e9n\u00e9ralement 1 \u00e0 2 semaines.<\/li>\n<\/ul>\n<p>[\/vc_column_text][\/vc_column_inner][vc_column_inner width=\u00a0\u00bb1\/2&Prime;][vc_column_text]<\/p>\n<ul>\n<li><strong>Mise en \u0153uvre<\/strong> variera en fonction de la port\u00e9e, mais une dur\u00e9e de 3 \u00e0 12 mois est typique. L&rsquo;activit\u00e9 de transition sera g\u00e9n\u00e9ralement divis\u00e9e en flux de travail, couvrant les applications techniques et les r\u00e9f\u00e9rentiels de donn\u00e9es, les plateformes de GI et les actifs de donn\u00e9es physiques. Les r\u00e9sultats et les recommandations de CSA serviront de base \u00e0 un plan d&rsquo;action d\u00e9taill\u00e9 pour la transition.<\/li>\n<\/ul>\n<p>[\/vc_column_text][\/vc_column_inner][\/vc_row_inner][\/vc_column][\/vc_row][vc_row padding_top_multiplier=\u00a0\u00bb\u00a0\u00bb padding_bottom_multiplier=\u00a0\u00bb\u00a0\u00bb columns_gap=\u00a0\u00bb60&Prime;][vc_column][vc_column_text css=\u00a0\u00bb.vc_custom_1632996503941{padding-bottom: 20px !important;}\u00a0\u00bb]<\/p>\n<h1 style=\"text-align: left;\"><strong><span style=\"color: #ffc423; letter-spacing: -3px;\">&#8212;&#8211;<\/span><\/strong><\/h1>\n<h2><strong>Passer aux op\u00e9rations<\/strong><\/h2>\n<p>[\/vc_column_text][vc_row_inner css=\u00a0\u00bb.vc_custom_1627473938991{padding-bottom: 40px !important;}\u00a0\u00bb][vc_column_inner width=\u00a0\u00bb1\/2&Prime;][vc_column_text]<\/p>\n<ul>\n<li><strong>Applications<br \/>\n<\/strong> Rationalisez votre portefeuille d&rsquo;applications et r\u00e9duisez les co\u00fbts de licence. Sword a l&rsquo;exp\u00e9rience de l&rsquo;engagement avec les \u00e9quipes souterraines pour d\u00e9terminer les pr\u00e9f\u00e9rences et les exigences en mati\u00e8re de plate-forme.<\/li>\n<li><strong>Am\u00e9lioration du r\u00e9f\u00e9rentiel de donn\u00e9es<br \/>\n<\/strong> Comprendre la qualit\u00e9 et l&rsquo;exhaustivit\u00e9 des r\u00e9f\u00e9rentiels de donn\u00e9es ; d\u00e9dupliquer votre domaine et am\u00e9liorer les m\u00e9tadonn\u00e9es.<\/li>\n<\/ul>\n<p>[\/vc_column_text][\/vc_column_inner][vc_column_inner width=\u00a0\u00bb1\/2&Prime;][vc_column_text]<\/p>\n<ul>\n<li><strong>Processus et flux de travail<br \/>\n<\/strong><span style=\"font-family: inherit; font-size: inherit; font-style: inherit;\"> Nous travaillerons avec vous pour rationaliser et automatiser la fa\u00e7on dont vous travaillez avec vos donn\u00e9es.<\/span><\/li>\n<li><strong>Capture de connaissances<br \/>\n<\/strong><span style=\"font-family: inherit; font-size: inherit; font-style: inherit;\"> Utilisez des techniques avanc\u00e9es d&rsquo;analyse de donn\u00e9es pour obtenir plus de valeur et de perspicacit\u00e9 de vos donn\u00e9es.<\/span><\/li>\n<\/ul>\n<p>[\/vc_column_text][\/vc_column_inner][\/vc_row_inner][\/vc_column][\/vc_row][vc_row][vc_column]<div class=\"grve-element grve-image grve-align-center\" style=\"\">  <div class=\"grve-image-wrapper\"><img loading=\"lazy\" decoding=\"async\" width=\"2000\" height=\"785\" src=\"https:\/\/www.sword-group.com\/wp-content\/uploads\/2021\/07\/case-study-graphSubsurfaceTechnicalDataApplications.jpg\" class=\"attachment-full size-full\" alt=\"\" srcset=\"https:\/\/www.sword-group.com\/wp-content\/uploads\/2021\/07\/case-study-graphSubsurfaceTechnicalDataApplications.jpg 2000w, https:\/\/www.sword-group.com\/wp-content\/uploads\/2021\/07\/case-study-graphSubsurfaceTechnicalDataApplications-300x118.jpg 300w, https:\/\/www.sword-group.com\/wp-content\/uploads\/2021\/07\/case-study-graphSubsurfaceTechnicalDataApplications-1024x402.jpg 1024w, https:\/\/www.sword-group.com\/wp-content\/uploads\/2021\/07\/case-study-graphSubsurfaceTechnicalDataApplications-768x301.jpg 768w, https:\/\/www.sword-group.com\/wp-content\/uploads\/2021\/07\/case-study-graphSubsurfaceTechnicalDataApplications-1536x603.jpg 1536w, https:\/\/www.sword-group.com\/wp-content\/uploads\/2021\/07\/case-study-graphSubsurfaceTechnicalDataApplications-1920x754.jpg 1920w\" sizes=\"auto, (max-width: 2000px) 100vw, 2000px\" \/>   <\/div><\/div>[\/vc_column][\/vc_row][vc_row padding_top_multiplier=\u00a0\u00bb\u00a0\u00bb padding_bottom_multiplier=\u00a0\u00bb\u00a0\u00bb columns_gap=\u00a0\u00bb60&Prime;][vc_column][vc_column_text css=\u00a0\u00bb.vc_custom_1632996513313{padding-bottom: 20px !important;}\u00a0\u00bb]<\/p>\n<h1 style=\"text-align: left;\"><strong><span style=\"color: #ffc423; letter-spacing: -3px;\">&#8212;&#8211;<\/span><\/strong><\/h1>\n<h2><strong>R\u00e9duction des risques :<\/strong><\/h2>\n<p>[\/vc_column_text][vc_row_inner css=\u00a0\u00bb.vc_custom_1627473938991{padding-bottom: 40px !important;}\u00a0\u00bb][vc_column_inner width=\u00a0\u00bb1\/2&Prime;][vc_column_text]Notre exp\u00e9rience et nos connaissances sp\u00e9cialis\u00e9es des donn\u00e9es digitale et physiques r\u00e9duiront les risques et assureront la continuit\u00e9 lors d&rsquo;un transfert d&rsquo;actifs. Les risques sont att\u00e9nu\u00e9s :<\/p>\n<ul>\n<li><strong>Complexit\u00e9<\/strong> \u2013 L&rsquo;utilisation d&rsquo;une combinaison d&rsquo;outils et de techniques d&rsquo;analyse des donn\u00e9es pour effectuer un exercice de d\u00e9couverte fournit un m\u00e9canisme efficace pour d\u00e9cortiquer les d\u00e9tails de l&rsquo;ensemble des donn\u00e9es digitale acquises, ainsi que l&rsquo;expertise de consultants tr\u00e8s talentueux qui d\u00e9composent les ensembles de donn\u00e9es pour en r\u00e9duire la complexit\u00e9.<\/li>\n<li><strong>Connaissance<\/strong> \u2013 PLors de la transition d&rsquo;un actif num\u00e9rique et physique, il est essentiel de s&rsquo;engager aupr\u00e8s du personnel cl\u00e9 dans un court laps de temps afin d&rsquo;obtenir des r\u00e9sum\u00e9s de l&rsquo;ensemble des donn\u00e9es pour s&rsquo;assurer que les donn\u00e9es acquises par rapport aux donn\u00e9es re\u00e7ues sont conformes aux attentes et peuvent \u00eatre mises \u00e0 la disposition de l&rsquo;organisation destinataire.<\/li>\n<\/ul>\n<p>[\/vc_column_text][\/vc_column_inner][vc_column_inner width=\u00a0\u00bb1\/2&Prime;][vc_column_text]<\/p>\n<ul>\n<li><strong>Temps<\/strong> \u2013 Il est essentiel de saisir l&rsquo;occasion d&rsquo;acqu\u00e9rir des connaissances et des informations aupr\u00e8s de l&rsquo;organisation c\u00e9dante. Il faut ensuite s&rsquo;assurer que les donn\u00e9es sont disponibles d\u00e8s que possible, que la continuit\u00e9 op\u00e9rationnelle est maintenue et que les temps d&rsquo;arr\u00eat sont r\u00e9duits au minimum.<\/li>\n<li><strong>Co\u00fbt<\/strong> \u2013 Le d\u00e9ploiement des donn\u00e9es acquises sous la forme d&rsquo;un ensemble rationalis\u00e9 d&rsquo;informations r\u00e9duit les co\u00fbts de stockage et permet le d\u00e9ploiement de syst\u00e8mes adapt\u00e9s et rentables qui refl\u00e8tent les besoins de l&rsquo;entreprise, ce qui permet de ma\u00eetriser les co\u00fbts dans un environnement simplifi\u00e9.<\/li>\n<\/ul>\n<p>[\/vc_column_text][\/vc_column_inner][\/vc_row_inner][\/vc_column][\/vc_row][vc_row padding_top_multiplier=\u00a0\u00bb\u00a0\u00bb padding_bottom_multiplier=\u00a0\u00bb\u00a0\u00bb columns_gap=\u00a0\u00bb60&Prime;][vc_column][vc_column_text css=\u00a0\u00bb.vc_custom_1632996522764{padding-bottom: 20px !important;}\u00a0\u00bb]<\/p>\n<h1 style=\"text-align: left;\"><strong><span style=\"color: #ffc423; letter-spacing: -3px;\">&#8212;&#8211;<\/span><\/strong><\/h1>\n<h2><strong>\u00c0 propos de Sword <\/strong><\/h2>\n<p>[\/vc_column_text][vc_row_inner css=\u00a0\u00bb.vc_custom_1627473938991{padding-bottom: 40px !important;}\u00a0\u00bb][vc_column_inner width=\u00a0\u00bb1\/2&Prime;][vc_column_text]Sword UK se concentre sur la r\u00e9solution de d\u00e9fis commerciaux cl\u00e9s au sein des organisations, centr\u00e9s sur le d\u00e9veloppement de la gestion de l&rsquo;informatique au quotidien, en aidant \u00e0 optimiser l&rsquo;infrastructure organisationnelle pour permettre aux clients de se concentrer sur les activit\u00e9s \u00e0 forte valeur ajout\u00e9e. Sword UK aide ses clients \u00e0 r\u00e9ussir leur parcours num\u00e9rique en introduisant et en mettant en \u0153uvre la technologie comme un facilitateur et non comme un inhibiteur. [\/vc_column_text][\/vc_column_inner][vc_column_inner width=\u00a0\u00bb1\/2&Prime;][vc_column_text]<strong>Sword<\/strong><br \/>\nJohnstone House,<br \/>\n52 \u2013 54 Rose Street, Aberdeen, AB10 1UD<br \/>\nE : Neale.Stidolph@sword-group.com<br \/>\nT : +44 (0)1224 506 110<br \/>\nwww.sworditsolutions.com[\/vc_column_text][\/vc_column_inner][\/vc_row_inner][\/vc_column][\/vc_row][vc_row][vc_column]<div class=\"grve-empty-space grve-height-1x\" style=\"\"><\/div>[\/vc_column][\/vc_row]<\/p>\n<\/div>","protected":false},"excerpt":{"rendered":"<p>[vc_row heading_color=\u00a0\u00bblight\u00a0\u00bb bg_type=\u00a0\u00bbimage\u00a0\u00bb bg_image=\u00a0\u00bb19554&Prime; bg_image_size=\u00a0\u00bbresponsive\u00a0\u00bb bg_position=\u00a0\u00bbcenter-top\u00a0\u00bb bg_tablet_sm_position=\u00a0\u00bbcenter-center\u00a0\u00bb opacity_overlay=\u00a0\u00bb60&Prime; padding_top_multiplier=\u00a0\u00bbcustom\u00a0\u00bb padding_bottom_multiplier=\u00a0\u00bbcustom\u00a0\u00bb separator_bottom=\u00a0\u00bbtilt-left-separator\u00a0\u00bb separator_bottom_size=\u00a0\u00bb120px\u00a0\u00bb font_color=\u00a0\u00bb#000000&Prime; margin_bottom=\u00a0\u00bb0&Prime; padding_top=\u00a0\u00bb0&Prime; padding_bottom=\u00a0\u00bb0&Prime;][vc_column width=\u00a0\u00bb2\/3&Prime;][vc_column_text animation=\u00a0\u00bbgrve-fade-in-up\u00a0\u00bb animation_delay=\u00a0\u00bb400&Prime;] &#8212;&#8211; \u00c9TUDE DE CAS Transition des actifs &#8211; TI et gestion de l&rsquo;information [\/vc_column_text][\/vc_column][vc_column width=\u00a0\u00bb1\/3&Prime;][\/vc_column][\/vc_row][vc_row padding_bottom_multiplier=\u00a0\u00bb\u00a0\u00bb columns_gap=\u00a0\u00bb60&Prime;][vc_column][vc_column_text css=\u00a0\u00bb.vc_custom_1632996481025{padding-bottom: 20px !important;}\u00a0\u00bb] &#8212;&#8211; \u00c9tape de pr\u00e9paration [\/vc_column_text][vc_row_inner css=\u00a0\u00bb.vc_custom_1627473938991{padding-bottom: 40px !important;}\u00a0\u00bb][vc_column_inner width=\u00a0\u00bb1\/2&Prime;][vc_column_text]Avec plus de 30 ans d&rsquo;exp\u00e9rience dans le [&hellip;]<\/p>\n","protected":false},"author":1,"featured_media":0,"parent":0,"menu_order":0,"comment_status":"closed","ping_status":"closed","template":"","meta":{"footnotes":"","_links_to":"","_links_to_target":""},"class_list":["post-26061","page","type-page","status-publish","hentry"],"_links":{"self":[{"href":"https:\/\/www.sword-group.com\/fr\/wp-json\/wp\/v2\/pages\/26061","targetHints":{"allow":["GET"]}}],"collection":[{"href":"https:\/\/www.sword-group.com\/fr\/wp-json\/wp\/v2\/pages"}],"about":[{"href":"https:\/\/www.sword-group.com\/fr\/wp-json\/wp\/v2\/types\/page"}],"author":[{"embeddable":true,"href":"https:\/\/www.sword-group.com\/fr\/wp-json\/wp\/v2\/users\/1"}],"replies":[{"embeddable":true,"href":"https:\/\/www.sword-group.com\/fr\/wp-json\/wp\/v2\/comments?post=26061"}],"version-history":[{"count":0,"href":"https:\/\/www.sword-group.com\/fr\/wp-json\/wp\/v2\/pages\/26061\/revisions"}],"wp:attachment":[{"href":"https:\/\/www.sword-group.com\/fr\/wp-json\/wp\/v2\/media?parent=26061"}],"curies":[{"name":"wp","href":"https:\/\/api.w.org\/{rel}","templated":true}]}}