{"id":26147,"date":"2021-08-31T08:38:08","date_gmt":"2021-08-31T08:38:08","guid":{"rendered":"https:\/\/swordgroupprod.wpengine.com\/etude-de-cas-une-approche-technologique-integree-de-im-message-instantane\/"},"modified":"2021-10-27T13:51:40","modified_gmt":"2021-10-27T13:51:40","slug":"etude-de-cas-une-approche-technologique-integree-de-im-message-instantane","status":"publish","type":"page","link":"https:\/\/www.sword-group.com\/fr\/etude-de-cas-une-approche-technologique-integree-de-im-message-instantane\/","title":{"rendered":"\u00c9tude de cas &#8211; Une approche technologique int\u00e9gr\u00e9e de IM (message instantan\u00e9)"},"content":{"rendered":"<div class=\"wpb-content-wrapper\"><p>[vc_row heading_color=\u00a0\u00bblight\u00a0\u00bb bg_type=\u00a0\u00bbimage\u00a0\u00bb bg_image=\u00a0\u00bb19554&Prime; bg_image_size=\u00a0\u00bbresponsive\u00a0\u00bb bg_position=\u00a0\u00bbcenter-top\u00a0\u00bb bg_tablet_sm_position=\u00a0\u00bbcenter-center\u00a0\u00bb opacity_overlay=\u00a0\u00bb60&Prime; padding_top_multiplier=\u00a0\u00bbcustom\u00a0\u00bb padding_bottom_multiplier=\u00a0\u00bbcustom\u00a0\u00bb separator_bottom=\u00a0\u00bbtilt-left-separator\u00a0\u00bb separator_bottom_size=\u00a0\u00bb120px\u00a0\u00bb font_color=\u00a0\u00bb#000000&Prime; margin_bottom=\u00a0\u00bb0&Prime; padding_top=\u00a0\u00bb0&Prime; padding_bottom=\u00a0\u00bb0&Prime;][vc_column width=\u00a0\u00bb2\/3&Prime;]<div class=\"grve-empty-space grve-height-1x\" style=\"\"><\/div>[vc_column_text animation=\u00a0\u00bbgrve-fade-in-up\u00a0\u00bb animation_delay=\u00a0\u00bb400&Prime;]<br \/>\n&nbsp;<\/p>\n<h1 style=\"text-align: left;\"><strong><br \/>\n<span style=\"couleur: #ffc423; espacement des lettres: -3px;\">&#8212;&#8211;<\/span><br \/>\n<\/strong><\/h1>\n<h4><span style=\"couleur: #4f4f4f;\">\u00c9TUDE DE CAS<\/span><\/h4>\n<h1 style=\"text-align: left;\"><strong><br \/>\n<span style=\"couleur: #4f4f4f;\">Une approche technologique int\u00e9gr\u00e9e de MI (message instantan\u00e9)<\/span><br \/>\n<\/strong><\/h1>\n<h2 style=\"text-align: left;\"><span style=\"couleur: #4f4f4f;\">FOURNIR DES ANALYSES ACTIONNABLES<\/span><\/h2>\n<p>[\/vc_column_text]<div class=\"grve-empty-space\" style=\"height: 120px;\"><\/div>[\/vc_column][vc_column width=\u00a0\u00bb1\/3&Prime;][\/vc_column][\/vc_row][vc_row padding_bottom_multiplier=\u00a0\u00bb\u00a0\u00bb columns_gap=\u00a0\u00bb60&Prime;][vc_column][vc_column_text css=\u00a0\u00bb.vc_custom_1627640191710{padding-bottom: 20px !important;}\u00a0\u00bb]<br \/>\n&nbsp;<\/p>\n<h1 style=\"text-align: left;\"><strong><br \/>\n<span style=\"couleur: #ffc423; espacement des lettres: -3px;\">&#8212;&#8211;<\/span><br \/>\n<\/strong><\/h1>\n<h2><strong>Une approche technologique int\u00e9gr\u00e9e pour relever vos d\u00e9fis en mati\u00e8re de gestion de l&rsquo;information<\/strong><\/h2>\n<p>[\/vc_column_text][vc_row_inner css=\u00a0\u00bb.vc_custom_1627473938991{padding-bottom: 40px !important;}\u00a0\u00bb][vc_column_inner width=\u00a0\u00bb1\/2&Prime;][vc_column_text]Nos solutions digitales compl\u00e8tent notre expertise en la mati\u00e8re, ce qui nous permet de travailler plus intelligemment pour vous.<\/p>\n<p>Sword propose une approche ax\u00e9e sur les donn\u00e9es qui vous permet de comprendre le contexte de votre entreprise, de supprimer les doublons, de consolider et de migrer, et d&rsquo;exploiter la valeur de vos informations et de vos dossiers.<\/p>\n<p><strong>VOTRE DOMAINE D&rsquo;INFORMATIONS<\/strong><br \/>\nNous devons d&rsquo;abord comprendre comment votre organisation cr\u00e9e, consomme et g\u00e8re les donn\u00e9es et les informations. Nous fournissons une s\u00e9rie d&rsquo;experts en mati\u00e8re pour entreprendre un exercice de \u00ab\u00a0d\u00e9couverte et de recueil d&rsquo;informations\u00a0\u00bb afin de fournir une vue de votre domaine de l&rsquo;information et des possibilit\u00e9s d&rsquo;am\u00e9lioration.[\/vc_column_text][\/vc_column_inner][vc_column_inner width=\u00a0\u00bb1\/2&Prime;][vc_column_text]<strong>D\u00c9COUVERTE<\/strong><br \/>\nAnalyses au niveau des fichiers et des dossiers sur les lecteurs r\u00e9seau et les syst\u00e8mes connect\u00e9s pour cartographier votre domaine, fournissant :<\/p>\n<ul>\n<li>Une vue des volumes et de la distribution des donn\u00e9es<\/li>\n<li>Une vue g\u00e9n\u00e9rale de tous les r\u00e9f\u00e9rentiels de contenu de votre domaine d&rsquo;information<\/li>\n<li>Une d\u00e9finition de haut niveau des r\u00e8gles de gestion utilis\u00e9es pour analyser les donn\u00e9es<\/li>\n<\/ul>\n<p>[\/vc_column_text][\/vc_column_inner][\/vc_row_inner][\/vc_column][\/vc_row][vc_row padding_top_multiplier=\u00a0\u00bb\u00a0\u00bb padding_bottom_multiplier=\u00a0\u00bb\u00a0\u00bb columns_gap=\u00a0\u00bb60&Prime;][vc_column][vc_column_text css=\u00a0\u00bb.vc_custom_1627640297745{padding-bottom: 20px !important;}\u00a0\u00bb]<br \/>\n&nbsp;<\/p>\n<h1 style=\"text-align: left;\"><strong><br \/>\n<span style=\"couleur: #ffc423; espacement des lettres: -3px;\">&#8212;&#8211;<\/span><br \/>\n<\/strong><\/h1>\n<h2><strong>Donner du sens \u00e0 votre domaine informationnel<\/strong><\/h2>\n<p>[\/vc_column_text][vc_row_inner css=\u00a0\u00bb.vc_custom_1627473938991{padding-bottom: 40px !important;}\u00a0\u00bb][vc_column_inner width=\u00a0\u00bb1\/2&Prime;][vc_column_text]Nos r\u00e8gles bas\u00e9es sur les donn\u00e9es parcourent rapidement et efficacement de vastes ensembles de donn\u00e9es. Des r\u00e9sum\u00e9s d\u00e9taill\u00e9s du tableau de bord de votre patrimoine d&rsquo;informations sont \u00e9labor\u00e9s avec des recommandations d&rsquo;am\u00e9lioration.<\/p>\n<p><strong>RATIONALISATION<\/strong><\/p>\n<ul>\n<li>Analyse de donn\u00e9es d\u00e9taill\u00e9e avec filtrage du contenu pour cr\u00e9er des sous-ensembles de donn\u00e9es afin de faciliter la prise de d\u00e9cision<\/li>\n<li>Identification des points de duplication pour r\u00e9duire le volume global du domaine informationnel<\/li>\n<\/ul>\n<p>[\/vc_column_text][\/vc_column_inner][vc_column_inner width=\u00a0\u00bb1\/2&Prime;][vc_column_text]<\/p>\n<ul>\n<li>Identification des dossiers d&rsquo;entreprise susceptibles pour \u00eatre transf\u00e9r\u00e9s vers le magasin central<\/li>\n<li>Identification des donn\u00e9es redondantes, obsol\u00e8tes et triviales (ROT) pour am\u00e9liorer la confiance des donn\u00e9es<\/li>\n<li>Identification de toute information personnellement identifiable (PII) qui pourrait constituer une violation du GDPR<\/li>\n<li style=\"list-style-type: none;\"><\/li>\n<\/ul>\n<p>[\/vc_column_text][\/vc_column_inner][\/vc_row_inner][\/vc_column][\/vc_row][vc_row padding_top_multiplier=\u00a0\u00bb\u00a0\u00bb padding_bottom_multiplier=\u00a0\u00bb\u00a0\u00bb columns_gap=\u00a0\u00bb60&Prime;][vc_column][vc_column_text css=\u00a0\u00bb.vc_custom_1627640465724{padding-bottom: 20px !important;}\u00a0\u00bb]<br \/>\n&nbsp;<\/p>\n<h1 style=\"text-align: left;\"><strong><br \/>\n<span style=\"couleur: #ffc423; espacement des lettres: -3px;\">&#8212;&#8211;<\/span><br \/>\n<\/strong><\/h1>\n<h2><strong>La qualit\u00e9 \u00e0 grande \u00e9chelle<\/strong><\/h2>\n<p>[\/vc_column_text][vc_row_inner css=\u00a0\u00bb.vc_custom_1627473938991{padding-bottom: 40px !important;}\u00a0\u00bb][vc_column_inner width=\u00a0\u00bb1\/2&Prime;][vc_column_text]Qu&rsquo;il s&rsquo;agisse d&rsquo;exigences internes en mati\u00e8re de qualit\u00e9 des donn\u00e9es ou de conformit\u00e9 r\u00e9glementaire, une vue claire et exploitable de vos informations est inestimable. La combinaison d&rsquo;une exp\u00e9rience approfondie du domaine et de nos technologies permet d&rsquo;obtenir une solution de bout en bout.<\/p>\n<p><strong>VALEUR DE R\u00c9COLTE<\/strong><br \/>\nDe grandes quantit\u00e9s de donn\u00e9es sont trait\u00e9es dans des environnements contr\u00f4l\u00e9s pour lib\u00e9rer la valeur latente.<\/p>\n<ul>\n<li><strong>Identification de vos donn\u00e9es<\/strong> \u2013 Classement des documents et des donn\u00e9es<\/li>\n<li><strong>Conna\u00eetre ses donn\u00e9es<\/strong> \u2013 Analyse et visualisation de contenu<\/li>\n<\/ul>\n<p>[\/vc_column_text][\/vc_column_inner][vc_column_inner width=\u00a0\u00bb1\/2&Prime;][vc_column_text]<\/p>\n<ul>\n<li><strong>Balisage de vos donn\u00e9es<\/strong> \u2013 Reconnaissance des m\u00e9tadonn\u00e9es et des informations cl\u00e9s<\/li>\n<li><strong>R\u00e9colter vos donn\u00e9es<\/strong> \u2013 Extraction de contenu et de donn\u00e9es<\/li>\n<li><strong>Trouver vos donn\u00e9es<\/strong> \u2013 Capacit\u00e9 de recherche cognitive avanc\u00e9e<\/li>\n<li><strong>Utilisation de vos donn\u00e9es<\/strong> \u2013 Cr\u00e9er des environnements de donn\u00e9es int\u00e9gr\u00e9s robustes<\/li>\n<\/ul>\n<p>[\/vc_column_text][\/vc_column_inner][\/vc_row_inner][\/vc_column][\/vc_row][vc_row padding_top_multiplier=\u00a0\u00bb\u00a0\u00bb padding_bottom_multiplier=\u00a0\u00bb\u00a0\u00bb columns_gap=\u00a0\u00bb60&Prime;][vc_column][vc_column_text css=\u00a0\u00bb.vc_custom_1627640587913{padding-bottom: 20px !important;}\u00a0\u00bb]<br \/>\n&nbsp;<\/p>\n<h1 style=\"text-align: left;\"><strong><br \/>\n<span style=\"couleur: #ffc423; espacement des lettres: -3px;\">&#8212;&#8211;<\/span><br \/>\n<\/strong><\/h1>\n<h2><strong>La migration simplifi\u00e9e<\/strong><\/h2>\n<p>[\/vc_column_text][vc_row_inner css=\u00a0\u00bb.vc_custom_1627473938991{padding-bottom: 40px !important;}\u00a0\u00bb][vc_column_inner width=\u00a0\u00bb1\/2&Prime;][vc_column_text]Les migrations de documents peuvent \u00eatre complexes, longues et difficiles \u00e0 entreprendre. Ils d\u00e9crochent souvent lorsqu&rsquo;on demande aux utilisateurs de prendre des d\u00e9cisions sur leurs donn\u00e9es. Sword fournit une solution de bout en bout combinant les processus d&rsquo;affaires, la cartographie de l&rsquo;\u00e9tat actuel et les visualisations de donn\u00e9es pour obtenir l&rsquo;adoption par les utilisateurs.[\/vc_column_text][\/vc_column_inner][vc_column_inner width=\u00a0\u00bb1\/2&Prime;][vc_column_text]<strong>MIGRATION<\/strong><br \/>\nNous fournissons un tableau de bord avant et apr\u00e8s qui permet \u00e0 l&rsquo;utilisateur final de visualiser \u00e0 quoi ressemblera le produit final avant tout d\u00e9placement physique.<\/p>\n<ul>\n<li>Les tableaux de bord de donn\u00e9es facilitent le traitement et la visualisation<\/li>\n<li>Le filtrage des attributs et les informations d\u00e9taill\u00e9es permettent une \u00ab\u00a0migration virtuelle\u00a0\u00bb<\/li>\n<li>Une m\u00e9thodologie de migration robuste, dont la qualit\u00e9 est contr\u00f4l\u00e9e<\/li>\n<li>Mise en \u0153uvre et gestion du changement apr\u00e8s la migration<\/li>\n<li style=\"list-style-type: none;\"><\/li>\n<\/ul>\n<p>[\/vc_column_text][\/vc_column_inner][\/vc_row_inner][\/vc_column][\/vc_row][vc_row padding_top_multiplier=\u00a0\u00bb\u00a0\u00bb padding_bottom_multiplier=\u00a0\u00bb\u00a0\u00bb columns_gap=\u00a0\u00bb60&Prime;][vc_column][vc_column_text css=\u00a0\u00bb.vc_custom_1627640711576{padding-bottom: 20px !important;}\u00a0\u00bb]<br \/>\n&nbsp;<\/p>\n<h1 style=\"text-align: left;\"><strong><br \/>\n<span style=\"couleur: #ffc423; espacement des lettres: -3px;\">&#8212;&#8211;<\/span><br \/>\n<\/strong><\/h1>\n<h2><strong>\u00c9tude de cas : projet d&rsquo;analyse des fichiers<\/strong><\/h2>\n<p>[\/vc_column_text][vc_row_inner css=\u00a0\u00bb.vc_custom_1627473938991{padding-bottom: 40px !important;}\u00a0\u00bb][vc_column_inner width=\u00a0\u00bb1\/2&Prime;][vc_column_text]Notre client est l&rsquo;une des plus grandes soci\u00e9t\u00e9s p\u00e9troli\u00e8res et gazi\u00e8res ind\u00e9pendantes au monde, employant plus de 1500 personnes dans le monde avec des bases de production en Europe et en Asie.<\/p>\n<p><strong>LE D\u00c9FI<\/strong><br \/>\n\u00c0 la suite de plusieurs acquisitions d&rsquo;entreprises importantes au cours des derni\u00e8res ann\u00e9es, notre client a h\u00e9rit\u00e9 d&rsquo;un domaine d&rsquo;information contenant un m\u00e9lange d&rsquo;informations vivantes et p\u00e9rim\u00e9es totalisant plus de 320 t\u00e9raoctet et plus de 25 millions de fichiers.<\/p>\n<p>Les acquisitions d&rsquo;entreprises et la mauvaise gestion des donn\u00e9es ont contribu\u00e9 \u00e0 un degr\u00e9 \u00e9lev\u00e9 de duplication, \u00e0 un nommage et une structure incoh\u00e9rents, \u00e0 un chevauchement des donn\u00e9es, \u00e0 une dispersion des donn\u00e9es, \u00e0 un manque de contr\u00f4le et \u00e0 une r\u00e9duction significative de la capacit\u00e9 \u00e0 localiser les bon donn\u00e9es en temps voulu. Cela a conduit \u00e0 l&rsquo;ambigu\u00eft\u00e9, \u00e0 la confusion et \u00e0 de nombreuses incoh\u00e9rences. Le personnel a \u00e9prouv\u00e9 des difficult\u00e9s \u00e0 trouver les informations les plus r\u00e9centes, souvent en raison de migrations incontr\u00f4l\u00e9es et d&rsquo;un manque de gouvernance globale des donn\u00e9es. L&rsquo;absence d&rsquo;une fonctionnalit\u00e9 de recherche au niveau du domaine, d&rsquo;une structure ou d&rsquo;une convention de fichier commune, combin\u00e9e \u00e0 un manque de connaissances d\u00e9taill\u00e9es sur le patrimoine, a encore r\u00e9duit la capacit\u00e9 \u00e0 localiser des informations pr\u00e9cieuses.<\/p>\n<p>Notre approche int\u00e9gr\u00e9e de la gestion de l&rsquo;information \u00e9tait n\u00e9cessaire pour r\u00e9soudre ces probl\u00e8mes difficiles.[\/vc_column_text][\/vc_column_inner][vc_column_inner width=\u00a0\u00bb1\/2&Prime;][vc_column_text]<strong>LA SOLUTION<\/strong><br \/>\nNous avons travaill\u00e9 en collaboration avec les \u00e9quipes des syst\u00e8mes d&rsquo;information (SI) et les fonctions commerciales du client sur un projet en plusieurs phases, en utilisant nos m\u00e9thodologies, nos capacit\u00e9s et nos outils \u00e9prouv\u00e9s:<\/p>\n<ul>\n<li>Analyse et cartographie immobili\u00e8re de haut niveau<\/li>\n<li>Une classification et une analyse fonctionnelle d\u00e9taill\u00e9es pour:\n<ul>\n<li>Identifier les duplications directes et les points chauds<\/li>\n<li>Identifier les IPI qui doivent \u00eatre retir\u00e9es du domaine en raison des r\u00e9glementations GDPR<\/li>\n<li>Identifier les informations ROT pour la suppression<\/li>\n<li>Identifier les zones de mat\u00e9riel potentiel pour l&rsquo;archivage<\/li>\n<li>Identifiez les enregistrements critiques de l&rsquo;entreprise, en hi\u00e9rarchisant les enregistrements r\u00e9glementaires<\/li>\n<li>Cr\u00e9er un ensemble de recommandations exploitables pour consolider et migrer les donn\u00e9es restantes pour l&rsquo;approbation du propri\u00e9taire fonctionnel<\/li>\n<\/ul>\n<\/li>\n<li>Visualisations de donn\u00e9es d\u00e9montrant l&rsquo;\u00e9tendue de la fa\u00e7on dont l&rsquo;information est diffus\u00e9e<\/li>\n<li>Un ensemble de feuilles de route d&rsquo;activit\u00e9s prenant en compte les priorit\u00e9s m\u00e9tiers afin de ne pas entraver les activit\u00e9s cl\u00e9s de l&rsquo;entreprise<\/li>\n<\/ul>\n<p><strong>LE R\u00c9SULTAT<\/strong><br \/>\nEn collaboration avec le client, notre approche int\u00e9gr\u00e9e de la gestion de l&rsquo;information a permis d&rsquo;obtenir :<\/p>\n<ul>\n<li>Plus de 4,8 millions de fichiers en double, de fichiers ROT, de fichiers d&rsquo;archives et de fichiers PII ont \u00e9t\u00e9 supprim\u00e9s du domaine de l&rsquo;information, ce qui a permis de r\u00e9duire consid\u00e9rablement le temps n\u00e9cessaire pour localiser et trouver les bonnes informations<\/li>\n<li>Consolidation des donn\u00e9es \u00e0 partir de plusieurs disques, d\u00e9classement des disques redondants, r\u00e9duction des frais g\u00e9n\u00e9raux d&rsquo;infrastructure, r\u00e9duction des ambigu\u00eft\u00e9s et am\u00e9lioration de la facilit\u00e9 d&rsquo;acc\u00e8s du personnel aux donn\u00e9es et aux informations<\/li>\n<li>Les documents essentiels de l&rsquo;entreprise ont \u00e9t\u00e9 transf\u00e9r\u00e9s vers SharePoint et stock\u00e9s de mani\u00e8re appropri\u00e9e afin de garantir la conformit\u00e9 interne et externe<\/li>\n<\/ul>\n<p>[\/vc_column_text][\/vc_column_inner][\/vc_row_inner][\/vc_column][\/vc_row][vc_row][vc_column]<div class=\"grve-empty-space grve-height-1x\" style=\"\"><\/div>[\/vc_column][\/vc_row]<\/p>\n<\/div>","protected":false},"excerpt":{"rendered":"<p>[vc_row heading_color=\u00a0\u00bblight\u00a0\u00bb bg_type=\u00a0\u00bbimage\u00a0\u00bb bg_image=\u00a0\u00bb19554&Prime; bg_image_size=\u00a0\u00bbresponsive\u00a0\u00bb bg_position=\u00a0\u00bbcenter-top\u00a0\u00bb bg_tablet_sm_position=\u00a0\u00bbcenter-center\u00a0\u00bb opacity_overlay=\u00a0\u00bb60&Prime; padding_top_multiplier=\u00a0\u00bbcustom\u00a0\u00bb padding_bottom_multiplier=\u00a0\u00bbcustom\u00a0\u00bb separator_bottom=\u00a0\u00bbtilt-left-separator\u00a0\u00bb separator_bottom_size=\u00a0\u00bb120px\u00a0\u00bb font_color=\u00a0\u00bb#000000&Prime; margin_bottom=\u00a0\u00bb0&Prime; padding_top=\u00a0\u00bb0&Prime; padding_bottom=\u00a0\u00bb0&Prime;][vc_column width=\u00a0\u00bb2\/3&Prime;][vc_column_text animation=\u00a0\u00bbgrve-fade-in-up\u00a0\u00bb animation_delay=\u00a0\u00bb400&Prime;] &nbsp; &#8212;&#8211; \u00c9TUDE DE CAS Une approche technologique int\u00e9gr\u00e9e de MI (message instantan\u00e9) FOURNIR DES ANALYSES ACTIONNABLES [\/vc_column_text][\/vc_column][vc_column width=\u00a0\u00bb1\/3&Prime;][\/vc_column][\/vc_row][vc_row padding_bottom_multiplier=\u00a0\u00bb\u00a0\u00bb columns_gap=\u00a0\u00bb60&Prime;][vc_column][vc_column_text css=\u00a0\u00bb.vc_custom_1627640191710{padding-bottom: 20px !important;}\u00a0\u00bb] &nbsp; &#8212;&#8211; Une approche technologique int\u00e9gr\u00e9e pour relever vos d\u00e9fis en mati\u00e8re [&hellip;]<\/p>\n","protected":false},"author":1,"featured_media":0,"parent":0,"menu_order":0,"comment_status":"closed","ping_status":"closed","template":"","meta":{"footnotes":"","_links_to":"","_links_to_target":""},"class_list":["post-26147","page","type-page","status-publish","hentry"],"_links":{"self":[{"href":"https:\/\/www.sword-group.com\/fr\/wp-json\/wp\/v2\/pages\/26147","targetHints":{"allow":["GET"]}}],"collection":[{"href":"https:\/\/www.sword-group.com\/fr\/wp-json\/wp\/v2\/pages"}],"about":[{"href":"https:\/\/www.sword-group.com\/fr\/wp-json\/wp\/v2\/types\/page"}],"author":[{"embeddable":true,"href":"https:\/\/www.sword-group.com\/fr\/wp-json\/wp\/v2\/users\/1"}],"replies":[{"embeddable":true,"href":"https:\/\/www.sword-group.com\/fr\/wp-json\/wp\/v2\/comments?post=26147"}],"version-history":[{"count":0,"href":"https:\/\/www.sword-group.com\/fr\/wp-json\/wp\/v2\/pages\/26147\/revisions"}],"wp:attachment":[{"href":"https:\/\/www.sword-group.com\/fr\/wp-json\/wp\/v2\/media?parent=26147"}],"curies":[{"name":"wp","href":"https:\/\/api.w.org\/{rel}","templated":true}]}}