{"id":26163,"date":"2021-08-31T08:59:23","date_gmt":"2021-08-31T08:59:23","guid":{"rendered":"https:\/\/swordgroupprod.wpengine.com\/etude-de-cas-amelioration-des-niveaux-de-service-informatique-chez-un-operateur-petrolier-et-gazier\/"},"modified":"2021-10-29T09:17:39","modified_gmt":"2021-10-29T09:17:39","slug":"etude-de-cas-amelioration-des-niveaux-de-service-informatique-chez-un-operateur-petrolier-et-gazier","status":"publish","type":"page","link":"https:\/\/www.sword-group.com\/fr\/etude-de-cas-amelioration-des-niveaux-de-service-informatique-chez-un-operateur-petrolier-et-gazier\/","title":{"rendered":"\u00c9tude de cas &#8211; Am\u00e9lioration des niveaux de service informatique chez un op\u00e9rateur p\u00e9trolier et gazier"},"content":{"rendered":"<div class=\"wpb-content-wrapper\"><p>[vc_row heading_color=\u00a0\u00bblight\u00a0\u00bb bg_type=\u00a0\u00bbimage\u00a0\u00bb bg_image=\u00a0\u00bb19554&Prime; bg_image_size=\u00a0\u00bbresponsive\u00a0\u00bb bg_position=\u00a0\u00bbcenter-top\u00a0\u00bb bg_tablet_sm_position=\u00a0\u00bbcenter-center\u00a0\u00bb opacity_overlay=\u00a0\u00bb60&Prime; padding_top_multiplier=\u00a0\u00bbcustom\u00a0\u00bb padding_bottom_multiplier=\u00a0\u00bbcustom\u00a0\u00bb separator_bottom=\u00a0\u00bbtilt-left-separator\u00a0\u00bb separator_bottom_size=\u00a0\u00bb120px\u00a0\u00bb font_color=\u00a0\u00bb#000000&Prime; margin_bottom=\u00a0\u00bb0&Prime; padding_top=\u00a0\u00bb0&Prime; padding_bottom=\u00a0\u00bb0&Prime;][vc_column width=\u00a0\u00bb2\/3&Prime;]<div class=\"grve-empty-space grve-height-1x\" style=\"\"><\/div>[vc_column_text animation=\u00a0\u00bbgrve-fade-in-up\u00a0\u00bb animation_delay=\u00a0\u00bb400&Prime;]<br \/>\n&nbsp;<\/p>\n<h1 style=\"text-align: left;\"><strong><br \/>\n<span style=\"couleur: #ffc423; espacement des lettres: -3px;\">&#8212;&#8211;<\/span><br \/>\n<\/strong><\/h1>\n<h4><span style=\"couleur: #4f4f4f;\">\u00c9TUDE DE CAS<\/span><\/h4>\n<h1 style=\"text-align: left;\"><strong><br \/>\n<span style=\"couleur: #4f4f4f;\">Am\u00e9lioration des niveaux de service informatique chez un op\u00e9rateur p\u00e9trolier et gazier<\/span><br \/>\n<\/strong><\/h1>\n<h2 style=\"text-align: left;\"><span style=\"couleur: #4f4f4f;\">avec une transition en douceur vers un service d&rsquo;assistance informatique externalis\u00e9<\/span><\/h2>\n<p>[\/vc_column_text]<div class=\"grve-empty-space\" style=\"height: 120px;\"><\/div>[\/vc_column][vc_column width=\u00a0\u00bb1\/3&Prime;][\/vc_column][\/vc_row][vc_row padding_bottom_multiplier=\u00a0\u00bb\u00a0\u00bb columns_gap=\u00a0\u00bb60&Prime;][vc_column][vc_column_text css=\u00a0\u00bb.vc_custom_1627642114540{padding-bottom: 20px !important;}\u00a0\u00bb]<br \/>\n&nbsp;<\/p>\n<h1 style=\"text-align: left;\"><strong><br \/>\n<span style=\"couleur: #ffc423; espacement des lettres: -3px;\">&#8212;&#8211;<\/span><br \/>\n<\/strong><\/h1>\n<h2><strong>Le d\u00e9fi du client<\/strong><\/h2>\n<p>[\/vc_column_text][vc_row_inner css=\u00a0\u00bb.vc_custom_1627473938991{padding-bottom: 40px !important;}\u00a0\u00bb][vc_column_inner width=\u00a0\u00bb1\/2&Prime;][vc_column_text]Dans le cadre de la vision strat\u00e9gique d&rsquo;EnQuest visant \u00e0 \u00eatre l&rsquo;op\u00e9rateur de choix pour les actifs d&rsquo;hydrocarbures matures et sous-d\u00e9velopp\u00e9s, ils se concentrent sur les moyens d&rsquo;atteindre l&rsquo;excellence op\u00e9rationnelle, la capacit\u00e9 diff\u00e9rentielle, l&rsquo;am\u00e9lioration de la valeur et la discipline financi\u00e8re. Cette vision a besoin d&rsquo;une fonction informatique adapt\u00e9e pour les soutenir maintenant et \u00e0 l&rsquo;avenir, et l&rsquo;opportunit\u00e9 se pr\u00e9sentera:[\/vc_column_text][\/vc_column_inner][vc_column_inner width=\u00a0\u00bb1\/2&Prime;][vc_column_text]<\/p>\n<ul>\n<li><span style=\"color: #00000a;\">rationaliser les op\u00e9rations informatiques et r\u00e9duire les co\u00fbts<\/span><\/li>\n<li><span style=\"color: #00000a;\">am\u00e9liorer la visibilit\u00e9 des performances du service informatique aupr\u00e8s de leurs collaborateurs<\/span><\/li>\n<li><span style=\"color: #00000a;\">augmenter la qualit\u00e9 du service informatique fourni \u00e0 leurs employ\u00e9s<\/span><\/li>\n<\/ul>\n<p>[\/vc_column_text][\/vc_column_inner][\/vc_row_inner][\/vc_column][\/vc_row][vc_row padding_top_multiplier=\u00a0\u00bb\u00a0\u00bb padding_bottom_multiplier=\u00a0\u00bb\u00a0\u00bb columns_gap=\u00a0\u00bb60&Prime;][vc_column][vc_column_text css=\u00a0\u00bb.vc_custom_1627642183358{padding-bottom: 20px !important;}\u00a0\u00bb]<br \/>\n&nbsp;<\/p>\n<h1 style=\"text-align: left;\"><strong><br \/>\n<span style=\"couleur: #ffc423; espacement des lettres: -3px;\">&#8212;&#8211;<\/span><br \/>\n<\/strong><\/h1>\n<h2><strong>La solution de Sword<\/strong><\/h2>\n<p>[\/vc_column_text][vc_row_inner css=\u00a0\u00bb.vc_custom_1627473938991{padding-bottom: 40px !important;}\u00a0\u00bb][vc_column_inner width=\u00a0\u00bb1\/2&Prime;][vc_column_text]Historiquement, Sword a fourni du personnel informatique, sur site, pour soutenir 500 \u00e0 1000 utilisateurs bas\u00e9s dans les bureaux d&rsquo;EnQuest au Royaume-Uni, Duba\u00ef et \u00e0 l&rsquo;\u00e9tranger, g\u00e9r\u00e9s par le personnel d&rsquo;EnQuest.<\/p>\n<p>Sword a con\u00e7u une solution pour soutenir EnQuest dans la cr\u00e9ation et l&rsquo;exploitation d&rsquo;une fonction informatique stable et adapt\u00e9e \u00e0 l&rsquo;usage qui r\u00e9pond aux besoins de leur entreprise aujourd&rsquo;hui, ainsi qu&rsquo;\u00e0 cartographier leurs<strong> futur voyage technologique<\/strong> pour tirer le meilleur parti des options d&rsquo;innovation num\u00e9rique les mieux align\u00e9es pour atteindre leurs objectifs commerciaux en constante \u00e9volution.[\/vc_column_text][\/vc_column_inner][vc_column_inner width=\u00a0\u00bb1\/2&Prime;][vc_column_text]Un <strong>plan de transition de 3 mois<\/strong> \u00e9t\u00e9 conclu, qui pr\u00e9voyait le transfert de leurs \u00e9quipes informatiques vers le bureau local de Sword \u00e0 Aberdeen et la mise en \u0153uvre de notre ensemble d&rsquo;outils logiciels de gestion des services informatiques (ITSM) fournis par Resolve, le service d&rsquo;assistance informatique de Sword.[\/vc_column_text][\/vc_column_inner][\/vc_row_inner][\/vc_column][\/vc_row][vc_row padding_top_multiplier=\u00a0\u00bb\u00a0\u00bb padding_bottom_multiplier=\u00a0\u00bb\u00a0\u00bb columns_gap=\u00a0\u00bb60&Prime;][vc_column][vc_column_text css=\u00a0\u00bb.vc_custom_1627642251221{padding-bottom: 20px !important;}\u00a0\u00bb]<br \/>\n&nbsp;<\/p>\n<h1 style=\"text-align: left;\"><strong><br \/>\n<span style=\"couleur: #ffc423; espacement des lettres: -3px;\">&#8212;&#8211;<\/span><br \/>\n<\/strong><\/h1>\n<h2><strong>R\u00e9sultats r\u00e9els<\/strong><\/h2>\n<p>[\/vc_column_text][vc_row_inner css=\u00a0\u00bb.vc_custom_1627473938991{padding-bottom: 40px !important;}\u00a0\u00bb][vc_column_inner width=\u00a0\u00bb1\/2&Prime;][vc_column_text]Pour obtenir des r\u00e9sultats concrets, ils se sont concentr\u00e9s sur les niveaux de satisfaction des clients, les performances du service d&rsquo;assistance informatique et les processus de leurs op\u00e9rations informatiques.<\/p>\n<p>Passer d&rsquo;un mod\u00e8le de prestation de services informatiques sur site au centre de services informatiques hors site de Sword Resolve a permis <strong>d&rsquo;am\u00e9liorer le niveau de satisfaction <\/strong>des utilisateurs informatiques d&rsquo;EnQuest sur tous les sites d\u00e8s le premier jour du nouveau service. L&rsquo;\u00e9quipe de Resolve s&rsquo;est attach\u00e9e \u00e0 gagner la confiance des clients en comprenant leurs besoins et en d\u00e9passant leurs attentes.<\/p>\n<p>Resolve a red\u00e9fini l&rsquo;approche de l&rsquo;enregistrement, de la surveillance, de l&rsquo;analyse et des rapports sur le succ\u00e8s du service d&rsquo;assistance informatique. En suivant les bonnes mesures pour la surveillance <strong>performance des services informatiques<\/strong> , nous avons revu la mani\u00e8re dont le service informatique \u00e9tait compris par la direction d&rsquo;EnQuest afin d&rsquo;\u00e9clairer les d\u00e9cisions et de s&rsquo;adapter aux exigences en constante \u00e9volution.[\/vc_column_text][\/vc_column_inner][vc_column_inner width=\u00a0\u00bb1\/2&Prime;][vc_column_text]Le fait de recueillir des <strong>commentaires significatifs et de mettre rapidement en \u0153uvre les principales conclusions<\/strong> a permis \u00e0 EnQuest de valoriser r\u00e9ellement son service informatique et de sentir qu&rsquo;il est entendu.<\/p>\n<p><strong>Gestion du respect des niveaux de service (SLA)<\/strong> , l&rsquo;assistance multisite et notre plan d&rsquo;am\u00e9lioration du service client (CSI) ont permis \u00e0 notre personnel informatique de Sword d&rsquo;\u00eatre plus productif et de mieux servir les utilisateurs finaux d&rsquo;EnQuest.<\/p>\n<p style=\"text-align: left;\"><em>\u00a0\u00bb Sword nous a aid\u00e9s \u00e0 am\u00e9liorer nos niveaux de service gr\u00e2ce \u00e0 un nouvel ensemble d&rsquo;outils ITSM et \u00e0 \u00e9tendre nos connaissances en acc\u00e9dant \u00e0 un pool plus large de services partag\u00e9s Sword. \u00a0\u00bb <\/em><\/p>\n<p style=\"text-align: right;\">Michael Thomson, responsable informatique chez EnQuest<\/p>\n<p>[\/vc_column_text][\/vc_column_inner][\/vc_row_inner][\/vc_column][\/vc_row][vc_row][vc_column]<div class=\"grve-empty-space grve-height-1x\" style=\"\"><\/div>[\/vc_column][\/vc_row]<\/p>\n<\/div>","protected":false},"excerpt":{"rendered":"<p>[vc_row heading_color=\u00a0\u00bblight\u00a0\u00bb bg_type=\u00a0\u00bbimage\u00a0\u00bb bg_image=\u00a0\u00bb19554&Prime; bg_image_size=\u00a0\u00bbresponsive\u00a0\u00bb bg_position=\u00a0\u00bbcenter-top\u00a0\u00bb bg_tablet_sm_position=\u00a0\u00bbcenter-center\u00a0\u00bb opacity_overlay=\u00a0\u00bb60&Prime; padding_top_multiplier=\u00a0\u00bbcustom\u00a0\u00bb padding_bottom_multiplier=\u00a0\u00bbcustom\u00a0\u00bb separator_bottom=\u00a0\u00bbtilt-left-separator\u00a0\u00bb separator_bottom_size=\u00a0\u00bb120px\u00a0\u00bb font_color=\u00a0\u00bb#000000&Prime; margin_bottom=\u00a0\u00bb0&Prime; padding_top=\u00a0\u00bb0&Prime; padding_bottom=\u00a0\u00bb0&Prime;][vc_column width=\u00a0\u00bb2\/3&Prime;][vc_column_text animation=\u00a0\u00bbgrve-fade-in-up\u00a0\u00bb animation_delay=\u00a0\u00bb400&Prime;] &nbsp; &#8212;&#8211; \u00c9TUDE DE CAS Am\u00e9lioration des niveaux de service informatique chez un op\u00e9rateur p\u00e9trolier et gazier avec une transition en douceur vers un service d&rsquo;assistance informatique externalis\u00e9 [\/vc_column_text][\/vc_column][vc_column width=\u00a0\u00bb1\/3&Prime;][\/vc_column][\/vc_row][vc_row padding_bottom_multiplier=\u00a0\u00bb\u00a0\u00bb columns_gap=\u00a0\u00bb60&Prime;][vc_column][vc_column_text css=\u00a0\u00bb.vc_custom_1627642114540{padding-bottom: 20px !important;}\u00a0\u00bb] &nbsp; [&hellip;]<\/p>\n","protected":false},"author":1,"featured_media":0,"parent":0,"menu_order":0,"comment_status":"closed","ping_status":"closed","template":"","meta":{"footnotes":"","_links_to":"","_links_to_target":""},"class_list":["post-26163","page","type-page","status-publish","hentry"],"_links":{"self":[{"href":"https:\/\/www.sword-group.com\/fr\/wp-json\/wp\/v2\/pages\/26163","targetHints":{"allow":["GET"]}}],"collection":[{"href":"https:\/\/www.sword-group.com\/fr\/wp-json\/wp\/v2\/pages"}],"about":[{"href":"https:\/\/www.sword-group.com\/fr\/wp-json\/wp\/v2\/types\/page"}],"author":[{"embeddable":true,"href":"https:\/\/www.sword-group.com\/fr\/wp-json\/wp\/v2\/users\/1"}],"replies":[{"embeddable":true,"href":"https:\/\/www.sword-group.com\/fr\/wp-json\/wp\/v2\/comments?post=26163"}],"version-history":[{"count":0,"href":"https:\/\/www.sword-group.com\/fr\/wp-json\/wp\/v2\/pages\/26163\/revisions"}],"wp:attachment":[{"href":"https:\/\/www.sword-group.com\/fr\/wp-json\/wp\/v2\/media?parent=26163"}],"curies":[{"name":"wp","href":"https:\/\/api.w.org\/{rel}","templated":true}]}}