{"id":26204,"date":"2021-08-31T10:18:22","date_gmt":"2021-08-31T10:18:22","guid":{"rendered":"https:\/\/swordgroupprod.wpengine.com\/etude-de-cas-transition-dactifs-ti-et-gestion-de-linformation\/"},"modified":"2021-10-29T09:14:14","modified_gmt":"2021-10-29T09:14:14","slug":"etude-de-cas-transition-dactifs-ti-et-gestion-de-linformation","status":"publish","type":"page","link":"https:\/\/www.sword-group.com\/fr\/etude-de-cas-transition-dactifs-ti-et-gestion-de-linformation\/","title":{"rendered":"\u00c9tude de cas &#8211; Transition d&rsquo;actifs &#8211; TI et gestion de l&rsquo;information"},"content":{"rendered":"<div class=\"wpb-content-wrapper\"><p>[vc_row heading_color=\u00a0\u00bblight\u00a0\u00bb bg_type=\u00a0\u00bbimage\u00a0\u00bb bg_image=\u00a0\u00bb19554&Prime; bg_image_size=\u00a0\u00bbresponsive\u00a0\u00bb bg_position=\u00a0\u00bbcenter-top\u00a0\u00bb bg_tablet_sm_position=\u00a0\u00bbcenter-center\u00a0\u00bb opacity_overlay=\u00a0\u00bb60&Prime; padding_top_multiplier=\u00a0\u00bbcustom\u00a0\u00bb padding_bottom_multiplier=\u00a0\u00bbcustom\u00a0\u00bb separator_bottom=\u00a0\u00bbtilt-left-separator\u00a0\u00bb separator_bottom_size=\u00a0\u00bb120px\u00a0\u00bb font_color=\u00a0\u00bb#000000&Prime; margin_bottom=\u00a0\u00bb0&Prime; padding_top=\u00a0\u00bb0&Prime; padding_bottom=\u00a0\u00bb0&Prime;][vc_column width=\u00a0\u00bb2\/3&Prime;]<div class=\"grve-empty-space grve-height-1x\" style=\"\"><\/div>[vc_column_text animation=\u00a0\u00bbgrve-fade-in-up\u00a0\u00bb animation_delay=\u00a0\u00bb400&Prime;]<br \/>\n&nbsp;<\/p>\n<h1 style=\"text-align: left;\"><strong><br \/>\n<span style=\"couleur: #ffc423; espacement des lettres: -3px;\">&#8212;&#8211;<\/span><br \/>\n<\/strong><\/h1>\n<h4><span style=\"couleur: #4f4f4f;\">\u00c9TUDE DE CAS<\/span><\/h4>\n<h1 style=\"text-align: left;\"><strong><br \/>\n<span style=\"couleur: #4f4f4f;\">Transition des actifs &#8211; TI et gestion de l&rsquo;information<\/span><br \/>\n<\/strong><\/h1>\n<p>[\/vc_column_text]<div class=\"grve-empty-space\" style=\"height: 120px;\"><\/div>[\/vc_column][vc_column width=\u00a0\u00bb1\/3&Prime;][\/vc_column][\/vc_row][vc_row padding_bottom_multiplier=\u00a0\u00bb\u00a0\u00bb columns_gap=\u00a0\u00bb60&Prime;][vc_column][vc_column_text css=\u00a0\u00bb.vc_custom_1627545876563{padding-bottom: 20px !important;}\u00a0\u00bb]<br \/>\n&nbsp;<\/p>\n<h1 style=\"text-align: left;\"><strong><br \/>\n<span style=\"couleur: #ffc423; espacement des lettres: -3px;\">&#8212;&#8211;<\/span><br \/>\n<\/strong><\/h1>\n<h2><strong>\u00c9tape de pr\u00e9paration<\/strong><\/h2>\n<p>[\/vc_column_text][vc_row_inner css=\u00a0\u00bb.vc_custom_1627473938991{padding-bottom: 40px !important;}\u00a0\u00bb][vc_column_inner width=\u00a0\u00bb1\/2&Prime;][vc_column_text]Lorsqu&rsquo;on aborde un projet de transition, le temps est souvent compt\u00e9 et votre organisation n&rsquo;a peut-\u00eatre pas fait d&rsquo;offre pour ce type de travail. Il se peut \u00e9galement que les informations sur le travail soient incompl\u00e8tes. Vous devrez donc faire preuve de souplesse car choisir le bon partenaire vous aidera vraiment.<\/p>\n<p>Sword dispose d&rsquo;un projet d&rsquo;envergure pour aider \u00e0 acc\u00e9l\u00e9rer votre projet et peut produire rapidement des propositions pour r\u00e9pondre \u00e0 vos besoins.<\/p>\n<p>Voici quelques points sur lesquels vous pouvez travailler avant que l&rsquo;acquisition des actifs ne soit achev\u00e9e et annonc\u00e9e.<\/p>\n<ul>\n<li>Quels sont les principaux objectifs de l&rsquo;entreprise? Elles sont souvent ax\u00e9es sur la continuit\u00e9 op\u00e9rationnelle, la r\u00e9duction des changements, l&rsquo;utilisation d&rsquo;applications standard et la r\u00e9duction des risques<\/li>\n<li>Quelle est la date probable de la transaction, la date de d\u00e9but de la transition et la mise en service pr\u00e9vue? Qui sera l&rsquo;op\u00e9rateur?<\/li>\n<li>Quels actifs, topsides, FPSO, sous-marins, etc. Sont-ils habit\u00e9s ou non?<\/li>\n<\/ul>\n<p>[\/vc_column_text][\/vc_column_inner][vc_column_inner width=\u00a0\u00bb1\/2&Prime;][vc_column_text]<\/p>\n<ul>\n<li>Envisagez de confier la transition \u00e0 un partenaire unique pour l&rsquo;acheteur et le vendeur. Cela am\u00e9liore la communication, permet de partager les ressources, simplifie le transfert d&rsquo;informations et rend les choses plus efficaces &#8211; ce qui permet de gagner du temps et de l&rsquo;argent<\/li>\n<li>Les personnes seront-elles transf\u00e9r\u00e9es ou d\u00e9pendront-elles davantage des nouvelles recrues ? Perte potentielle de connaissances<\/li>\n<li>Quels sont les syst\u00e8mes utilis\u00e9s et quelle quantit\u00e9 d&rsquo;informations \/ de donn\u00e9es est stock\u00e9e ? Tenir compte du contenu non num\u00e9rique, comme les bo\u00eetes d&rsquo;archives et les bandes magn\u00e9tiques ? Tout ne peut \u00eatre transf\u00e9r\u00e9<\/li>\n<li>Avez-vous besoin d&rsquo;un nouveau bureau ou de nouveaux syst\u00e8mes pour h\u00e9berger les \u00e9quipes et les donn\u00e9es ?<\/li>\n<li>Strat\u00e9gie d&rsquo;approvisionnement ; plusieurs appels d&rsquo;offres pour plusieurs syst\u00e8mes, source unique, achat direct ou via votre partenaire de transition ?<\/li>\n<li>V\u00e9rifiez les r\u00e8gles et r\u00e9glementations qui auront une incidence, telles que la gouvernance de l&rsquo;information, la s\u00e9curit\u00e9, les lois et les rapports r\u00e9glementaires<\/li>\n<\/ul>\n<p>[\/vc_column_text][\/vc_column_inner][\/vc_row_inner][\/vc_column][\/vc_row][vc_row padding_top_multiplier=\u00a0\u00bb\u00a0\u00bb padding_bottom_multiplier=\u00a0\u00bb\u00a0\u00bb columns_gap=\u00a0\u00bb60&Prime;][vc_column][vc_column_text css=\u00a0\u00bb.vc_custom_1627545983271{padding-bottom: 20px !important;}\u00a0\u00bb]<br \/>\n&nbsp;<\/p>\n<h1 style=\"text-align: left;\"><strong><br \/>\n<span style=\"couleur: #ffc423; espacement des lettres: -3px;\">&#8212;&#8211;<\/span><br \/>\n<\/strong><\/h1>\n<h2><strong>La transition et au-del\u00e0<\/strong><\/h2>\n<p>[\/vc_column_text][vc_row_inner css=\u00a0\u00bb.vc_custom_1627473938991{padding-bottom: 40px !important;}\u00a0\u00bb][vc_column_inner width=\u00a0\u00bb1\/2&Prime;][vc_column_text]Une fois que la port\u00e9e du projet a \u00e9t\u00e9 d\u00e9finie et que vous \u00eates en contact avec un partenaire sp\u00e9cialis\u00e9 tel que Sword, \u00e0 quoi ressemblera la transition ?<\/p>\n<ul>\n<li><strong>Mobilisation rapide<\/strong> de l&rsquo;\u00e9quipe de projet, la collecte d&rsquo;informations et la planification d\u00e9taill\u00e9e. Cette premi\u00e8re phase du projet prend g\u00e9n\u00e9ralement quelques semaines<\/li>\n<\/ul>\n<p>[\/vc_column_text][\/vc_column_inner][vc_column_inner width=\u00a0\u00bb1\/2&Prime;][vc_column_text]<\/p>\n<ul>\n<li><strong>Mise en \u0153uvre<\/strong> \u2013 cela d\u00e9pend beaucoup de l&rsquo;\u00e9chelle et de la port\u00e9e, mais une p\u00e9riode de 3 \u00e0 9 mois est typique. Comprend les trois principales \u00e9tapes : d\u00e9veloppement et d\u00e9ploiement, contenu de transition et cl\u00f4ture. La mise en \u0153uvre peut \u00eatre divis\u00e9e en flux de travail ; gestion de projet, applications, r\u00e9seaux &amp; t\u00e9l\u00e9coms, serveurs &amp; clients, et gestion de l&rsquo;information<\/li>\n<\/ul>\n<p>[\/vc_column_text][\/vc_column_inner][\/vc_row_inner][\/vc_column][\/vc_row][vc_row padding_top_multiplier=\u00a0\u00bb\u00a0\u00bb padding_bottom_multiplier=\u00a0\u00bb\u00a0\u00bb columns_gap=\u00a0\u00bb60&Prime;][vc_column][vc_column_text css=\u00a0\u00bb.vc_custom_1627546604773{padding-bottom: 20px !important;}\u00a0\u00bb]<br \/>\n&nbsp;<\/p>\n<h1 style=\"text-align: left;\"><strong><br \/>\n<span style=\"couleur: #ffc423; espacement des lettres: -3px;\">&#8212;&#8211;<\/span><br \/>\n<\/strong><\/h1>\n<h2><strong>Support op\u00e9rationnel<\/strong><\/h2>\n<p>[\/vc_column_text][vc_row_inner css=\u00a0\u00bb.vc_custom_1627473938991{padding-bottom: 40px !important;}\u00a0\u00bb][vc_column_inner width=\u00a0\u00bb1\/2&Prime;][vc_column_text]<\/p>\n<ul>\n<li><strong>Au-del\u00e0 de la transition<\/strong> \u2013 que se passe-t-il apr\u00e8s la cl\u00f4ture ? Une fois que vous \u00eates en direct sur vos nouveaux actifs, les syst\u00e8mes doivent \u00eatre pris en charge. Sword peut fournir des services g\u00e9r\u00e9s en continu pour ex\u00e9cuter des t\u00e2ches telles que le service d&rsquo;assistance, le support des applications et les services r\u00e9seau. Cela pourrait \u00e9galement \u00eatre fait en interne ou un m\u00e9lange pour vous donner exactement ce dont vous avez besoin<\/li>\n<\/ul>\n<p>[\/vc_column_text][\/vc_column_inner][vc_column_inner width=\u00a0\u00bb1\/2&Prime;][vc_column_text]<\/p>\n<ul>\n<li><strong>Am\u00e9liorations<\/strong> \u2013 Maintenant que vous disposez d&rsquo;un environnement d&rsquo;exploitation stable, vous pouvez introduire des am\u00e9liorations adapt\u00e9es \u00e0 la future fa\u00e7on dont votre organisation souhaite travailler. Nous pouvons vous aider avec des projets ad hoc, un programme de changement plus large et les travaux d&rsquo;approvisionnement, de d\u00e9veloppement de syst\u00e8mes et de processus m\u00e9tier associ\u00e9s<\/li>\n<\/ul>\n<p>[\/vc_column_text][\/vc_column_inner][\/vc_row_inner][\/vc_column][\/vc_row][vc_row padding_top_multiplier=\u00a0\u00bb\u00a0\u00bb padding_bottom_multiplier=\u00a0\u00bb\u00a0\u00bb columns_gap=\u00a0\u00bb5&Prime; equal_column_height=\u00a0\u00bbequal-column\u00a0\u00bb margin_bottom=\u00a0\u00bb5px\u00a0\u00bb][vc_column width=\u00a0\u00bb1\/5&Prime; css=\u00a0\u00bb.vc_custom_1627551311228{background-color: #ffc423 !important;}\u00a0\u00bb][vc_column_text css=\u00a0\u00bb.vc_custom_1627549799216{padding-top: 10px !important;padding-right: 10px !important;padding-bottom: 10px !important;padding-left: 10px !important;}\u00a0\u00bb]<strong><br \/>\n<span style=\"color: #f4f4f4f;\">PHASE<\/span><br \/>\n<\/strong>[\/vc_column_text][\/vc_column][vc_column width=\u00a0\u00bb1\/5&Prime; css=\u00a0\u00bb.vc_custom_1627551325605{background-color: #225588 !important;}\u00a0\u00bb][vc_column_text css=\u00a0\u00bb.vc_custom_1627550020116{padding-top: 10px !important;padding-right: 10px !important;padding-bottom: 10px !important;padding-left: 10px !important;}\u00a0\u00bb]<strong><br \/>\n<span style=\"color: #ffffff;\">Lancement du projet<\/span><br \/>\n<\/strong>[\/vc_column_text][\/vc_column][vc_column width=\u00a0\u00bb1\/5&Prime; css=\u00a0\u00bb.vc_custom_1627551334909{background-color: #225588 !important;}\u00a0\u00bb][vc_column_text css=\u00a0\u00bb.vc_custom_1627549713421{padding-top: 10px !important;padding-right: 10px !important;padding-bottom: 10px !important;padding-left: 10px !important;}\u00a0\u00bb]<strong><br \/>\n<span style=\"color: #ffffff;\">Planification (pr\u00e9 TOO)<\/span><br \/>\n<\/strong>[\/vc_column_text][\/vc_column][vc_column width=\u00a0\u00bb1\/5&Prime; css=\u00a0\u00bb.vc_custom_1627551345665{background-color: #225588 !important;}\u00a0\u00bb][vc_column_text css=\u00a0\u00bb.vc_custom_1627549664550{padding-top: 10px !important;padding-right: 10px !important;padding-bottom: 10px !important;padding-left: 10px !important;}\u00a0\u00bb]<strong><br \/>\n<span style=\"color: #ffffff;\">Transfert de propri\u00e9t\u00e9 (TOO)<\/span><br \/>\n<\/strong>[\/vc_column_text][\/vc_column][vc_column width=\u00a0\u00bb1\/5&Prime; css=\u00a0\u00bb.vc_custom_1627551354181{background-color: #225588 !important;}\u00a0\u00bb][vc_column_text css=\u00a0\u00bb.vc_custom_1627549485084{padding-top: 10px !important;padding-right: 10px !important;padding-bottom: 10px !important;padding-left: 10px !important;}\u00a0\u00bb]<strong><br \/>\n<span style=\"color: #ffffff;\">Publier AUSSI<\/span><br \/>\n<\/strong>[\/vc_column_text][\/vc_column][\/vc_row][vc_row padding_top_multiplier=\u00a0\u00bb\u00a0\u00bb padding_bottom_multiplier=\u00a0\u00bb\u00a0\u00bb columns_gap=\u00a0\u00bb5&Prime; equal_column_height=\u00a0\u00bbequal-column\u00a0\u00bb margin_bottom=\u00a0\u00bb5px\u00a0\u00bb][vc_column width=\u00a0\u00bb1\/5&Prime; css=\u00a0\u00bb.vc_custom_1627551099778{background-color: #ffc423 !important;}\u00a0\u00bb][vc_column_text css=\u00a0\u00bb.vc_custom_1627549852869{padding-top: 10px !important;padding-right: 10px !important;padding-bottom: 10px !important;padding-left: 10px !important;}\u00a0\u00bb]<strong><br \/>\n<span style=\"color: #f4f4f4f;\">ACTIVIT\u00c9S<\/span><br \/>\n<\/strong>[\/vc_column_text][\/vc_column][vc_column width=\u00a0\u00bb1\/5&Prime;][vc_column_text css=\u00a0\u00bb.vc_custom_1627551618149{padding-top: 10px !important;padding-right: 10px !important;padding-bottom: 10px !important;padding-left: 10px !important;}\u00a0\u00bb]<\/p>\n<ul>\n<li>D&rsquo;accord apr\u00e8s le service du vendeur<\/li>\n<li>Connectivit\u00e9 partenaire<\/li>\n<li>Acc\u00e8s aux informations<\/li>\n<li>Produire un document de lancement de projet (PID)<\/li>\n<\/ul>\n<p>[\/vc_column_text][\/vc_column][vc_column width=\u00a0\u00bb1\/5&Prime;][vc_column_text css=\u00a0\u00bb.vc_custom_1627551835540{border-top-width: 2px !important;border-right-width: 2px !important;border-bottom-width: 2px !important;border-left-width: 2px !important;padding-top: 10px !important;padding-right: 10px !important;padding-bottom: 10px !important;padding-left: 10px !important;border-left-color: #eeeeee !important;border-right-color: #eeeeee !important;border-top-color: #eeeeee !important;border-bottom-color: #eeeeee !important;}\u00a0\u00bb]<\/p>\n<ul>\n<li>Strat\u00e9gie applicative<\/li>\n<li>strat\u00e9gie d&rsquo;infrastructure<\/li>\n<li>Strat\u00e9gie de messagerie instantan\u00e9e<\/li>\n<\/ul>\n<p>[\/vc_column_text][\/vc_column][vc_column width=\u00a0\u00bb1\/5&Prime;][vc_column_text css=\u00a0\u00bb.vc_custom_1627551868999{border-top-width: 2px !important;border-right-width: 2px !important;border-bottom-width: 2px !important;border-left-width: 2px !important;padding-top: 10px !important;padding-right: 10px !important;padding-bottom: 10px !important;padding-left: 10px !important;border-left-color: #eeeeee !important;border-right-color: #eeeeee !important;border-top-color: #eeeeee !important;border-bottom-color: #eeeeee !important;}\u00a0\u00bb]<\/p>\n<ul>\n<li>Ex\u00e9cution des strat\u00e9gies d&rsquo;applications, d&rsquo;infrastructure et de GI<\/li>\n<\/ul>\n<p>[\/vc_column_text][\/vc_column][vc_column width=\u00a0\u00bb1\/5&Prime;][vc_column_text css=\u00a0\u00bb.vc_custom_1627551922325{border-top-width: 2px !important;border-right-width: 2px !important;border-bottom-width: 2px !important;border-left-width: 2px !important;padding-top: 10px !important;padding-right: 10px !important;padding-bottom: 10px !important;padding-left: 10px !important;border-left-color: #eeeeee !important;border-right-color: #eeeeee !important;border-top-color: #eeeeee !important;border-bottom-color: #eeeeee !important;}\u00a0\u00bb]<\/p>\n<ul>\n<li>Soutien de l&rsquo;\u00c9tat stable<\/li>\n<li>Ancien syst\u00e8me<\/li>\n<li>Programme d&rsquo;am\u00e9lioration des services<\/li>\n<li>Plan de messagerie instantan\u00e9e en cours<\/li>\n<\/ul>\n<p>[\/vc_column_text][\/vc_column][\/vc_row][vc_row padding_top_multiplier=\u00a0\u00bb\u00a0\u00bb padding_bottom_multiplier=\u00a0\u00bb\u00a0\u00bb columns_gap=\u00a0\u00bb5&Prime; equal_column_height=\u00a0\u00bbequal-column\u00a0\u00bb][vc_column width=\u00a0\u00bb1\/5&Prime; css=\u00a0\u00bb.vc_custom_1627551208074{background-color: #ffc423 !important;}\u00a0\u00bb][vc_column_text css=\u00a0\u00bb.vc_custom_1627549879982{padding-top: 10px !important;padding-right: 10px !important;padding-bottom: 10px !important;padding-left: 10px !important;}\u00a0\u00bb]<strong><br \/>\n<span style=\"color: #f4f4f4f;\">LIVRABLES<\/span><br \/>\n<\/strong>[\/vc_column_text][\/vc_column][vc_column width=\u00a0\u00bb1\/5&Prime; css=\u00a0\u00bb.vc_custom_1627551220077{background-color: #aaaaaa !important;}\u00a0\u00bb][vc_column_text css=\u00a0\u00bb.vc_custom_1627550011431{padding-top: 10px !important;padding-right: 10px !important;padding-bottom: 10px !important;padding-left: 10px !important;}\u00a0\u00bb]<strong><br \/>\n<span style=\"color: #ffffff;\">Document de lancement du projet<\/span><br \/>\n<\/strong>[\/vc_column_text][\/vc_column][vc_column width=\u00a0\u00bb1\/5&Prime; css=\u00a0\u00bb.vc_custom_1627551229122{background-color: #aaaaaa !important;}\u00a0\u00bb][vc_column_text css=\u00a0\u00bb.vc_custom_1627550040265{padding-top: 10px !important;padding-right: 10px !important;padding-bottom: 10px !important;padding-left: 10px !important;}\u00a0\u00bb]<strong><br \/>\n<span style=\"color: #ffffff;\">Plan de transition informatique<\/span><br \/>\n<\/strong>[\/vc_column_text][\/vc_column][vc_column width=\u00a0\u00bb1\/5&Prime; css=\u00a0\u00bb.vc_custom_1627551237414{background-color: #aaaaaa !important;}\u00a0\u00bb][vc_column_text css=\u00a0\u00bb.vc_custom_1627550156312{padding-top: 10px !important;padding-right: 10px !important;padding-bottom: 10px !important;padding-left: 10px !important;}\u00a0\u00bb]<strong><br \/>\n<span style=\"color: #ffffff;\">Transfert d&rsquo;actifs<\/span><br \/>\n<\/strong>[\/vc_column_text][\/vc_column][vc_column width=\u00a0\u00bb1\/5&Prime; css=\u00a0\u00bb.vc_custom_1627551250723{background-color: #aaaaaa !important;}\u00a0\u00bb][vc_column_text css=\u00a0\u00bb.vc_custom_1627550187949{padding-top: 10px !important;padding-right: 10px !important;padding-bottom: 10px !important;padding-left: 10px !important;}\u00a0\u00bb]<strong><br \/>\n<span style=\"color: #ffffff;\">Environnement informatique stable et enti\u00e8rement pris en charge<\/span><br \/>\n<\/strong>[\/vc_column_text][\/vc_column][\/vc_row][vc_row padding_top_multiplier=\u00a0\u00bb\u00a0\u00bb padding_bottom_multiplier=\u00a0\u00bb\u00a0\u00bb columns_gap=\u00a0\u00bb60&Prime;][vc_column][vc_column_text css=\u00a0\u00bb.vc_custom_1627546687080{padding-bottom: 20px !important;}\u00a0\u00bb]<br \/>\n&nbsp;<\/p>\n<h1 style=\"text-align: left;\"><strong><br \/>\n<span style=\"couleur: #ffc423; espacement des lettres: -3px;\">&#8212;&#8211;<\/span><br \/>\n<\/strong><\/h1>\n<h2><strong>Comment r\u00e9duire les risques<\/strong><\/h2>\n<p>[\/vc_column_text][vc_row_inner css=\u00a0\u00bb.vc_custom_1627473938991{padding-bottom: 40px !important;}\u00a0\u00bb][vc_column_inner width=\u00a0\u00bb1\/2&Prime;][vc_column_text]Notre exp\u00e9rience et nos connaissances sp\u00e9cialis\u00e9es du secteur p\u00e9trolier et gazier contribuent \u00e0 r\u00e9duire les risques pendant les transitions et pour les services en cours. Les principaux domaines de risque pour la transition peuvent \u00eatre facilement att\u00e9nu\u00e9s.<\/p>\n<ul>\n<li><strong>S\u00e9curit\u00e9<\/strong> \u2013 Nous sommes experts dans le traitement des informations critiques pour la s\u00e9curit\u00e9 dans le secteur p\u00e9trolier et gazier en amont. Nous veillons \u00e0 ce que votre personnel et vos partenaires disposent des instructions de travail, des syst\u00e8mes et des informations \u00e0 jour appropri\u00e9s pour ex\u00e9cuter les op\u00e9rations en toute s\u00e9curit\u00e9<\/li>\n<li><strong>Production<\/strong> \u2013 La mise en service op\u00e9rationnelle est cruciale et nous avons l&rsquo;habitude de g\u00e9rer l&rsquo;ing\u00e9nierie et la gestion des informations souterraines pour la soutenir. Il peut y avoir des arr\u00eats et des redressements pr\u00e9vus, nous aidons \u00e0 les acc\u00e9l\u00e9rer et \u00e0 les rendre plus efficaces. Nous pouvons \u00e9galement aider \u00e0 l&rsquo;optimisation des pi\u00e8ces de rechange, de la maintenance et de la logistique, des performances des \u00e9quipements et d&rsquo;autres mesures pour maintenir ou augmenter la production<\/li>\n<li><strong>Complexit\u00e9<\/strong> \u2013 Pour la transition, il est important de garder les choses simples. Des am\u00e9liorations peuvent \u00eatre int\u00e9gr\u00e9es ult\u00e9rieurement en fonction des analyses de rentabilisation. L&rsquo;objectif clair est un projet propre et opportun afin qu&rsquo;il n&rsquo;y ait aucun impact sur vos plans op\u00e9rationnels<\/li>\n<\/ul>\n<p>[\/vc_column_text][\/vc_column_inner][vc_column_inner width=\u00a0\u00bb1\/2&Prime;][vc_column_text]<\/p>\n<ul>\n<li><strong>Connaissance<\/strong> \u2013 Les nouveaux actifs s&rsquo;accompagnent g\u00e9n\u00e9ralement de nouvelles personnes et de transferts de personnel, nous nous effor\u00e7ons donc de leur faciliter la vie. Ils doivent savoir comment trouver des informations pour soutenir leur travail et pouvoir s&rsquo;y fier. Nous aidons en classant le contenu cl\u00e9, en traitant de la s\u00e9curit\u00e9 et en comprenant les r\u00f4les qu&rsquo;ils remplissent et ce dont ils ont besoin<\/li>\n<li><strong>Temps<\/strong> \u2013 les transitions ont toujours de nombreuses pressions sur le calendrier, y compris les influences de vos partenaires commerciaux, des coentreprises, du r\u00e9gulateur et d&rsquo;autres. Att\u00e9nuez cela en utilisant une entreprise qui l&rsquo;a fait plusieurs fois, avec un large \u00e9ventail de personnel pr\u00eat \u00e0 d\u00e9marrer rapidement et \u00e0 s&rsquo;adapter \u00e0 mesure que les choses changent<\/li>\n<li><strong>Co\u00fbt<\/strong> \u2013 L&rsquo;achat intelligent r\u00e9duit les co\u00fbts. Utilisez notre connaissance des fournisseurs des port\u00e9es et des prix pour simplifier l&rsquo;achat et laissez-nous n\u00e9gocier de meilleurs prix. Utilisez notre \u00e9quipe flexible pour obtenir les comp\u00e9tences dont vous avez besoin quand vous en avez besoin, en compl\u00e9tant vos propres capacit\u00e9s. En cas de conflit entre le prix et les objectifs du projet, nous pouvons vous aider \u00e0 obtenir le meilleur r\u00e9sultat, en \u00e9quilibrant le co\u00fbt du syst\u00e8me par rapport au temps de d\u00e9ploiement et en garantissant l&rsquo;ad\u00e9quation des syst\u00e8mes.<\/li>\n<\/ul>\n<p>[\/vc_column_text][\/vc_column_inner][\/vc_row_inner][\/vc_column][\/vc_row][vc_row padding_top_multiplier=\u00a0\u00bb\u00a0\u00bb padding_bottom_multiplier=\u00a0\u00bb\u00a0\u00bb columns_gap=\u00a0\u00bb60&Prime;][vc_column][vc_column_text css=\u00a0\u00bb.vc_custom_1627546801991{padding-bottom: 20px !important;}\u00a0\u00bb]<br \/>\n&nbsp;<\/p>\n<h1 style=\"text-align: left;\"><strong><br \/>\n<span style=\"couleur: #ffc423; espacement des lettres: -3px;\">&#8212;&#8211;<\/span><br \/>\n<\/strong><\/h1>\n<h2><strong>\u00c0 propos de Sword <\/strong><\/h2>\n<p>[\/vc_column_text][vc_row_inner css=\u00a0\u00bb.vc_custom_1627473938991{padding-bottom: 40px !important;}\u00a0\u00bb][vc_column_inner width=\u00a0\u00bb1\/2&Prime;][vc_column_text]Sword UK se concentre sur la r\u00e9solution de d\u00e9fis commerciaux cl\u00e9s au sein des organisations, centr\u00e9s sur le d\u00e9veloppement de la gestion de l&rsquo;informatique au quotidien, en aidant \u00e0 optimiser l&rsquo;infrastructure organisationnelle pour permettre aux clients de se concentrer sur les activit\u00e9s \u00e0 forte valeur ajout\u00e9e. Sword UK aide ses clients \u00e0 r\u00e9ussir leur parcours num\u00e9rique en introduisant et en mettant en \u0153uvre la technologie comme un facilitateur et non comme un inhibiteur. [\/vc_column_text][\/vc_column_inner][vc_column_inner width=\u00a0\u00bb1\/2&Prime;][vc_column_text]<strong>Sword<\/strong><br \/>\nMaison Johnstone,<br \/>\n52 \u2013 54 Rose Street, Aberdeen, AB10 1UD<br \/>\nT\u00e9l : +44 (0)1224 506 110<br \/>\nwww.sworditsolutions.com[\/vc_column_text][\/vc_column_inner][\/vc_row_inner][\/vc_column][\/vc_row][vc_row][vc_column]<div class=\"grve-empty-space grve-height-1x\" style=\"\"><\/div>[\/vc_column][\/vc_row]<\/p>\n<\/div>","protected":false},"excerpt":{"rendered":"<p>[vc_row heading_color=\u00a0\u00bblight\u00a0\u00bb bg_type=\u00a0\u00bbimage\u00a0\u00bb bg_image=\u00a0\u00bb19554&Prime; bg_image_size=\u00a0\u00bbresponsive\u00a0\u00bb bg_position=\u00a0\u00bbcenter-top\u00a0\u00bb bg_tablet_sm_position=\u00a0\u00bbcenter-center\u00a0\u00bb opacity_overlay=\u00a0\u00bb60&Prime; padding_top_multiplier=\u00a0\u00bbcustom\u00a0\u00bb padding_bottom_multiplier=\u00a0\u00bbcustom\u00a0\u00bb separator_bottom=\u00a0\u00bbtilt-left-separator\u00a0\u00bb separator_bottom_size=\u00a0\u00bb120px\u00a0\u00bb font_color=\u00a0\u00bb#000000&Prime; margin_bottom=\u00a0\u00bb0&Prime; padding_top=\u00a0\u00bb0&Prime; padding_bottom=\u00a0\u00bb0&Prime;][vc_column width=\u00a0\u00bb2\/3&Prime;][vc_column_text animation=\u00a0\u00bbgrve-fade-in-up\u00a0\u00bb animation_delay=\u00a0\u00bb400&Prime;] &nbsp; &#8212;&#8211; \u00c9TUDE DE CAS Transition des actifs &#8211; TI et gestion de l&rsquo;information [\/vc_column_text][\/vc_column][vc_column width=\u00a0\u00bb1\/3&Prime;][\/vc_column][\/vc_row][vc_row padding_bottom_multiplier=\u00a0\u00bb\u00a0\u00bb columns_gap=\u00a0\u00bb60&Prime;][vc_column][vc_column_text css=\u00a0\u00bb.vc_custom_1627545876563{padding-bottom: 20px !important;}\u00a0\u00bb] &nbsp; &#8212;&#8211; \u00c9tape de pr\u00e9paration [\/vc_column_text][vc_row_inner css=\u00a0\u00bb.vc_custom_1627473938991{padding-bottom: 40px !important;}\u00a0\u00bb][vc_column_inner width=\u00a0\u00bb1\/2&Prime;][vc_column_text]Lorsqu&rsquo;on aborde un projet de transition, [&hellip;]<\/p>\n","protected":false},"author":1,"featured_media":0,"parent":0,"menu_order":0,"comment_status":"closed","ping_status":"closed","template":"","meta":{"footnotes":"","_links_to":"","_links_to_target":""},"class_list":["post-26204","page","type-page","status-publish","hentry"],"_links":{"self":[{"href":"https:\/\/www.sword-group.com\/fr\/wp-json\/wp\/v2\/pages\/26204","targetHints":{"allow":["GET"]}}],"collection":[{"href":"https:\/\/www.sword-group.com\/fr\/wp-json\/wp\/v2\/pages"}],"about":[{"href":"https:\/\/www.sword-group.com\/fr\/wp-json\/wp\/v2\/types\/page"}],"author":[{"embeddable":true,"href":"https:\/\/www.sword-group.com\/fr\/wp-json\/wp\/v2\/users\/1"}],"replies":[{"embeddable":true,"href":"https:\/\/www.sword-group.com\/fr\/wp-json\/wp\/v2\/comments?post=26204"}],"version-history":[{"count":0,"href":"https:\/\/www.sword-group.com\/fr\/wp-json\/wp\/v2\/pages\/26204\/revisions"}],"wp:attachment":[{"href":"https:\/\/www.sword-group.com\/fr\/wp-json\/wp\/v2\/media?parent=26204"}],"curies":[{"name":"wp","href":"https:\/\/api.w.org\/{rel}","templated":true}]}}