{"id":26209,"date":"2021-08-31T10:35:04","date_gmt":"2021-08-31T10:35:04","guid":{"rendered":"https:\/\/swordgroupprod.wpengine.com\/etude-de-cas-transition-dactifs-considerations-relatives-aux-finances-et-au-conseil-dadministration\/"},"modified":"2021-09-30T11:23:21","modified_gmt":"2021-09-30T11:23:21","slug":"etude-de-cas-transition-dactifs-considerations-relatives-aux-finances-et-au-conseil-dadministration","status":"publish","type":"page","link":"https:\/\/www.sword-group.com\/fr\/etude-de-cas-transition-dactifs-considerations-relatives-aux-finances-et-au-conseil-dadministration\/","title":{"rendered":"\u00c9tude de cas &#8211; Transition d&rsquo;actifs &#8211; Consid\u00e9rations relatives aux finances et au conseil d&rsquo;administration"},"content":{"rendered":"<div class=\"wpb-content-wrapper\"><p>[vc_row heading_color=\u00a0\u00bblight\u00a0\u00bb bg_type=\u00a0\u00bbimage\u00a0\u00bb bg_image=\u00a0\u00bb19554&Prime; bg_image_size=\u00a0\u00bbresponsive\u00a0\u00bb bg_position=\u00a0\u00bbcenter-top\u00a0\u00bb bg_tablet_sm_position=\u00a0\u00bbcenter-center\u00a0\u00bb opacity_overlay=\u00a0\u00bb60&Prime; padding_top_multiplier=\u00a0\u00bbcustom\u00a0\u00bb padding_bottom_multiplier=\u00a0\u00bbcustom\u00a0\u00bb separator_bottom=\u00a0\u00bbtilt-left-separator\u00a0\u00bb separator_bottom_size=\u00a0\u00bb120px\u00a0\u00bb font_color=\u00a0\u00bb#000000&Prime; margin_bottom=\u00a0\u00bb0&Prime; padding_top=\u00a0\u00bb0&Prime; padding_bottom=\u00a0\u00bb0&Prime;][vc_column width=\u00a0\u00bb2\/3&Prime;]<div class=\"grve-empty-space grve-height-1x\" style=\"\"><\/div>[vc_column_text animation=\u00a0\u00bbgrve-fade-in-up\u00a0\u00bb animation_delay=\u00a0\u00bb400&Prime;]<\/p>\n<h1 style=\"text-align: left;\"><strong><span style=\"color: #ffc423; letter-spacing: -3px;\">&#8212;&#8211;<\/span><\/strong><\/h1>\n<h4><span style=\"color: #4f4f4f;\">\u00c9TUDE DE CAS<\/span><\/h4>\n<h1 style=\"text-align: left;\"><strong><span style=\"color: #4f4f4f;\">Transition des actifs \u2013 Consid\u00e9rations relatives aux finances et au conseil d&rsquo;administration<\/span><br \/>\n<\/strong><\/h1>\n<p>[\/vc_column_text]<div class=\"grve-empty-space\" style=\"height: 120px;\"><\/div>[\/vc_column][vc_column width=\u00a0\u00bb1\/3&Prime;][\/vc_column][\/vc_row][vc_row padding_bottom_multiplier=\u00a0\u00bb\u00a0\u00bb columns_gap=\u00a0\u00bb60&Prime;][vc_column][vc_column_text css=\u00a0\u00bb.vc_custom_1633000912092{padding-bottom: 20px !important;}\u00a0\u00bb]<\/p>\n<h1 style=\"text-align: left;\"><strong><span style=\"color: #ffc423; letter-spacing: -3px;\">&#8212;&#8211;<\/span><\/strong><\/h1>\n<h2><strong>\u00c9tape de pr\u00e9paration<\/strong><\/h2>\n<p>[\/vc_column_text][vc_row_inner css=\u00a0\u00bb.vc_custom_1627473938991{padding-bottom: 40px !important;}\u00a0\u00bb][vc_column_inner width=\u00a0\u00bb1\/2&Prime;][vc_column_text]De nombreuses organisations se disputent l&rsquo;opportunit\u00e9 d&rsquo;acqu\u00e9rir des actifs de production pour renforcer leur portefeuille. Ces investissements majeurs prennent du temps, mais peuvent \u00eatre cl\u00f4tur\u00e9s et d\u00e9plac\u00e9s rapidement, ce qui exerce une pression sur le transfert et la prise de responsabilit\u00e9 op\u00e9rationnelle.<\/p>\n<p>L&rsquo;une des conclusions principales de notre exp\u00e9rience de nombreux transferts de ce genre est que les d\u00e9fis en mati\u00e8re d&rsquo;informatique et de donn\u00e9es sont plus complexes et plus longs que ne le pr\u00e9voient les clients au d\u00e9part. Ils sont \u00e9galement essentiels \u00e0 la s\u00e9curit\u00e9 et \u00e0 l&rsquo;efficacit\u00e9 des op\u00e9rations, et soutiennent activement le dossier de s\u00e9curit\u00e9. Cela peut \u00eatre grandement facilit\u00e9 si votre partenaire de transition soutient \u00e0 la fois l&rsquo;acheteur et le vendeur.<\/p>\n<p>Sword recommande une approche par \u00e9tapes:<\/p>\n<p><strong>Pr\u00e9-accord<\/strong><\/p>\n<ul>\n<li>Strat\u00e9gie de transition, d\u00e9finition du champ d&rsquo;application, estimations de haut niveau, contrats et strat\u00e9gie d&rsquo;approvisionnement, et confirmation des capacit\u00e9s des fournisseurs<\/li>\n<\/ul>\n<p><strong>Projet de transition<\/strong><\/p>\n<ul>\n<li>Champ d&rsquo;application d\u00e9taill\u00e9, proposition ferme, plan de ressourcement et calendrier d&rsquo;approvisionnement<\/li>\n<li>Ex\u00e9cution du projet de transition<\/li>\n<li>Remettre<\/li>\n<\/ul>\n<p>[\/vc_column_text][\/vc_column_inner][vc_column_inner width=\u00a0\u00bb1\/2&Prime;][vc_column_text]<strong>Support en cours<\/strong><\/p>\n<ul>\n<li>Helpdesk et support informatique<\/li>\n<li>Gestion de l&rsquo;information pour Subsurface, Operations and Projects Capital<\/li>\n<\/ul>\n<p><strong>Renforcement<\/strong><\/p>\n<ul>\n<li>Am\u00e9lioration des performances commerciales<\/li>\n<li>Am\u00e9lioration de la s\u00e9curit\u00e9 et de la qualit\u00e9<\/li>\n<li>Conformit\u00e9 r\u00e9glementaire<\/li>\n<li>R\u00e9duction des co\u00fbts<\/li>\n<li>De nouvelles fa\u00e7ons de travailler<\/li>\n<li>R\u00e9interpr\u00e9tation, analyse et exploration de subsurface<\/li>\n<\/ul>\n<p>Les transitions r\u00e9centes g\u00e9r\u00e9es par Sword ont n\u00e9cessit\u00e9 la pr\u00e9paration de 80 applications ou plus, l&rsquo;intervention de fournisseurs de r\u00e9seaux et de t\u00e9l\u00e9communications, l&rsquo;acquisition de mat\u00e9riel et de logiciels, des milliers de bo\u00eetes d&rsquo;archives, des dizaines de milliers de bandes (comme les donn\u00e9es sismiques). Sword peut organiser et g\u00e9rer ce processus pour vous. Notre connaissance des fournisseurs, des champs d&rsquo;application techniques et des prix vous permettra d&rsquo;obtenir un meilleur r\u00e9sultat plus rapidement.[\/vc_column_text][\/vc_column_inner][\/vc_row_inner][\/vc_column][\/vc_row][vc_row padding_top_multiplier=\u00a0\u00bb\u00a0\u00bb padding_bottom_multiplier=\u00a0\u00bb\u00a0\u00bb columns_gap=\u00a0\u00bb60&Prime;][vc_column][vc_column_text css=\u00a0\u00bb.vc_custom_1633000922960{padding-bottom: 20px !important;}\u00a0\u00bb]<\/p>\n<h1 style=\"text-align: left;\"><strong><span style=\"color: #ffc423; letter-spacing: -3px;\">&#8212;&#8211;<\/span><\/strong><\/h1>\n<h2><strong>La transition<\/strong><\/h2>\n<p>[\/vc_column_text][vc_row_inner css=\u00a0\u00bb.vc_custom_1627473938991{padding-bottom: 40px !important;}\u00a0\u00bb][vc_column_inner width=\u00a0\u00bb1\/2&Prime;][vc_column_text]Une fois que la port\u00e9e du projet a \u00e9t\u00e9 d\u00e9finie et que vous \u00eates en contact avec un partenaire sp\u00e9cialis\u00e9 tel que Sword, \u00e0 quoi ressemblera la transition ?<\/p>\n<ul>\n<li><strong>Mobilisation rapide<\/strong> de l&rsquo;\u00e9quipe de projet, la collecte d&rsquo;informations et la planification d\u00e9taill\u00e9e. Cette premi\u00e8re phase du projet prend g\u00e9n\u00e9ralement quelques semaines<\/li>\n<\/ul>\n<p>[\/vc_column_text][\/vc_column_inner][vc_column_inner width=\u00a0\u00bb1\/2&Prime;][vc_column_text]<\/p>\n<ul>\n<li><strong>Mise en \u0153uvre<\/strong> \u2013 ce d\u00e9lai d\u00e9pend de l&rsquo;ampleur et de la port\u00e9e de l&rsquo;op\u00e9ration, mais il est g\u00e9n\u00e9ralement de 3 \u00e0 9 mois. Le transfert d&rsquo;une petite plate-forme sans pilote peut n\u00e9cessiter une \u00e9quipe de 4 \u00e0 5 personnes, tandis qu&rsquo;une op\u00e9ration importante portant sur plusieurs actifs peut n\u00e9cessiter une \u00e9quipe de base de 15 \u00e0 20 personnes et une collaboration avec des dizaines de fournisseurs. Nous nous adaptons aux d\u00e9fis li\u00e9s \u00e0 la taille et au temps<\/li>\n<\/ul>\n<p>[\/vc_column_text][\/vc_column_inner][\/vc_row_inner][\/vc_column][\/vc_row][vc_row padding_top_multiplier=\u00a0\u00bb\u00a0\u00bb padding_bottom_multiplier=\u00a0\u00bb\u00a0\u00bb columns_gap=\u00a0\u00bb60&Prime;][vc_column][vc_column_text css=\u00a0\u00bb.vc_custom_1633000932207{padding-bottom: 20px !important;}\u00a0\u00bb]<\/p>\n<h1 style=\"text-align: left;\"><strong><span style=\"color: #ffc423; letter-spacing: -3px;\">&#8212;&#8211;<\/span><\/strong><\/h1>\n<h2><strong>Contrats et approvisionnement<\/strong><\/h2>\n<p>[\/vc_column_text][vc_row_inner css=\u00a0\u00bb.vc_custom_1627473938991{padding-bottom: 40px !important;}\u00a0\u00bb][vc_column_inner width=\u00a0\u00bb1\/2&Prime;][vc_column_text]<\/p>\n<ul>\n<li><strong>Contrats<\/strong><br \/>\nNous avons des exemples de contrats pour la plupart des syst\u00e8mes utilis\u00e9s dans le secteur de l&rsquo;\u00e9nergie et connaissons bien les principaux acteurs. Cela acc\u00e9l\u00e8re le projet, d&rsquo;autant plus que de nombreux syst\u00e8mes pr\u00e9sentent des interd\u00e9pendances, dont nous tenons compte. Nos sp\u00e9cialistes aident \u00e9galement avec les novations et autres questions contractuelles<\/li>\n<\/ul>\n<p>[\/vc_column_text][\/vc_column_inner][vc_column_inner width=\u00a0\u00bb1\/2&Prime;][vc_column_text]<\/p>\n<ul>\n<li><strong>Approvisionnement<\/strong><br \/>\nNotre pouvoir d&rsquo;achat et nos achats r\u00e9p\u00e9t\u00e9s nous donnent un excellent aper\u00e7u des fournisseurs, de leurs forces et faiblesses concurrentielles et de savoir ce que les choses devraient co\u00fbter. Cela nous permet de passer des march\u00e9s en votre nom de mani\u00e8re efficace, en \u00e9conomisant du temps et de l&rsquo;argent. Vous pouvez toujours acheter directement si c&rsquo;est votre strat\u00e9gie pr\u00e9f\u00e9r\u00e9e<\/li>\n<\/ul>\n<p>[\/vc_column_text][\/vc_column_inner][\/vc_row_inner][\/vc_column][\/vc_row][vc_row padding_top_multiplier=\u00a0\u00bb\u00a0\u00bb padding_bottom_multiplier=\u00a0\u00bb\u00a0\u00bb columns_gap=\u00a0\u00bb5&Prime; equal_column_height=\u00a0\u00bbequal-column\u00a0\u00bb margin_bottom=\u00a0\u00bb5px\u00a0\u00bb][vc_column width=\u00a0\u00bb1\/5&Prime; css=\u00a0\u00bb.vc_custom_1627551311228{background-color: #ffc423 !important;}\u00a0\u00bb][vc_column_text css=\u00a0\u00bb.vc_custom_1627549799216{padding-top: 10px !important;padding-right: 10px !important;padding-bottom: 10px !important;padding-left: 10px !important;}\u00a0\u00bb]<strong><br \/>\n<span style=\"color: #f4f4f4f;\">PHASE<\/span><br \/>\n<\/strong>[\/vc_column_text][\/vc_column][vc_column width=\u00a0\u00bb1\/5&Prime; css=\u00a0\u00bb.vc_custom_1627551325605{background-color: #225588 !important;}\u00a0\u00bb][vc_column_text css=\u00a0\u00bb.vc_custom_1627550020116{padding-top: 10px !important;padding-right: 10px !important;padding-bottom: 10px !important;padding-left: 10px !important;}\u00a0\u00bb]<strong><br \/>\n<span style=\"color: #ffffff;\">Lancement du projet<\/span><br \/>\n<\/strong>[\/vc_column_text][\/vc_column][vc_column width=\u00a0\u00bb1\/5&Prime; css=\u00a0\u00bb.vc_custom_1627551334909{background-color: #225588 !important;}\u00a0\u00bb][vc_column_text css=\u00a0\u00bb.vc_custom_1627549713421{padding-top: 10px !important;padding-right: 10px !important;padding-bottom: 10px !important;padding-left: 10px !important;}\u00a0\u00bb]<strong><br \/>\n<span style=\"color: #ffffff;\">Planification (pr\u00e9 TOO)<\/span><br \/>\n<\/strong>[\/vc_column_text][\/vc_column][vc_column width=\u00a0\u00bb1\/5&Prime; css=\u00a0\u00bb.vc_custom_1627551345665{background-color: #225588 !important;}\u00a0\u00bb][vc_column_text css=\u00a0\u00bb.vc_custom_1627549664550{padding-top: 10px !important;padding-right: 10px !important;padding-bottom: 10px !important;padding-left: 10px !important;}\u00a0\u00bb]<strong><br \/>\n<span style=\"color: #ffffff;\">Transfert de propri\u00e9t\u00e9 (TOO)<\/span><br \/>\n<\/strong>[\/vc_column_text][\/vc_column][vc_column width=\u00a0\u00bb1\/5&Prime; css=\u00a0\u00bb.vc_custom_1627551354181{background-color: #225588 !important;}\u00a0\u00bb][vc_column_text css=\u00a0\u00bb.vc_custom_1627549485084{padding-top: 10px !important;padding-right: 10px !important;padding-bottom: 10px !important;padding-left: 10px !important;}\u00a0\u00bb]<strong><br \/>\n<span style=\"color: #ffffff;\">Publier AUSSI<\/span><br \/>\n<\/strong>[\/vc_column_text][\/vc_column][\/vc_row][vc_row padding_top_multiplier=\u00a0\u00bb\u00a0\u00bb padding_bottom_multiplier=\u00a0\u00bb\u00a0\u00bb columns_gap=\u00a0\u00bb5&Prime; equal_column_height=\u00a0\u00bbequal-column\u00a0\u00bb margin_bottom=\u00a0\u00bb5px\u00a0\u00bb][vc_column width=\u00a0\u00bb1\/5&Prime; css=\u00a0\u00bb.vc_custom_1627551099778{background-color: #ffc423 !important;}\u00a0\u00bb][vc_column_text css=\u00a0\u00bb.vc_custom_1627549852869{padding-top: 10px !important;padding-right: 10px !important;padding-bottom: 10px !important;padding-left: 10px !important;}\u00a0\u00bb]<strong><br \/>\n<span style=\"color: #f4f4f4f;\">ACTIVIT\u00c9S<\/span><br \/>\n<\/strong>[\/vc_column_text][\/vc_column][vc_column width=\u00a0\u00bb1\/5&Prime;][vc_column_text css=\u00a0\u00bb.vc_custom_1627551618149{padding-top: 10px !important;padding-right: 10px !important;padding-bottom: 10px !important;padding-left: 10px !important;}\u00a0\u00bb]<\/p>\n<ul>\n<li>Accord post de service de selle<\/li>\n<li>Connectivit\u00e9 partenaire<\/li>\n<li>Acc\u00e8s aux informations<\/li>\n<li>Produire un document de lancement de projet (PID)<\/li>\n<\/ul>\n<p>[\/vc_column_text][\/vc_column][vc_column width=\u00a0\u00bb1\/5&Prime;][vc_column_text css=\u00a0\u00bb.vc_custom_1627551835540{border-top-width: 2px !important;border-right-width: 2px !important;border-bottom-width: 2px !important;border-left-width: 2px !important;padding-top: 10px !important;padding-right: 10px !important;padding-bottom: 10px !important;padding-left: 10px !important;border-left-color: #eeeeee !important;border-right-color: #eeeeee !important;border-top-color: #eeeeee !important;border-bottom-color: #eeeeee !important;}\u00a0\u00bb]<\/p>\n<ul>\n<li>Strat\u00e9gie applicative<\/li>\n<li>strat\u00e9gie d&rsquo;infrastructure<\/li>\n<li>Strat\u00e9gie de messagerie instantan\u00e9e<\/li>\n<\/ul>\n<p>[\/vc_column_text][\/vc_column][vc_column width=\u00a0\u00bb1\/5&Prime;][vc_column_text css=\u00a0\u00bb.vc_custom_1627551868999{border-top-width: 2px !important;border-right-width: 2px !important;border-bottom-width: 2px !important;border-left-width: 2px !important;padding-top: 10px !important;padding-right: 10px !important;padding-bottom: 10px !important;padding-left: 10px !important;border-left-color: #eeeeee !important;border-right-color: #eeeeee !important;border-top-color: #eeeeee !important;border-bottom-color: #eeeeee !important;}\u00a0\u00bb]<\/p>\n<ul>\n<li>Ex\u00e9cution des strat\u00e9gies d&rsquo;applications, d&rsquo;infrastructure et de GI<\/li>\n<\/ul>\n<p>[\/vc_column_text][\/vc_column][vc_column width=\u00a0\u00bb1\/5&Prime;][vc_column_text css=\u00a0\u00bb.vc_custom_1627551922325{border-top-width: 2px !important;border-right-width: 2px !important;border-bottom-width: 2px !important;border-left-width: 2px !important;padding-top: 10px !important;padding-right: 10px !important;padding-bottom: 10px !important;padding-left: 10px !important;border-left-color: #eeeeee !important;border-right-color: #eeeeee !important;border-top-color: #eeeeee !important;border-bottom-color: #eeeeee !important;}\u00a0\u00bb]<\/p>\n<ul>\n<li>Soutien de l&rsquo;\u00c9tat stable<\/li>\n<li>Ancien syst\u00e8me<\/li>\n<li>Programme d&rsquo;am\u00e9lioration des services<\/li>\n<li>Plan de messagerie instantan\u00e9e en cours<\/li>\n<\/ul>\n<p>[\/vc_column_text][\/vc_column][\/vc_row][vc_row padding_top_multiplier=\u00a0\u00bb\u00a0\u00bb padding_bottom_multiplier=\u00a0\u00bb\u00a0\u00bb columns_gap=\u00a0\u00bb5&Prime; equal_column_height=\u00a0\u00bbequal-column\u00a0\u00bb][vc_column width=\u00a0\u00bb1\/5&Prime; css=\u00a0\u00bb.vc_custom_1627551208074{background-color: #ffc423 !important;}\u00a0\u00bb][vc_column_text css=\u00a0\u00bb.vc_custom_1627549879982{padding-top: 10px !important;padding-right: 10px !important;padding-bottom: 10px !important;padding-left: 10px !important;}\u00a0\u00bb]<strong><br \/>\n<span style=\"color: #f4f4f4f;\">LIVRABLES<\/span><br \/>\n<\/strong>[\/vc_column_text][\/vc_column][vc_column width=\u00a0\u00bb1\/5&Prime; css=\u00a0\u00bb.vc_custom_1627551220077{background-color: #aaaaaa !important;}\u00a0\u00bb][vc_column_text css=\u00a0\u00bb.vc_custom_1627550011431{padding-top: 10px !important;padding-right: 10px !important;padding-bottom: 10px !important;padding-left: 10px !important;}\u00a0\u00bb]<strong><br \/>\n<span style=\"color: #ffffff;\">Document de lancement du projet<\/span><br \/>\n<\/strong>[\/vc_column_text][\/vc_column][vc_column width=\u00a0\u00bb1\/5&Prime; css=\u00a0\u00bb.vc_custom_1627551229122{background-color: #aaaaaa !important;}\u00a0\u00bb][vc_column_text css=\u00a0\u00bb.vc_custom_1627550040265{padding-top: 10px !important;padding-right: 10px !important;padding-bottom: 10px !important;padding-left: 10px !important;}\u00a0\u00bb]<strong><br \/>\n<span style=\"color: #ffffff;\">Plan de transition informatique<\/span><br \/>\n<\/strong>[\/vc_column_text][\/vc_column][vc_column width=\u00a0\u00bb1\/5&Prime; css=\u00a0\u00bb.vc_custom_1627551237414{background-color: #aaaaaa !important;}\u00a0\u00bb][vc_column_text css=\u00a0\u00bb.vc_custom_1627550156312{padding-top: 10px !important;padding-right: 10px !important;padding-bottom: 10px !important;padding-left: 10px !important;}\u00a0\u00bb]<strong><br \/>\n<span style=\"color: #ffffff;\">Transfert d&rsquo;actifs<\/span><br \/>\n<\/strong>[\/vc_column_text][\/vc_column][vc_column width=\u00a0\u00bb1\/5&Prime; css=\u00a0\u00bb.vc_custom_1627551250723{background-color: #aaaaaa !important;}\u00a0\u00bb][vc_column_text css=\u00a0\u00bb.vc_custom_1627550187949{padding-top: 10px !important;padding-right: 10px !important;padding-bottom: 10px !important;padding-left: 10px !important;}\u00a0\u00bb]<strong><br \/>\n<span style=\"color: #ffffff;\">Environnement informatique stable et enti\u00e8rement pris en charge<\/span><br \/>\n<\/strong>[\/vc_column_text][\/vc_column][\/vc_row][vc_row padding_top_multiplier=\u00a0\u00bb\u00a0\u00bb padding_bottom_multiplier=\u00a0\u00bb\u00a0\u00bb columns_gap=\u00a0\u00bb60&Prime;][vc_column][vc_column_text css=\u00a0\u00bb.vc_custom_1633000942862{padding-bottom: 20px !important;}\u00a0\u00bb]<\/p>\n<h1 style=\"text-align: left;\"><strong><span style=\"color: #ffc423; letter-spacing: -3px;\">&#8212;&#8211;<\/span><\/strong><\/h1>\n<h2><strong>Comment r\u00e9duire les risques<\/strong><\/h2>\n<p>[\/vc_column_text][vc_row_inner css=\u00a0\u00bb.vc_custom_1627473938991{padding-bottom: 40px !important;}\u00a0\u00bb][vc_column_inner width=\u00a0\u00bb1\/2&Prime;][vc_column_text]Notre exp\u00e9rience et nos connaissances sp\u00e9cialis\u00e9es du secteur p\u00e9trolier et gazier contribuent \u00e0 r\u00e9duire les risques pendant les transitions et pour les services en cours. Les domaines principaux de risque pour la transition peuvent \u00eatre facilement att\u00e9nu\u00e9s.<\/p>\n<ul>\n<li><strong>S\u00e9curit\u00e9<\/strong> \u2013 Nous sommes experts dans le traitement des informations critiques pour la s\u00e9curit\u00e9 dans le secteur p\u00e9trolier et gazier. Nous veillons \u00e0 ce que votre personnel et vos partenaires disposent des instructions de travail, des syst\u00e8mes et des informations \u00e0 jour appropri\u00e9s pour ex\u00e9cuter les op\u00e9rations en toute s\u00e9curit\u00e9. Nous pouvons vous aider avec votre dossier de s\u00e9curit\u00e9<\/li>\n<li><strong>Production<\/strong> \u2013 La mise en service op\u00e9rationnelle est cruciale et nous sommes habitu\u00e9s \u00e0 g\u00e9rer l&rsquo;ing\u00e9nierie et la gestion des informations du sous-sol pour l&rsquo;accompagner. Cela comprend les travaux d&rsquo;ing\u00e9nierie et le forage. Vous pouvez \u00e9galement envisager<strong> Transition \u00e9nerg\u00e9tique<\/strong> . Nous pouvons vous aider avec notre connaissance des exigences de donn\u00e9es pour cela, telles que CCUS, vent et \u00e9lectrification<\/li>\n<li><strong>Complexit\u00e9<\/strong> \u2013 Pour la transition, il est important de garder les choses simples. Des am\u00e9liorations peuvent \u00eatre int\u00e9gr\u00e9es ult\u00e9rieurement en fonction des analyses de rentabilisation. L&rsquo;objectif clair est un projet propre et opportun afin qu&rsquo;il n&rsquo;y ait aucun impact sur vos plans op\u00e9rationnels<\/li>\n<\/ul>\n<p>[\/vc_column_text][\/vc_column_inner][vc_column_inner width=\u00a0\u00bb1\/2&Prime;][vc_column_text]<\/p>\n<ul>\n<li><strong>Changer<\/strong> \u2013 Lorsque le projet est en cours d&rsquo;ex\u00e9cution, il est courant que les d\u00e9tails changent, car le vendeur peut ne pas avoir pris en compte toutes les implications du partage de donn\u00e9es ou \u00eatre en mesure de les extraire facilement de leurs syst\u00e8mes. Notre expertise att\u00e9nue ce risque<\/li>\n<li><strong>Connaissance<\/strong> \u2013 Les nouveaux actifs s&rsquo;accompagnent g\u00e9n\u00e9ralement de nouvelles personnes et de transferts de personnel, nous nous effor\u00e7ons donc de leur faciliter la vie. Cela garantit qu&rsquo;ils savent comment trouver des informations pour soutenir leur travail et pouvoir s&rsquo;y fier<\/li>\n<li><strong>Temps<\/strong> \u2013 les transitions ont toujours de nombreuses pressions sur le calendrier, y compris les influences de vos partenaires commerciaux, investisseurs, coentreprises, du r\u00e9gulateur et autres. Pour \u00e9viter cela, faites appel \u00e0 une entreprise qui a d\u00e9j\u00e0 fait ce genre de choses \u00e0 plusieurs reprises et qui dispose d&rsquo;un large \u00e9ventail de personnel pr\u00eat \u00e0 d\u00e9marrer rapidement et \u00e0 s&rsquo;adapter \u00e0 l&rsquo;\u00e9volution de la situation<\/li>\n<li><strong>Co\u00fbt<\/strong> \u2013 R\u00e9duisez les risques de co\u00fbts en utilisant notre expertise en approvisionnement intelligent pour les syst\u00e8mes en amont et nos ressources de projet flexibles signifient que vous ne payez que pour ce dont vous avez besoin<\/li>\n<\/ul>\n<p>[\/vc_column_text][\/vc_column_inner][\/vc_row_inner][\/vc_column][\/vc_row][vc_row padding_top_multiplier=\u00a0\u00bb\u00a0\u00bb padding_bottom_multiplier=\u00a0\u00bb\u00a0\u00bb columns_gap=\u00a0\u00bb60&Prime;][vc_column][vc_column_text css=\u00a0\u00bb.vc_custom_1633000952200{padding-bottom: 20px !important;}\u00a0\u00bb]<\/p>\n<h1 style=\"text-align: left;\"><strong><span style=\"color: #ffc423; letter-spacing: -3px;\">&#8212;&#8211;<\/span><\/strong><\/h1>\n<h2><strong>\u00c0 propos de Sword <\/strong><\/h2>\n<p>[\/vc_column_text][vc_row_inner css=\u00a0\u00bb.vc_custom_1627473938991{padding-bottom: 40px !important;}\u00a0\u00bb][vc_column_inner width=\u00a0\u00bb1\/2&Prime;][vc_column_text]Sword UK se concentre sur la r\u00e9solution de d\u00e9fis commerciaux cl\u00e9s au sein des organisations, centr\u00e9s sur le d\u00e9veloppement de la gestion de l&rsquo;informatique au quotidien, en aidant \u00e0 optimiser l&rsquo;infrastructure organisationnelle pour permettre aux clients de se concentrer sur les activit\u00e9s \u00e0 forte valeur ajout\u00e9e. Sword UK aide ses clients \u00e0 r\u00e9ussir leur parcours num\u00e9rique en introduisant et en mettant en \u0153uvre la technologie comme un facilitateur et non comme un inhibiteur.[\/vc_column_text][\/vc_column_inner][vc_column_inner width=\u00a0\u00bb1\/2&Prime;][vc_column_text]<strong>Sword<\/strong><br \/>\nMaison Johnstone,<br \/>\n52 \u2013 54 Rose Street, Aberdeen, AB10 1UD<br \/>\nE : Neale.Stidolph@sword-group.com<br \/>\nT : +44 (0)1224 506 110<br \/>\nwww.sworditsolutions.com[\/vc_column_text][\/vc_column_inner][\/vc_row_inner][\/vc_column][\/vc_row][vc_row][vc_column]<div class=\"grve-empty-space grve-height-1x\" style=\"\"><\/div>[\/vc_column][\/vc_row]<\/p>\n<\/div>","protected":false},"excerpt":{"rendered":"<p>[vc_row heading_color=\u00a0\u00bblight\u00a0\u00bb bg_type=\u00a0\u00bbimage\u00a0\u00bb bg_image=\u00a0\u00bb19554&Prime; bg_image_size=\u00a0\u00bbresponsive\u00a0\u00bb bg_position=\u00a0\u00bbcenter-top\u00a0\u00bb bg_tablet_sm_position=\u00a0\u00bbcenter-center\u00a0\u00bb opacity_overlay=\u00a0\u00bb60&Prime; padding_top_multiplier=\u00a0\u00bbcustom\u00a0\u00bb padding_bottom_multiplier=\u00a0\u00bbcustom\u00a0\u00bb separator_bottom=\u00a0\u00bbtilt-left-separator\u00a0\u00bb separator_bottom_size=\u00a0\u00bb120px\u00a0\u00bb font_color=\u00a0\u00bb#000000&Prime; margin_bottom=\u00a0\u00bb0&Prime; padding_top=\u00a0\u00bb0&Prime; padding_bottom=\u00a0\u00bb0&Prime;][vc_column width=\u00a0\u00bb2\/3&Prime;][vc_column_text animation=\u00a0\u00bbgrve-fade-in-up\u00a0\u00bb animation_delay=\u00a0\u00bb400&Prime;] &#8212;&#8211; \u00c9TUDE DE CAS Transition des actifs \u2013 Consid\u00e9rations relatives aux finances et au conseil d&rsquo;administration [\/vc_column_text][\/vc_column][vc_column width=\u00a0\u00bb1\/3&Prime;][\/vc_column][\/vc_row][vc_row padding_bottom_multiplier=\u00a0\u00bb\u00a0\u00bb columns_gap=\u00a0\u00bb60&Prime;][vc_column][vc_column_text css=\u00a0\u00bb.vc_custom_1633000912092{padding-bottom: 20px !important;}\u00a0\u00bb] &#8212;&#8211; \u00c9tape de pr\u00e9paration [\/vc_column_text][vc_row_inner css=\u00a0\u00bb.vc_custom_1627473938991{padding-bottom: 40px !important;}\u00a0\u00bb][vc_column_inner width=\u00a0\u00bb1\/2&Prime;][vc_column_text]De nombreuses organisations se disputent [&hellip;]<\/p>\n","protected":false},"author":1,"featured_media":0,"parent":0,"menu_order":0,"comment_status":"closed","ping_status":"closed","template":"","meta":{"footnotes":"","_links_to":"","_links_to_target":""},"class_list":["post-26209","page","type-page","status-publish","hentry"],"_links":{"self":[{"href":"https:\/\/www.sword-group.com\/fr\/wp-json\/wp\/v2\/pages\/26209","targetHints":{"allow":["GET"]}}],"collection":[{"href":"https:\/\/www.sword-group.com\/fr\/wp-json\/wp\/v2\/pages"}],"about":[{"href":"https:\/\/www.sword-group.com\/fr\/wp-json\/wp\/v2\/types\/page"}],"author":[{"embeddable":true,"href":"https:\/\/www.sword-group.com\/fr\/wp-json\/wp\/v2\/users\/1"}],"replies":[{"embeddable":true,"href":"https:\/\/www.sword-group.com\/fr\/wp-json\/wp\/v2\/comments?post=26209"}],"version-history":[{"count":0,"href":"https:\/\/www.sword-group.com\/fr\/wp-json\/wp\/v2\/pages\/26209\/revisions"}],"wp:attachment":[{"href":"https:\/\/www.sword-group.com\/fr\/wp-json\/wp\/v2\/media?parent=26209"}],"curies":[{"name":"wp","href":"https:\/\/api.w.org\/{rel}","templated":true}]}}