{"id":26275,"date":"2021-08-31T12:19:23","date_gmt":"2021-08-31T12:19:23","guid":{"rendered":"https:\/\/swordgroupprod.wpengine.com\/hebergement-et-gestion-dapplications\/"},"modified":"2024-09-12T12:39:55","modified_gmt":"2024-09-12T12:39:55","slug":"hebergement-et-gestion-dapplications","status":"publish","type":"page","link":"https:\/\/www.sword-group.com\/fr\/hebergement-et-gestion-dapplications\/","title":{"rendered":"H\u00e9bergement et gestion d&rsquo;applications"},"content":{"rendered":"<div class=\"wpb-content-wrapper\"><p>[vc_row heading_color=\u00a0\u00bblight\u00a0\u00bb bg_type=\u00a0\u00bbimage\u00a0\u00bb bg_image=\u00a0\u00bb18870&Prime; bg_image_size=\u00a0\u00bbresponsive\u00a0\u00bb bg_position=\u00a0\u00bbcenter-top\u00a0\u00bb bg_tablet_sm_position=\u00a0\u00bbcenter-center\u00a0\u00bb opacity_overlay=\u00a0\u00bb60&Prime; padding_top_multiplier=\u00a0\u00bbcustom\u00a0\u00bb padding_bottom_multiplier=\u00a0\u00bbcustom\u00a0\u00bb separator_bottom=\u00a0\u00bbtilt-left-separator\u00a0\u00bb font_color=\u00a0\u00bb#000000&Prime; margin_bottom=\u00a0\u00bb0&Prime; padding_top=\u00a0\u00bb0&Prime; padding_bottom=\u00a0\u00bb0&Prime;][vc_column width=\u00a0\u00bb1\/2&Prime; css=\u00a0\u00bb.vc_custom_1620383995480{margin-bottom: 0px !important;}\u00a0\u00bb]<div class=\"grve-empty-space grve-height-1x\" style=\"\"><\/div>[vc_column_text animation=\u00a0\u00bbgrve-fade-in-up\u00a0\u00bb animation_delay=\u00a0\u00bb400&Prime;]<\/p>\n<h1><strong><span style=\"color: #ffc423; letter-spacing: -3px;\">&#8212;&#8211;<\/span><\/strong><\/h1>\n<h1 style=\"text-align: left;\"><span style=\"color: #ffffff;\"><b>H\u00e9bergement et gestion d&rsquo;applications<\/b><br \/>\n<\/span><\/h1>\n<p>[\/vc_column_text]<div class=\"grve-empty-space\" style=\"height: 250px;\"><\/div>[\/vc_column][vc_column width=\u00a0\u00bb1\/2&Prime;][\/vc_column][\/vc_row][vc_row columns_gap=\u00a0\u00bb60&Prime; equal_column_height=\u00a0\u00bbequal-column\u00a0\u00bb][vc_column css=\u00a0\u00bb.vc_custom_1624352701265{padding-top: 40px !important;}\u00a0\u00bb][vc_row_inner css=\u00a0\u00bb.vc_custom_1620377545475{margin-bottom: 0px !important;border-bottom-width: 0px !important;padding-bottom: 0px !important;}\u00a0\u00bb][vc_column_inner width=\u00a0\u00bb1\/2&Prime; css=\u00a0\u00bb.vc_custom_1624357420860{padding-top: 0px !important;padding-right: 55px !important;padding-bottom: 0px !important;padding-left: 55px !important;}\u00a0\u00bb]<div class=\"grve-element grve-image grve-align-center\" style=\"margin-bottom: 0px;\">  <div class=\"grve-image-wrapper\"><img loading=\"lazy\" decoding=\"async\" width=\"900\" height=\"684\" src=\"https:\/\/www.sword-group.com\/wp-content\/uploads\/2021\/06\/infrastructure-optimisation.jpg\" class=\"attachment-full size-full\" alt=\"\" srcset=\"https:\/\/www.sword-group.com\/wp-content\/uploads\/2021\/06\/infrastructure-optimisation.jpg 900w, https:\/\/www.sword-group.com\/wp-content\/uploads\/2021\/06\/infrastructure-optimisation-300x228.jpg 300w, https:\/\/www.sword-group.com\/wp-content\/uploads\/2021\/06\/infrastructure-optimisation-768x584.jpg 768w\" sizes=\"auto, (max-width: 900px) 100vw, 900px\" \/>   <\/div><\/div>[\/vc_column_inner][vc_column_inner width=\u00a0\u00bb1\/2&Prime; css=\u00a0\u00bb.vc_custom_1624353973439{margin-top: 0px !important;margin-right: 0px !important;margin-bottom: 15px !important;margin-left: 0px !important;border-top-width: 0px !important;border-right-width: 0px !important;border-bottom-width: 0px !important;border-left-width: 0px !important;padding-right: 5% !important;padding-bottom: 0px !important;padding-left: 0px !important;}\u00a0\u00bb][vc_column_text animation=\u00a0\u00bbgrve-fade-in-up\u00a0\u00bb animation_delay=\u00a0\u00bb400&Prime;]<\/p>\n<h1><strong><span style=\"color: #ffc423; letter-spacing: -3px;\">&#8212;&#8211;<\/span><\/strong><\/h1>\n<h2 style=\"text-align: left;\"><strong>Restez concentr\u00e9 sur ce que vous faites de mieux gr\u00e2ce \u00e0 des solutions \u00e9prouv\u00e9es qui offrent des exp\u00e9riences exceptionnelles aux utilisateurs.<\/strong><\/h2>\n<p>[\/vc_column_text][\/vc_column_inner][\/vc_row_inner][vc_row_inner css=\u00a0\u00bb.vc_custom_1624357503192{margin-top: 20px !important;margin-bottom: 0px !important;border-bottom-width: 0px !important;padding-top: 20px !important;padding-bottom: 25px !important;}\u00a0\u00bb][vc_column_inner width=\u00a0\u00bb1\/2&Prime; css=\u00a0\u00bb.vc_custom_1624355223681{margin-top: 0px !important;margin-right: 0px !important;margin-bottom: 15px !important;margin-left: 0px !important;border-top-width: 0px !important;border-right-width: 0px !important;border-bottom-width: 0px !important;border-left-width: 0px !important;padding-right: 20px !important;padding-bottom: 0px !important;padding-left: 0px !important;}\u00a0\u00bb][vc_column_text animation=\u00a0\u00bbgrve-fade-in-up\u00a0\u00bb animation_delay=\u00a0\u00bb400&Prime;]En tant qu&rsquo;internautes, nous sommes de plus en plus exigeants et nous attendons un acc\u00e8s instantan\u00e9, s\u00e9curis\u00e9 et fiable au contenu, 24 heures sur 24, 7 jours sur 7, \u00e0 partir de n&rsquo;importe quel appareil ou endroit. Nous voulons simplement une informatique qui fonctionne. Les menaces pour la s\u00e9curit\u00e9, quant \u00e0 elles, sont de plus en plus sophistiqu\u00e9es et fr\u00e9quentes.[\/vc_column_text][\/vc_column_inner][vc_column_inner width=\u00a0\u00bb1\/2&Prime; css=\u00a0\u00bb.vc_custom_1624355201998{padding-top: 0px !important;padding-right: 20px !important;padding-bottom: 0px !important;padding-left: 0px !important;}\u00a0\u00bb][vc_column_text animation=\u00a0\u00bbgrve-fade-in-up\u00a0\u00bb animation_delay=\u00a0\u00bb400&Prime;]Pour relever ces d\u00e9fis, les solutions d&rsquo;h\u00e9bergement d&rsquo;applications (Saas) et de gestion de Sword, sont disponibles par abonnement. Virtualisent vos applications m\u00e9tier, les rendant disponibles \u00e0 partir d&rsquo;une infrastructure cloud distante accessible et s\u00e9curis\u00e9e \u00e0 l&rsquo;\u00e9chelle mondiale, offrant des m\u00e9thodes de travail meilleures et plus efficaces \u00e0 votre organisation.[\/vc_column_text][\/vc_column_inner][\/vc_row_inner][\/vc_column][\/vc_row][vc_row bg_type=\u00a0\u00bbimage\u00a0\u00bb bg_image=\u00a0\u00bb18967&Prime; padding_top_multiplier=\u00a0\u00bbcustom\u00a0\u00bb padding_bottom_multiplier=\u00a0\u00bbcustom\u00a0\u00bb columns_gap=\u00a0\u00bb60&Prime; equal_column_height=\u00a0\u00bbequal-column\u00a0\u00bb separator_top=\u00a0\u00bbtilt-left-separator\u00a0\u00bb separator_bottom=\u00a0\u00bbtilt-left-separator\u00a0\u00bb padding_top=\u00a0\u00bb0px\u00a0\u00bb padding_bottom=\u00a0\u00bb100px\u00a0\u00bb][vc_column][vc_row_inner css=\u00a0\u00bb.vc_custom_1620377545475{margin-bottom: 0px !important;border-bottom-width: 0px !important;padding-bottom: 0px !important;}\u00a0\u00bb][vc_column_inner width=\u00a0\u00bb1\/2&Prime; css=\u00a0\u00bb.vc_custom_1624354039850{margin-top: 0px !important;margin-right: 0px !important;margin-bottom: 80px !important;margin-left: 0px !important;border-top-width: 0px !important;border-right-width: 0px !important;border-bottom-width: 0px !important;border-left-width: 0px !important;padding-top: 120px !important;padding-right: 0% !important;padding-bottom: 25px !important;padding-left: 0px !important;}\u00a0\u00bb][vc_column_text animation=\u00a0\u00bbgrve-fade-in-up\u00a0\u00bb animation_delay=\u00a0\u00bb400&Prime;]<\/p>\n<h1><strong><span style=\"color: #ffc423; letter-spacing: -3px;\">&#8212;&#8211;<\/span><\/strong><\/h1>\n<h2 style=\"text-align: left;\"><strong>Renforcez la valeur de votre investissement informatique : <\/strong><\/h2>\n<p><strong><br \/>\nLa haute disponibilit\u00e9<\/strong><br \/>\nToujours actif et avec une disponibilit\u00e9 garantie pour vos applications<\/p>\n<p><strong>Risque r\u00e9duit<\/strong><br \/>\nAm\u00e9lioration du temps de fonctionnement gr\u00e2ce \u00e0 la sauvegarde compl\u00e8te et au basculement<\/p>\n<p><strong>L&rsquo;\u00e9quilibrage de charge<\/strong><br \/>\n\u00c9quilibrage de la charge enti\u00e8rement g\u00e9r\u00e9 pour s&rsquo;adapter aux pics et aux creux<\/p>\n<p><strong>S\u00fbr et s\u00e9curis\u00e9<\/strong><br \/>\nS\u00e9curit\u00e9 cloud de pointe et stockage d&rsquo;applications surveill\u00e9<\/p>\n<p><strong>Co\u00fbts r\u00e9duits<\/strong><br \/>\nPas besoin de maintenir votre propre mat\u00e9riel ou d&rsquo;avoir plusieurs SLA et contrats de maintenance[\/vc_column_text][\/vc_column_inner][vc_column_inner width=\u00a0\u00bb1\/2&Prime; css=\u00a0\u00bb.vc_custom_1621244170628{padding-top: 50px !important;padding-right: 50px !important;padding-bottom: 0px !important;padding-left: 50px !important;}\u00a0\u00bb][\/vc_column_inner][\/vc_row_inner][\/vc_column][\/vc_row][vc_row padding_top_multiplier=\u00a0\u00bbcustom\u00a0\u00bb padding_bottom_multiplier=\u00a0\u00bbcustom\u00a0\u00bb columns_gap=\u00a0\u00bb60&Prime; separator_top=\u00a0\u00bbtilt-left-separator\u00a0\u00bb separator_bottom=\u00a0\u00bbtilt-left-separator\u00a0\u00bb padding_bottom=\u00a0\u00bb55px\u00a0\u00bb padding_top=\u00a0\u00bb35px\u00a0\u00bb margin_bottom=\u00a0\u00bb20px\u00a0\u00bb][vc_column css=\u00a0\u00bb.vc_custom_1628678654667{padding-top: 40px !important;padding-bottom: 40px !important;}\u00a0\u00bb][vc_row_inner][vc_column_inner width=\u00a0\u00bb1\/2&Prime; css=\u00a0\u00bb.vc_custom_1628678723676{padding-right: 20% !important;padding-left: 20% !important;}\u00a0\u00bb]<div class=\"grve-element grve-image grve-align-center\" style=\"\">  <div class=\"grve-image-wrapper\"><img loading=\"lazy\" decoding=\"async\" width=\"931\" height=\"942\" src=\"https:\/\/www.sword-group.com\/wp-content\/uploads\/2021\/06\/why-sword-2.jpg\" class=\"attachment-full size-full\" alt=\"\" srcset=\"https:\/\/www.sword-group.com\/wp-content\/uploads\/2021\/06\/why-sword-2.jpg 931w, https:\/\/www.sword-group.com\/wp-content\/uploads\/2021\/06\/why-sword-2-296x300.jpg 296w, https:\/\/www.sword-group.com\/wp-content\/uploads\/2021\/06\/why-sword-2-768x777.jpg 768w\" sizes=\"auto, (max-width: 931px) 100vw, 931px\" \/>   <\/div><\/div>[\/vc_column_inner][vc_column_inner width=\u00a0\u00bb1\/2&Prime; css=\u00a0\u00bb.vc_custom_1624353191238{padding-right: 0% !important;}\u00a0\u00bb][vc_column_text animation=\u00a0\u00bbgrve-fade-in-up\u00a0\u00bb animation_delay=\u00a0\u00bb400&Prime; css=\u00a0\u00bb.vc_custom_1631102989806{padding-bottom: 20px !important;}\u00a0\u00bb]<\/p>\n<h1><strong><span style=\"color: #ffc423; letter-spacing: -3px;\">&#8212;&#8211;<\/span><\/strong><\/h1>\n<h2 style=\"text-align: left;\"><strong>Critique et<br \/>\nApplications I\/O? <\/strong><\/h2>\n<p>Les environnements d&rsquo;h\u00e9bergement d\u00e9di\u00e9 \u00e0 un propri\u00e9taire unique sont parfaits pour les applications critiques, car ils offrent des performances optimis\u00e9es, un meilleur contr\u00f4le et une s\u00e9curit\u00e9 accrue.[\/vc_column_text][\/vc_column_inner][\/vc_row_inner][\/vc_column][\/vc_row][vc_row heading_color=\u00a0\u00bblight\u00a0\u00bb bg_type=\u00a0\u00bbcolor\u00a0\u00bb columns_gap=\u00a0\u00bbnone\u00a0\u00bb bg_color=\u00a0\u00bb#eeeeee\u00a0\u00bb][vc_column][vc_column_text animation=\u00a0\u00bbgrve-fade-in-up\u00a0\u00bb animation_delay=\u00a0\u00bb400&Prime;]<\/p>\n<h1 style=\"text-align: center;\"><strong><span style=\"color: #ffc423; letter-spacing: -3px;\">&#8212;&#8211;<\/span><\/strong><\/h1>\n<h3 style=\"text-align: center;\"><span style=\"color: #4f4f4f;\"><strong>Nous sommes fiers de nous associer avec :<\/strong><\/span><\/h3>\n<p>[\/vc_column_text]<div class=\"grve-empty-space grve-height-3x\" style=\"\"><\/div><div class=\"grve-element grve-flexible-carousel grve-carousel grve-layout-1 grve-with-gap\" style=\"\"><div class=\"grve-carousel-wrapper\"><div class=\"grve-carousel-navigation grve-dark grve-navigation-1 grve-navigation-carousel\"><div class=\"grve-carousel-buttons\"><div class=\"grve-carousel-prev\"><i class=\"grve-icon-nav-left-small\"><\/i><span class=\"screen-reader-text\">Previous<\/span><\/div><div class=\"grve-carousel-next\"><i class=\"grve-icon-nav-right-small\"><\/i><span class=\"screen-reader-text\">Next<\/span><\/div><\/div><\/div>\t<div class=\"grve-flexible-carousel-element \" data-items=\"6\" data-items-tablet-landscape=\"4\" data-items-tablet-portrait=\"2\" data-items-mobile=\"1\" data-slider-autoplay=\"yes\" data-slider-speed=\"3000\" data-slider-pause=\"no\" data-pagination-speed=\"400\" data-pagination=\"no\" data-slider-autoheight=\"no\"><div class=\"grve-element grve-image grve-align-center\" style=\"\">  <div class=\"grve-image-wrapper\"><img loading=\"lazy\" decoding=\"async\" width=\"700\" height=\"700\" src=\"https:\/\/www.sword-group.com\/wp-content\/uploads\/2021\/04\/aws-square.gif\" class=\"attachment-full size-full\" alt=\"\" \/>   <\/div><\/div><div class=\"grve-element grve-image grve-align-center\" style=\"\">  <div class=\"grve-image-wrapper\"><img loading=\"lazy\" decoding=\"async\" width=\"700\" height=\"700\" src=\"https:\/\/www.sword-group.com\/wp-content\/uploads\/2021\/04\/azure-square.gif\" class=\"attachment-full size-full\" alt=\"\" \/>   <\/div><\/div><div class=\"grve-element grve-image grve-align-center\" style=\"\">  <div class=\"grve-image-wrapper\"><img loading=\"lazy\" decoding=\"async\" width=\"700\" height=\"700\" src=\"https:\/\/www.sword-group.com\/wp-content\/uploads\/2021\/04\/google-square.gif\" class=\"attachment-full size-full\" alt=\"\" \/>   <\/div><\/div><div class=\"grve-element grve-image grve-align-center\" style=\"\">  <div class=\"grve-image-wrapper\"><img loading=\"lazy\" decoding=\"async\" width=\"700\" height=\"700\" src=\"https:\/\/www.sword-group.com\/wp-content\/uploads\/2021\/05\/logos-OPENSTACK.jpg\" class=\"attachment-full size-full\" alt=\"\" srcset=\"https:\/\/www.sword-group.com\/wp-content\/uploads\/2021\/05\/logos-OPENSTACK.jpg 700w, https:\/\/www.sword-group.com\/wp-content\/uploads\/2021\/05\/logos-OPENSTACK-300x300.jpg 300w, https:\/\/www.sword-group.com\/wp-content\/uploads\/2021\/05\/logos-OPENSTACK-150x150.jpg 150w, https:\/\/www.sword-group.com\/wp-content\/uploads\/2021\/05\/logos-OPENSTACK-560x560.jpg 560w\" sizes=\"auto, (max-width: 700px) 100vw, 700px\" \/>   <\/div><\/div><div class=\"grve-element grve-image grve-align-center\" style=\"\">  <div class=\"grve-image-wrapper\"><img loading=\"lazy\" decoding=\"async\" width=\"700\" height=\"700\" src=\"https:\/\/www.sword-group.com\/wp-content\/uploads\/2021\/06\/citrix-square.gif\" class=\"attachment-full size-full\" alt=\"\" \/>   <\/div><\/div><div class=\"grve-element grve-image grve-align-center\" style=\"\">  <div class=\"grve-image-wrapper\"><img loading=\"lazy\" decoding=\"async\" width=\"700\" height=\"700\" src=\"https:\/\/www.sword-group.com\/wp-content\/uploads\/2021\/04\/aws-square.gif\" class=\"attachment-full size-full\" alt=\"\" \/>   <\/div><\/div><div class=\"grve-element grve-image grve-align-center\" style=\"\">  <div class=\"grve-image-wrapper\"><img loading=\"lazy\" decoding=\"async\" width=\"700\" height=\"700\" src=\"https:\/\/www.sword-group.com\/wp-content\/uploads\/2021\/04\/azure-square.gif\" class=\"attachment-full size-full\" alt=\"\" \/>   <\/div><\/div><div class=\"grve-element grve-image grve-align-center\" style=\"\">  <div class=\"grve-image-wrapper\"><img loading=\"lazy\" decoding=\"async\" width=\"700\" height=\"700\" src=\"https:\/\/www.sword-group.com\/wp-content\/uploads\/2021\/04\/google-square.gif\" class=\"attachment-full size-full\" alt=\"\" \/>   <\/div><\/div><div class=\"grve-element grve-image grve-align-center\" style=\"\">  <div class=\"grve-image-wrapper\"><img loading=\"lazy\" decoding=\"async\" width=\"700\" height=\"700\" src=\"https:\/\/www.sword-group.com\/wp-content\/uploads\/2021\/05\/logos-OPENSTACK.jpg\" class=\"attachment-full size-full\" alt=\"\" srcset=\"https:\/\/www.sword-group.com\/wp-content\/uploads\/2021\/05\/logos-OPENSTACK.jpg 700w, https:\/\/www.sword-group.com\/wp-content\/uploads\/2021\/05\/logos-OPENSTACK-300x300.jpg 300w, https:\/\/www.sword-group.com\/wp-content\/uploads\/2021\/05\/logos-OPENSTACK-150x150.jpg 150w, https:\/\/www.sword-group.com\/wp-content\/uploads\/2021\/05\/logos-OPENSTACK-560x560.jpg 560w\" sizes=\"auto, (max-width: 700px) 100vw, 700px\" \/>   <\/div><\/div><div class=\"grve-element grve-image grve-align-center\" style=\"\">  <div class=\"grve-image-wrapper\"><img loading=\"lazy\" decoding=\"async\" width=\"700\" height=\"700\" src=\"https:\/\/www.sword-group.com\/wp-content\/uploads\/2021\/06\/citrix-square.gif\" class=\"attachment-full size-full\" alt=\"\" \/>   <\/div><\/div>\t<\/div>  <\/div><\/div><div class=\"grve-empty-space grve-height-3x\" style=\"\"><\/div>[\/vc_column][\/vc_row][vc_row padding_bottom_multiplier=\u00a0\u00bb\u00a0\u00bb columns_gap=\u00a0\u00bb60&Prime; equal_column_height=\u00a0\u00bbequal-column\u00a0\u00bb][vc_column]<div class=\"grve-empty-space\" style=\"height: 40px;\"><\/div>[vc_row_inner css=\u00a0\u00bb.vc_custom_1620377545475{margin-bottom: 0px !important;border-bottom-width: 0px !important;padding-bottom: 0px !important;}\u00a0\u00bb][vc_column_inner width=\u00a0\u00bb1\/2&Prime; css=\u00a0\u00bb.vc_custom_1620743653441{padding-top: 0px !important;padding-right: 15% !important;padding-bottom: 0px !important;padding-left: 15% !important;}\u00a0\u00bb]<div class=\"grve-element grve-image grve-align-center\" style=\"margin-bottom: 0px;\">  <div class=\"grve-image-wrapper\"><img loading=\"lazy\" decoding=\"async\" width=\"542\" height=\"900\" src=\"https:\/\/www.sword-group.com\/wp-content\/uploads\/2021\/05\/friendly-2.jpg\" class=\"attachment-full size-full\" alt=\"\" srcset=\"https:\/\/www.sword-group.com\/wp-content\/uploads\/2021\/05\/friendly-2.jpg 542w, https:\/\/www.sword-group.com\/wp-content\/uploads\/2021\/05\/friendly-2-181x300.jpg 181w\" sizes=\"auto, (max-width: 542px) 100vw, 542px\" \/>   <\/div><\/div>[\/vc_column_inner][vc_column_inner width=\u00a0\u00bb1\/2&Prime; css=\u00a0\u00bb.vc_custom_1624352943842{margin-top: 0px !important;margin-right: 0px !important;margin-bottom: 0px !important;margin-left: 0px !important;border-top-width: 0px !important;border-right-width: 0px !important;border-bottom-width: 0px !important;border-left-width: 0px !important;padding-right: 15% !important;padding-bottom: 0px !important;padding-left: 0px !important;}\u00a0\u00bb][vc_column_text text_style=\u00a0\u00bbleader-text\u00a0\u00bb animation=\u00a0\u00bbgrve-fade-in-up\u00a0\u00bb animation_delay=\u00a0\u00bb400&Prime; css=\u00a0\u00bb.vc_custom_1695036701178{padding-top: 40px !important;}\u00a0\u00bb]<\/p>\n<h1><strong><span style=\"color: #ffc423; letter-spacing: -3px;\">&#8212;&#8211;<\/span><\/strong><\/h1>\n<h2><strong>Contactez-nous<\/strong><\/h2>\n<p>D\u00e9couvrez comment savoir-faire Sword en mati\u00e8re d&rsquo;h\u00e9bergement et de gestion d&rsquo;applications peut vous aider \u00e0 tirer le meilleur parti des technologies que vous avez choisies.<\/p>\n<p><strong>Contactez-nous d\u00e8s maintenant pour discuter de vos besoins.<\/strong>[\/vc_column_text]<div class=\"grve-empty-space\" style=\"height: 35px;\"><\/div><div class=\"grve-element grve-align-left grve-animated-item grve-fade-in-up grve-duration-normal grve-fluid-button\" data-delay=\"200\"><a href=\"\/contact\/?lang=fr\" class=\"grve-btn grve-btn-small grve-round grve-bg-primary-6 grve-bg-hover-grey\" style=\"max-width: 250px;\"><span>CONTACTEZ-NOUS<\/span><\/a><\/div><div class=\"grve-empty-space\" style=\"height: 35px;\"><\/div>[\/vc_column_inner][\/vc_row_inner][\/vc_column][\/vc_row]<\/p>\n<\/div>","protected":false},"excerpt":{"rendered":"<p>[vc_row heading_color=\u00a0\u00bblight\u00a0\u00bb bg_type=\u00a0\u00bbimage\u00a0\u00bb bg_image=\u00a0\u00bb18870&Prime; bg_image_size=\u00a0\u00bbresponsive\u00a0\u00bb bg_position=\u00a0\u00bbcenter-top\u00a0\u00bb bg_tablet_sm_position=\u00a0\u00bbcenter-center\u00a0\u00bb opacity_overlay=\u00a0\u00bb60&Prime; padding_top_multiplier=\u00a0\u00bbcustom\u00a0\u00bb padding_bottom_multiplier=\u00a0\u00bbcustom\u00a0\u00bb separator_bottom=\u00a0\u00bbtilt-left-separator\u00a0\u00bb font_color=\u00a0\u00bb#000000&Prime; margin_bottom=\u00a0\u00bb0&Prime; padding_top=\u00a0\u00bb0&Prime; padding_bottom=\u00a0\u00bb0&Prime;][vc_column width=\u00a0\u00bb1\/2&Prime; css=\u00a0\u00bb.vc_custom_1620383995480{margin-bottom: 0px !important;}\u00a0\u00bb][vc_column_text animation=\u00a0\u00bbgrve-fade-in-up\u00a0\u00bb animation_delay=\u00a0\u00bb400&Prime;] &#8212;&#8211; H\u00e9bergement et gestion d&rsquo;applications [\/vc_column_text][\/vc_column][vc_column width=\u00a0\u00bb1\/2&Prime;][\/vc_column][\/vc_row][vc_row columns_gap=\u00a0\u00bb60&Prime; equal_column_height=\u00a0\u00bbequal-column\u00a0\u00bb][vc_column css=\u00a0\u00bb.vc_custom_1624352701265{padding-top: 40px !important;}\u00a0\u00bb][vc_row_inner css=\u00a0\u00bb.vc_custom_1620377545475{margin-bottom: 0px !important;border-bottom-width: 0px !important;padding-bottom: 0px !important;}\u00a0\u00bb][vc_column_inner width=\u00a0\u00bb1\/2&Prime; css=\u00a0\u00bb.vc_custom_1624357420860{padding-top: 0px !important;padding-right: 55px !important;padding-bottom: 0px !important;padding-left: 55px !important;}\u00a0\u00bb][\/vc_column_inner][vc_column_inner width=\u00a0\u00bb1\/2&Prime; css=\u00a0\u00bb.vc_custom_1624353973439{margin-top: 0px !important;margin-right: 0px [&hellip;]<\/p>\n","protected":false},"author":1,"featured_media":0,"parent":0,"menu_order":0,"comment_status":"closed","ping_status":"closed","template":"","meta":{"footnotes":"","_links_to":"","_links_to_target":""},"class_list":["post-26275","page","type-page","status-publish","hentry"],"_links":{"self":[{"href":"https:\/\/www.sword-group.com\/fr\/wp-json\/wp\/v2\/pages\/26275","targetHints":{"allow":["GET"]}}],"collection":[{"href":"https:\/\/www.sword-group.com\/fr\/wp-json\/wp\/v2\/pages"}],"about":[{"href":"https:\/\/www.sword-group.com\/fr\/wp-json\/wp\/v2\/types\/page"}],"author":[{"embeddable":true,"href":"https:\/\/www.sword-group.com\/fr\/wp-json\/wp\/v2\/users\/1"}],"replies":[{"embeddable":true,"href":"https:\/\/www.sword-group.com\/fr\/wp-json\/wp\/v2\/comments?post=26275"}],"version-history":[{"count":0,"href":"https:\/\/www.sword-group.com\/fr\/wp-json\/wp\/v2\/pages\/26275\/revisions"}],"wp:attachment":[{"href":"https:\/\/www.sword-group.com\/fr\/wp-json\/wp\/v2\/media?parent=26275"}],"curies":[{"name":"wp","href":"https:\/\/api.w.org\/{rel}","templated":true}]}}