{"id":26411,"date":"2021-08-31T13:15:06","date_gmt":"2021-08-31T13:15:06","guid":{"rendered":"https:\/\/swordgroupprod.wpengine.com\/services-reseau\/"},"modified":"2021-09-03T10:13:50","modified_gmt":"2021-09-03T10:13:50","slug":"services-reseau","status":"publish","type":"page","link":"https:\/\/www.sword-group.com\/fr\/services-reseau\/","title":{"rendered":"Services r\u00e9seau"},"content":{"rendered":"<div class=\"wpb-content-wrapper\"><p>[vc_row heading_color=\u00a0\u00bblight\u00a0\u00bb bg_type=\u00a0\u00bbimage\u00a0\u00bb bg_image=\u00a0\u00bb18402&Prime; padding_top_multiplier=\u00a0\u00bbcustom\u00a0\u00bb padding_bottom_multiplier=\u00a0\u00bbcustom\u00a0\u00bb separator_bottom=\u00a0\u00bbtilt-left-separator\u00a0\u00bb font_color=\u00a0\u00bb#000000&Prime; margin_bottom=\u00a0\u00bb0&Prime; padding_top=\u00a0\u00bb0&Prime; padding_bottom=\u00a0\u00bb0&Prime;][vc_column width=\u00a0\u00bb1\/2&Prime; css=\u00a0\u00bb.vc_custom_1621251621202{margin-bottom: 0px !important;padding-right: 15% !important;}\u00a0\u00bb]<div class=\"grve-empty-space grve-height-1x\" style=\"\"><\/div>[vc_column_text animation=\u00a0\u00bbgrve-fade-in-up\u00a0\u00bb animation_delay=\u00a0\u00bb400&Prime; css=\u00a0\u00bb.vc_custom_1630663933636{padding-right: 10% !important;}\u00a0\u00bb]<\/p>\n<h1><strong><span style=\"color: #ffc423; letter-spacing: -3px;\">&#8212;&#8211;<\/span><\/strong><\/h1>\n<h1><span style=\"color: #ffffff;\"><strong>Services r\u00e9seau<\/strong><\/span><\/h1>\n<p>[\/vc_column_text]<div class=\"grve-empty-space\" style=\"height: 210px;\"><\/div>[\/vc_column][vc_column width=\u00a0\u00bb1\/2&Prime; css=\u00a0\u00bb.vc_custom_1620815152560{padding-top: 70px !important;padding-left: 100px !important;}\u00a0\u00bb][\/vc_column][\/vc_row][vc_row][vc_column][vc_column_text]<br \/>\n[\/vc_column_text][\/vc_column][\/vc_row][vc_row padding_top_multiplier=\u00a0\u00bb\u00a0\u00bb padding_bottom_multiplier=\u00a0\u00bb\u00a0\u00bb columns_gap=\u00a0\u00bb60&Prime; equal_column_height=\u00a0\u00bbequal-column\u00a0\u00bb separator_top=\u00a0\u00bbtilt-left-separator\u00a0\u00bb separator_bottom=\u00a0\u00bbtilt-left-separator\u00a0\u00bb][vc_column css=\u00a0\u00bb.vc_custom_1628261160096{padding-top: 20px !important;padding-bottom: 40px !important;}\u00a0\u00bb][vc_row_inner css=\u00a0\u00bb.vc_custom_1625234414306{margin-top: 0px !important;margin-bottom: 0px !important;border-top-width: 0px !important;border-bottom-width: 0px !important;padding-top: 0px !important;padding-bottom: 20px !important;}\u00a0\u00bb][vc_column_inner width=\u00a0\u00bb1\/2&Prime; css=\u00a0\u00bb.vc_custom_1624526097425{padding-top: 50px !important;padding-right: 50px !important;padding-bottom: 0px !important;padding-left: 50px !important;}\u00a0\u00bb]<div class=\"grve-empty-space\" style=\"height: 30px;\"><\/div><div class=\"grve-element grve-image grve-align-center\" style=\"margin-bottom: 0px;\">  <div class=\"grve-image-wrapper\"><img loading=\"lazy\" decoding=\"async\" width=\"1044\" height=\"864\" src=\"https:\/\/www.sword-group.com\/wp-content\/uploads\/2021\/06\/network-sec-rev.jpg\" class=\"attachment-full size-full\" alt=\"\" srcset=\"https:\/\/www.sword-group.com\/wp-content\/uploads\/2021\/06\/network-sec-rev.jpg 1044w, https:\/\/www.sword-group.com\/wp-content\/uploads\/2021\/06\/network-sec-rev-300x248.jpg 300w, https:\/\/www.sword-group.com\/wp-content\/uploads\/2021\/06\/network-sec-rev-1024x847.jpg 1024w, https:\/\/www.sword-group.com\/wp-content\/uploads\/2021\/06\/network-sec-rev-768x636.jpg 768w\" sizes=\"auto, (max-width: 1044px) 100vw, 1044px\" \/>   <\/div><\/div><div class=\"grve-empty-space\" style=\"height: 30px;\"><\/div>[\/vc_column_inner][vc_column_inner width=\u00a0\u00bb1\/2&Prime; css=\u00a0\u00bb.vc_custom_1630663982032{margin-top: 0px !important;margin-right: 0px !important;margin-bottom: 0px !important;margin-left: 0px !important;border-top-width: 0px !important;border-right-width: 0px !important;border-bottom-width: 0px !important;border-left-width: 0px !important;padding-right: 0px !important;padding-bottom: 0px !important;padding-left: 0px !important;}\u00a0\u00bb][vc_column_text animation=\u00a0\u00bbgrve-fade-in-up\u00a0\u00bb animation_delay=\u00a0\u00bb400&Prime;]<\/p>\n<h1><strong><span style=\"color: #ffc423; letter-spacing: -3px;\">&#8212;&#8211;<\/span><\/strong><\/h1>\n<h2><strong>Haute disponibilit\u00e9, s\u00e9curit\u00e9 optimale et meilleures exp\u00e9riences pour les utilisateurs<\/strong><\/h2>\n<p>Avec une d\u00e9pendance accrue \u00e0 l&rsquo;\u00e9gard d&rsquo;un r\u00e9seau rapide, fiable et s\u00e9curis\u00e9, de l&rsquo;augmentation du nombre de personnes travaillant \u00e0 distance et de l&rsquo;adoption croissante du cloud computing, la cr\u00e9ation d&rsquo;une infrastructure r\u00e9seau s\u00e9curis\u00e9e n&rsquo;a jamais \u00e9t\u00e9 aussi importante pour les entreprises.<\/p>\n<p>Qu&rsquo;il s&rsquo;agisse de solutions r\u00e9seau enti\u00e8rement g\u00e9r\u00e9es, de surveillance des r\u00e9seaux LAN et WAN ou de r\u00e9solution d&rsquo;\u00e9v\u00e9nements, Sword peut vous aider \u00e0 optimiser votre infrastructure r\u00e9seau pour soutenir vos op\u00e9rations quotidiennes ou la croissance strat\u00e9gique de votre entreprise.[\/vc_column_text][\/vc_column_inner][\/vc_row_inner][\/vc_column][\/vc_row][vc_row][vc_column][vc_column_text]<br \/>\n[\/vc_column_text][\/vc_column][\/vc_row][vc_row bg_type=\u00a0\u00bbgradient\u00a0\u00bb bg_gradient_color_1=\u00a0\u00bb#eeeeee\u00a0\u00bb bg_gradient_color_2=\u00a0\u00bbrgba(255,255,255,0.9)\u00a0\u00bb bg_gradient_direction=\u00a0\u00bb180&Prime; padding_bottom_multiplier=\u00a0\u00bbcustom\u00a0\u00bb columns_gap=\u00a0\u00bb60&Prime; separator_top=\u00a0\u00bbtilt-left-separator\u00a0\u00bb padding_bottom=\u00a0\u00bb0&Prime;][vc_column]<div class=\"grve-empty-space\" style=\"height: 120px;\"><\/div>[vc_row_inner css=\u00a0\u00bb.vc_custom_1620810775164{margin-top: 0px !important;margin-bottom: 0px !important;border-top-width: 0px !important;border-bottom-width: 0px !important;padding-top: 0px !important;padding-bottom: 0px !important;}\u00a0\u00bb][vc_column_inner width=\u00a0\u00bb1\/2&Prime; css=\u00a0\u00bb.vc_custom_1630663997682{margin-top: 0px !important;margin-right: 0px !important;margin-bottom: 0px !important;margin-left: 0px !important;border-top-width: 0px !important;border-right-width: 0px !important;border-bottom-width: 0px !important;border-left-width: 0px !important;padding-right: 0px !important;padding-bottom: 0px !important;padding-left: 0px !important;}\u00a0\u00bb][vc_column_text animation=\u00a0\u00bbgrve-fade-in-up\u00a0\u00bb animation_delay=\u00a0\u00bb400&Prime;]<\/p>\n<h1><strong><span style=\"color: #ffc423; letter-spacing: -3px;\">&#8212;&#8211;<\/span><\/strong><\/h1>\n<h2><strong>Capacit\u00e9. Aptitude. Ma\u00eetrise des co\u00fbts.<\/strong><\/h2>\n<p>Que vous ayez besoin d&rsquo;une connectivit\u00e9 entre deux sites ou d&rsquo;un r\u00e9seau complexe sur plusieurs sites (WAN), nous pouvons concevoir et mettre en \u0153uvre des syst\u00e8mes de mise en r\u00e9seau faciles \u00e0 g\u00e9rer, rentables et, surtout, offrant la capacit\u00e9 et la possibilit\u00e9 de maintenir le bon fonctionnement de vos syst\u00e8mes et d&rsquo;offrir une exp\u00e9rience utilisateur rapide et transparente.<\/p>\n<p>Certifi\u00e9s dans un certain nombre de syst\u00e8mes et de technologies avanc\u00e9s, nos ing\u00e9nieurs r\u00e9seau sont l\u00e0 pour concevoir, construire, reconfigurer et\/ou g\u00e9rer des r\u00e9seaux informatiques de classe mondiale.[\/vc_column_text][\/vc_column_inner][vc_column_inner width=\u00a0\u00bb1\/2&Prime; css=\u00a0\u00bb.vc_custom_1624525839309{padding-top: 50px !important;padding-right: 0px !important;padding-bottom: 0px !important;padding-left: 0px !important;}\u00a0\u00bb]<div class=\"grve-element grve-image grve-align-center\" style=\"\">  <div class=\"grve-image-wrapper\"><img loading=\"lazy\" decoding=\"async\" width=\"900\" height=\"673\" src=\"https:\/\/www.sword-group.com\/wp-content\/uploads\/2021\/06\/network.png\" class=\"attachment-full size-full\" alt=\"\" srcset=\"https:\/\/www.sword-group.com\/wp-content\/uploads\/2021\/06\/network.png 900w, https:\/\/www.sword-group.com\/wp-content\/uploads\/2021\/06\/network-300x224.png 300w, https:\/\/www.sword-group.com\/wp-content\/uploads\/2021\/06\/network-768x574.png 768w, https:\/\/www.sword-group.com\/wp-content\/uploads\/2021\/06\/network-560x420.png 560w\" sizes=\"auto, (max-width: 900px) 100vw, 900px\" \/>   <\/div><\/div>[\/vc_column_inner][\/vc_row_inner]<div class=\"grve-empty-space\" style=\"height: 30px;\"><\/div>[\/vc_column][\/vc_row][vc_row bg_type=\u00a0\u00bbgradient\u00a0\u00bb bg_gradient_color_1=\u00a0\u00bb#eeeeee\u00a0\u00bb bg_gradient_color_2=\u00a0\u00bbrgba(255,255,255,0.9)\u00a0\u00bb bg_gradient_direction=\u00a0\u00bb180&Prime; padding_bottom_multiplier=\u00a0\u00bb\u00a0\u00bb columns_gap=\u00a0\u00bb60&Prime; equal_column_height=\u00a0\u00bbequal-column\u00a0\u00bb separator_top=\u00a0\u00bbtilt-left-separator\u00a0\u00bb][vc_column][vc_row_inner css=\u00a0\u00bb.vc_custom_1620810775164{margin-top: 0px !important;margin-bottom: 0px !important;border-top-width: 0px !important;border-bottom-width: 0px !important;padding-top: 0px !important;padding-bottom: 0px !important;}\u00a0\u00bb][vc_column_inner width=\u00a0\u00bb1\/2&Prime; css=\u00a0\u00bb.vc_custom_1624526163069{margin-top: 0px !important;margin-right: 0px !important;margin-bottom: 30px !important;margin-left: 0px !important;border-top-width: 0px !important;border-right-width: 0px !important;border-bottom-width: 0px !important;border-left-width: 0px !important;padding-top: 90px !important;padding-right: 15% !important;padding-bottom: 0px !important;padding-left: 0px !important;}\u00a0\u00bb][vc_column_text animation=\u00a0\u00bbgrve-fade-in-up\u00a0\u00bb animation_delay=\u00a0\u00bb400&Prime; css=\u00a0\u00bb.vc_custom_1630663870239{padding-bottom: 0px !important;}\u00a0\u00bb]<\/p>\n<h1><strong><span style=\"color: #ffc423; letter-spacing: -3px;\">&#8212;&#8211;<\/span><\/strong><\/h1>\n<h2><strong>Nos solutions de r\u00e9seau de bout en bout comprennent:<\/strong><\/h2>\n<p>[\/vc_column_text][\/vc_column_inner][\/vc_row_inner][vc_row_inner css=\u00a0\u00bb.vc_custom_1620810775164{margin-top: 0px !important;margin-bottom: 0px !important;border-top-width: 0px !important;border-bottom-width: 0px !important;padding-top: 0px !important;padding-bottom: 0px !important;}\u00a0\u00bb][vc_column_inner width=\u00a0\u00bb1\/2&Prime; css=\u00a0\u00bb.vc_custom_1624526170753{margin-top: 0px !important;margin-right: 0px !important;margin-bottom: 30px !important;margin-left: 0px !important;border-top-width: 0px !important;border-right-width: 0px !important;border-bottom-width: 0px !important;border-left-width: 0px !important;padding-right: 15% !important;padding-bottom: 0px !important;padding-left: 0px !important;}\u00a0\u00bb][vc_column_text animation=\u00a0\u00bbgrve-fade-in-up\u00a0\u00bb animation_delay=\u00a0\u00bb400&Prime; css=\u00a0\u00bb.vc_custom_1630663892605{padding-bottom: 20px !important;}\u00a0\u00bb]<\/p>\n<h1><strong><span style=\"color: #ffc423; letter-spacing: -3px;\">&#8212;&#8211;<\/span><\/strong><\/h1>\n<h4><strong>Architecture r\u00e9seau, VPC<\/strong><\/h4>\n<p>Les niveaux d&rsquo;isolation vous permettent de profiter des avantages d&rsquo;un cloud priv\u00e9 virtuel (VPC) &#8211; un contr\u00f4le plus granulaire des r\u00e9seaux virtuels, un environnement isol\u00e9 pour les donn\u00e9es sensibles &#8211; au sein d&rsquo;une architecture multi-tenant de cloud public, avec tous les avantages du hors site, de l&rsquo;\u00e9volutivit\u00e9 et du paiement \u00e0 l&rsquo;usage. Le d\u00e9ploiement d&rsquo;un cloud hybride vous permet d&rsquo;utiliser un VPC comme une extension de votre centre de donn\u00e9es, sans avoir \u00e0 relever les d\u00e9fis de la cr\u00e9ation d&rsquo;un cloud priv\u00e9 sur site.[\/vc_column_text][vc_column_text animation=\u00a0\u00bbgrve-fade-in-up\u00a0\u00bb animation_delay=\u00a0\u00bb400&Prime;]<\/p>\n<h1><strong><span style=\"color: #ffc423; letter-spacing: -3px;\">&#8212;&#8211;<\/span><\/strong><\/h1>\n<h4><strong>Passerelle d&rsquo;appareils<\/strong><\/h4>\n<p>Pour un meilleur contr\u00f4le du trafic de votre r\u00e9seau virtuel ou physique, une haute disponibilit\u00e9 et une s\u00e9curit\u00e9 r\u00e9seau renforc\u00e9e, Sword peut vous recommander les appliances de passerelle adapt\u00e9es \u00e0 votre infrastructure informatique.[\/vc_column_text][\/vc_column_inner][vc_column_inner width=\u00a0\u00bb1\/2&Prime; css=\u00a0\u00bb.vc_custom_1624526175602{padding-top: 0px !important;padding-right: 50px !important;padding-bottom: 0px !important;padding-left: 0px !important;}\u00a0\u00bb][vc_column_text animation=\u00a0\u00bbgrve-fade-in-up\u00a0\u00bb animation_delay=\u00a0\u00bb400&Prime; css=\u00a0\u00bb.vc_custom_1630663882220{padding-bottom: 50px !important;}\u00a0\u00bb]<\/p>\n<h1><strong><span style=\"color: #ffc423; letter-spacing: -3px;\">&#8212;&#8211;<\/span><\/strong><\/h1>\n<h4><strong>\u00c9quilibrage de charge r\u00e9seau (NLB)<\/strong><\/h4>\n<p>Lorsque l&rsquo;absence de temps d&rsquo;arr\u00eat est essentielle, Sword peut am\u00e9liorer le temps de fonctionnement en \u00e9quilibrant le trafic transitant par vos serveurs gr\u00e2ce \u00e0 l&rsquo;\u00e9quilibrage de la charge r\u00e9seau, \u00e9galement connu sous le nom, double routage WAN ou multih\u00e9bergement NLB distribue la charge de travail pour utiliser plus efficacement les ressources du r\u00e9seau et \u00e9viter les surcharges, sans recourir \u00e0 des protocoles de routage complexes.[\/vc_column_text]<div class=\"grve-element grve-image grve-align-center\" style=\"margin-bottom: 0px;\">  <div class=\"grve-image-wrapper\"><img loading=\"lazy\" decoding=\"async\" width=\"900\" height=\"523\" src=\"https:\/\/www.sword-group.com\/wp-content\/uploads\/2021\/06\/complex-dark-png.png\" class=\"attachment-full size-full\" alt=\"\" srcset=\"https:\/\/www.sword-group.com\/wp-content\/uploads\/2021\/06\/complex-dark-png.png 900w, https:\/\/www.sword-group.com\/wp-content\/uploads\/2021\/06\/complex-dark-png-300x174.png 300w, https:\/\/www.sword-group.com\/wp-content\/uploads\/2021\/06\/complex-dark-png-768x446.png 768w\" sizes=\"auto, (max-width: 900px) 100vw, 900px\" \/>   <\/div><\/div>[\/vc_column_inner][\/vc_row_inner]<div class=\"grve-empty-space\" style=\"height: 35px;\"><\/div>[\/vc_column][\/vc_row]<\/p>\n<\/div>","protected":false},"excerpt":{"rendered":"<p>[vc_row heading_color=\u00a0\u00bblight\u00a0\u00bb bg_type=\u00a0\u00bbimage\u00a0\u00bb bg_image=\u00a0\u00bb18402&Prime; padding_top_multiplier=\u00a0\u00bbcustom\u00a0\u00bb padding_bottom_multiplier=\u00a0\u00bbcustom\u00a0\u00bb separator_bottom=\u00a0\u00bbtilt-left-separator\u00a0\u00bb font_color=\u00a0\u00bb#000000&Prime; margin_bottom=\u00a0\u00bb0&Prime; padding_top=\u00a0\u00bb0&Prime; padding_bottom=\u00a0\u00bb0&Prime;][vc_column width=\u00a0\u00bb1\/2&Prime; css=\u00a0\u00bb.vc_custom_1621251621202{margin-bottom: 0px !important;padding-right: 15% !important;}\u00a0\u00bb][vc_column_text animation=\u00a0\u00bbgrve-fade-in-up\u00a0\u00bb animation_delay=\u00a0\u00bb400&Prime; css=\u00a0\u00bb.vc_custom_1630663933636{padding-right: 10% !important;}\u00a0\u00bb] &#8212;&#8211; Services r\u00e9seau [\/vc_column_text][\/vc_column][vc_column width=\u00a0\u00bb1\/2&Prime; css=\u00a0\u00bb.vc_custom_1620815152560{padding-top: 70px !important;padding-left: 100px !important;}\u00a0\u00bb][\/vc_column][\/vc_row][vc_row][vc_column][vc_column_text] [\/vc_column_text][\/vc_column][\/vc_row][vc_row padding_top_multiplier=\u00a0\u00bb\u00a0\u00bb padding_bottom_multiplier=\u00a0\u00bb\u00a0\u00bb columns_gap=\u00a0\u00bb60&Prime; equal_column_height=\u00a0\u00bbequal-column\u00a0\u00bb separator_top=\u00a0\u00bbtilt-left-separator\u00a0\u00bb separator_bottom=\u00a0\u00bbtilt-left-separator\u00a0\u00bb][vc_column css=\u00a0\u00bb.vc_custom_1628261160096{padding-top: 20px !important;padding-bottom: 40px !important;}\u00a0\u00bb][vc_row_inner css=\u00a0\u00bb.vc_custom_1625234414306{margin-top: 0px !important;margin-bottom: 0px !important;border-top-width: 0px !important;border-bottom-width: 0px !important;padding-top: 0px !important;padding-bottom: [&hellip;]<\/p>\n","protected":false},"author":1,"featured_media":0,"parent":0,"menu_order":0,"comment_status":"closed","ping_status":"closed","template":"","meta":{"footnotes":"","_links_to":"","_links_to_target":""},"class_list":["post-26411","page","type-page","status-publish","hentry"],"_links":{"self":[{"href":"https:\/\/www.sword-group.com\/fr\/wp-json\/wp\/v2\/pages\/26411","targetHints":{"allow":["GET"]}}],"collection":[{"href":"https:\/\/www.sword-group.com\/fr\/wp-json\/wp\/v2\/pages"}],"about":[{"href":"https:\/\/www.sword-group.com\/fr\/wp-json\/wp\/v2\/types\/page"}],"author":[{"embeddable":true,"href":"https:\/\/www.sword-group.com\/fr\/wp-json\/wp\/v2\/users\/1"}],"replies":[{"embeddable":true,"href":"https:\/\/www.sword-group.com\/fr\/wp-json\/wp\/v2\/comments?post=26411"}],"version-history":[{"count":0,"href":"https:\/\/www.sword-group.com\/fr\/wp-json\/wp\/v2\/pages\/26411\/revisions"}],"wp:attachment":[{"href":"https:\/\/www.sword-group.com\/fr\/wp-json\/wp\/v2\/media?parent=26411"}],"curies":[{"name":"wp","href":"https:\/\/api.w.org\/{rel}","templated":true}]}}