{"id":32261,"date":"2021-11-29T11:48:10","date_gmt":"2021-11-29T11:48:10","guid":{"rendered":"https:\/\/swordgroupprod.wpengine.com\/?page_id=32261"},"modified":"2023-09-18T11:41:19","modified_gmt":"2023-09-18T11:41:19","slug":"integration-isv-a-azure","status":"publish","type":"page","link":"https:\/\/www.sword-group.com\/fr\/integration-isv-a-azure\/","title":{"rendered":"Int\u00e9gration ISV \u00e0 Azure"},"content":{"rendered":"<div class=\"wpb-content-wrapper\"><p>[vc_row heading_color=\u00a0\u00bblight\u00a0\u00bb bg_type=\u00a0\u00bbimage\u00a0\u00bb bg_image=\u00a0\u00bb32279&Prime; bg_position=\u00a0\u00bbcenter-top\u00a0\u00bb bg_tablet_sm_position=\u00a0\u00bbleft-top\u00a0\u00bb padding_top_multiplier=\u00a0\u00bbcustom\u00a0\u00bb padding_bottom_multiplier=\u00a0\u00bbcustom\u00a0\u00bb separator_bottom=\u00a0\u00bbtilt-left-separator\u00a0\u00bb font_color=\u00a0\u00bb#000000&Prime; margin_bottom=\u00a0\u00bb0&Prime; padding_top=\u00a0\u00bb0&Prime; padding_bottom=\u00a0\u00bb0&Prime;][vc_column width=\u00a0\u00bb1\/2&Prime; css=\u00a0\u00bb.vc_custom_1620383995480{margin-bottom: 0px !important;}\u00a0\u00bb]<div class=\"grve-empty-space grve-height-1x\" style=\"\"><\/div>[vc_column_text text_style=\u00a0\u00bbleader-text\u00a0\u00bb animation=\u00a0\u00bbgrve-fade-in-up\u00a0\u00bb animation_delay=\u00a0\u00bb400&Prime;]<\/p>\n<h1 style=\"text-align: left;\"><strong><span style=\"color: #ffc423; letter-spacing: -3px;\">&#8212;&#8211;<\/span><br \/>\n<\/strong><\/h1>\n<h1 style=\"text-align: left;\"><span style=\"color: #ffffff;\"><strong>Int\u00e9gration ISV \u00e0 Azure<\/strong><br \/>\n<\/span><\/h1>\n<p>[\/vc_column_text]<div class=\"grve-empty-space\" style=\"height: 170px;\"><\/div>[\/vc_column][vc_column width=\u00a0\u00bb1\/2&Prime;][\/vc_column][\/vc_row][vc_row padding_bottom_multiplier=\u00a0\u00bb\u00a0\u00bb columns_gap=\u00a0\u00bb60&Prime;][vc_column]<div class=\"grve-empty-space\" style=\"height: 12px;\"><\/div>[vc_row_inner css=\u00a0\u00bb.vc_custom_1620377545475{margin-bottom: 0px !important;border-bottom-width: 0px !important;padding-bottom: 0px !important;}\u00a0\u00bb][vc_column_inner width=\u00a0\u00bb1\/2&Prime; css=\u00a0\u00bb.vc_custom_1631533908401{margin-top: 0px !important;margin-right: 0px !important;margin-bottom: 0px !important;margin-left: 0px !important;border-top-width: 0px !important;border-right-width: 0px !important;border-bottom-width: 0px !important;border-left-width: 0px !important;padding-right: 0px !important;padding-bottom: 0px !important;padding-left: 0px !important;}\u00a0\u00bb][vc_column_text animation=\u00a0\u00bbgrve-fade-in-up\u00a0\u00bb animation_delay=\u00a0\u00bb400&Prime;]<\/p>\n<h1 style=\"text-align: left;\"><strong><span style=\"color: #ffc423; letter-spacing: -3px;\">&#8212;&#8211;<\/span><\/strong><\/h1>\n<h2 style=\"text-align: left;\"><strong><span style=\"color: #4f4f4f;\">Qui sommes-nous ?<\/span><\/strong><\/h2>\n<p>Une \u00e9quipe d&rsquo;experts en informatique et d&rsquo;analystes commerciaux hautement qualifi\u00e9s pour aider l&rsquo;ISV (\u00e9diteur de logiciels ind\u00e9pendant) \u00e0 faire prosp\u00e9rer son entreprise en utilisant correctement la puissance de Microsoft Azure.<\/p>\n<p>Nous avons une solide connaissance des capacit\u00e9s de Microsoft Azure en plus d&rsquo;une \u00e9quipe d&rsquo;analystes d&rsquo;affaires capables d&rsquo;analyser et de conseiller nos clients dans leur strat\u00e9gie.[\/vc_column_text]<div class=\"grve-empty-space\" style=\"height: 30px;\"><\/div>[vc_column_text animation=\u00a0\u00bbgrve-fade-in-up\u00a0\u00bb animation_delay=\u00a0\u00bb400&Prime;]<\/p>\n<h1 style=\"text-align: left;\"><strong><span style=\"color: #ffc423; letter-spacing: -3px;\">&#8212;&#8211;<\/span><\/strong><\/h1>\n<h2 style=\"text-align: left;\"><strong>Ce que nous faisons<\/strong><\/h2>\n<p>Nous aidons les \u00e9diteurs de logiciels \u00e0 prendre les bonnes d\u00e9cisions lors du choix de leur partenaire d&rsquo;h\u00e9bergement ou lors de l&rsquo;optimisation et de l&rsquo;am\u00e9lioration d&rsquo;une plateforme d\u00e9j\u00e0 existante sur Azure.<\/p>\n<p><strong>Notre m\u00e9thode de travail<\/strong><\/p>\n<ul>\n<li>Analyser leurs besoins commerciaux<\/li>\n<li>Construire leur architecture informatique et de donn\u00e9es<\/li>\n<li>\u00c9valuation des donn\u00e9es avant la migration<\/li>\n<li>Moderniser les applications h\u00e9rit\u00e9es et les migrer vers le cloud<\/li>\n<li>Proposer des services de migration<\/li>\n<\/ul>\n<p>[\/vc_column_text][\/vc_column_inner][vc_column_inner width=\u00a0\u00bb1\/2&Prime;][vc_column_text animation=\u00a0\u00bbgrve-fade-in-up\u00a0\u00bb animation_delay=\u00a0\u00bb400&Prime;]<\/p>\n<h1 style=\"text-align: left;\"><strong><span style=\"color: #ffc423; letter-spacing: -3px;\">&#8212;&#8211;<\/span><\/strong><\/h1>\n<h2 style=\"text-align: left;\"><strong><span style=\"color: #4f4f4f;\">La livraison<\/span><\/strong><\/h2>\n<p>Nous suivons une approche structur\u00e9e pour fournir \u00e0 l&rsquo;ISV la configuration, la gouvernance et le mod\u00e8le op\u00e9rationnel appropri\u00e9s d&rsquo;Azure. L&rsquo;objectif est de maximiser la force du cloud Azure afin de leur permettre de se concentrer sur la mise \u00e0 niveau de leur entreprise avec les partenaires et les solutions appropri\u00e9s.<\/p>\n<p><strong>Les principales \u00e9tapes sont :<\/strong><\/p>\n<ul>\n<li>Bilan Environnement &amp; Atelier Informatique ou M\u00e9tier<\/li>\n<li>Conception des meilleurs sc\u00e9narios (ressources cloud natives)<\/li>\n<li>D\u00e9finition de l&rsquo;architecture technique (Iaas vers Paas)<\/li>\n<li>Conteneurisation &amp; Gouvernance<\/li>\n<li>Modernisation des applications &#8211; Conception d&rsquo;une m\u00e9thodologie adapt\u00e9e &amp; it\u00e9rative (Azure Setup &amp; Sword Devops)<\/li>\n<li>Support de formation, pour administrateurs &amp; utilisateurs finaux, conception<\/li>\n<li>Int\u00e9gration &#8211; Go Live !<\/li>\n<\/ul>\n<p>[\/vc_column_text][\/vc_column_inner][\/vc_row_inner][\/vc_column][\/vc_row][vc_row bg_type=\u00a0\u00bbgradient\u00a0\u00bb bg_gradient_color_1=\u00a0\u00bb#eeeeee\u00a0\u00bb bg_gradient_color_2=\u00a0\u00bbrgba(255,255,255,0.9)\u00a0\u00bb bg_gradient_direction=\u00a0\u00bb180&Prime; padding_bottom_multiplier=\u00a0\u00bb\u00a0\u00bb separator_top=\u00a0\u00bbtilt-left-separator\u00a0\u00bb][vc_column]<div class=\"grve-empty-space\" style=\"height: 120px;\"><\/div>[\/vc_column][\/vc_row][vc_row][vc_column]<div class=\"grve-element grve-image grve-align-center\" style=\"\">  <div class=\"grve-image-wrapper\"><img loading=\"lazy\" decoding=\"async\" width=\"2560\" height=\"707\" src=\"https:\/\/www.sword-group.com\/wp-content\/uploads\/2021\/11\/isv-scaled.gif\" class=\"attachment-full size-full\" alt=\"\" \/>   <\/div><\/div>[\/vc_column][\/vc_row][vc_row bg_type=\u00a0\u00bbgradient\u00a0\u00bb bg_gradient_color_1=\u00a0\u00bb#eeeeee\u00a0\u00bb bg_gradient_color_2=\u00a0\u00bbrgba(255,255,255,0.9)\u00a0\u00bb bg_gradient_direction=\u00a0\u00bb180&Prime; padding_bottom_multiplier=\u00a0\u00bb\u00a0\u00bb separator_top=\u00a0\u00bbtilt-left-separator\u00a0\u00bb][vc_column]<div class=\"grve-empty-space\" style=\"height: 120px;\"><\/div>[\/vc_column][\/vc_row][vc_row padding_bottom_multiplier=\u00a0\u00bb\u00a0\u00bb columns_gap=\u00a0\u00bb60&Prime; equal_column_height=\u00a0\u00bbequal-column\u00a0\u00bb][vc_column][vc_row_inner css=\u00a0\u00bb.vc_custom_1620377545475{margin-bottom: 0px !important;border-bottom-width: 0px !important;padding-bottom: 0px !important;}\u00a0\u00bb][vc_column_inner width=\u00a0\u00bb1\/2&Prime; css=\u00a0\u00bb.vc_custom_1633082102500{padding-top: 0px !important;padding-right: 30% !important;padding-bottom: 0px !important;padding-left: 30% !important;}\u00a0\u00bb]<div class=\"grve-element grve-image grve-align-center\" style=\"margin-bottom: 0px;\">  <div class=\"grve-image-wrapper\"><img loading=\"lazy\" decoding=\"async\" width=\"542\" height=\"900\" src=\"https:\/\/www.sword-group.com\/wp-content\/uploads\/2021\/05\/friendly-2.jpg\" class=\"attachment-full size-full\" alt=\"\" srcset=\"https:\/\/www.sword-group.com\/wp-content\/uploads\/2021\/05\/friendly-2.jpg 542w, https:\/\/www.sword-group.com\/wp-content\/uploads\/2021\/05\/friendly-2-181x300.jpg 181w\" sizes=\"auto, (max-width: 542px) 100vw, 542px\" \/>   <\/div><\/div>[\/vc_column_inner][vc_column_inner width=\u00a0\u00bb1\/2&Prime; css=\u00a0\u00bb.vc_custom_1631533828129{margin-top: 0px !important;margin-right: 0px !important;margin-bottom: 0px !important;margin-left: 0px !important;border-top-width: 0px !important;border-right-width: 0px !important;border-bottom-width: 0px !important;border-left-width: 0px !important;padding-right: 0px !important;padding-bottom: 0px !important;padding-left: 0px !important;}\u00a0\u00bb][vc_column_text text_style=\u00a0\u00bbleader-text\u00a0\u00bb animation=\u00a0\u00bbgrve-fade-in-up\u00a0\u00bb animation_delay=\u00a0\u00bb400&Prime; css=\u00a0\u00bb.vc_custom_1695037249922{padding-top: 10px !important;}\u00a0\u00bb]<\/p>\n<h1 style=\"text-align: left;\"><strong><span style=\"color: #ffc423; letter-spacing: -3px;\">&#8212;&#8211;<\/span><br \/>\n<\/strong><\/h1>\n<h2><strong>Contactez-nous<\/strong><\/h2>\n<p><strong>Contactez-nous d\u00e8s maintenant pour discuter de l&rsquo;int\u00e9gration de votre ISV aux exigences Azure.<\/strong>[\/vc_column_text]<div class=\"grve-empty-space\" style=\"height: 35px;\"><\/div><div class=\"grve-element grve-align-left grve-animated-item grve-fade-in-up grve-duration-normal grve-fluid-button\" data-delay=\"200\"><a href=\"https:\/\/swordgroupprod.wpengine.com\/contact\/?lang=fr\" class=\"grve-btn grve-btn-small grve-round grve-bg-primary-6 grve-bg-hover-grey\" style=\"max-width: 250px;\"><span>CONTACTEZ-NOUS<\/span><\/a><\/div><div class=\"grve-empty-space\" style=\"height: 35px;\"><\/div>[\/vc_column_inner][\/vc_row_inner][\/vc_column][\/vc_row]<\/p>\n<\/div>","protected":false},"excerpt":{"rendered":"<p>[vc_row heading_color=\u00a0\u00bblight\u00a0\u00bb bg_type=\u00a0\u00bbimage\u00a0\u00bb bg_image=\u00a0\u00bb32279&Prime; bg_position=\u00a0\u00bbcenter-top\u00a0\u00bb bg_tablet_sm_position=\u00a0\u00bbleft-top\u00a0\u00bb padding_top_multiplier=\u00a0\u00bbcustom\u00a0\u00bb padding_bottom_multiplier=\u00a0\u00bbcustom\u00a0\u00bb separator_bottom=\u00a0\u00bbtilt-left-separator\u00a0\u00bb font_color=\u00a0\u00bb#000000&Prime; margin_bottom=\u00a0\u00bb0&Prime; padding_top=\u00a0\u00bb0&Prime; padding_bottom=\u00a0\u00bb0&Prime;][vc_column width=\u00a0\u00bb1\/2&Prime; css=\u00a0\u00bb.vc_custom_1620383995480{margin-bottom: 0px !important;}\u00a0\u00bb][vc_column_text text_style=\u00a0\u00bbleader-text\u00a0\u00bb animation=\u00a0\u00bbgrve-fade-in-up\u00a0\u00bb animation_delay=\u00a0\u00bb400&Prime;] &#8212;&#8211; Int\u00e9gration ISV \u00e0 Azure [\/vc_column_text][\/vc_column][vc_column width=\u00a0\u00bb1\/2&Prime;][\/vc_column][\/vc_row][vc_row padding_bottom_multiplier=\u00a0\u00bb\u00a0\u00bb columns_gap=\u00a0\u00bb60&Prime;][vc_column][vc_row_inner css=\u00a0\u00bb.vc_custom_1620377545475{margin-bottom: 0px !important;border-bottom-width: 0px !important;padding-bottom: 0px !important;}\u00a0\u00bb][vc_column_inner width=\u00a0\u00bb1\/2&Prime; css=\u00a0\u00bb.vc_custom_1631533908401{margin-top: 0px !important;margin-right: 0px !important;margin-bottom: 0px !important;margin-left: 0px !important;border-top-width: 0px !important;border-right-width: 0px !important;border-bottom-width: 0px !important;border-left-width: 0px !important;padding-right: 0px [&hellip;]<\/p>\n","protected":false},"author":1,"featured_media":0,"parent":0,"menu_order":0,"comment_status":"closed","ping_status":"closed","template":"","meta":{"footnotes":"","_links_to":"","_links_to_target":""},"class_list":["post-32261","page","type-page","status-publish","hentry"],"_links":{"self":[{"href":"https:\/\/www.sword-group.com\/fr\/wp-json\/wp\/v2\/pages\/32261","targetHints":{"allow":["GET"]}}],"collection":[{"href":"https:\/\/www.sword-group.com\/fr\/wp-json\/wp\/v2\/pages"}],"about":[{"href":"https:\/\/www.sword-group.com\/fr\/wp-json\/wp\/v2\/types\/page"}],"author":[{"embeddable":true,"href":"https:\/\/www.sword-group.com\/fr\/wp-json\/wp\/v2\/users\/1"}],"replies":[{"embeddable":true,"href":"https:\/\/www.sword-group.com\/fr\/wp-json\/wp\/v2\/comments?post=32261"}],"version-history":[{"count":0,"href":"https:\/\/www.sword-group.com\/fr\/wp-json\/wp\/v2\/pages\/32261\/revisions"}],"wp:attachment":[{"href":"https:\/\/www.sword-group.com\/fr\/wp-json\/wp\/v2\/media?parent=32261"}],"curies":[{"name":"wp","href":"https:\/\/api.w.org\/{rel}","templated":true}]}}