{"id":35359,"date":"2023-09-18T13:57:04","date_gmt":"2023-09-18T13:57:04","guid":{"rendered":"https:\/\/www.sword-group.com\/?page_id=35359"},"modified":"2023-09-18T13:57:05","modified_gmt":"2023-09-18T13:57:05","slug":"royaume-uni-etude-de-cas-enquest","status":"publish","type":"page","link":"https:\/\/www.sword-group.com\/fr\/royaume-uni-etude-de-cas-enquest\/","title":{"rendered":"Royaume-Uni &#8211; \u00c9tude de cas EnQuest"},"content":{"rendered":"<div class=\"wpb-content-wrapper\"><p>[vc_row heading_color=\u00a0\u00bblight\u00a0\u00bb bg_type=\u00a0\u00bbimage\u00a0\u00bb bg_image=\u00a0\u00bb35765&Prime; bg_image_type=\u00a0\u00bbhorizontal-parallax-lr\u00a0\u00bb bg_image_vertical_position=\u00a0\u00bbbottom\u00a0\u00bb color_overlay=\u00a0\u00bbgradient\u00a0\u00bb gradient_overlay_custom_1=\u00a0\u00bbrgba(0,32,89,0.8)\u00a0\u00bb gradient_overlay_custom_2=\u00a0\u00bbrgba(255,255,255,0.01)\u00a0\u00bb padding_top_multiplier=\u00a0\u00bbcustom\u00a0\u00bb padding_bottom_multiplier=\u00a0\u00bbcustom\u00a0\u00bb separator_bottom=\u00a0\u00bbtilt-left-separator\u00a0\u00bb font_color=\u00a0\u00bb#ffffff\u00a0\u00bb margin_bottom=\u00a0\u00bb0&Prime; padding_top=\u00a0\u00bb0&Prime; padding_bottom=\u00a0\u00bb0&Prime; section_id=\u00a0\u00bbBanner\u00a0\u00bb][vc_column width=\u00a0\u00bb1\/2&Prime; font_color=\u00a0\u00bb#ffffff\u00a0\u00bb]<div class=\"grve-empty-space grve-height-1x\" style=\"\"><\/div><div class=\"grve-empty-space\" style=\"height: 13px;\"><\/div>[vc_column_text text_style=\u00a0\u00bbleader-text\u00a0\u00bb animation=\u00a0\u00bbgrve-fade-in-up\u00a0\u00bb animation_delay=\u00a0\u00bb400&Prime;]<\/p>\n<h4>Le Royaume-Uni<\/h4>\n<p>[\/vc_column_text][vc_column_text text_style=\u00a0\u00bbleader-text\u00a0\u00bb animation=\u00a0\u00bbgrve-fade-in-up\u00a0\u00bb animation_delay=\u00a0\u00bb400&Prime;]<\/p>\n<h1 style=\"text-align: left;\"><strong><br \/>\n<span style=\"color: #ffc423; letter-spacing: -3px;\">&#8212;&#8211;<\/span><br \/>\n<\/strong><\/h1>\n<p>[\/vc_column_text]<div class=\"grve-empty-space\" style=\"height: 13px;\"><\/div><div class=\"grve-empty-space\" style=\"height: 13px;\"><\/div><h1 class=\"grve-element grve-title grve-align-left grve-animated-item grve-duration-normal grve-fade-in-up grve-h1\" style=\"margin-bottom: 20px;\" data-delay=\"200\"><span>Am\u00e9lioration des niveaux de service informatique chez un op\u00e9rateur p\u00e9trolier et gazier gr\u00e2ce \u00e0 une transition en douceur vers un service desk informatique externalis\u00e9<\/span><\/h1><div class=\"grve-empty-space\" style=\"height: 10px;\"><\/div><div class=\"grve-empty-space\" style=\"height: 120px;\"><\/div>[\/vc_column][\/vc_row][vc_row bg_type=\u00a0\u00bbcolor\u00a0\u00bb bg_color=\u00a0\u00bb#ffffff\u00a0\u00bb][vc_column width=\u00a0\u00bb1\/3&Prime;]<div class=\"grve-element grve-image grve-align-left\" style=\"\">  <div class=\"grve-image-wrapper\"><img loading=\"lazy\" decoding=\"async\" width=\"300\" height=\"300\" src=\"https:\/\/www.sword-group.com\/wp-content\/uploads\/2021\/08\/logos-enquest-300x300.jpg\" class=\"attachment-medium size-medium\" alt=\"\" srcset=\"https:\/\/www.sword-group.com\/wp-content\/uploads\/2021\/08\/logos-enquest-300x300.jpg 300w, https:\/\/www.sword-group.com\/wp-content\/uploads\/2021\/08\/logos-enquest-150x150.jpg 150w, https:\/\/www.sword-group.com\/wp-content\/uploads\/2021\/08\/logos-enquest-560x560.jpg 560w, https:\/\/www.sword-group.com\/wp-content\/uploads\/2021\/08\/logos-enquest.jpg 700w\" sizes=\"auto, (max-width: 300px) 100vw, 300px\" \/>   <\/div><\/div>[vc_column_text animation=\u00a0\u00bbgrve-fade-in-up\u00a0\u00bb]<\/p>\n<h3>Vue d&rsquo;ensemble<\/h3>\n<p><strong>Client : <\/strong>EnQuest<\/p>\n<p><strong>Secteur : <\/strong>\u00c9nergie<\/p>\n<p><strong>Services : <\/strong>Service d&rsquo;assistance informatique externalis\u00e9, gestion de la transition, cartographie des technologies futures, planification de l&rsquo;am\u00e9lioration continue et d\u00e9veloppement de la base de connaissances.<\/p>\n<p><strong>Technologie : <\/strong>Ensemble d&rsquo;outils de gestion des services informatiques (IT Service Management Toolset)[\/vc_column_text][\/vc_column][vc_column width=\u00a0\u00bb2\/3&Prime;][vc_column_text animation=\u00a0\u00bbgrve-fade-in-up\u00a0\u00bb]<\/p>\n<h1 style=\"text-align: left;\"><strong><span style=\"color: #ffc423; letter-spacing: -3px;\">&#8212;&#8211;<\/span><\/strong><\/h1>\n<h1>\u00c0 propos de Sword Resolve<\/h1>\n<p>Laissez Sword s&rsquo;occuper de votre service support pour soutenir et fournir les niveaux de service et d&rsquo;attention qui fid\u00e9lisent les clients, pendant que vous concentrez les comp\u00e9tences de votre \u00e9quipe sur la croissance de vos activit\u00e9s.<\/p>\n<p>Resolve, notre service support, est le premier point de contact de l&rsquo;utilisateur final avec la fonction informatique. Sword consid\u00e8re que la performance de cette fonction est vitale pour la qualit\u00e9 du service global fourni \u00e0 votre entreprise.<\/p>\n<p>Nous disposons d&rsquo;\u00e9quipes exp\u00e9riment\u00e9es pour g\u00e9rer les incidents et les demandes de service, agissant en tant qu&rsquo;interfaces avec le reste de la fonction informatique. Cette exp\u00e9rience est \u00e9tay\u00e9e par notre connaissance des outils et technologies de qualit\u00e9 afin de fournir un service r\u00e9actif, proactif et ax\u00e9 sur le client.[\/vc_column_text][\/vc_column][vc_column]<div class=\"grve-empty-space grve-height-3x\" style=\"\"><\/div><div class=\"grve-element grve-image grve-align-center\" style=\"\">  <div class=\"grve-image-wrapper\"><img loading=\"lazy\" decoding=\"async\" width=\"10798\" height=\"6709\" src=\"https:\/\/www.sword-group.com\/wp-content\/uploads\/2023\/08\/Service-Desk-Man.png\" class=\"attachment-full size-full\" alt=\"\" srcset=\"https:\/\/www.sword-group.com\/wp-content\/uploads\/2023\/08\/Service-Desk-Man.png 10798w, https:\/\/www.sword-group.com\/wp-content\/uploads\/2023\/08\/Service-Desk-Man-300x186.png 300w, https:\/\/www.sword-group.com\/wp-content\/uploads\/2023\/08\/Service-Desk-Man-1024x636.png 1024w, https:\/\/www.sword-group.com\/wp-content\/uploads\/2023\/08\/Service-Desk-Man-768x477.png 768w, https:\/\/www.sword-group.com\/wp-content\/uploads\/2023\/08\/Service-Desk-Man-1536x954.png 1536w, https:\/\/www.sword-group.com\/wp-content\/uploads\/2023\/08\/Service-Desk-Man-1920x1193.png 1920w\" sizes=\"auto, (max-width: 10798px) 100vw, 10798px\" \/>   <\/div><\/div><div class=\"grve-empty-space grve-height-1x\" style=\"\"><\/div>[\/vc_column][\/vc_row][vc_row bg_type=\u00a0\u00bbcolor\u00a0\u00bb bg_color=\u00a0\u00bb#eeeeee\u00a0\u00bb][vc_column width=\u00a0\u00bb1\/3&Prime;][vc_column_text animation=\u00a0\u00bbgrve-fade-in-up\u00a0\u00bb]<\/p>\n<h3>Le client<\/h3>\n<p>[\/vc_column_text][\/vc_column][vc_column width=\u00a0\u00bb2\/3&Prime;][vc_column_text animation=\u00a0\u00bbgrve-fade-in-up\u00a0\u00bb]Dans le cadre de la vision strat\u00e9gique d&rsquo;EnQuest, qui consiste \u00e0 \u00eatre l&rsquo;op\u00e9rateur de choix pour les actifs d&rsquo;hydrocarbures arriv\u00e9s \u00e0 maturit\u00e9 et sous-d\u00e9velopp\u00e9s, l&rsquo;entreprise se concentre sur les moyens d&rsquo;atteindre l&rsquo;excellence op\u00e9rationnelle, la capacit\u00e9 diff\u00e9rentielle, l&rsquo;am\u00e9lioration de la valeur et la discipline financi\u00e8re.[\/vc_column_text][\/vc_column][vc_column][\/vc_column][\/vc_row][vc_row padding_bottom_multiplier=\u00a0\u00bb\u00a0\u00bb][vc_column width=\u00a0\u00bb1\/3&Prime;][vc_column_text animation=\u00a0\u00bbgrve-fade-in-up\u00a0\u00bb]<\/p>\n<h3>D\u00e9fi<\/h3>\n<p>[\/vc_column_text][\/vc_column][vc_column width=\u00a0\u00bb2\/3&Prime;][vc_column_text animation=\u00a0\u00bbgrve-fade-in-up\u00a0\u00bb]Cette vision a besoin d&rsquo;une fonction informatique adapt\u00e9e pour les soutenir maintenant et \u00e0 l&rsquo;avenir, et l&rsquo;occasion s&rsquo;est pr\u00e9sent\u00e9e de :<\/p>\n<ul>\n<li>Rationaliser les op\u00e9rations informatiques et r\u00e9duire les co\u00fbts<\/li>\n<li>Am\u00e9liorer la visibilit\u00e9 des performances du service informatique pour les employ\u00e9s<\/li>\n<li>Am\u00e9liorer la qualit\u00e9 des services informatiques fournis \u00e0 leur personnel<\/li>\n<\/ul>\n<p>[\/vc_column_text][\/vc_column][\/vc_row][vc_row bg_type=\u00a0\u00bbcolor\u00a0\u00bb separator_top_color=\u00a0\u00bb#eeeeee\u00a0\u00bb bg_color=\u00a0\u00bb#eeeeee\u00a0\u00bb][vc_column]<div class=\"grve-empty-space grve-height-1x\" style=\"\"><\/div>[vc_column_text animation=\u00a0\u00bbgrve-fade-in-up\u00a0\u00bb]<\/p>\n<h6>___________________________________________________________________________________________________________________________<\/h6>\n<h3>\u00ab\u00a0Sword nous a aid\u00e9 \u00e0 am\u00e9liorer nos niveaux de service gr\u00e2ce \u00e0 un nouvel ensemble d&rsquo;outils ITSM et \u00e0 \u00e9tendre nos connaissances en acc\u00e9dant \u00e0 un plus grand nombre de ressources partag\u00e9es par Sword. \u00ab\u00a0<\/h3>\n<p style=\"text-align: right;\">Michael Thomson, responsable informatique, EnQuest<\/p>\n<h6>___________________________________________________________________________________________________________________________<\/h6>\n<p>[\/vc_column_text]<div class=\"grve-empty-space grve-height-1x\" style=\"\"><\/div>[\/vc_column][\/vc_row][vc_row bg_type=\u00a0\u00bbcolor\u00a0\u00bb bg_color=\u00a0\u00bb#eeeeee\u00a0\u00bb][vc_column]<div class=\"grve-element grve-image grve-align-center\" style=\"\">  <div class=\"grve-image-wrapper\"><img loading=\"lazy\" decoding=\"async\" width=\"900\" height=\"900\" src=\"https:\/\/www.sword-group.com\/wp-content\/uploads\/2023\/05\/oilandgas-no-clouds.jpg\" class=\"attachment-full size-full\" alt=\"\" srcset=\"https:\/\/www.sword-group.com\/wp-content\/uploads\/2023\/05\/oilandgas-no-clouds.jpg 900w, https:\/\/www.sword-group.com\/wp-content\/uploads\/2023\/05\/oilandgas-no-clouds-300x300.jpg 300w, https:\/\/www.sword-group.com\/wp-content\/uploads\/2023\/05\/oilandgas-no-clouds-150x150.jpg 150w, https:\/\/www.sword-group.com\/wp-content\/uploads\/2023\/05\/oilandgas-no-clouds-768x768.jpg 768w, https:\/\/www.sword-group.com\/wp-content\/uploads\/2023\/05\/oilandgas-no-clouds-560x560.jpg 560w\" sizes=\"auto, (max-width: 900px) 100vw, 900px\" \/>   <\/div><\/div><div class=\"grve-empty-space grve-height-1x\" style=\"\"><\/div>[\/vc_column][\/vc_row][vc_row][vc_column width=\u00a0\u00bb1\/3&Prime;][vc_column_text animation=\u00a0\u00bbgrve-fade-in-up\u00a0\u00bb]<\/p>\n<h3>Solution<\/h3>\n<p>[\/vc_column_text][\/vc_column][vc_column width=\u00a0\u00bb2\/3&Prime;][vc_column_text animation=\u00a0\u00bbgrve-fade-in-up\u00a0\u00bb]Historiquement, Sword a fourni du personnel informatique, sur site, pour soutenir 500 \u00e0 1000 utilisateurs bas\u00e9s dans les bureaux d&rsquo;EnQuest au Royaume-Uni et \u00e0 Duba\u00ef, ainsi qu&rsquo;\u00e0 l&rsquo;\u00e9tranger, g\u00e9r\u00e9s par le personnel d&rsquo;EnQuest.<\/p>\n<p>Sword a con\u00e7u une solution pour aider EnQuest \u00e0 mettre en place et \u00e0 exploiter une fonction informatique stable et adapt\u00e9e qui r\u00e9ponde aux besoins actuels de l&rsquo;entreprise, ainsi qu&rsquo;\u00e0 d\u00e9finir son futur parcours technologique afin de tirer le meilleur parti des options d&rsquo;innovation num\u00e9rique les mieux adapt\u00e9es \u00e0 l&rsquo;\u00e9volution des objectifs de l&rsquo;entreprise.<\/p>\n<p>Un plan de transition de trois mois a \u00e9t\u00e9 convenu, pr\u00e9voyant le transfert des \u00e9quipes informatiques vers le bureau local de Sword \u00e0 Aberdeen et la mise en \u0153uvre de notre ensemble d&rsquo;outils logiciels de gestion des services informatiques (ITSM) fournis par Resolve, le service d&rsquo;assistance informatique de Sword.[\/vc_column_text][\/vc_column][\/vc_row][vc_row bg_type=\u00a0\u00bbcolor\u00a0\u00bb bg_color=\u00a0\u00bb#eeeeee\u00a0\u00bb][vc_column width=\u00a0\u00bb1\/3&Prime;][vc_column_text animation=\u00a0\u00bbgrve-fade-in-up\u00a0\u00bb]<\/p>\n<h3>R\u00e9sultats<\/h3>\n<p>[\/vc_column_text][\/vc_column][vc_column width=\u00a0\u00bb2\/3&Prime;][vc_column_text animation=\u00a0\u00bbgrve-fade-in-up\u00a0\u00bb]Pour obtenir des r\u00e9sultats concrets, ils se sont concentr\u00e9s sur les niveaux de satisfaction des clients, les performances du service d&rsquo;assistance informatique et les processus de leurs op\u00e9rations informatiques.<\/p>\n<p>Le passage d&rsquo;un mod\u00e8le de prestation de services informatiques sur site au bureau de services informatiques hors site Sword Resolve a am\u00e9lior\u00e9 les niveaux de satisfaction des utilisateurs informatiques d&rsquo;EnQuest sur tous les sites d\u00e8s le premier jour. L&rsquo;\u00e9quipe de Resolve s&rsquo;est attach\u00e9e \u00e0 gagner la confiance des clients en comprenant leurs besoins et en d\u00e9passant leurs attentes.<\/p>\n<p>Resolve a red\u00e9fini l&rsquo;approche de l&rsquo;enregistrement, du suivi, de l&rsquo;analyse et de l&rsquo;\u00e9tablissement de rapports sur la r\u00e9ussite du service desk informatique. En suivant les bonnes m\u00e9thodes de mesure de la performance des services informatiques, nous avons revu la fa\u00e7on dont la direction d&rsquo;EnQuest appr\u00e9hendait les services informatiques afin d&rsquo;\u00e9clairer les d\u00e9cisions et de s&rsquo;adapter \u00e0 des exigences en constante \u00e9volution.<\/p>\n<p>La collecte d&rsquo;un retour d&rsquo;information significatif et la mise en \u0153uvre rapide des principales conclusions ont permis \u00e0 EnQuest d&rsquo;appr\u00e9cier \u00e0 sa juste valeur son service d&rsquo;assistance informatique et de sentir qu&rsquo;il est \u00e9cout\u00e9.<\/p>\n<p>La gestion du respect des niveaux de service (SLA), l&rsquo;assistance multi-sites et notre plan d&rsquo;am\u00e9lioration du service \u00e0 la client\u00e8le (CSI) ont aid\u00e9 notre personnel informatique Sword \u00e0 devenir plus productif et \u00e0 mieux servir les utilisateurs finaux d&rsquo;EnQuest.[\/vc_column_text][\/vc_column][\/vc_row][vc_row separator_top=\u00a0\u00bbtilt-right-separator\u00a0\u00bb separator_top_color=\u00a0\u00bb#eeeeee\u00a0\u00bb][vc_column]<div class=\"grve-empty-space grve-height-3x\" style=\"\"><\/div>[vc_row_inner][vc_column_inner width=\u00a0\u00bb1\/2&Prime;][vc_column_text animation=\u00a0\u00bbgrve-fade-in-up\u00a0\u00bb animation_delay=\u00a0\u00bb400&Prime;]<\/p>\n<h1><strong><span style=\"color: #ffc423; letter-spacing: -3px;\">&#8212;&#8211;<\/span><\/strong><\/h1>\n<h1><strong>Travaillons ensemble<\/strong><\/h1>\n<p>D\u00e9couvrez comment nous pouvons vous fournir des solutions intelligentes qui transforment des informations techniques complexes en un atout puissant, fiable et pr\u00e9cieux.<\/p>\n<h4><strong>Courriel :<\/strong> uk.info@sword-group.com<\/h4>\n<p>[\/vc_column_text][\/vc_column_inner][vc_column_inner width=\u00a0\u00bb1\/2&Prime;]<div class=\"grve-empty-space grve-height-2x\" style=\"\"><\/div>\n<div class=\"wpcf7 no-js\" id=\"wpcf7-f32951-o1\" lang=\"fr-FR\" dir=\"ltr\" data-wpcf7-id=\"32951\">\n<div class=\"screen-reader-response\"><p role=\"status\" aria-live=\"polite\" aria-atomic=\"true\"><\/p> <ul><\/ul><\/div>\n<form action=\"\/fr\/wp-json\/wp\/v2\/pages\/35359#wpcf7-f32951-o1\" method=\"post\" class=\"wpcf7-form init\" aria-label=\"Formulaire de contact\" novalidate=\"novalidate\" data-status=\"init\">\n<fieldset class=\"hidden-fields-container\"><input type=\"hidden\" name=\"_wpcf7\" value=\"32951\" \/><input type=\"hidden\" name=\"_wpcf7_version\" value=\"6.1.4\" \/><input type=\"hidden\" name=\"_wpcf7_locale\" value=\"fr_FR\" \/><input type=\"hidden\" name=\"_wpcf7_unit_tag\" value=\"wpcf7-f32951-o1\" \/><input type=\"hidden\" name=\"_wpcf7_container_post\" value=\"0\" \/><input type=\"hidden\" name=\"_wpcf7_posted_data_hash\" value=\"\" \/><input type=\"hidden\" name=\"_wpcf7_recaptcha_response\" value=\"\" \/>\n<\/fieldset>\n<p><label> Nom (obligatoire)<br \/>\n<span class=\"wpcf7-form-control-wrap\" data-name=\"your-name\"><input size=\"40\" maxlength=\"400\" class=\"wpcf7-form-control wpcf7-text wpcf7-validates-as-required\" aria-required=\"true\" aria-invalid=\"false\" value=\"\" type=\"text\" name=\"your-name\" \/><\/span> <\/label>\n<\/p>\n<p><label> Email (obligatoire)<br \/>\n<span class=\"wpcf7-form-control-wrap\" data-name=\"your-email\"><input size=\"40\" maxlength=\"400\" class=\"wpcf7-form-control wpcf7-email wpcf7-validates-as-required wpcf7-text wpcf7-validates-as-email\" aria-required=\"true\" aria-invalid=\"false\" value=\"\" type=\"email\" name=\"your-email\" \/><\/span> <\/label>\n<\/p>\n<p><label> Sujet<br \/>\n<span class=\"wpcf7-form-control-wrap\" data-name=\"your-subject\"><input size=\"40\" maxlength=\"400\" class=\"wpcf7-form-control wpcf7-text\" aria-invalid=\"false\" value=\"\" type=\"text\" name=\"your-subject\" \/><\/span> <\/label>\n<\/p>\n<p><label> Message<br \/>\n<span class=\"wpcf7-form-control-wrap\" data-name=\"your-message\"><textarea cols=\"40\" rows=\"10\" maxlength=\"2000\" class=\"wpcf7-form-control wpcf7-textarea\" aria-invalid=\"false\" name=\"your-message\"><\/textarea><\/span> <\/label>\n<\/p>\n<p><label><span class=\"wpcf7-form-control-wrap\" data-name=\"privacy-policy\"><span class=\"wpcf7-form-control wpcf7-acceptance\"><span class=\"wpcf7-list-item\"><label><input type=\"checkbox\" name=\"privacy-policy\" value=\"1\" aria-invalid=\"false\" \/><span class=\"wpcf7-list-item-label\">Je consens \u00e0 ce que mes donn\u00e9es soient trait\u00e9es conform\u00e9ment \u00e0 la <a href=\"\/politique-de-confidentialite\/?lang=fr\">politique de confidentialit\u00e9<\/a> de Sword Group.<\/span><\/label><\/span><\/span><\/span><\/label>\n<\/p>\n<p><input class=\"wpcf7-form-control wpcf7-submit has-spinner\" type=\"submit\" value=\"Envoyer\" \/>\n<\/p><div class=\"wpcf7-response-output\" aria-hidden=\"true\"><\/div>\n<\/form>\n<\/div>\n[\/vc_column_inner][\/vc_row_inner][\/vc_column][\/vc_row][vc_row][vc_column]<div class=\"grve-element grve-box-icon grve-medium grve-top-icon grve-align-center grve-animated-item grve-fade-in-up grve-duration-normal\" style=\"\" data-delay=\"200\"><a href=\"#Banni\u00e8re\"><div class=\"grve-wrapper-icon grve-no-shape\" style=\"\"><i class=\"grve-text-primary-1 fas fa-arrow-alt-circle-up\"><\/i><\/div><div class=\"grve-box-content\"><\/div><\/a><\/div>[\/vc_column][\/vc_row]<\/p>\n<\/div>","protected":false},"excerpt":{"rendered":"<p>[vc_row heading_color=\u00a0\u00bblight\u00a0\u00bb bg_type=\u00a0\u00bbimage\u00a0\u00bb bg_image=\u00a0\u00bb35765&Prime; bg_image_type=\u00a0\u00bbhorizontal-parallax-lr\u00a0\u00bb bg_image_vertical_position=\u00a0\u00bbbottom\u00a0\u00bb color_overlay=\u00a0\u00bbgradient\u00a0\u00bb gradient_overlay_custom_1=\u00a0\u00bbrgba(0,32,89,0.8)\u00a0\u00bb gradient_overlay_custom_2=\u00a0\u00bbrgba(255,255,255,0.01)\u00a0\u00bb padding_top_multiplier=\u00a0\u00bbcustom\u00a0\u00bb padding_bottom_multiplier=\u00a0\u00bbcustom\u00a0\u00bb separator_bottom=\u00a0\u00bbtilt-left-separator\u00a0\u00bb font_color=\u00a0\u00bb#ffffff\u00a0\u00bb margin_bottom=\u00a0\u00bb0&Prime; padding_top=\u00a0\u00bb0&Prime; padding_bottom=\u00a0\u00bb0&Prime; section_id=\u00a0\u00bbBanner\u00a0\u00bb][vc_column width=\u00a0\u00bb1\/2&Prime; font_color=\u00a0\u00bb#ffffff\u00a0\u00bb][vc_column_text text_style=\u00a0\u00bbleader-text\u00a0\u00bb animation=\u00a0\u00bbgrve-fade-in-up\u00a0\u00bb animation_delay=\u00a0\u00bb400&Prime;] Le Royaume-Uni [\/vc_column_text][vc_column_text text_style=\u00a0\u00bbleader-text\u00a0\u00bb animation=\u00a0\u00bbgrve-fade-in-up\u00a0\u00bb animation_delay=\u00a0\u00bb400&Prime;] &#8212;&#8211; [\/vc_column_text][\/vc_column][\/vc_row][vc_row bg_type=\u00a0\u00bbcolor\u00a0\u00bb bg_color=\u00a0\u00bb#ffffff\u00a0\u00bb][vc_column width=\u00a0\u00bb1\/3&Prime;][vc_column_text animation=\u00a0\u00bbgrve-fade-in-up\u00a0\u00bb] Vue d&rsquo;ensemble Client : EnQuest Secteur : \u00c9nergie Services : Service d&rsquo;assistance informatique externalis\u00e9, gestion de la transition, cartographie des technologies [&hellip;]<\/p>\n","protected":false},"author":16,"featured_media":0,"parent":0,"menu_order":0,"comment_status":"closed","ping_status":"closed","template":"","meta":{"footnotes":"","_links_to":"","_links_to_target":""},"class_list":["post-35359","page","type-page","status-publish","hentry"],"_links":{"self":[{"href":"https:\/\/www.sword-group.com\/fr\/wp-json\/wp\/v2\/pages\/35359","targetHints":{"allow":["GET"]}}],"collection":[{"href":"https:\/\/www.sword-group.com\/fr\/wp-json\/wp\/v2\/pages"}],"about":[{"href":"https:\/\/www.sword-group.com\/fr\/wp-json\/wp\/v2\/types\/page"}],"author":[{"embeddable":true,"href":"https:\/\/www.sword-group.com\/fr\/wp-json\/wp\/v2\/users\/16"}],"replies":[{"embeddable":true,"href":"https:\/\/www.sword-group.com\/fr\/wp-json\/wp\/v2\/comments?post=35359"}],"version-history":[{"count":0,"href":"https:\/\/www.sword-group.com\/fr\/wp-json\/wp\/v2\/pages\/35359\/revisions"}],"wp:attachment":[{"href":"https:\/\/www.sword-group.com\/fr\/wp-json\/wp\/v2\/media?parent=35359"}],"curies":[{"name":"wp","href":"https:\/\/api.w.org\/{rel}","templated":true}]}}