{"id":39298,"date":"2025-04-07T14:19:41","date_gmt":"2025-04-07T14:19:41","guid":{"rendered":"https:\/\/www.sword-group.com\/?page_id=39298"},"modified":"2025-04-17T11:18:14","modified_gmt":"2025-04-17T11:18:14","slug":"politique-de-dividendes","status":"publish","type":"page","link":"https:\/\/www.sword-group.com\/fr\/investisseurs\/politique-de-dividendes\/","title":{"rendered":"Politique de Dividendes"},"content":{"rendered":"<div class=\"wpb-content-wrapper\"><p>[vc_row heading_color=\u00a0\u00bblight\u00a0\u00bb bg_type=\u00a0\u00bbimage\u00a0\u00bb bg_image=\u00a0\u00bb19073&Prime; bg_image_size=\u00a0\u00bbresponsive\u00a0\u00bb opacity_overlay=\u00a0\u00bb60&Prime; padding_top_multiplier=\u00a0\u00bbcustom\u00a0\u00bb padding_bottom_multiplier=\u00a0\u00bbcustom\u00a0\u00bb separator_bottom=\u00a0\u00bbtilt-left-separator\u00a0\u00bb font_color=\u00a0\u00bb#000000&Prime; margin_bottom=\u00a0\u00bb0&Prime; padding_top=\u00a0\u00bb0&Prime; padding_bottom=\u00a0\u00bb0&Prime;][vc_column width=\u00a0\u00bb1\/2&Prime; css=\u00a0\u00bb.vc_custom_1620383995480{margin-bottom: 0px !important;}\u00a0\u00bb]<div class=\"grve-empty-space grve-height-1x\" style=\"\"><\/div>[vc_column_text css=\u00a0\u00bb\u00a0\u00bb animation=\u00a0\u00bbgrve-fade-in-up\u00a0\u00bb animation_delay=\u00a0\u00bb400&Prime;]<\/p>\n<h1 style=\"text-align: left;\"><strong><span style=\"color: #ffc423; letter-spacing: -3px;\">&#8212;&#8211;<\/span><\/strong><\/h1>\n<h1 style=\"text-align: left;\"><span style=\"color: #ffffff;\"><b>Politique de Dividendes<\/b><\/span><\/h1>\n<p>[\/vc_column_text]<div class=\"grve-empty-space\" style=\"height: 300px;\"><\/div>[\/vc_column][vc_column width=\u00a0\u00bb1\/2&Prime;][\/vc_column][\/vc_row][vc_row padding_bottom_multiplier=\u00a0\u00bbcustom\u00a0\u00bb columns_gap=\u00a0\u00bb60&Prime; equal_column_height=\u00a0\u00bbequal-column\u00a0\u00bb separator_top=\u00a0\u00bbtilt-left-separator\u00a0\u00bb padding_bottom=\u00a0\u00bb25px\u00a0\u00bb][vc_column]<div class=\"grve-empty-space\" style=\"height: 85px;\"><\/div>[vc_row_inner css=\u00a0\u00bb.vc_custom_1620377545475{margin-bottom: 0px !important;border-bottom-width: 0px !important;padding-bottom: 0px !important;}\u00a0\u00bb][vc_column_inner width=\u00a0\u00bb1\/2&Prime; css=\u00a0\u00bb.vc_custom_1624874942911{margin-top: 0px !important;margin-right: 0px !important;margin-bottom: 80px !important;margin-left: 0px !important;border-top-width: 0px !important;border-right-width: 0px !important;border-bottom-width: 0px !important;border-left-width: 0px !important;padding-right: 0% !important;padding-bottom: 0px !important;padding-left: 0px !important;}\u00a0\u00bb][vc_column_text css=\u00a0\u00bb\u00a0\u00bb animation=\u00a0\u00bbgrve-fade-in-up\u00a0\u00bb animation_delay=\u00a0\u00bb400&Prime;]<\/p>\n<h1 style=\"text-align: left;\"><strong><span style=\"color: #ffc423; letter-spacing: -3px;\">&#8212;&#8211;<\/span><\/strong><\/h1>\n<h4><span style=\"color: #4f4f4f;\">Investisseurs<\/span><\/h4>\n<h2 style=\"text-align: left;\"><strong>Politique de Dividendes<\/strong><\/h2>\n<p>[\/vc_column_text][\/vc_column_inner][vc_column_inner width=\u00a0\u00bb1\/2&Prime; css=\u00a0\u00bb.vc_custom_1624879878300{padding-top: 35% !important;padding-right: 15% !important;padding-left: 15% !important;}\u00a0\u00bb][\/vc_column_inner][\/vc_row_inner][\/vc_column][\/vc_row][vc_row][vc_column][vc_column_text css=\u00a0\u00bb\u00a0\u00bb]\u200bLa politique de dividende de Sword Group est \u00e9troitement li\u00e9e aux b\u00e9n\u00e9fices r\u00e9alis\u00e9s et aux perspectives de d\u00e9veloppement du Groupe. Conform\u00e9ment \u00e0 l&rsquo;article 24 de ses statuts, apr\u00e8s d\u00e9duction des pertes ant\u00e9rieures et des r\u00e9serves l\u00e9gales, le b\u00e9n\u00e9fice distribuable peut \u00eatre allou\u00e9, sur proposition du Conseil d&rsquo;administration, soit \u00e0 la distribution de dividendes, soit \u00e0 la mise en r\u00e9serve, soit au report \u00e0 nouveau.<\/p>\n<p>Historiquement, Sword Group a vers\u00e9 des dividendes annuels, avec des montants variant en fonction des r\u00e9sultats financiers de l&rsquo;exercice concern\u00e9.<\/p>\n<ul>\n<li>En 2022, un dividende exceptionnel de 10,00 \u20ac par action a \u00e9t\u00e9 vers\u00e9, refl\u00e9tant des profits exceptionnels<\/li>\n<li>Pour l&rsquo;exercice 2023, un dividende de 1,70 \u20ac brut par action a \u00e9t\u00e9 propos\u00e9, avec une mise en paiement pr\u00e9vue le 3 mai 2024<\/li>\n<li>Concernant l&rsquo;exercice 2024, sous r\u00e9serve de l&rsquo;approbation lors de l&rsquo;Assembl\u00e9e G\u00e9n\u00e9rale du 28 avril 2025, un dividende de 2,00 \u20ac brut par action est envisag\u00e9, avec une date de d\u00e9tachement le 30 avril 2025 et un paiement le 5 mai 2025 Ces d\u00e9cisions refl\u00e8tent l&rsquo;engagement de Sword Group \u00e0 partager sa performance financi\u00e8re avec ses actionnaires, tout en tenant compte des besoins d&rsquo;investissement pour soutenir sa croissance future<\/li>\n<\/ul>\n<p>[\/vc_column_text]<div class=\"grve-empty-space grve-height-1x\" style=\"\"><\/div>[vc_column_text css=\u00a0\u00bb\u00a0\u00bb]<img loading=\"lazy\" decoding=\"async\" class=\"aligncenter size-full wp-image-39304\" src=\"https:\/\/www.sword-group.com\/wp-content\/uploads\/2025\/04\/Sword-Group_Politique-de-Dividendes-2025_Page_4-scaled.jpg\" alt=\"\" width=\"2560\" height=\"1440\" srcset=\"https:\/\/www.sword-group.com\/wp-content\/uploads\/2025\/04\/Sword-Group_Politique-de-Dividendes-2025_Page_4-scaled.jpg 2560w, https:\/\/www.sword-group.com\/wp-content\/uploads\/2025\/04\/Sword-Group_Politique-de-Dividendes-2025_Page_4-300x169.jpg 300w, https:\/\/www.sword-group.com\/wp-content\/uploads\/2025\/04\/Sword-Group_Politique-de-Dividendes-2025_Page_4-1024x576.jpg 1024w, https:\/\/www.sword-group.com\/wp-content\/uploads\/2025\/04\/Sword-Group_Politique-de-Dividendes-2025_Page_4-768x432.jpg 768w, https:\/\/www.sword-group.com\/wp-content\/uploads\/2025\/04\/Sword-Group_Politique-de-Dividendes-2025_Page_4-1536x864.jpg 1536w, https:\/\/www.sword-group.com\/wp-content\/uploads\/2025\/04\/Sword-Group_Politique-de-Dividendes-2025_Page_4-1170x658.jpg 1170w, https:\/\/www.sword-group.com\/wp-content\/uploads\/2025\/04\/Sword-Group_Politique-de-Dividendes-2025_Page_4-1920x1080.jpg 1920w\" sizes=\"auto, (max-width: 2560px) 100vw, 2560px\" \/>[\/vc_column_text]<div class=\"grve-empty-space grve-height-1x\" style=\"\"><\/div>[vc_column_text css=\u00a0\u00bb\u00a0\u00bb]<\/p>\n<h3>Prochain Dividende<\/h3>\n<h6>2\u20ac bruts par action<\/h6>\n<h6>Ex-date : 30 avril 2025<\/h6>\n<h6>Record Date : 2 mai 2025<\/h6>\n<h6>Payment Date : 5 mai 2025<\/h6>\n<p>En attente d&rsquo;approbation lors de l\u2019Assembl\u00e9e G\u00e9n\u00e9rale Annuelle du 28 avril[\/vc_column_text][vc_column_text css=\u00a0\u00bb\u00a0\u00bb][\/vc_column_text]<div class=\"grve-empty-space grve-height-1x\" style=\"\"><\/div>[vc_column_text css=\u00a0\u00bb\u00a0\u00bb]<\/p>\n<h3>Dividende | Retenue \u00e0 la Source sur les Dividendes<\/h3>\n<p><strong>Actionnaire personne physique r\u00e9sident fiscal fran\u00e7ais<\/strong><\/p>\n<ul>\n<li>Si les titres ne sont pas plac\u00e9s sur un PEA :\n<ul>\n<li>L\u2019actionnaire pourra b\u00e9n\u00e9ficier d\u2019un cr\u00e9dit d\u2019imp\u00f4t en France, \u00e9gal au montant de la retenue \u00e0 la source =&gt; la double imposition est \u00e9vit\u00e9e<\/li>\n<li>Les IFU mentionneront le montant du dividende et le montant du cr\u00e9dit d\u2019imp\u00f4t<\/li>\n<\/ul>\n<\/li>\n<li>Si les titres sont plac\u00e9s sur un PEA :\n<ul>\n<li>Le cr\u00e9dit d\u2019imp\u00f4t n\u2019est pas restituable puisque le dividende n\u2019est pas tax\u00e9 en France Actionnaire personne morale \u00e9tablie en France (d\u00e9tenant une participation de moins de 10% et d&rsquo;un prix d&rsquo;acquisition de moins de 1,2 MEUR)<\/li>\n<li>L\u2019actionnaire pourra b\u00e9n\u00e9ficier d\u2019un cr\u00e9dit d\u2019imp\u00f4t en France, \u00e9gal au montant de la retenue \u00e0 la source =&gt; la double imposition est \u00e9vit\u00e9e<\/li>\n<\/ul>\n<\/li>\n<\/ul>\n<p><strong>Actionnaire personne physique ou personne morale r\u00e9sident dans un Etat autre que la France (d\u00e9tenant une participation de moins de 10% et d&rsquo;un prix d&rsquo;acquisition de moins de 1,2 MEUR)<\/strong><\/p>\n<ul>\n<li style=\"list-style-type: none;\">\n<ul>\n<li>Si la convention fiscale de double imposition entre le Luxembourg et l\u2019Etat de r\u00e9sidence pr\u00e9voit un taux de retenue \u00e0 la source plus faible, l\u2019actionnaire pourra d\u00e9poser une demande de remboursement partiel ou total \u00e0 l\u2019administration fiscale \u00e0 Luxembourg (formulaire \u00ab 901bis \u00bb)<\/li>\n<li>En outre, en fonction de la convention fiscale, il pourra b\u00e9n\u00e9ficier dans son pays de r\u00e9sidence d\u2019un cr\u00e9dit d\u2019imp\u00f4t \u00e9gal au montant de la retenue \u00e0 la source =&gt; la double imposition est \u00e9vit\u00e9e<\/li>\n<\/ul>\n<\/li>\n<\/ul>\n<p><strong>Actionnaire personne morale pouvant b\u00e9n\u00e9ficier de la directive europ\u00e9enne m\u00e8re\/filiale (+ EEE et Suisse), qui d\u00e9tient ou s&rsquo;engage \u00e0 d\u00e9tenir \u00e0 la date de la distribution des dividendes, pendant au moins douze mois, une participation d&rsquo;au moins 10% ou d&rsquo;un prix d&rsquo;acquisition d&rsquo;au moins 1,2 M\u20ac<\/strong><\/p>\n<ul>\n<li style=\"list-style-type: none;\">\n<ul>\n<li>Exon\u00e9ration de retenue \u00e0 la source \u00e0 Luxembourg<\/li>\n<\/ul>\n<\/li>\n<\/ul>\n<p>[\/vc_column_text][\/vc_column][\/vc_row][vc_row][vc_column][vc_column_text css=\u00a0\u00bb\u00a0\u00bb][\/vc_column_text][\/vc_column][\/vc_row]<\/p>\n<\/div>","protected":false},"excerpt":{"rendered":"<p>\u200bLa politique de dividende de Sword Group est \u00e9troitement li\u00e9e aux b\u00e9n\u00e9fices r\u00e9alis\u00e9s et aux perspectives de d\u00e9veloppement du Groupe. <\/p>\n","protected":false},"author":2,"featured_media":0,"parent":28647,"menu_order":0,"comment_status":"closed","ping_status":"closed","template":"","meta":{"footnotes":"","_links_to":"","_links_to_target":""},"class_list":["post-39298","page","type-page","status-publish","hentry"],"_links":{"self":[{"href":"https:\/\/www.sword-group.com\/fr\/wp-json\/wp\/v2\/pages\/39298","targetHints":{"allow":["GET"]}}],"collection":[{"href":"https:\/\/www.sword-group.com\/fr\/wp-json\/wp\/v2\/pages"}],"about":[{"href":"https:\/\/www.sword-group.com\/fr\/wp-json\/wp\/v2\/types\/page"}],"author":[{"embeddable":true,"href":"https:\/\/www.sword-group.com\/fr\/wp-json\/wp\/v2\/users\/2"}],"replies":[{"embeddable":true,"href":"https:\/\/www.sword-group.com\/fr\/wp-json\/wp\/v2\/comments?post=39298"}],"version-history":[{"count":0,"href":"https:\/\/www.sword-group.com\/fr\/wp-json\/wp\/v2\/pages\/39298\/revisions"}],"up":[{"embeddable":true,"href":"https:\/\/www.sword-group.com\/fr\/wp-json\/wp\/v2\/pages\/28647"}],"wp:attachment":[{"href":"https:\/\/www.sword-group.com\/fr\/wp-json\/wp\/v2\/media?parent=39298"}],"curies":[{"name":"wp","href":"https:\/\/api.w.org\/{rel}","templated":true}]}}